{"id":2309,"date":"2024-04-23T17:39:43","date_gmt":"2024-04-23T15:39:43","guid":{"rendered":"https:\/\/pedagogie.ac-lille.fr\/ecogestion\/?page_id=2309"},"modified":"2025-01-29T10:56:19","modified_gmt":"2025-01-29T09:56:19","slug":"dcg-dscg","status":"publish","type":"page","link":"https:\/\/pedagogie.ac-lille.fr\/ecogestion\/dcg-dscg\/","title":{"rendered":"DCG"},"content":{"rendered":"\n<p><strong>Le Dipl\u00f4me de Comptabilit\u00e9 et de Gestion (DCG)<\/strong><br><br><strong>Une formation d&rsquo;excellence dans les m\u00e9tiers de la comptabilit\u00e9 et de la gestion<\/strong><br>Le Dipl\u00f4me de Comptabilit\u00e9 et de Gestion (DCG) est une formation dipl\u00f4mante de niveau bac+3, reconnue par l\u2019\u00c9tat et les professionnels.<br>Accessible apr\u00e8s le baccalaur\u00e9at, ce cursus propose une pr\u00e9paration compl\u00e8te pour les m\u00e9tiers de la comptabilit\u00e9, de la gestion, de la finance, et du droit des affaires.<br><br><strong>Pourquoi choisir le DCG ?<\/strong><br>Le DCG est la premi\u00e8re \u00e9tape vers le parcours de l\u2019expertise comptable.<br>Il ouvre \u00e9galement la voie \u00e0 une carri\u00e8re dans des domaines vari\u00e9s comme la finance, le contr\u00f4le de gestion ou encore le management.<br>Cette formation s\u2019adresse aux \u00e9tudiants rigoureux et motiv\u00e9s, passionn\u00e9s par l\u2019univers des chiffres, du droit et de l\u2019\u00e9conomie, qui souhaitent \u00e9voluer dans un secteur porteur et structur\u00e9.<br><br><strong>Un programme riche<\/strong><br>Le DCG est compos\u00e9 de 13 unit\u00e9s d\u2019enseignement (UE), qui couvrent un large \u00e9ventail de comp\u00e9tences.<\/p>\n\n\n\n<figure class=\"wp-block-table\"><table class=\"has-fixed-layout\"><tbody><tr><td>Axe 1 &#8211; Droit des affaires<\/td><td>Fondamentaux du droitDroit des soci\u00e9t\u00e9s et des groupements d\u2019affairesDroit fiscalDroit social<\/td><\/tr><tr><td>Axe 2&nbsp;&#8211; Gestion comptable et financi\u00e8re<\/td><td>Comptabilit\u00e9Comptabilit\u00e9 approfondieFinance d\u2019entrepriseContr\u00f4le de gestion<\/td><\/tr><tr><td>Axe 3 \u2013 Analyse \u00e9conomique et manag\u00e9riale<\/td><td>Economie contemporaineManagement<\/td><\/tr><tr><td>Axe 4&nbsp;&#8211; Communication et environnement num\u00e9rique<\/td><td>Syst\u00e8mes d\u2019information et de gestionAnglais des affairesCommunication professionnelle<\/td><\/tr><\/tbody><\/table><\/figure>\n\n\n\n<p><strong>Des d\u00e9bouch\u00e9s vari\u00e9s<\/strong><br>Pour les \u00e9tudiants souhaitant poursuivre leurs \u00e9tudes, le DCG permet d\u2019acc\u00e9der au Dipl\u00f4me Sup\u00e9rieur de Comptabilit\u00e9 et de Gestion (DSCG), indispensable pour devenir expert-comptable ou commissaire aux comptes.<\/p>\n\n\n\n<p>Le DCG permet \u00e9galement de poursuivre des \u00e9tudes dans des masters de domaines vari\u00e9s (masters en gestion, finance, audit, gestion de patrimoine, etc.)<\/p>\n\n\n\n<p>Le DCG est \u00e9galement un dipl\u00f4me hautement valoris\u00e9 sur le march\u00e9 de l\u2019emploi gr\u00e2ce \u00e0 son programme exigeant et polyvalent. Il est donc une v\u00e9ritable porte d\u2019entr\u00e9e dans le monde professionnel, avec des d\u00e9bouch\u00e9s directs tels que :<\/p>\n\n\n\n<ul class=\"wp-block-list\">\n<li>Collaborateur comptable en cabinet<\/li>\n\n\n\n<li>Comptable en entreprise<\/li>\n\n\n\n<li>Contr\u00f4leur de gestion<\/li>\n\n\n\n<li>Conseiller financier<\/li>\n\n\n\n<li>Etc.<\/li>\n<\/ul>\n","protected":false},"excerpt":{"rendered":"<p>Le Dipl\u00f4me de Comptabilit\u00e9 et de Gestion (DCG) Une formation d&rsquo;excellence dans les m\u00e9tiers de la comptabilit\u00e9 et de la gestionLe Dipl\u00f4me de Comptabilit\u00e9 et de Gestion (DCG) est une formation dipl\u00f4mante de niveau bac+3, reconnue par l\u2019\u00c9tat et les professionnels.Accessible apr\u00e8s le baccalaur\u00e9at, ce cursus propose une pr\u00e9paration compl\u00e8te pour les m\u00e9tiers de la [&hellip;]<\/p>\n","protected":false},"author":134,"featured_media":0,"parent":0,"menu_order":0,"comment_status":"closed","ping_status":"closed","template":"","meta":{"_acf_changed":false,"ngg_post_thumbnail":0,"footnotes":""},"class_list":["post-2309","page","type-page","status-publish","czr-hentry"],"featured_image_src":null,"acf":[],"publishpress_future_action":{"enabled":false,"date":"2026-04-14 09:19:01","action":"change-status","newStatus":"draft","terms":[],"taxonomy":"","extraData":[]},"publishpress_future_workflow_manual_trigger":{"enabledWorkflows":[]},"_links":{"self":[{"href":"https:\/\/pedagogie.ac-lille.fr\/ecogestion\/wp-json\/wp\/v2\/pages\/2309","targetHints":{"allow":["GET"]}}],"collection":[{"href":"https:\/\/pedagogie.ac-lille.fr\/ecogestion\/wp-json\/wp\/v2\/pages"}],"about":[{"href":"https:\/\/pedagogie.ac-lille.fr\/ecogestion\/wp-json\/wp\/v2\/types\/page"}],"author":[{"embeddable":true,"href":"https:\/\/pedagogie.ac-lille.fr\/ecogestion\/wp-json\/wp\/v2\/users\/134"}],"replies":[{"embeddable":true,"href":"https:\/\/pedagogie.ac-lille.fr\/ecogestion\/wp-json\/wp\/v2\/comments?post=2309"}],"version-history":[{"count":3,"href":"https:\/\/pedagogie.ac-lille.fr\/ecogestion\/wp-json\/wp\/v2\/pages\/2309\/revisions"}],"predecessor-version":[{"id":3623,"href":"https:\/\/pedagogie.ac-lille.fr\/ecogestion\/wp-json\/wp\/v2\/pages\/2309\/revisions\/3623"}],"wp:attachment":[{"href":"https:\/\/pedagogie.ac-lille.fr\/ecogestion\/wp-json\/wp\/v2\/media?parent=2309"}],"curies":[{"name":"wp","href":"https:\/\/api.w.org\/{rel}","templated":true}]}}