{"id":3101,"date":"2024-09-04T10:03:33","date_gmt":"2024-09-04T08:03:33","guid":{"rendered":"https:\/\/pedagogie.ac-lille.fr\/ecogestion\/?page_id=3101"},"modified":"2024-09-11T11:24:18","modified_gmt":"2024-09-11T09:24:18","slug":"cpge-droit-economie","status":"publish","type":"page","link":"https:\/\/pedagogie.ac-lille.fr\/ecogestion\/cpge-droit-economie\/","title":{"rendered":"CPGE DROIT ECONOMIE"},"content":{"rendered":"\n<h2 class=\"wp-block-heading has-text-align-center has-text-color has-link-color wp-elements-a162a098ec4580307c2814e23f833d4a\" style=\"color:#096397\"><strong>Douai facult\u00e9 de droit &#8211; lyc\u00e9e Jean-Baptiste Corot<\/strong><\/h2>\n\n\n\n<h3 class=\"wp-block-heading has-medium-font-size\" style=\"font-style:italic;font-weight:900\">Description de la formation <\/h3>\n\n\n\n<p class=\"has-medium-font-size\" style=\"font-style:italic;font-weight:500\">L&rsquo;\u00e9tudiant en CPGE suivra des cours au lyc\u00e9e Corot de Douai et \u00e0 la facult\u00e9 de Droit de Douai et b\u00e9n\u00e9ficie d&rsquo;une inscription en double cursus en Licence de Droit en m\u00eame temps qu&rsquo;en CPGE.<\/p>\n\n\n\n<p class=\"has-medium-font-size\" style=\"font-style:italic;font-weight:500\">La scolarit\u00e9 peut s&rsquo;effectuer soit en internat, soit en externat.<\/p>\n\n\n\n<p class=\"has-medium-font-size\" style=\"font-style:italic;font-weight:500\">Dans le cadre de ce double cursus, l&rsquo;\u00e9tudiant(e) pourra poursuivre en licence 3 au terme de ses deux ann\u00e9es de CPGE. <\/p>\n\n\n\n<h2 class=\"wp-block-heading has-medium-font-size\" style=\"font-style:italic;font-weight:900\">A qui s&rsquo;adresse cette formation ?<\/h2>\n\n\n\n<ul style=\"font-style:italic;font-weight:500\" class=\"has-medium-font-size wp-block-list\">\n<li>S&rsquo;int\u00e9resser aux questions contemporaines et d&rsquo;actualit\u00e9s<\/li>\n\n\n\n<li>S&rsquo;int\u00e9resser aux disciplines juridiques et \u00e9conomiques<\/li>\n\n\n\n<li>Avoir de bonnes capacit\u00e9s d&rsquo;organisation et de gestion d&rsquo;un travail soutenu<\/li>\n\n\n\n<li>\u00catre curieux <\/li>\n<\/ul>\n\n\n\n<h2 class=\"wp-block-heading has-medium-font-size\" style=\"font-style:italic;font-weight:900\">Parcours d&rsquo;\u00e9tudes conseill\u00e9 :<\/h2>\n\n\n\n<p class=\"has-medium-font-size\" style=\"font-style:italic;font-weight:500\">Avoir suivi un enseignement de sp\u00e9cialit\u00e9 en <strong>Sciences \u00e9conomiques et sociales<\/strong>, <strong>Litt\u00e9rature<\/strong>, <strong>langues et cultures de l\u2019Antiquit\u00e9<\/strong>, <strong>Humanit\u00e9s<\/strong>, <strong>litt\u00e9rature et philosophie<\/strong>, <strong>Histoire-g\u00e9ographie<\/strong>,<br><strong>g\u00e9opolitique et sciences politiques <\/strong>ou <strong>Langues, litt\u00e9ratures et cultures \u00e9trang\u00e8res<\/strong>.<\/p>\n\n\n\n<p class=\"has-medium-font-size\" style=\"font-style:italic;font-weight:500\">L&rsquo;option Droit et Enjeux du Monde Contemporain est appr\u00e9ci\u00e9e.<\/p>\n\n\n\n<h2 class=\"wp-block-heading has-medium-font-size\" style=\"font-style:italic;font-weight:900\">Plaquette de la formation ci-dessous :<\/h2>\n\n\n\n<div data-wp-interactive=\"core\/file\" class=\"wp-block-file\"><object data-wp-bind--hidden=\"!state.hasPdfPreview\" hidden class=\"wp-block-file__embed\" data=\"https:\/\/pedagogie.ac-lille.fr\/ecogestion\/wp-content\/uploads\/sites\/53\/2024\/09\/Plaquette-2024-2025.pdf\" type=\"application\/pdf\" style=\"width:100%;height:600px\" aria-label=\"Contenu embarqu\u00e9 Plaquette-2024-2025.\"><\/object><a id=\"wp-block-file--media-3aaacb73-84bd-42b0-bab7-cbd1377937a2\" href=\"https:\/\/pedagogie.ac-lille.fr\/ecogestion\/wp-content\/uploads\/sites\/53\/2024\/09\/Plaquette-2024-2025.pdf\">Plaquette-2024-2025<\/a><a href=\"https:\/\/pedagogie.ac-lille.fr\/ecogestion\/wp-content\/uploads\/sites\/53\/2024\/09\/Plaquette-2024-2025.pdf\" class=\"wp-block-file__button wp-element-button\" download aria-describedby=\"wp-block-file--media-3aaacb73-84bd-42b0-bab7-cbd1377937a2\">T\u00e9l\u00e9charger<\/a><\/div>\n","protected":false},"excerpt":{"rendered":"<p>Douai facult\u00e9 de droit &#8211; lyc\u00e9e Jean-Baptiste Corot Description de la formation L&rsquo;\u00e9tudiant en CPGE suivra des cours au lyc\u00e9e Corot de Douai et \u00e0 la facult\u00e9 de Droit de Douai et b\u00e9n\u00e9ficie d&rsquo;une inscription en double cursus en Licence de Droit en m\u00eame temps qu&rsquo;en CPGE. La scolarit\u00e9 peut s&rsquo;effectuer soit en internat, soit [&hellip;]<\/p>\n","protected":false},"author":120,"featured_media":0,"parent":0,"menu_order":0,"comment_status":"closed","ping_status":"closed","template":"","meta":{"_acf_changed":false,"ngg_post_thumbnail":0,"footnotes":""},"class_list":["post-3101","page","type-page","status-publish","czr-hentry"],"featured_image_src":null,"acf":[],"publishpress_future_action":{"enabled":false,"date":"2026-04-14 09:17:49","action":"change-status","newStatus":"draft","terms":[],"taxonomy":"","extraData":[]},"publishpress_future_workflow_manual_trigger":{"enabledWorkflows":[]},"_links":{"self":[{"href":"https:\/\/pedagogie.ac-lille.fr\/ecogestion\/wp-json\/wp\/v2\/pages\/3101","targetHints":{"allow":["GET"]}}],"collection":[{"href":"https:\/\/pedagogie.ac-lille.fr\/ecogestion\/wp-json\/wp\/v2\/pages"}],"about":[{"href":"https:\/\/pedagogie.ac-lille.fr\/ecogestion\/wp-json\/wp\/v2\/types\/page"}],"author":[{"embeddable":true,"href":"https:\/\/pedagogie.ac-lille.fr\/ecogestion\/wp-json\/wp\/v2\/users\/120"}],"replies":[{"embeddable":true,"href":"https:\/\/pedagogie.ac-lille.fr\/ecogestion\/wp-json\/wp\/v2\/comments?post=3101"}],"version-history":[{"count":9,"href":"https:\/\/pedagogie.ac-lille.fr\/ecogestion\/wp-json\/wp\/v2\/pages\/3101\/revisions"}],"predecessor-version":[{"id":3130,"href":"https:\/\/pedagogie.ac-lille.fr\/ecogestion\/wp-json\/wp\/v2\/pages\/3101\/revisions\/3130"}],"wp:attachment":[{"href":"https:\/\/pedagogie.ac-lille.fr\/ecogestion\/wp-json\/wp\/v2\/media?parent=3101"}],"curies":[{"name":"wp","href":"https:\/\/api.w.org\/{rel}","templated":true}]}}