{"id":354,"date":"2023-07-21T16:07:40","date_gmt":"2023-07-21T14:07:40","guid":{"rendered":"https:\/\/pedagogie.ac-lille.fr\/ecogestion\/?page_id=354"},"modified":"2025-01-16T14:01:05","modified_gmt":"2025-01-16T13:01:05","slug":"outils-numeriques-2","status":"publish","type":"page","link":"https:\/\/pedagogie.ac-lille.fr\/ecogestion\/outils-numeriques-2\/","title":{"rendered":"Usages num\u00e9riques"},"content":{"rendered":"\n<p class=\"has-medium-font-size\">Retrouvez dans cette page :&nbsp;<\/p>\n\n\n\n<ul style=\"color:#096397;letter-spacing:1px\" class=\"has-text-color has-link-color has-medium-font-size wp-block-list wp-elements-5a747af25aeaab1b1d732e8c64eb326c\">\n<li class=\"has-medium-font-size\" style=\"font-style:italic;font-weight:600\">Les lettres Edu-num \u00e9dit\u00e9es par Eduscol : elles mettent en avant des pratiques p\u00e9dagogiques en lien avec le num\u00e9rique et fournissent de nombreuses ressources.&nbsp;<\/li>\n\n\n\n<li class=\"has-medium-font-size\" style=\"font-style:italic;font-weight:600\">\u00ab&nbsp;La minute IAN&nbsp;\u00bb : votre IAN (Interlocuteur\/trice Acad\u00e9mique pour le Num\u00e9rique) partagera ici quelques outils ou trouvailles num\u00e9riques pour enrichir sa p\u00e9dagogie, gagner du temps, etc.<\/li>\n<\/ul>\n\n\n\n<h1 class=\"wp-block-heading has-text-align-center has-text-color has-link-color has-large-font-size wp-elements-2d5563d26398ef6cb84686dc75f395c8\" style=\"color:#5a1799;font-style:normal;font-weight:600\">La lettre EduNum<\/h1>\n\n\n\n<p class=\"has-medium-font-size\"><em>Lien vers le site Eduscol : Cliquez ci-dessous pour retrouver toutes les publications des lettres Edu-num en \u00e9conomie gestion.<\/em><\/p>\n\n\n\n<p><a href=\"https:\/\/eduscol.education.fr\/2619\/lettres-edunum-economie-et-gestion\">https:\/\/eduscol.education.fr\/2619\/lettres-edunum-ecoomie-et-gestion<\/a><\/p>\n\n\n\n<h1 class=\"wp-block-heading has-text-align-center has-text-color has-link-color has-large-font-size wp-elements-82d01d526b26d45e8a1f95ce13f8692f\" style=\"color:#5a1799;font-style:normal;font-weight:600\">La Minute de la IAN <br>(Interlocutrice Acad\u00e9mique pour le Num\u00e9rique)<\/h1>\n\n\n\n<p class=\"has-medium-font-size\"><em>Retrouvez ici les derni\u00e8res publications de l&rsquo;Interlocutrice Acad\u00e9mique pour le Num\u00e9rique : trucs et astuces, petites applications utiles, etc<\/em><\/p>\n\n\n\n<div class=\"wp-block-query alignwide is-layout-flow wp-block-query-is-layout-flow\"><ul class=\"columns-3 wp-block-post-template is-layout-grid wp-container-core-post-template-is-layout-6d3fbd8f wp-block-post-template-is-layout-grid\"><li class=\"wp-block-post post-428 post type-post status-publish format-standard category-iane category-outils_numeriques tag-ian tag-outils-numeriques tag-pedagogie czr-hentry\">\n\n\n<div class=\"wp-block-post-date\"><time datetime=\"2025-11-28T14:25:21+01:00\">28 novembre 2025<\/time><\/div>\n\n<h2 style=\"color:#096397; font-style:normal;font-weight:600;text-transform:none;\" class=\"has-text-align-center has-link-color wp-elements-40e4b857f70b3353fbf072cf2e2c5e47 wp-block-post-title has-text-color has-medium-font-size\"><a href=\"https:\/\/pedagogie.ac-lille.fr\/ecogestion\/printfriendly\/\" target=\"_self\" >PrintFriendly<\/a><\/h2>\n<\/li><li class=\"wp-block-post post-3696 post type-post status-publish format-standard has-post-thumbnail category-actualites_academiques category-bts-mco category-iane category-traam tag-pedagogie czr-hentry\">\n<figure class=\"wp-block-post-featured-image\"><a href=\"https:\/\/pedagogie.ac-lille.fr\/ecogestion\/restitution-traam-economie-gestion-2024-2025\/\" target=\"_blank\"  ><img loading=\"lazy\" decoding=\"async\" width=\"780\" height=\"441\" src=\"https:\/\/pedagogie.ac-lille.fr\/ecogestion\/wp-content\/uploads\/sites\/53\/2025\/09\/logo_traam.png\" class=\"attachment-post-thumbnail size-post-thumbnail no-lazy wp-post-image\" alt=\"Restitution TRAAM \u00e9conomie gestion 2024 2025\" style=\"object-fit:cover;\" srcset=\"https:\/\/pedagogie.ac-lille.fr\/ecogestion\/wp-content\/uploads\/sites\/53\/2025\/09\/logo_traam.png 780w, https:\/\/pedagogie.ac-lille.fr\/ecogestion\/wp-content\/uploads\/sites\/53\/2025\/09\/logo_traam-300x170.png 300w, https:\/\/pedagogie.ac-lille.fr\/ecogestion\/wp-content\/uploads\/sites\/53\/2025\/09\/logo_traam-768x434.png 768w\" sizes=\"auto, (max-width: 780px) 100vw, 780px\" \/><\/a><\/figure>\n\n<div class=\"wp-block-post-date\"><time datetime=\"2025-09-12T15:30:24+02:00\">12 septembre 2025<\/time><\/div>\n\n<h2 style=\"color:#096397; font-style:normal;font-weight:600;text-transform:none;\" class=\"has-text-align-center has-link-color wp-elements-40e4b857f70b3353fbf072cf2e2c5e47 wp-block-post-title has-text-color has-medium-font-size\"><a href=\"https:\/\/pedagogie.ac-lille.fr\/ecogestion\/restitution-traam-economie-gestion-2024-2025\/\" target=\"_self\" >Restitution TRAAM \u00e9conomie gestion 2024 2025<\/a><\/h2>\n<\/li><li class=\"wp-block-post post-3477 post type-post status-publish format-standard category-outils_numeriques category-productions_peda tag-outils-numeriques tag-pedagogie tag-ressources tag-stmg czr-hentry\">\n\n\n<div class=\"wp-block-post-date\"><time datetime=\"2024-10-16T14:18:08+02:00\">16 octobre 2024<\/time><\/div>\n\n<h2 style=\"color:#096397; font-style:normal;font-weight:600;text-transform:none;\" class=\"has-text-align-center has-link-color wp-elements-40e4b857f70b3353fbf072cf2e2c5e47 wp-block-post-title has-text-color has-medium-font-size\"><a href=\"https:\/\/pedagogie.ac-lille.fr\/ecogestion\/3477-2\/\" target=\"_self\" >Article int\u00e9gral sur les processus de m\u00e9morisation et Flashcards<\/a><\/h2>\n<\/li><\/ul>\n\n<nav class=\"wp-block-query-pagination is-layout-flex wp-block-query-pagination-is-layout-flex\" aria-label=\"Pagination\">\n\n\n<div class=\"wp-block-query-pagination-numbers\"><span aria-current=\"page\" class=\"page-numbers current\">1<\/span>\n<a class=\"page-numbers\" href=\"?query-0-page=2\">2<\/a><\/div>\n\n<a href=\"\/ecogestion\/wp-json\/wp\/v2\/pages\/354?query-0-page=2\" class=\"wp-block-query-pagination-next\">Page suivante<\/a>\n<\/nav><\/div>\n","protected":false},"excerpt":{"rendered":"<p>Retrouvez dans cette page :&nbsp; La lettre EduNum Lien vers le site Eduscol : Cliquez ci-dessous pour retrouver toutes les publications des lettres Edu-num en \u00e9conomie gestion. https:\/\/eduscol.education.fr\/2619\/lettres-edunum-ecoomie-et-gestion La Minute de la IAN (Interlocutrice Acad\u00e9mique pour le Num\u00e9rique) Retrouvez ici les derni\u00e8res publications de l&rsquo;Interlocutrice Acad\u00e9mique pour le Num\u00e9rique : trucs et astuces, petites applications [&hellip;]<\/p>\n","protected":false},"author":120,"featured_media":0,"parent":0,"menu_order":0,"comment_status":"closed","ping_status":"closed","template":"","meta":{"_acf_changed":false,"ngg_post_thumbnail":0,"footnotes":""},"class_list":["post-354","page","type-page","status-publish","czr-hentry"],"featured_image_src":null,"acf":[],"publishpress_future_action":{"enabled":false,"date":"2026-04-14 09:18:05","action":"change-status","newStatus":"draft","terms":[],"taxonomy":"","extraData":[]},"publishpress_future_workflow_manual_trigger":{"enabledWorkflows":[]},"_links":{"self":[{"href":"https:\/\/pedagogie.ac-lille.fr\/ecogestion\/wp-json\/wp\/v2\/pages\/354","targetHints":{"allow":["GET"]}}],"collection":[{"href":"https:\/\/pedagogie.ac-lille.fr\/ecogestion\/wp-json\/wp\/v2\/pages"}],"about":[{"href":"https:\/\/pedagogie.ac-lille.fr\/ecogestion\/wp-json\/wp\/v2\/types\/page"}],"author":[{"embeddable":true,"href":"https:\/\/pedagogie.ac-lille.fr\/ecogestion\/wp-json\/wp\/v2\/users\/120"}],"replies":[{"embeddable":true,"href":"https:\/\/pedagogie.ac-lille.fr\/ecogestion\/wp-json\/wp\/v2\/comments?post=354"}],"version-history":[{"count":24,"href":"https:\/\/pedagogie.ac-lille.fr\/ecogestion\/wp-json\/wp\/v2\/pages\/354\/revisions"}],"predecessor-version":[{"id":1958,"href":"https:\/\/pedagogie.ac-lille.fr\/ecogestion\/wp-json\/wp\/v2\/pages\/354\/revisions\/1958"}],"wp:attachment":[{"href":"https:\/\/pedagogie.ac-lille.fr\/ecogestion\/wp-json\/wp\/v2\/media?parent=354"}],"curies":[{"name":"wp","href":"https:\/\/api.w.org\/{rel}","templated":true}]}}