{"id":442,"date":"2023-06-20T15:29:52","date_gmt":"2023-06-20T13:29:52","guid":{"rendered":"https:\/\/pedagogie.ac-lille.fr\/ecogestion\/?page_id=442"},"modified":"2024-11-27T10:35:30","modified_gmt":"2024-11-27T09:35:30","slug":"presentation-academie","status":"publish","type":"page","link":"https:\/\/pedagogie.ac-lille.fr\/ecogestion\/","title":{"rendered":"Accueil"},"content":{"rendered":"\n<h2 class=\"wp-block-heading\">&nbsp;<\/h2>\n\n\n\n<h1 class=\"wp-block-heading alignwide has-text-align-center has-text-color has-link-color has-x-large-font-size wp-elements-fb8108245e8191e1195d54ba197e307c\" style=\"color:#096397\">Bienvenue sur le site acad\u00e9mique d&rsquo;\u00e9conomie gestion de l&rsquo;Acad\u00e9mie de Lille<\/h1>\n\n\n<div class=\"wp-block-ub-divider ub_divider ub-divider-orientation-horizontal\" id=\"ub_divider_5ec1cc63-18ed-4530-a18e-7f36db0b700a\"><div class=\"ub_divider_wrapper\" style=\"position: relative; margin-bottom: 2px; width: 100%; height: 2px; \" data-divider-alignment=\"center\"><div class=\"ub_divider_line\" style=\"border-top: 2px solid #ccc; margin-top: 2px; \"><\/div><\/div><\/div>\n\n\n<p><\/p>\n\n\n\n<h2 class=\"wp-block-heading alignwide has-text-align-left has-black-color has-text-color has-link-color has-large-font-size wp-elements-ea1d42229bbfacdeb0f92c34a2df47d5\" style=\"font-style:normal;font-weight:600\">La discipline dans les parcours de formation<\/h2>\n\n\n\n<p class=\"has-black-color has-text-color has-link-color has-medium-font-size wp-elements-6fc9ef2c9c9a48be50cda35d053a5da1\" style=\"font-style:italic;font-weight:500\">Le domaine de l&rsquo;\u00e9conomie gestion recouvre diff\u00e9rentes disciplines telles que <strong>l&rsquo;\u00e9conomie<\/strong>, le <strong>droit<\/strong>, le <strong>management <\/strong>et les diff\u00e9rents <strong>domaines des sciences de gestion<\/strong> : <strong>Ressources humaines et communication, Gestion et Finances, Syst\u00e8mes d&rsquo;information de Gestion, Mercatique, etc.<\/strong><\/p>\n\n\n\n<p class=\"has-black-color has-text-color has-link-color has-medium-font-size wp-elements-6927ab434e0fa18141a7ba2825f05fa0\" style=\"font-style:italic;font-weight:500\">Du pr\u00e9-bac (voie professionnelle et technologique) au post-bac, l&rsquo;\u00e9conomie Gestion offre un large panel de formations adapt\u00e9es au parcours de chacun.<\/p>\n\n\n\n<p><\/p>\n\n\n<div class=\"wp-block-ub-divider ub_divider ub-divider-orientation-horizontal\" id=\"ub_divider_4d79e556-9761-4081-9222-742a073c78aa\"><div class=\"ub_divider_wrapper\" style=\"position: relative; margin-bottom: 2px; width: 100%; height: 2px; \" data-divider-alignment=\"center\"><div class=\"ub_divider_line\" style=\"border-top: 2px solid #ccc; margin-top: 2px; \"><\/div><\/div><\/div>\n\n\n<p><\/p>\n\n\n\n<div class=\"wp-block-columns is-layout-flex wp-container-core-columns-is-layout-28f84493 wp-block-columns-is-layout-flex\">\n<div class=\"wp-block-column has-background is-layout-flow wp-block-column-is-layout-flow\" style=\"background-color:#fcb90021\">\n<h2 class=\"wp-block-heading has-text-align-center has-text-color has-link-color wp-elements-bcd550499d092aa78e00fc87671fdd05\" style=\"color:#096397\">Actualit\u00e9s acad\u00e9miques<\/h2>\n\n\n\n<figure class=\"wp-block-image size-full is-style-rounded\"><a href=\"https:\/\/pedagogie.ac-lille.fr\/ecogestion\/actualites-academiques\/\"><img loading=\"lazy\" decoding=\"async\" width=\"828\" height=\"603\" src=\"https:\/\/pedagogie.ac-lille.fr\/ecogestion\/wp-content\/uploads\/sites\/53\/2024\/01\/Untitled-1-1.png\" alt=\"\" class=\"wp-image-1896\" srcset=\"https:\/\/pedagogie.ac-lille.fr\/ecogestion\/wp-content\/uploads\/sites\/53\/2024\/01\/Untitled-1-1.png 828w, https:\/\/pedagogie.ac-lille.fr\/ecogestion\/wp-content\/uploads\/sites\/53\/2024\/01\/Untitled-1-1-300x218.png 300w, https:\/\/pedagogie.ac-lille.fr\/ecogestion\/wp-content\/uploads\/sites\/53\/2024\/01\/Untitled-1-1-768x559.png 768w\" sizes=\"auto, (max-width: 828px) 100vw, 828px\" \/><\/a><\/figure>\n<\/div>\n\n\n\n<div class=\"wp-block-column has-background is-layout-flow wp-block-column-is-layout-flow\" style=\"background-color:#fcb90021\">\n<h2 class=\"wp-block-heading has-text-align-center has-text-color has-link-color wp-elements-a6b9551a5de3ab5a0ce1c9992d806aa8\" style=\"color:#096397\"> Sites utiles<\/h2>\n\n\n<div class=\"wp-block-image is-style-rounded\">\n<figure class=\"aligncenter size-full\"><a href=\"https:\/\/pedagogie.ac-lille.fr\/ecogestion\/liens-utiles\/\"><img loading=\"lazy\" decoding=\"async\" width=\"1280\" height=\"1280\" src=\"https:\/\/pedagogie.ac-lille.fr\/ecogestion\/wp-content\/uploads\/sites\/53\/2024\/01\/hyperlink-1918059_1280.png\" alt=\"\" class=\"wp-image-1903\" srcset=\"https:\/\/pedagogie.ac-lille.fr\/ecogestion\/wp-content\/uploads\/sites\/53\/2024\/01\/hyperlink-1918059_1280.png 1280w, https:\/\/pedagogie.ac-lille.fr\/ecogestion\/wp-content\/uploads\/sites\/53\/2024\/01\/hyperlink-1918059_1280-300x300.png 300w, https:\/\/pedagogie.ac-lille.fr\/ecogestion\/wp-content\/uploads\/sites\/53\/2024\/01\/hyperlink-1918059_1280-1024x1024.png 1024w, https:\/\/pedagogie.ac-lille.fr\/ecogestion\/wp-content\/uploads\/sites\/53\/2024\/01\/hyperlink-1918059_1280-150x150.png 150w, https:\/\/pedagogie.ac-lille.fr\/ecogestion\/wp-content\/uploads\/sites\/53\/2024\/01\/hyperlink-1918059_1280-768x768.png 768w, https:\/\/pedagogie.ac-lille.fr\/ecogestion\/wp-content\/uploads\/sites\/53\/2024\/01\/hyperlink-1918059_1280-510x510.png 510w\" sizes=\"auto, (max-width: 1280px) 100vw, 1280px\" \/><\/a><\/figure>\n<\/div><\/div>\n\n\n\n<div class=\"wp-block-column has-background is-layout-flow wp-block-column-is-layout-flow\" style=\"background-color:#fcb90021\">\n<h2 class=\"wp-block-heading has-text-align-center has-text-color has-link-color wp-elements-e6a49099eb965e8364f226d5a5e1dce1\" style=\"color:#096397\">Usages du <br>num\u00e9rique<\/h2>\n\n\n\n<figure class=\"wp-block-image size-full is-style-rounded\"><a href=\"https:\/\/pedagogie.ac-lille.fr\/ecogestion\/outils-numeriques-2\/\"><img loading=\"lazy\" decoding=\"async\" width=\"1280\" height=\"853\" src=\"https:\/\/pedagogie.ac-lille.fr\/ecogestion\/wp-content\/uploads\/sites\/53\/2024\/01\/binary-1536651_1280.jpg\" alt=\"\" class=\"wp-image-1905\" srcset=\"https:\/\/pedagogie.ac-lille.fr\/ecogestion\/wp-content\/uploads\/sites\/53\/2024\/01\/binary-1536651_1280.jpg 1280w, https:\/\/pedagogie.ac-lille.fr\/ecogestion\/wp-content\/uploads\/sites\/53\/2024\/01\/binary-1536651_1280-300x200.jpg 300w, https:\/\/pedagogie.ac-lille.fr\/ecogestion\/wp-content\/uploads\/sites\/53\/2024\/01\/binary-1536651_1280-1024x682.jpg 1024w, https:\/\/pedagogie.ac-lille.fr\/ecogestion\/wp-content\/uploads\/sites\/53\/2024\/01\/binary-1536651_1280-768x512.jpg 768w\" sizes=\"auto, (max-width: 1280px) 100vw, 1280px\" \/><\/a><\/figure>\n<\/div>\n<\/div>\n","protected":false},"excerpt":{"rendered":"<p>&nbsp; Bienvenue sur le site acad\u00e9mique d&rsquo;\u00e9conomie gestion de l&rsquo;Acad\u00e9mie de Lille La discipline dans les parcours de formation Le domaine de l&rsquo;\u00e9conomie gestion recouvre diff\u00e9rentes disciplines telles que l&rsquo;\u00e9conomie, le droit, le management et les diff\u00e9rents domaines des sciences de gestion : Ressources humaines et communication, Gestion et Finances, Syst\u00e8mes d&rsquo;information de Gestion, Mercatique, [&hellip;]<\/p>\n","protected":false},"author":120,"featured_media":0,"parent":0,"menu_order":0,"comment_status":"closed","ping_status":"closed","template":"","meta":{"_acf_changed":false,"ngg_post_thumbnail":0,"footnotes":""},"class_list":["post-442","page","type-page","status-publish","czr-hentry"],"featured_image_src":null,"acf":[],"publishpress_future_action":{"enabled":false,"date":"2026-04-14 09:17:37","action":"change-status","newStatus":"draft","terms":[],"taxonomy":"","extraData":[]},"publishpress_future_workflow_manual_trigger":{"enabledWorkflows":[]},"_links":{"self":[{"href":"https:\/\/pedagogie.ac-lille.fr\/ecogestion\/wp-json\/wp\/v2\/pages\/442","targetHints":{"allow":["GET"]}}],"collection":[{"href":"https:\/\/pedagogie.ac-lille.fr\/ecogestion\/wp-json\/wp\/v2\/pages"}],"about":[{"href":"https:\/\/pedagogie.ac-lille.fr\/ecogestion\/wp-json\/wp\/v2\/types\/page"}],"author":[{"embeddable":true,"href":"https:\/\/pedagogie.ac-lille.fr\/ecogestion\/wp-json\/wp\/v2\/users\/120"}],"replies":[{"embeddable":true,"href":"https:\/\/pedagogie.ac-lille.fr\/ecogestion\/wp-json\/wp\/v2\/comments?post=442"}],"version-history":[{"count":53,"href":"https:\/\/pedagogie.ac-lille.fr\/ecogestion\/wp-json\/wp\/v2\/pages\/442\/revisions"}],"predecessor-version":[{"id":3583,"href":"https:\/\/pedagogie.ac-lille.fr\/ecogestion\/wp-json\/wp\/v2\/pages\/442\/revisions\/3583"}],"wp:attachment":[{"href":"https:\/\/pedagogie.ac-lille.fr\/ecogestion\/wp-json\/wp\/v2\/media?parent=442"}],"curies":[{"name":"wp","href":"https:\/\/api.w.org\/{rel}","templated":true}]}}