{"id":448,"date":"2023-06-20T15:29:53","date_gmt":"2023-06-20T13:29:53","guid":{"rendered":"https:\/\/pedagogie.ac-lille.fr\/ecogestion\/?page_id=448"},"modified":"2024-09-12T15:18:57","modified_gmt":"2024-09-12T13:18:57","slug":"seconde","status":"publish","type":"page","link":"https:\/\/pedagogie.ac-lille.fr\/ecogestion\/seconde\/","title":{"rendered":"Classe de Seconde G\u00e9n\u00e9rale et Technologique"},"content":{"rendered":"\n<p class=\"has-text-color has-medium-font-size\" style=\"color:#096397;font-style:italic;font-weight:600\">L&rsquo;option \u00ab\u00a0Management et Sciences de Gestion\u00a0\u00bb est propos\u00e9e en classe de seconde. Elle permet aux \u00e9l\u00e8ves de d\u00e9couvrir les concepts de Management et de Gestion ainsi que les diff\u00e9rentes organisations de la vie citoyenne et \u00e9conomique : Entreprises, associations, organisations publiques.<\/p>\n\n\n\n<h2 class=\"wp-block-heading alignwide has-text-align-center has-white-background-color has-text-color has-background has-link-color has-large-font-size wp-elements-a2b265808bb308c460b20d804fa9143a\" style=\"color:#096397;font-style:italic;font-weight:800\">Programme de Seconde, option Management et Gestion<\/h2>\n\n\n\n<p class=\"has-medium-font-size\" style=\"font-style:italic;font-weight:500\">Cliquez sur le lien suivant pour visiter la page du site Eduscol et t\u00e9l\u00e9charger le document : <a href=\"https:\/\/eduscol.education.fr\/1742\/programmes-et-ressources-en-serie-stmg\">https:\/\/eduscol.education.fr\/1742\/programmes-et-ressources-en-serie-stmg<\/a> ou visualisez et imprimez le programme en version PDF ci-dessous :<\/p>\n\n\n\n<div\n    class='wp-block-pdfp-pdf-poster  alignnone'\n    id='block-1'\n    data-attributes='{&quot;uniqueId&quot;:&quot;pdfp60fa7845&quot;,&quot;file&quot;:&quot;https:\\\/\\\/pedagogie.ac-lille.fr\\\/ecogestion\\\/wp-content\\\/uploads\\\/sites\\\/53\\\/2023\\\/12\\\/spe629_annexe_1062556.pdf&quot;,&quot;print&quot;:true,&quot;fullscreenButtonText&quot;:&quot;Vue plein \\u00e9cran&quot;,&quot;adobeOptions&quot;:{&quot;showDownloadPDF&quot;:true,&quot;showPrintPDF&quot;:true,&quot;showAnnotationTools&quot;:true,&quot;showFullScreen&quot;:false,&quot;embedMode&quot;:&quot;SIZED_CONTAINER&quot;,&quot;updated&quot;:true},&quot;CSS&quot;:&quot;.pdfp60fa7845btn {background: #2271b1; color: #fff; padding: 10px 20px 10px 10px}&quot;,&quot;align&quot;:&quot;none&quot;,&quot;alignment&quot;:&quot;left&quot;,&quot;title&quot;:&quot;&quot;,&quot;titleFontSize&quot;:&quot;16px&quot;,&quot;height&quot;:{&quot;desktop&quot;:&quot;840px&quot;,&quot;tablet&quot;:&quot;700px&quot;,&quot;mobile&quot;:&quot;400px&quot;},&quot;width&quot;:{&quot;desktop&quot;:&quot;100%&quot;,&quot;tablet&quot;:&quot;100%&quot;,&quot;mobile&quot;:&quot;100%&quot;},&quot;showName&quot;:false,&quot;onlyPDF&quot;:false,&quot;defaultBrowser&quot;:false,&quot;downloadButton&quot;:false,&quot;downloadButtonText&quot;:&quot;Download File&quot;,&quot;fullscreenButton&quot;:true,&quot;actionsPosition&quot;:&quot;top&quot;,&quot;newWindow&quot;:false,&quot;protect&quot;:false,&quot;thumbMenu&quot;:false,&quot;sidebarOpen&quot;:false,&quot;initialPage&quot;:0,&quot;alert&quot;:false,&quot;lastVersion&quot;:false,&quot;hrScroll&quot;:false,&quot;isHideRightToolbar&quot;:false,&quot;additional&quot;:{&quot;ID&quot;:&quot;&quot;,&quot;Class&quot;:&quot;&quot;,&quot;CSS&quot;:&quot;&quot;},&quot;adobeEmbedder&quot;:false,&quot;popupOptions&quot;:{&quot;enabled&quot;:false,&quot;triggerType&quot;:&quot;button&quot;,&quot;image&quot;:&quot;&quot;,&quot;imagePdfIcon&quot;:true,&quot;imageHeight&quot;:&quot;200px&quot;,&quot;imageWidth&quot;:&quot;300px&quot;,&quot;text&quot;:&quot;Open PDF&quot;,&quot;btnStyle&quot;:{&quot;background&quot;:&quot;#2271b1&quot;,&quot;color&quot;:&quot;#fff&quot;,&quot;fontSize&quot;:&quot;16px&quot;,&quot;padding&quot;:{&quot;top&quot;:10,&quot;right&quot;:20,&quot;bottom&quot;:10,&quot;left&quot;:10}}},&quot;popupBtnStyle&quot;:{&quot;background&quot;:&quot;#2271b1&quot;,&quot;color&quot;:&quot;#fff&quot;,&quot;padding&quot;:{&quot;top&quot;:10,&quot;right&quot;:20,&quot;bottom&quot;:10,&quot;left&quot;:10}},&quot;popupBtnText&quot;:&quot;Open Document&quot;,&quot;socialShare&quot;:{&quot;enabled&quot;:false,&quot;facebook&quot;:true,&quot;twitter&quot;:true,&quot;linkedin&quot;:true,&quot;pinterest&quot;:true,&quot;position&quot;:&quot;top&quot;},&quot;isPremium&quot;:false}'\n    style=\"text-align: left\">\n    \n        <a href=\"\/\/docs.google.com\/gview?embedded=true&#038;url=https:\/\/pedagogie.ac-lille.fr\/ecogestion\/wp-content\/uploads\/sites\/53\/2023\/12\/spe629_annexe_1062556.pdf\" target=\"_blank\" rel=\"noopener\">Contenu embarqu\u00e9 non autoris\u00e9<\/a>\n\n    <\/div>\n\n\n\n<div class=\"wp-block-query is-layout-flow wp-block-query-is-layout-flow\">\n<h2 class=\"wp-block-heading has-text-align-center has-black-color has-text-color has-large-font-size\" style=\"font-style:italic;font-weight:800\">Ressources  et productions p\u00e9dagogiques<\/h2>\n\n\n<ul style=\"background-color:#f4eebe3d; font-style:italic;font-weight:200;\" class=\"aligncenter wp-block-post-template has-background has-medium-font-size is-layout-flow wp-block-post-template-is-layout-flow\"><li class=\"wp-block-post post-864 post type-post status-publish format-standard has-post-thumbnail category-productions_peda category-seconde tag-jeu-serieux tag-pedagogie tag-ressources tag-sciences-de-gestion czr-hentry\">\n\n<div class=\"wp-block-columns alignwide is-layout-flex wp-container-core-columns-is-layout-28f84493 wp-block-columns-is-layout-flex\">\n<div class=\"wp-block-column is-layout-flow wp-block-column-is-layout-flow\" style=\"flex-basis:66.66%\"><figure class=\"wp-block-post-featured-image\"><a href=\"https:\/\/pedagogie.ac-lille.fr\/ecogestion\/escape-game-de-decouverte-du-programme-de-management-et-gestion\/\" target=\"_self\"  ><img loading=\"lazy\" decoding=\"async\" width=\"1531\" height=\"861\" src=\"https:\/\/pedagogie.ac-lille.fr\/ecogestion\/wp-content\/uploads\/sites\/53\/2023\/07\/Capture-decran-2023-07-31-152310.jpg\" class=\"attachment-post-thumbnail size-post-thumbnail no-lazy wp-post-image\" alt=\"Escape Game de d\u00e9couverte du Programme de Management et Gestion\" style=\"object-fit:cover;\" srcset=\"https:\/\/pedagogie.ac-lille.fr\/ecogestion\/wp-content\/uploads\/sites\/53\/2023\/07\/Capture-decran-2023-07-31-152310.jpg 1531w, https:\/\/pedagogie.ac-lille.fr\/ecogestion\/wp-content\/uploads\/sites\/53\/2023\/07\/Capture-decran-2023-07-31-152310-300x169.jpg 300w, https:\/\/pedagogie.ac-lille.fr\/ecogestion\/wp-content\/uploads\/sites\/53\/2023\/07\/Capture-decran-2023-07-31-152310-1024x576.jpg 1024w, https:\/\/pedagogie.ac-lille.fr\/ecogestion\/wp-content\/uploads\/sites\/53\/2023\/07\/Capture-decran-2023-07-31-152310-768x432.jpg 768w, https:\/\/pedagogie.ac-lille.fr\/ecogestion\/wp-content\/uploads\/sites\/53\/2023\/07\/Capture-decran-2023-07-31-152310-1110x624.jpg 1110w, https:\/\/pedagogie.ac-lille.fr\/ecogestion\/wp-content\/uploads\/sites\/53\/2023\/07\/Capture-decran-2023-07-31-152310-528x297.jpg 528w\" sizes=\"auto, (max-width: 1531px) 100vw, 1531px\" \/><\/a><\/figure><\/div>\n\n\n\n<div class=\"wp-block-column is-layout-flow wp-block-column-is-layout-flow\" style=\"flex-basis:33.33%\"><h2 class=\"wp-block-post-title\"><a href=\"https:\/\/pedagogie.ac-lille.fr\/ecogestion\/escape-game-de-decouverte-du-programme-de-management-et-gestion\/\" target=\"_self\" >Escape Game de d\u00e9couverte du Programme de Management et Gestion<\/a><\/h2>\n\n<div class=\"wp-block-post-excerpt\"><p class=\"wp-block-post-excerpt__excerpt\">Ce jeu permet aux \u00e9l\u00e8ves de d\u00e9couvrir le programme de l&rsquo;option, en \u00e9quipes et sous forme d&rsquo;un escape game semi-num\u00e9rique <\/p><\/div><\/div>\n<\/div>\n\n<\/li><\/ul><\/div>\n\n\n\n<h2 class=\"wp-block-heading alignwide has-text-align-center has-white-background-color has-text-color has-background has-link-color has-large-font-size wp-elements-284dae01e61eb668f380643f455178e2\" style=\"color:#096397;font-style:italic;font-weight:800\">Programme de Seconde, <br>option Sciences du Num\u00e9rique et Technologie<\/h2>\n\n\n\n<div data-wp-interactive=\"core\/file\" class=\"wp-block-file\"><object data-wp-bind--hidden=\"!state.hasPdfPreview\" hidden class=\"wp-block-file__embed\" data=\"https:\/\/pedagogie.ac-lille.fr\/ecogestion\/wp-content\/uploads\/sites\/53\/2023\/10\/SNTspe641_annexe_1063085.pdf\" type=\"application\/pdf\" style=\"width:100%;height:600px\" aria-label=\"Contenu embarqu\u00e9 Programme de SNT.\"><\/object><a id=\"wp-block-file--media-66309b39-a641-48c0-869e-88f969e0ee07\" href=\"https:\/\/pedagogie.ac-lille.fr\/ecogestion\/wp-content\/uploads\/sites\/53\/2023\/10\/SNTspe641_annexe_1063085.pdf\">Programme de SNT<\/a><a href=\"https:\/\/pedagogie.ac-lille.fr\/ecogestion\/wp-content\/uploads\/sites\/53\/2023\/10\/SNTspe641_annexe_1063085.pdf\" class=\"wp-block-file__button wp-element-button\" download aria-describedby=\"wp-block-file--media-66309b39-a641-48c0-869e-88f969e0ee07\">T\u00e9l\u00e9charger<\/a><\/div>\n\n\n\n<h2 class=\"wp-block-heading has-black-color has-text-color has-medium-font-size\" style=\"font-style:italic;font-weight:800\">Espace des corrig\u00e9s (Acc\u00e8s strictement r\u00e9serv\u00e9 aux professeurs &#8211; identification n\u00e9cessaire)<\/h2>\n\n\n\n<div class=\"wp-block-buttons is-layout-flex wp-block-buttons-is-layout-flex\">\n<div class=\"wp-block-button has-custom-font-size has-medium-font-size\" style=\"font-style:normal;font-weight:600\"><a class=\"wp-block-button__link has-text-color has-background wp-element-button\" href=\"https:\/\/pedagogie.ac-lille.fr\/ecogestion\/corriges-a-usage-des-professeurs\/\" style=\"color:#096397;background-color:#72dc4d4f\" target=\"_blank\" rel=\"noreferrer noopener\">Acc\u00e9der \u00e0 l&rsquo;espace corrig\u00e9s<\/a><\/div>\n<\/div>\n","protected":false},"excerpt":{"rendered":"<p>L&rsquo;option \u00ab\u00a0Management et Sciences de Gestion\u00a0\u00bb est propos\u00e9e en classe de seconde. Elle permet aux \u00e9l\u00e8ves de d\u00e9couvrir les concepts de Management et de Gestion ainsi que les diff\u00e9rentes organisations de la vie citoyenne et \u00e9conomique : Entreprises, associations, organisations publiques. Programme de Seconde, option Management et Gestion Cliquez sur le lien suivant pour visiter [&hellip;]<\/p>\n","protected":false},"author":30,"featured_media":0,"parent":0,"menu_order":0,"comment_status":"closed","ping_status":"closed","template":"","meta":{"_acf_changed":false,"ngg_post_thumbnail":0,"footnotes":""},"class_list":["post-448","page","type-page","status-publish","czr-hentry"],"featured_image_src":null,"acf":[],"publishpress_future_action":{"enabled":false,"date":"2026-04-14 09:17:38","action":"change-status","newStatus":"draft","terms":[],"taxonomy":"","extraData":[]},"publishpress_future_workflow_manual_trigger":{"enabledWorkflows":[]},"_links":{"self":[{"href":"https:\/\/pedagogie.ac-lille.fr\/ecogestion\/wp-json\/wp\/v2\/pages\/448","targetHints":{"allow":["GET"]}}],"collection":[{"href":"https:\/\/pedagogie.ac-lille.fr\/ecogestion\/wp-json\/wp\/v2\/pages"}],"about":[{"href":"https:\/\/pedagogie.ac-lille.fr\/ecogestion\/wp-json\/wp\/v2\/types\/page"}],"author":[{"embeddable":true,"href":"https:\/\/pedagogie.ac-lille.fr\/ecogestion\/wp-json\/wp\/v2\/users\/30"}],"replies":[{"embeddable":true,"href":"https:\/\/pedagogie.ac-lille.fr\/ecogestion\/wp-json\/wp\/v2\/comments?post=448"}],"version-history":[{"count":21,"href":"https:\/\/pedagogie.ac-lille.fr\/ecogestion\/wp-json\/wp\/v2\/pages\/448\/revisions"}],"predecessor-version":[{"id":3144,"href":"https:\/\/pedagogie.ac-lille.fr\/ecogestion\/wp-json\/wp\/v2\/pages\/448\/revisions\/3144"}],"wp:attachment":[{"href":"https:\/\/pedagogie.ac-lille.fr\/ecogestion\/wp-json\/wp\/v2\/media?parent=448"}],"curies":[{"name":"wp","href":"https:\/\/api.w.org\/{rel}","templated":true}]}}