{"id":626,"date":"2023-07-11T23:44:20","date_gmt":"2023-07-11T21:44:20","guid":{"rendered":"https:\/\/pedagogie.ac-lille.fr\/ecogestion\/?page_id=626"},"modified":"2024-04-23T23:53:32","modified_gmt":"2024-04-23T21:53:32","slug":"bts-gtla-2","status":"publish","type":"page","link":"https:\/\/pedagogie.ac-lille.fr\/ecogestion\/bts-gtla-2\/","title":{"rendered":"BTS GTLA"},"content":{"rendered":"\n<p><strong>D\u00e9finition du m\u00e9tier<\/strong><\/p>\n\n\n\n<p>Le titulaire du BTS \u00ab&nbsp;Gestion des transports et logistique associ\u00e9e&nbsp;\u00bb contribue, par l\u2019exercice de son m\u00e9tier, \u00e0 la gestion des flux nationaux et internationaux de marchandises.<\/p>\n\n\n\n<p>Le titulaire du BTS \u00ab&nbsp;Gestion des transports et logistique associ\u00e9e&nbsp;\u00bb organise des op\u00e9rations de transport et des prestations logistiques au niveau local, r\u00e9gional, national, europ\u00e9en et international. Il optimise les op\u00e9rations dans un contexte de mondialisation des \u00e9changes, en tenant compte de la compl\u00e9mentarit\u00e9 des modes de transport et du d\u00e9veloppement durable. Il contribue \u00e0 la mise en \u0153uvre des d\u00e9cisions strat\u00e9giques et coordonne des op\u00e9rations entre les diff\u00e9rents services de l\u2019entreprise, et avec les partenaires ext\u00e9rieurs. Dans ce cadre, il a vocation \u00e0 manager et animer une \u00e9quipe. Il ma\u00eetrise enfin les comp\u00e9tences de gestion qui lui permettrait de cr\u00e9er, de reprendre ou de d\u00e9velopper une entreprise dans le secteur du transport de marchandises et de la logistique.<\/p>\n\n\n\n<div class=\"wp-block-columns is-layout-flex wp-container-core-columns-is-layout-28f84493 wp-block-columns-is-layout-flex\">\n<div class=\"wp-block-column is-layout-flow wp-block-column-is-layout-flow\">\n<figure class=\"wp-block-image size-full\"><a href=\"https:\/\/pedagogie.ac-lille.fr\/ecogestion\/video-du-pnf-gtla\/\"><img loading=\"lazy\" decoding=\"async\" width=\"500\" height=\"500\" src=\"https:\/\/pedagogie.ac-lille.fr\/ecogestion\/wp-content\/uploads\/sites\/53\/2023\/08\/vid-5.jpg\" alt=\"\" class=\"wp-image-1082\" srcset=\"https:\/\/pedagogie.ac-lille.fr\/ecogestion\/wp-content\/uploads\/sites\/53\/2023\/08\/vid-5.jpg 500w, https:\/\/pedagogie.ac-lille.fr\/ecogestion\/wp-content\/uploads\/sites\/53\/2023\/08\/vid-5-300x300.jpg 300w, https:\/\/pedagogie.ac-lille.fr\/ecogestion\/wp-content\/uploads\/sites\/53\/2023\/08\/vid-5-150x150.jpg 150w\" sizes=\"auto, (max-width: 500px) 100vw, 500px\" \/><\/a><\/figure>\n<\/div>\n\n\n\n<div class=\"wp-block-column is-layout-flow wp-block-column-is-layout-flow\">\n<figure class=\"wp-block-image size-full\"><a href=\"https:\/\/pedagogie.ac-lille.fr\/ecogestion\/sujets-dexamen\/\"><img loading=\"lazy\" decoding=\"async\" width=\"500\" height=\"500\" src=\"https:\/\/pedagogie.ac-lille.fr\/ecogestion\/wp-content\/uploads\/sites\/53\/2023\/08\/suj-6.jpg\" alt=\"\" class=\"wp-image-1083\" srcset=\"https:\/\/pedagogie.ac-lille.fr\/ecogestion\/wp-content\/uploads\/sites\/53\/2023\/08\/suj-6.jpg 500w, https:\/\/pedagogie.ac-lille.fr\/ecogestion\/wp-content\/uploads\/sites\/53\/2023\/08\/suj-6-300x300.jpg 300w, https:\/\/pedagogie.ac-lille.fr\/ecogestion\/wp-content\/uploads\/sites\/53\/2023\/08\/suj-6-150x150.jpg 150w\" sizes=\"auto, (max-width: 500px) 100vw, 500px\" \/><\/a><\/figure>\n<\/div>\n\n\n\n<div class=\"wp-block-column is-layout-flow wp-block-column-is-layout-flow\">\n<figure class=\"wp-block-image size-full\"><a href=\"https:\/\/pedagogie.ac-lille.fr\/ecogestion\/referentiel-gtla\/\"><img loading=\"lazy\" decoding=\"async\" width=\"500\" height=\"500\" src=\"https:\/\/pedagogie.ac-lille.fr\/ecogestion\/wp-content\/uploads\/sites\/53\/2023\/08\/RE\u0301F-5.jpg\" alt=\"\" class=\"wp-image-1084\" srcset=\"https:\/\/pedagogie.ac-lille.fr\/ecogestion\/wp-content\/uploads\/sites\/53\/2023\/08\/RE\u0301F-5.jpg 500w, https:\/\/pedagogie.ac-lille.fr\/ecogestion\/wp-content\/uploads\/sites\/53\/2023\/08\/RE\u0301F-5-300x300.jpg 300w, https:\/\/pedagogie.ac-lille.fr\/ecogestion\/wp-content\/uploads\/sites\/53\/2023\/08\/RE\u0301F-5-150x150.jpg 150w\" sizes=\"auto, (max-width: 500px) 100vw, 500px\" \/><\/a><\/figure>\n<\/div>\n<\/div>\n","protected":false},"excerpt":{"rendered":"<p>D\u00e9finition du m\u00e9tier Le titulaire du BTS \u00ab&nbsp;Gestion des transports et logistique associ\u00e9e&nbsp;\u00bb contribue, par l\u2019exercice de son m\u00e9tier, \u00e0 la gestion des flux nationaux et internationaux de marchandises. Le titulaire du BTS \u00ab&nbsp;Gestion des transports et logistique associ\u00e9e&nbsp;\u00bb organise des op\u00e9rations de transport et des prestations logistiques au niveau local, r\u00e9gional, national, europ\u00e9en et [&hellip;]<\/p>\n","protected":false},"author":134,"featured_media":0,"parent":0,"menu_order":0,"comment_status":"closed","ping_status":"closed","template":"","meta":{"_acf_changed":false,"ngg_post_thumbnail":0,"footnotes":""},"class_list":["post-626","page","type-page","status-publish","czr-hentry"],"featured_image_src":null,"acf":[],"publishpress_future_action":{"enabled":false,"date":"2026-04-14 09:17:49","action":"change-status","newStatus":"draft","terms":[],"taxonomy":"","extraData":[]},"publishpress_future_workflow_manual_trigger":{"enabledWorkflows":[]},"_links":{"self":[{"href":"https:\/\/pedagogie.ac-lille.fr\/ecogestion\/wp-json\/wp\/v2\/pages\/626","targetHints":{"allow":["GET"]}}],"collection":[{"href":"https:\/\/pedagogie.ac-lille.fr\/ecogestion\/wp-json\/wp\/v2\/pages"}],"about":[{"href":"https:\/\/pedagogie.ac-lille.fr\/ecogestion\/wp-json\/wp\/v2\/types\/page"}],"author":[{"embeddable":true,"href":"https:\/\/pedagogie.ac-lille.fr\/ecogestion\/wp-json\/wp\/v2\/users\/134"}],"replies":[{"embeddable":true,"href":"https:\/\/pedagogie.ac-lille.fr\/ecogestion\/wp-json\/wp\/v2\/comments?post=626"}],"version-history":[{"count":20,"href":"https:\/\/pedagogie.ac-lille.fr\/ecogestion\/wp-json\/wp\/v2\/pages\/626\/revisions"}],"predecessor-version":[{"id":2356,"href":"https:\/\/pedagogie.ac-lille.fr\/ecogestion\/wp-json\/wp\/v2\/pages\/626\/revisions\/2356"}],"wp:attachment":[{"href":"https:\/\/pedagogie.ac-lille.fr\/ecogestion\/wp-json\/wp\/v2\/media?parent=626"}],"curies":[{"name":"wp","href":"https:\/\/api.w.org\/{rel}","templated":true}]}}