{"id":774,"date":"2023-07-21T15:59:43","date_gmt":"2023-07-21T13:59:43","guid":{"rendered":"https:\/\/pedagogie.ac-lille.fr\/ecogestion\/?page_id=774"},"modified":"2025-06-19T11:13:07","modified_gmt":"2025-06-19T09:13:07","slug":"le-tournoi-de-gestion-2","status":"publish","type":"page","link":"https:\/\/pedagogie.ac-lille.fr\/ecogestion\/le-tournoi-de-gestion-2\/","title":{"rendered":"Le Tournoi de Gestion"},"content":{"rendered":"\n<h2 class=\"wp-block-heading has-text-align-center has-text-color has-link-color has-large-font-size wp-elements-faeda76581e941a9853068c1cc45024e\" id=\"0-pr%C3%A9sentation\" style=\"color:#096397\">Pr\u00e9sentation<\/h2>\n\n\n\n<p class=\"has-medium-font-size\" style=\"font-style:italic;font-weight:500\">Le tournoi de Gestion de la <strong>R\u00e9gion Acad\u00e9mique des Hauts de France<\/strong>, est un tournoi intra- puis inter-\u00e9tablissements, organis\u00e9 par les IA-IPR de l&rsquo;Acad\u00e9mie de Lille et d&rsquo;Amiens.<\/p>\n\n\n\n<p class=\"has-medium-font-size\" style=\"font-style:italic;font-weight:500\">Il est destin\u00e9 aux \u00e9l\u00e8ves de la fili\u00e8re STMG et plus pr\u00e9cis\u00e9ment aux classes de <strong>Premi\u00e8re STMG <\/strong>dans le cadre de l&rsquo;enseignement des <strong>Sciences De Gestion et du Num\u00e9rique (SDGN)<\/strong>.<\/p>\n\n\n\n<p class=\"has-medium-font-size\" style=\"font-style:italic;font-weight:500\">Il met en situation les \u00e9l\u00e8ves constitu\u00e9s en \u00e9quipes de trois ou quatre (8 \u00e9quipes pour une classe de 32 \u00e9l\u00e8ves) en concurrence sur un m\u00eame march\u00e9, afin de prendre des d\u00e9cisions de gestion dans un univers \u00e9conomique simul\u00e9 virtuellement par un<strong> Jeu S\u00e9rieux<\/strong>.<\/p>\n\n\n\n<p class=\"has-medium-font-size\" style=\"font-style:italic;font-weight:500\">Il permet le traitement en classe enti\u00e8re de la plus grande partie du th\u00e8me 3 \u00ab\u00a0cr\u00e9ation de valeur et performance\u00a0\u00bb, toutes les ressources p\u00e9dagogiques sont accessibles ci-dessous si vous souhaitez vous en inspirer pour mener le jeu.<\/p>\n\n\n\n<p class=\"has-medium-font-size\" style=\"font-style:italic;font-weight:500\">Ce jeu s\u00e9rieux est organis\u00e9 en trois phases :<\/p>\n\n\n\n<ul style=\"font-style:italic;font-weight:500\" class=\"wp-block-list has-medium-font-size\">\n<li>La premi\u00e8re phase permet aux \u00e9l\u00e8ves de s&rsquo;affronter au sein de la classe, par \u00e9quipes. Une ou deux \u00e9quipes gagnantes sont ainsi d\u00e9sign\u00e9es par \u00e9tablissement.<\/li>\n\n\n\n<li>La deuxi\u00e8me phase permet de cr\u00e9er des univers pour l&rsquo;affrontement des meilleures \u00e9quipes de chaque \u00e9tablissement.<\/li>\n\n\n\n<li>La finale voit s&rsquo;affronter les 10 meilleures \u00e9quipes d\u00e9clar\u00e9es \u00e0 la phase 2.<\/li>\n<\/ul>\n\n\n\n<p class=\"has-medium-font-size\" style=\"font-style:italic;font-weight:500\">V\u00e9ritable outil p\u00e9dagogique, ce tournoi est destin\u00e9 \u00e0 tous les professeurs d\u00e9sireux d&rsquo;adopter une posture p\u00e9dagogique diff\u00e9rente et impliquante pour les jeunes.<\/p>\n\n\n\n<p class=\"has-medium-font-size\" style=\"font-style:italic;font-weight:500\">Des&nbsp;<a href=\"https:\/\/padlet.com\/NathalieBocquet\/tournoi-de-gestion-2022-2023-xqc1337jkc9jpmv2\">outils d&rsquo;accompagnement<\/a>&nbsp;sont mis en place pour aider les professeurs et leur fournir des supports p\u00e9dagogiques qu&rsquo;ils sont libres d&rsquo;utiliser et d&rsquo;adapter selon leurs souhaits.<\/p>\n\n\n\n<p class=\"has-medium-font-size\" style=\"font-style:italic;font-weight:500\">Des webinaires seront rapidement programm\u00e9s sur diff\u00e9rents cr\u00e9neaux afin de r\u00e9pondre \u00e0 vos questions surtout si vous n&rsquo;avez jamais eu recours \u00e0 ce type de p\u00e9dagogie. Vous serez inform\u00e9s sur votre boite aux lettres acad\u00e9mique prochainement. Pour les habitu\u00e9s, le lien vers le formulaire d&rsquo;inscription figurera dans la communication qui sera \u00e9galement \u00e0 destination des chefs d&rsquo;\u00e9tablissement.<\/p>\n\n\n<div class=\"wp-block-image\">\n<figure class=\"aligncenter size-large\"><a href=\"https:\/\/padlet.com\/NathalieBocquet\/tournoi-de-gestion-2024-2025-xqc1337jkc9jpmv2\"><img loading=\"lazy\" decoding=\"async\" width=\"1024\" height=\"486\" src=\"https:\/\/pedagogie.ac-lille.fr\/ecogestion\/wp-content\/uploads\/sites\/53\/2025\/06\/padlet-tournoi-2025-1024x486.png\" alt=\"\" class=\"wp-image-3680\" srcset=\"https:\/\/pedagogie.ac-lille.fr\/ecogestion\/wp-content\/uploads\/sites\/53\/2025\/06\/padlet-tournoi-2025-1024x486.png 1024w, https:\/\/pedagogie.ac-lille.fr\/ecogestion\/wp-content\/uploads\/sites\/53\/2025\/06\/padlet-tournoi-2025-300x142.png 300w, https:\/\/pedagogie.ac-lille.fr\/ecogestion\/wp-content\/uploads\/sites\/53\/2025\/06\/padlet-tournoi-2025-768x364.png 768w, https:\/\/pedagogie.ac-lille.fr\/ecogestion\/wp-content\/uploads\/sites\/53\/2025\/06\/padlet-tournoi-2025-1536x729.png 1536w, https:\/\/pedagogie.ac-lille.fr\/ecogestion\/wp-content\/uploads\/sites\/53\/2025\/06\/padlet-tournoi-2025.png 1792w\" sizes=\"auto, (max-width: 1024px) 100vw, 1024px\" \/><\/a><\/figure>\n<\/div>\n\n\n<h2 class=\"wp-block-heading has-text-align-center has-text-color has-link-color has-large-font-size wp-elements-f6cbc7f1cb31b1dd0690343ddc0461f7\" id=\"1-retour-sur-le-tournoi-2022-2023\" style=\"color:#096397\">Retour sur le Tournoi 2024 &#8211; 2025<\/h2>\n\n\n\n<div class=\"wp-block-query is-layout-flow wp-block-query-is-layout-flow\"><ul style=\"background-color:#d5e2ec;\" class=\"columns-3 alignwide wp-block-post-template has-background is-layout-grid wp-container-core-post-template-is-layout-6d3fbd8f wp-block-post-template-is-layout-grid\"><li class=\"wp-block-post post-3655 post type-post status-publish format-standard has-post-thumbnail category-1stmg-sdgn category-actualites_academiques category-non-classe category-tournoi-academique czr-hentry\">\n<h2 style=\"color:#096397;\" class=\"has-text-align-center has-link-color wp-elements-74f42cfef194f3d69bc724628ba79638 wp-block-post-title has-text-color\"><a href=\"https:\/\/pedagogie.ac-lille.fr\/ecogestion\/finale-regionale-du-tournoi-de-gestion-2024-2025\/\" target=\"_self\" >Finale r\u00e9gionale du Tournoi de Gestion 2024-2025<\/a><\/h2>\n\n<figure class=\"wp-block-post-featured-image\"><a href=\"https:\/\/pedagogie.ac-lille.fr\/ecogestion\/finale-regionale-du-tournoi-de-gestion-2024-2025\/\" target=\"_self\"  ><img loading=\"lazy\" decoding=\"async\" width=\"2560\" height=\"1707\" src=\"https:\/\/pedagogie.ac-lille.fr\/ecogestion\/wp-content\/uploads\/sites\/53\/2025\/06\/TournoideGestionPreBacArras20250604-249-1-scaled.jpg\" class=\"attachment-post-thumbnail size-post-thumbnail no-lazy wp-post-image\" alt=\"Finale r\u00e9gionale du Tournoi de Gestion 2024-2025\" style=\"object-fit:cover;\" srcset=\"https:\/\/pedagogie.ac-lille.fr\/ecogestion\/wp-content\/uploads\/sites\/53\/2025\/06\/TournoideGestionPreBacArras20250604-249-1-scaled.jpg 2560w, https:\/\/pedagogie.ac-lille.fr\/ecogestion\/wp-content\/uploads\/sites\/53\/2025\/06\/TournoideGestionPreBacArras20250604-249-1-300x200.jpg 300w, https:\/\/pedagogie.ac-lille.fr\/ecogestion\/wp-content\/uploads\/sites\/53\/2025\/06\/TournoideGestionPreBacArras20250604-249-1-1024x683.jpg 1024w, https:\/\/pedagogie.ac-lille.fr\/ecogestion\/wp-content\/uploads\/sites\/53\/2025\/06\/TournoideGestionPreBacArras20250604-249-1-768x512.jpg 768w, https:\/\/pedagogie.ac-lille.fr\/ecogestion\/wp-content\/uploads\/sites\/53\/2025\/06\/TournoideGestionPreBacArras20250604-249-1-1536x1024.jpg 1536w, https:\/\/pedagogie.ac-lille.fr\/ecogestion\/wp-content\/uploads\/sites\/53\/2025\/06\/TournoideGestionPreBacArras20250604-249-1-2048x1365.jpg 2048w\" sizes=\"auto, (max-width: 2560px) 100vw, 2560px\" \/><\/a><\/figure>\n\n<div style=\"text-decoration:underline;\" class=\"wp-block-post-date\"><time datetime=\"2025-06-11T10:34:14+02:00\"><a href=\"https:\/\/pedagogie.ac-lille.fr\/ecogestion\/finale-regionale-du-tournoi-de-gestion-2024-2025\/\">11 juin 2025<\/a><\/time><\/div>\n\n<div class=\"has-text-align-left wp-block-post-excerpt\"><p class=\"wp-block-post-excerpt__excerpt\">Les 10 \u00e9quipes finalistes se sont affront\u00e9es le 4 juin 2025 au Lyc\u00e9e Guy Mollet \u00e0 ARRAS La deuxi\u00e8me \u00e9dition de la finale du tournoi pr\u00e9-bac de gestion Hauts-de-France a rassembl\u00e9 les 10 \u00e9quipes finalistes au lyc\u00e9e Guy Mollet d&rsquo;ARRAS. Cette manifestation, issue du partenariat entre la R\u00e9gion Acad\u00e9mique Hauts-de-France, l&rsquo;Ordre des Experts-Comptables et la\u2026 <\/p><\/div>\n<\/li><li class=\"wp-block-post post-2989 post type-post status-publish format-standard has-post-thumbnail category-1stmg-sdgn category-actualites_academiques category-tournoi-academique tag-tournoi-de-gestion czr-hentry\">\n<h2 style=\"color:#096397;\" class=\"has-text-align-center has-link-color wp-elements-74f42cfef194f3d69bc724628ba79638 wp-block-post-title has-text-color\"><a href=\"https:\/\/pedagogie.ac-lille.fr\/ecogestion\/tournoi-de-gestion-2024-2025-cest-reparti\/\" target=\"_self\" >Tournoi de Gestion 2024 &#8211; 2025, c&rsquo;est reparti !<\/a><\/h2>\n\n<figure class=\"wp-block-post-featured-image\"><a href=\"https:\/\/pedagogie.ac-lille.fr\/ecogestion\/tournoi-de-gestion-2024-2025-cest-reparti\/\" target=\"_self\"  ><img loading=\"lazy\" decoding=\"async\" width=\"1581\" height=\"888\" src=\"https:\/\/pedagogie.ac-lille.fr\/ecogestion\/wp-content\/uploads\/sites\/53\/2023\/04\/Capture-decran-2023-04-18-181437.png\" class=\"attachment-post-thumbnail size-post-thumbnail no-lazy wp-post-image\" alt=\"Tournoi de Gestion 2024 &#8211; 2025, c&rsquo;est reparti !\" style=\"object-fit:cover;\" srcset=\"https:\/\/pedagogie.ac-lille.fr\/ecogestion\/wp-content\/uploads\/sites\/53\/2023\/04\/Capture-decran-2023-04-18-181437.png 1581w, https:\/\/pedagogie.ac-lille.fr\/ecogestion\/wp-content\/uploads\/sites\/53\/2023\/04\/Capture-decran-2023-04-18-181437-300x169.png 300w, https:\/\/pedagogie.ac-lille.fr\/ecogestion\/wp-content\/uploads\/sites\/53\/2023\/04\/Capture-decran-2023-04-18-181437-1024x575.png 1024w, https:\/\/pedagogie.ac-lille.fr\/ecogestion\/wp-content\/uploads\/sites\/53\/2023\/04\/Capture-decran-2023-04-18-181437-768x431.png 768w, https:\/\/pedagogie.ac-lille.fr\/ecogestion\/wp-content\/uploads\/sites\/53\/2023\/04\/Capture-decran-2023-04-18-181437-1536x863.png 1536w, https:\/\/pedagogie.ac-lille.fr\/ecogestion\/wp-content\/uploads\/sites\/53\/2023\/04\/Capture-decran-2023-04-18-181437-1110x624.png 1110w, https:\/\/pedagogie.ac-lille.fr\/ecogestion\/wp-content\/uploads\/sites\/53\/2023\/04\/Capture-decran-2023-04-18-181437-528x297.png 528w\" sizes=\"auto, (max-width: 1581px) 100vw, 1581px\" \/><\/a><\/figure>\n\n<div style=\"text-decoration:underline;\" class=\"wp-block-post-date\"><time datetime=\"2024-09-20T17:07:06+02:00\"><a href=\"https:\/\/pedagogie.ac-lille.fr\/ecogestion\/tournoi-de-gestion-2024-2025-cest-reparti\/\">20 septembre 2024<\/a><\/time><\/div>\n\n<div class=\"has-text-align-left wp-block-post-excerpt\"><p class=\"wp-block-post-excerpt__excerpt\">Nous avons le plaisir de vous annoncer la reprise du Tournoi de Gestion dans les classes de Premi\u00e8re STMG durant cette ann\u00e9e scolaire. Merci \u00e0 l&rsquo;Ordre des Experts Comptables et \u00e0 la Chambre des Commissaires aux Comptes d&rsquo;avoir accept\u00e9 d&rsquo;accompagner une nouvelle fois les \u00e9l\u00e8ves de l&rsquo;Acad\u00e9mie dans cette aventure aventure et notamment d&rsquo;assurer la\u2026 <\/p><\/div>\n<\/li><li class=\"wp-block-post post-1794 post type-post status-publish format-standard has-post-thumbnail category-actualites_academiques category-tournoi-academique czr-hentry\">\n<h2 style=\"color:#096397;\" class=\"has-text-align-center has-link-color wp-elements-74f42cfef194f3d69bc724628ba79638 wp-block-post-title has-text-color\"><a href=\"https:\/\/pedagogie.ac-lille.fr\/ecogestion\/tournoi-national-les-vainqueurs-de-lannee-derniere-remportent-le-premier-prix\/\" target=\"_self\" >Tournoi National : les vainqueurs du tournoi r\u00e9gional de l&rsquo;ann\u00e9e derni\u00e8re remportent le 1er prix !<\/a><\/h2>\n\n<figure class=\"wp-block-post-featured-image\"><a href=\"https:\/\/pedagogie.ac-lille.fr\/ecogestion\/tournoi-national-les-vainqueurs-de-lannee-derniere-remportent-le-premier-prix\/\" target=\"_self\"  ><img loading=\"lazy\" decoding=\"async\" width=\"1984\" height=\"1488\" src=\"https:\/\/pedagogie.ac-lille.fr\/ecogestion\/wp-content\/uploads\/sites\/53\/2023\/12\/STM-Corot-Paris.jpg\" class=\"attachment-post-thumbnail size-post-thumbnail no-lazy wp-post-image\" alt=\"Tournoi National : les vainqueurs du tournoi r\u00e9gional de l&rsquo;ann\u00e9e derni\u00e8re remportent le 1er prix !\" style=\"object-fit:cover;\" srcset=\"https:\/\/pedagogie.ac-lille.fr\/ecogestion\/wp-content\/uploads\/sites\/53\/2023\/12\/STM-Corot-Paris.jpg 1984w, https:\/\/pedagogie.ac-lille.fr\/ecogestion\/wp-content\/uploads\/sites\/53\/2023\/12\/STM-Corot-Paris-300x225.jpg 300w, https:\/\/pedagogie.ac-lille.fr\/ecogestion\/wp-content\/uploads\/sites\/53\/2023\/12\/STM-Corot-Paris-1024x768.jpg 1024w, https:\/\/pedagogie.ac-lille.fr\/ecogestion\/wp-content\/uploads\/sites\/53\/2023\/12\/STM-Corot-Paris-768x576.jpg 768w, https:\/\/pedagogie.ac-lille.fr\/ecogestion\/wp-content\/uploads\/sites\/53\/2023\/12\/STM-Corot-Paris-1536x1152.jpg 1536w\" sizes=\"auto, (max-width: 1984px) 100vw, 1984px\" \/><\/a><\/figure>\n\n<div style=\"text-decoration:underline;\" class=\"wp-block-post-date\"><time datetime=\"2023-12-17T17:52:30+01:00\"><a href=\"https:\/\/pedagogie.ac-lille.fr\/ecogestion\/tournoi-national-les-vainqueurs-de-lannee-derniere-remportent-le-premier-prix\/\">17 d\u00e9cembre 2023<\/a><\/time><\/div>\n\n<div class=\"has-text-align-left wp-block-post-excerpt\"><p class=\"wp-block-post-excerpt__excerpt\">Voil\u00e0 qui leur aura permis en terminale, de mobiliser les notions vues en premi\u00e8re : F\u00e9licitations aux laur\u00e9ats du Lyc\u00e9e Jean Baptiste Corot de Douai et \u00e0 leurs enseignants pour cette belle victoire ! Ils s&rsquo;\u00e9taient distingu\u00e9s \u00e0 la finale du tournoi r\u00e9gional le 7 juin dernier \u00e0 Arras, ils ont brillamment remport\u00e9 la premi\u00e8re\u2026 <\/p><\/div>\n<\/li><li class=\"wp-block-post post-667 post type-post status-publish format-standard has-post-thumbnail category-actualites_academiques category-tournoi-academique tag-sciences-de-gestion tag-stmg tag-tournoi-de-gestion czr-hentry\">\n<h2 style=\"color:#096397;\" class=\"has-text-align-center has-link-color wp-elements-74f42cfef194f3d69bc724628ba79638 wp-block-post-title has-text-color\"><a href=\"https:\/\/pedagogie.ac-lille.fr\/ecogestion\/finale-du-tournoi-de-gestion-des-hauts-de-france\/\" target=\"_self\" >Finale du tournoi de Gestion des Hauts-de-France<\/a><\/h2>\n\n<figure class=\"wp-block-post-featured-image\"><a href=\"https:\/\/pedagogie.ac-lille.fr\/ecogestion\/finale-du-tournoi-de-gestion-des-hauts-de-france\/\" target=\"_self\"  ><img loading=\"lazy\" decoding=\"async\" width=\"1688\" height=\"1125\" src=\"https:\/\/pedagogie.ac-lille.fr\/ecogestion\/wp-content\/uploads\/sites\/53\/2023\/07\/tournoi-de-gestion-lyc-e-jean-baptiste-corot-douai-25088-1.jpg\" class=\"attachment-post-thumbnail size-post-thumbnail no-lazy wp-post-image\" alt=\"Finale du tournoi de Gestion des Hauts-de-France\" style=\"object-fit:cover;\" srcset=\"https:\/\/pedagogie.ac-lille.fr\/ecogestion\/wp-content\/uploads\/sites\/53\/2023\/07\/tournoi-de-gestion-lyc-e-jean-baptiste-corot-douai-25088-1.jpg 1688w, https:\/\/pedagogie.ac-lille.fr\/ecogestion\/wp-content\/uploads\/sites\/53\/2023\/07\/tournoi-de-gestion-lyc-e-jean-baptiste-corot-douai-25088-1-300x200.jpg 300w, https:\/\/pedagogie.ac-lille.fr\/ecogestion\/wp-content\/uploads\/sites\/53\/2023\/07\/tournoi-de-gestion-lyc-e-jean-baptiste-corot-douai-25088-1-1024x682.jpg 1024w, https:\/\/pedagogie.ac-lille.fr\/ecogestion\/wp-content\/uploads\/sites\/53\/2023\/07\/tournoi-de-gestion-lyc-e-jean-baptiste-corot-douai-25088-1-768x512.jpg 768w, https:\/\/pedagogie.ac-lille.fr\/ecogestion\/wp-content\/uploads\/sites\/53\/2023\/07\/tournoi-de-gestion-lyc-e-jean-baptiste-corot-douai-25088-1-1536x1024.jpg 1536w\" sizes=\"auto, (max-width: 1688px) 100vw, 1688px\" \/><\/a><\/figure>\n\n<div style=\"text-decoration:underline;\" class=\"wp-block-post-date\"><time datetime=\"2023-07-17T09:50:54+02:00\"><a href=\"https:\/\/pedagogie.ac-lille.fr\/ecogestion\/finale-du-tournoi-de-gestion-des-hauts-de-france\/\">17 juillet 2023<\/a><\/time><\/div>\n\n<div class=\"has-text-align-left wp-block-post-excerpt\"><p class=\"wp-block-post-excerpt__excerpt\">Retour sur la finale du tournoi de gestion de la r\u00e9gion Hauts-de-France, qui a vu s&rsquo;affronter les dix \u00e9quipes finalistes de 1\u00e8re STMG de la r\u00e9gion. <\/p><\/div>\n<\/li><li class=\"wp-block-post post-403 post type-post status-publish format-standard has-post-thumbnail category-1stmg-sdgn category-productions_peda category-tournoi-academique tag-sdgn tag-stmg tag-tournoi-de-gestion czr-hentry\">\n<h2 style=\"color:#096397;\" class=\"has-text-align-center has-link-color wp-elements-74f42cfef194f3d69bc724628ba79638 wp-block-post-title has-text-color\"><a href=\"https:\/\/pedagogie.ac-lille.fr\/ecogestion\/padlet-des-ressources-du-tournoi-de-gestion\/\" target=\"_self\" >Pour les enseignants souhaitant traiter le th\u00e8me sur la performance en SDGN : les ressources pour animer le Tournoi de Gestion dans votre classe de premi\u00e8re !<\/a><\/h2>\n\n<figure class=\"wp-block-post-featured-image\"><a href=\"https:\/\/pedagogie.ac-lille.fr\/ecogestion\/padlet-des-ressources-du-tournoi-de-gestion\/\" target=\"_self\"  ><img loading=\"lazy\" decoding=\"async\" width=\"1581\" height=\"888\" src=\"https:\/\/pedagogie.ac-lille.fr\/ecogestion\/wp-content\/uploads\/sites\/53\/2023\/04\/Capture-decran-2023-04-18-181437.png\" class=\"attachment-post-thumbnail size-post-thumbnail no-lazy wp-post-image\" alt=\"Pour les enseignants souhaitant traiter le th\u00e8me sur la performance en SDGN : les ressources pour animer le Tournoi de Gestion dans votre classe de premi\u00e8re !\" style=\"object-fit:cover;\" srcset=\"https:\/\/pedagogie.ac-lille.fr\/ecogestion\/wp-content\/uploads\/sites\/53\/2023\/04\/Capture-decran-2023-04-18-181437.png 1581w, https:\/\/pedagogie.ac-lille.fr\/ecogestion\/wp-content\/uploads\/sites\/53\/2023\/04\/Capture-decran-2023-04-18-181437-300x169.png 300w, https:\/\/pedagogie.ac-lille.fr\/ecogestion\/wp-content\/uploads\/sites\/53\/2023\/04\/Capture-decran-2023-04-18-181437-1024x575.png 1024w, https:\/\/pedagogie.ac-lille.fr\/ecogestion\/wp-content\/uploads\/sites\/53\/2023\/04\/Capture-decran-2023-04-18-181437-768x431.png 768w, https:\/\/pedagogie.ac-lille.fr\/ecogestion\/wp-content\/uploads\/sites\/53\/2023\/04\/Capture-decran-2023-04-18-181437-1536x863.png 1536w, https:\/\/pedagogie.ac-lille.fr\/ecogestion\/wp-content\/uploads\/sites\/53\/2023\/04\/Capture-decran-2023-04-18-181437-1110x624.png 1110w, https:\/\/pedagogie.ac-lille.fr\/ecogestion\/wp-content\/uploads\/sites\/53\/2023\/04\/Capture-decran-2023-04-18-181437-528x297.png 528w\" sizes=\"auto, (max-width: 1581px) 100vw, 1581px\" \/><\/a><\/figure>\n\n<div style=\"text-decoration:underline;\" class=\"wp-block-post-date\"><time datetime=\"2023-04-18T19:01:06+02:00\"><a href=\"https:\/\/pedagogie.ac-lille.fr\/ecogestion\/padlet-des-ressources-du-tournoi-de-gestion\/\">18 avril 2023<\/a><\/time><\/div>\n\n<div class=\"has-text-align-left wp-block-post-excerpt\"><p class=\"wp-block-post-excerpt__excerpt\">Pour les enseignants qui souhaiteraient traiter le th\u00e8me 3 en sciences de gestion et num\u00e9rique et qui veulent des renseignements, merci d&rsquo;envoyer un message \u00e0 paul.hellwig@ac-lille-fr Pour consulter les ressources disponibles cr\u00e9\u00e9es pour vous aider \u00e0 animer vos s\u00e9quences de cours de SDGN en prenant appui sur le tournoi Bilboket, suivez ce lien <\/p><\/div>\n<\/li><li class=\"wp-block-post post-393 post type-post status-publish format-standard has-post-thumbnail category-tournoi-academique tag-sdgn tag-stmg tag-tournoi-de-gestion czr-hentry\">\n<h2 style=\"color:#096397;\" class=\"has-text-align-center has-link-color wp-elements-74f42cfef194f3d69bc724628ba79638 wp-block-post-title has-text-color\"><a href=\"https:\/\/pedagogie.ac-lille.fr\/ecogestion\/tournoi-de-gestion-phase-ii\/\" target=\"_self\" >Tournoi de Gestion &#8211; Phase II<\/a><\/h2>\n\n<figure class=\"wp-block-post-featured-image\"><a href=\"https:\/\/pedagogie.ac-lille.fr\/ecogestion\/tournoi-de-gestion-phase-ii\/\" target=\"_self\"  ><img loading=\"lazy\" decoding=\"async\" width=\"207\" height=\"243\" src=\"https:\/\/pedagogie.ac-lille.fr\/ecogestion\/wp-content\/uploads\/sites\/53\/2023\/04\/logo-academie.png\" class=\"attachment-post-thumbnail size-post-thumbnail no-lazy wp-post-image\" alt=\"Tournoi de Gestion &#8211; Phase II\" style=\"object-fit:cover;\" \/><\/a><\/figure>\n\n<div style=\"text-decoration:underline;\" class=\"wp-block-post-date\"><time datetime=\"2023-04-18T17:42:16+02:00\"><a href=\"https:\/\/pedagogie.ac-lille.fr\/ecogestion\/tournoi-de-gestion-phase-ii\/\">18 avril 2023<\/a><\/time><\/div>\n\n<div class=\"has-text-align-left wp-block-post-excerpt\"><p class=\"wp-block-post-excerpt__excerpt\">La deuxi\u00e8me phase du tournoi est lanc\u00e9e ! <\/p><\/div>\n<\/li><li class=\"wp-block-post post-320 post type-post status-publish format-standard category-tournoi-academique czr-hentry\">\n<h2 style=\"color:#096397;\" class=\"has-text-align-center has-link-color wp-elements-74f42cfef194f3d69bc724628ba79638 wp-block-post-title has-text-color\"><a href=\"https:\/\/pedagogie.ac-lille.fr\/ecogestion\/tournoi-de-la-region-academique-des-hauts-de-france-2022-2023\/\" target=\"_self\" >TOURNOI DE LA R\u00c9GION ACAD\u00c9MIQUE DES HAUTS-DE-FRANCE 2022-2023<\/a><\/h2>\n\n\n\n<div style=\"text-decoration:underline;\" class=\"wp-block-post-date\"><time datetime=\"2022-11-16T16:14:13+01:00\"><a href=\"https:\/\/pedagogie.ac-lille.fr\/ecogestion\/tournoi-de-la-region-academique-des-hauts-de-france-2022-2023\/\">16 novembre 2022<\/a><\/time><\/div>\n\n<div class=\"has-text-align-left wp-block-post-excerpt\"><p class=\"wp-block-post-excerpt__excerpt\">resume de l&rsquo;article <\/p><\/div>\n<\/li><\/ul>\n\n\n\n<\/div>\n","protected":false},"excerpt":{"rendered":"<p>Pr\u00e9sentation Le tournoi de Gestion de la R\u00e9gion Acad\u00e9mique des Hauts de France, est un tournoi intra- puis inter-\u00e9tablissements, organis\u00e9 par les IA-IPR de l&rsquo;Acad\u00e9mie de Lille et d&rsquo;Amiens. Il est destin\u00e9 aux \u00e9l\u00e8ves de la fili\u00e8re STMG et plus pr\u00e9cis\u00e9ment aux classes de Premi\u00e8re STMG dans le cadre de l&rsquo;enseignement des Sciences De Gestion [&hellip;]<\/p>\n","protected":false},"author":120,"featured_media":0,"parent":0,"menu_order":0,"comment_status":"closed","ping_status":"closed","template":"","meta":{"_acf_changed":false,"ngg_post_thumbnail":0,"footnotes":""},"class_list":["post-774","page","type-page","status-publish","czr-hentry"],"featured_image_src":null,"acf":[],"publishpress_future_action":{"enabled":false,"date":"2026-04-14 09:17:37","action":"change-status","newStatus":"draft","terms":[],"taxonomy":"","extraData":[]},"publishpress_future_workflow_manual_trigger":{"enabledWorkflows":[]},"_links":{"self":[{"href":"https:\/\/pedagogie.ac-lille.fr\/ecogestion\/wp-json\/wp\/v2\/pages\/774","targetHints":{"allow":["GET"]}}],"collection":[{"href":"https:\/\/pedagogie.ac-lille.fr\/ecogestion\/wp-json\/wp\/v2\/pages"}],"about":[{"href":"https:\/\/pedagogie.ac-lille.fr\/ecogestion\/wp-json\/wp\/v2\/types\/page"}],"author":[{"embeddable":true,"href":"https:\/\/pedagogie.ac-lille.fr\/ecogestion\/wp-json\/wp\/v2\/users\/120"}],"replies":[{"embeddable":true,"href":"https:\/\/pedagogie.ac-lille.fr\/ecogestion\/wp-json\/wp\/v2\/comments?post=774"}],"version-history":[{"count":17,"href":"https:\/\/pedagogie.ac-lille.fr\/ecogestion\/wp-json\/wp\/v2\/pages\/774\/revisions"}],"predecessor-version":[{"id":3682,"href":"https:\/\/pedagogie.ac-lille.fr\/ecogestion\/wp-json\/wp\/v2\/pages\/774\/revisions\/3682"}],"wp:attachment":[{"href":"https:\/\/pedagogie.ac-lille.fr\/ecogestion\/wp-json\/wp\/v2\/media?parent=774"}],"curies":[{"name":"wp","href":"https:\/\/api.w.org\/{rel}","templated":true}]}}