{"id":427,"date":"2023-01-31T14:29:25","date_gmt":"2023-01-31T13:29:25","guid":{"rendered":"https:\/\/pedagogie.ac-lille.fr\/ecogestionlp\/?page_id=427"},"modified":"2023-09-25T17:59:42","modified_gmt":"2023-09-25T15:59:42","slug":"metiers-de-lalimentation","status":"publish","type":"page","link":"https:\/\/pedagogie.ac-lille.fr\/ecogestionlp\/metiers-de-lalimentation\/","title":{"rendered":"M\u00e9tiers de l&rsquo;alimentation"},"content":{"rendered":"\n<p class=\"has-medium-font-size\">\u00ab\u00a0Boucher, charcutier, boulanger, p\u00e2tissier, poissonnier, \u00e9cailler, traiteur sont des m\u00e9tiers de passion qui allient savoir-faire traditionnel et techniques modernes aux services d\u2019une client\u00e8le&nbsp;exigeante et curieuse de nouvelles saveurs et innovations. La culture \u00ab du bien manger \u00bb est \u00e0 la fois un art de vivre \u00e0 la fran\u00e7aise et une \u00ab institution \u00bb reconnue dans le monde. Sens du contact, de l\u2019organisation, ma\u00eetrise et connaissance des produits, dext\u00e9rit\u00e9 dans le geste technique sont des exigences communes aux m\u00e9tiers de l\u2019alimentation\u00a0\u00bb (extrait du document <a rel=\"noreferrer noopener\" href=\"https:\/\/eduscol.education.fr\/document\/1905\/download\" target=\"_blank\">Famille des m\u00e9tiers de&nbsp;l\u2019alimentation<\/a>). Vous pouvez en apprendre plus sur cette famille de m\u00e9tiers en allant sur le <a rel=\"noreferrer noopener\" href=\"https:\/\/www.metiers-alimentation.ac-versailles.fr\/spip.php?article687\" target=\"_blank\">site national de ressources des m\u00e9tiers de l&rsquo;alimentation<\/a>. <\/p>\n\n\n\n<p class=\"has-medium-font-size\">Plusieurs dipl\u00f4mes permettent de pr\u00e9parer aux m\u00e9tiers de l&rsquo;alimentation : <\/p>\n\n\n\n<ul class=\"wp-block-list\">\n<li>8 CAP (Boucher, Boulanger, Charcutier Traiteur, Chocolatier Confiseur, Glacier Fabricant, Mareyage, P\u00e2tissier, Poissonnier),<\/li>\n\n\n\n<li>3 Bac pro (Boulanger P\u00e2tissier, Boucher Charcutier Traiteur, Poissonnier \u00c9cailler Traiteur),<\/li>\n\n\n\n<li>6 Mentions Compl\u00e9mentaires (P\u00e2tisserie, Glacerie, Chocolaterie, Confiserie Sp\u00e9cialis\u00e9es \/ Organisateur de R\u00e9ceptions \/ Boulangerie sp\u00e9cialis\u00e9e \/ P\u00e2tisserie Boulang\u00e8re \/ P\u00e2tisserie Glacerie Chocolaterie \/ Vendeur sp\u00e9cialis\u00e9 en alimentation).<\/li>\n<\/ul>\n\n\n\n<p class=\"has-medium-font-size\">Cet espace est pilot\u00e9 par Guillaume Lefebvre (IEN-ET Economie-Gestion).<\/p>\n\n\n\n<h2 class=\"wp-block-heading\">Ressources <\/h2>\n\n\n\n<p class=\"has-medium-font-size\">Vous retrouverez les textes officiels principaux et des ressources acad\u00e9miques (mutualisations, concours et valorisations) ci-dessous. Bonne lecture !<\/p>\n\n\n\n<figure class=\"wp-block-gallery aligncenter has-nested-images columns-default is-cropped wp-block-gallery-1 is-layout-flex wp-block-gallery-is-layout-flex\">\n<figure class=\"wp-block-image size-large is-style-default\"><a href=\"https:\/\/www.pearltrees.com\/t\/eco-gestion\/documents-officiels\/id30822463\" target=\"_blank\" rel=\"noreferrer noopener\"><img loading=\"lazy\" decoding=\"async\" width=\"200\" height=\"200\" data-id=\"428\" src=\"https:\/\/pedagogie.ac-lille.fr\/ecogestionlp\/wp-content\/uploads\/sites\/56\/2023\/01\/3849675d-3c38-4aa1-b451-95761382a523.png\" alt=\"\" class=\"wp-image-428\" srcset=\"https:\/\/pedagogie.ac-lille.fr\/ecogestionlp\/wp-content\/uploads\/sites\/56\/2023\/01\/3849675d-3c38-4aa1-b451-95761382a523.png 200w, https:\/\/pedagogie.ac-lille.fr\/ecogestionlp\/wp-content\/uploads\/sites\/56\/2023\/01\/3849675d-3c38-4aa1-b451-95761382a523-150x150.png 150w\" sizes=\"auto, (max-width: 200px) 100vw, 200px\" \/><\/a><\/figure>\n\n\n\n<figure class=\"wp-block-image size-large is-style-default\"><a href=\"https:\/\/www.pearltrees.com\/t\/eco-gestion\/ressources-pedagogiques\/id30822571\" target=\"_blank\" rel=\"noreferrer noopener\"><img loading=\"lazy\" decoding=\"async\" width=\"200\" height=\"200\" data-id=\"429\" src=\"https:\/\/pedagogie.ac-lille.fr\/ecogestionlp\/wp-content\/uploads\/sites\/56\/2023\/01\/9bb2ea14-87a7-4d11-8253-6120ebd182af.png\" alt=\"\" class=\"wp-image-429\" srcset=\"https:\/\/pedagogie.ac-lille.fr\/ecogestionlp\/wp-content\/uploads\/sites\/56\/2023\/01\/9bb2ea14-87a7-4d11-8253-6120ebd182af.png 200w, https:\/\/pedagogie.ac-lille.fr\/ecogestionlp\/wp-content\/uploads\/sites\/56\/2023\/01\/9bb2ea14-87a7-4d11-8253-6120ebd182af-150x150.png 150w\" sizes=\"auto, (max-width: 200px) 100vw, 200px\" \/><\/a><\/figure>\n\n\n\n<figure class=\"wp-block-image size-large\"><a href=\"https:\/\/www.pearltrees.com\/t\/eco-gestion\/concours-et-valorisations\/id49077615\" target=\"_blank\" rel=\"noreferrer noopener\"><img loading=\"lazy\" decoding=\"async\" width=\"200\" height=\"200\" data-id=\"530\" src=\"https:\/\/pedagogie.ac-lille.fr\/ecogestionlp\/wp-content\/uploads\/sites\/56\/2023\/02\/afcf9bb6-b4da-4197-924b-b0872706b8d2.png\" alt=\"\" class=\"wp-image-530\" srcset=\"https:\/\/pedagogie.ac-lille.fr\/ecogestionlp\/wp-content\/uploads\/sites\/56\/2023\/02\/afcf9bb6-b4da-4197-924b-b0872706b8d2.png 200w, https:\/\/pedagogie.ac-lille.fr\/ecogestionlp\/wp-content\/uploads\/sites\/56\/2023\/02\/afcf9bb6-b4da-4197-924b-b0872706b8d2-150x150.png 150w\" sizes=\"auto, (max-width: 200px) 100vw, 200px\" \/><\/a><\/figure>\n<\/figure>\n\n\n\n<h2 class=\"wp-block-heading\">Actualit\u00e9s et partages <\/h2>\n\n\n\n<p>Vous aussi, n&rsquo;h\u00e9sitez pas \u00e0 envoyer vos actualit\u00e9s et vos projets pour faire vivre le site acad\u00e9mique !<\/p>\n\n\n<ul class=\"wp-block-latest-posts__list has-dates aligncenter wp-block-latest-posts has-medium-font-size\"><li><div class=\"wp-block-latest-posts__featured-image alignleft\"><img loading=\"lazy\" decoding=\"async\" width=\"300\" height=\"191\" src=\"https:\/\/pedagogie.ac-lille.fr\/ecogestionlp\/wp-content\/uploads\/sites\/56\/2024\/10\/Capture-decran-2024-10-16-a-18.35.06-300x191.png\" class=\"attachment-medium size-medium no-lazy wp-post-image\" alt=\"\" style=\"\" srcset=\"https:\/\/pedagogie.ac-lille.fr\/ecogestionlp\/wp-content\/uploads\/sites\/56\/2024\/10\/Capture-decran-2024-10-16-a-18.35.06-300x191.png 300w, https:\/\/pedagogie.ac-lille.fr\/ecogestionlp\/wp-content\/uploads\/sites\/56\/2024\/10\/Capture-decran-2024-10-16-a-18.35.06-768x488.png 768w, https:\/\/pedagogie.ac-lille.fr\/ecogestionlp\/wp-content\/uploads\/sites\/56\/2024\/10\/Capture-decran-2024-10-16-a-18.35.06.png 800w\" sizes=\"auto, (max-width: 300px) 100vw, 300px\" \/><\/div><a class=\"wp-block-latest-posts__post-title\" href=\"https:\/\/pedagogie.ac-lille.fr\/ecogestionlp\/trophee-de-lexcellence-professionnelle\/\">Troph\u00e9e de l\u2019Excellence Professionnelle \u00ab\u00a0Boulangerie-P\u00e2tisserie\u00a0\u00bb<\/a><time datetime=\"2024-10-16T18:41:25+02:00\" class=\"wp-block-latest-posts__post-date\">16 octobre 2024<\/time><div class=\"wp-block-latest-posts__post-excerpt\">Le\u00a0Troph\u00e9e de l\u2019excellence professionnelle \u00ab\u00a0Boulangerie-P\u00e2tisserie\u00a0\u00bb\u00a0est un concours acad\u00e9mique qui vise \u00e0 valoriser les m\u00e9tiers de la boulangerie et de la p\u00e2tisserie. Il met en avant l&rsquo;excellence des \u00e9l\u00e8ves et apprentis \u00e0 travers des \u00e9preuves techniques et cr\u00e9atives. Le concours est ouvert aux \u00e9l\u00e8ves de terminale Bac pro et se d\u00e9roule sur deux jours. Les participants travaillent en bin\u00f4me (boulanger-p\u00e2tissier) et sont accompagn\u00e9s d&rsquo;un commis (\u00e9l\u00e8ve de premi\u00e8re). Ils r\u00e9alisent des cr\u00e9ations en lien avec le th\u00e8me \u00ab\u00a0Contes et l\u00e9gendes d\u2019Europe\u00a0\u00bb. Chaque \u00e9tablissement peut proposer une \u00e9quipe ! Bonne chance \u00e0 tous et merci au lyc\u00e9e H\u00f4telier de Trith-Saint-L\u00e9ger pour l&rsquo;organisation\u2026 <a class=\"wp-block-latest-posts__read-more\" href=\"https:\/\/pedagogie.ac-lille.fr\/ecogestionlp\/trophee-de-lexcellence-professionnelle\/\" rel=\"noopener noreferrer\">Lire la suite<span class=\"screen-reader-text\">\u00a0: Troph\u00e9e de l\u2019Excellence Professionnelle \u00ab\u00a0Boulangerie-P\u00e2tisserie\u00a0\u00bb<\/span><\/a><\/div><\/li>\n<li><div class=\"wp-block-latest-posts__featured-image alignleft\"><img loading=\"lazy\" decoding=\"async\" width=\"300\" height=\"200\" src=\"https:\/\/pedagogie.ac-lille.fr\/ecogestionlp\/wp-content\/uploads\/sites\/56\/2023\/09\/back-to-school-2628013_1280-1-300x200.jpg\" class=\"attachment-medium size-medium no-lazy wp-post-image\" alt=\"\" style=\"\" srcset=\"https:\/\/pedagogie.ac-lille.fr\/ecogestionlp\/wp-content\/uploads\/sites\/56\/2023\/09\/back-to-school-2628013_1280-1-300x200.jpg 300w, https:\/\/pedagogie.ac-lille.fr\/ecogestionlp\/wp-content\/uploads\/sites\/56\/2023\/09\/back-to-school-2628013_1280-1-1024x682.jpg 1024w, https:\/\/pedagogie.ac-lille.fr\/ecogestionlp\/wp-content\/uploads\/sites\/56\/2023\/09\/back-to-school-2628013_1280-1-768x512.jpg 768w, https:\/\/pedagogie.ac-lille.fr\/ecogestionlp\/wp-content\/uploads\/sites\/56\/2023\/09\/back-to-school-2628013_1280-1.jpg 1280w\" sizes=\"auto, (max-width: 300px) 100vw, 300px\" \/><\/div><a class=\"wp-block-latest-posts__post-title\" href=\"https:\/\/pedagogie.ac-lille.fr\/ecogestionlp\/bulletin-de-rentree-filiere-hotellerie-restauration-et-filiere-alimentation\/\">Bulletin de rentr\u00e9e &#8211; Fili\u00e8re H\u00f4tellerie Restauration et Fili\u00e8re Alimentation<\/a><time datetime=\"2023-09-04T21:59:22+02:00\" class=\"wp-block-latest-posts__post-date\">4 septembre 2023<\/time><div class=\"wp-block-latest-posts__post-excerpt\"><\/div><\/li>\n<li><div class=\"wp-block-latest-posts__featured-image alignleft\"><img loading=\"lazy\" decoding=\"async\" width=\"300\" height=\"219\" src=\"https:\/\/pedagogie.ac-lille.fr\/ecogestionlp\/wp-content\/uploads\/sites\/56\/2023\/02\/Capture-decran-2023-02-15-a-19.04.01-300x219.png\" class=\"attachment-medium size-medium no-lazy wp-post-image\" alt=\"\" style=\"\" srcset=\"https:\/\/pedagogie.ac-lille.fr\/ecogestionlp\/wp-content\/uploads\/sites\/56\/2023\/02\/Capture-decran-2023-02-15-a-19.04.01-300x219.png 300w, https:\/\/pedagogie.ac-lille.fr\/ecogestionlp\/wp-content\/uploads\/sites\/56\/2023\/02\/Capture-decran-2023-02-15-a-19.04.01.png 630w\" sizes=\"auto, (max-width: 300px) 100vw, 300px\" \/><\/div><a class=\"wp-block-latest-posts__post-title\" href=\"https:\/\/pedagogie.ac-lille.fr\/ecogestionlp\/un-escape-game-numerique-pour-decouvrir-les-volailles\/\">Un escape game num\u00e9rique pour d\u00e9couvrir les volailles<\/a><time datetime=\"2023-02-15T19:04:10+01:00\" class=\"wp-block-latest-posts__post-date\">15 f\u00e9vrier 2023<\/time><div class=\"wp-block-latest-posts__post-excerpt\">David Wuilbeaux a r\u00e9alis\u00e9, \u00e0 partir de G\u00e9nial.ly, Prezi et Learning Apps, un escape game num\u00e9rique. Votre mission est de sauver le coq Corico !<\/div><\/li>\n<\/ul>","protected":false},"excerpt":{"rendered":"<p>\u00ab\u00a0Boucher, charcutier, boulanger, p\u00e2tissier, poissonnier, \u00e9cailler, traiteur sont des m\u00e9tiers de passion qui allient savoir-faire traditionnel et techniques modernes aux services d\u2019une client\u00e8le&nbsp;exigeante et curieuse de nouvelles saveurs et innovations. La culture \u00ab du bien manger \u00bb est \u00e0 la fois un art de vivre \u00e0 la fran\u00e7aise et une \u00ab institution \u00bb reconnue dans [&hellip;]<\/p>\n","protected":false},"author":71,"featured_media":0,"parent":0,"menu_order":0,"comment_status":"closed","ping_status":"closed","template":"","meta":{"footnotes":""},"class_list":["post-427","page","type-page","status-publish","czr-hentry"],"publishpress_future_action":{"enabled":false,"date":"2026-04-14 07:12:15","action":"change-status","newStatus":"draft","terms":[],"taxonomy":"","extraData":[]},"publishpress_future_workflow_manual_trigger":{"enabledWorkflows":[]},"_links":{"self":[{"href":"https:\/\/pedagogie.ac-lille.fr\/ecogestionlp\/wp-json\/wp\/v2\/pages\/427","targetHints":{"allow":["GET"]}}],"collection":[{"href":"https:\/\/pedagogie.ac-lille.fr\/ecogestionlp\/wp-json\/wp\/v2\/pages"}],"about":[{"href":"https:\/\/pedagogie.ac-lille.fr\/ecogestionlp\/wp-json\/wp\/v2\/types\/page"}],"author":[{"embeddable":true,"href":"https:\/\/pedagogie.ac-lille.fr\/ecogestionlp\/wp-json\/wp\/v2\/users\/71"}],"replies":[{"embeddable":true,"href":"https:\/\/pedagogie.ac-lille.fr\/ecogestionlp\/wp-json\/wp\/v2\/comments?post=427"}],"version-history":[{"count":17,"href":"https:\/\/pedagogie.ac-lille.fr\/ecogestionlp\/wp-json\/wp\/v2\/pages\/427\/revisions"}],"predecessor-version":[{"id":1150,"href":"https:\/\/pedagogie.ac-lille.fr\/ecogestionlp\/wp-json\/wp\/v2\/pages\/427\/revisions\/1150"}],"wp:attachment":[{"href":"https:\/\/pedagogie.ac-lille.fr\/ecogestionlp\/wp-json\/wp\/v2\/media?parent=427"}],"curies":[{"name":"wp","href":"https:\/\/api.w.org\/{rel}","templated":true}]}}