{"id":455,"date":"2023-01-31T15:27:40","date_gmt":"2023-01-31T14:27:40","guid":{"rendered":"https:\/\/pedagogie.ac-lille.fr\/ecogestionlp\/?page_id=455"},"modified":"2023-03-28T12:33:47","modified_gmt":"2023-03-28T10:33:47","slug":"metiers-de-lhotellerie-restauration","status":"publish","type":"page","link":"https:\/\/pedagogie.ac-lille.fr\/ecogestionlp\/metiers-de-lhotellerie-restauration\/","title":{"rendered":"M\u00e9tiers de l&rsquo;h\u00f4tellerie-restauration"},"content":{"rendered":"\n<p class=\"has-medium-font-size\">\u00ab\u00a0Pour faire face \u00e0 une client\u00e8le de plus en plus exigeante en termes de qualit\u00e9, de choix de produits mais aussi de prix, les professionnels doivent en permanence s\u2019adapter \u00e0 des attentes et des besoins qui \u00e9voluent constamment (&#8230;) Le serveur doit alors conna\u00eetre les techniques, les produits utilis\u00e9s en cuisine, les go\u00fbter et s\u2019approprier les plats qu\u2019il va ensuite proposer \u00e0 la client\u00e8le. En retour, le cuisinier doit pouvoir mesurer les contraintes du service et de la commercialisation au regard des attentes des clients afin d\u2019y r\u00e9pondre au mieux. Dans ce contexte, la classe de seconde famille des m\u00e9tiers H\u00f4tellerie Restauration entend non pas pr\u00e9parer des serveurs ou des cuisiniers mais des serveurs et des cuisiniers.\u00a0\u00bb (extrait du Vademecum La classe de seconde famille des m\u00e9tiers de l\u2019h\u00f4tellerie-restauration).<\/p>\n\n\n\n<h2 class=\"wp-block-heading\">Ressources <\/h2>\n\n\n\n<p class=\"has-medium-font-size\">Vous retrouverez les textes officiels principaux et des ressources acad\u00e9miques (mutualisations, concours et valorisations) ci-dessous. Bonne lecture !<\/p>\n\n\n\n<figure class=\"wp-block-gallery has-nested-images columns-default is-cropped wp-block-gallery-1 is-layout-flex wp-block-gallery-is-layout-flex\">\n<figure class=\"wp-block-image size-large\"><a href=\"https:\/\/www.pearltrees.com\/t\/eco-gestion\/documents-officiels\/id63495704\" target=\"_blank\" rel=\"noreferrer noopener\"><img loading=\"lazy\" decoding=\"async\" width=\"200\" height=\"200\" data-id=\"428\" src=\"https:\/\/pedagogie.ac-lille.fr\/ecogestionlp\/wp-content\/uploads\/sites\/56\/2023\/01\/3849675d-3c38-4aa1-b451-95761382a523.png\" alt=\"\" class=\"wp-image-428\" srcset=\"https:\/\/pedagogie.ac-lille.fr\/ecogestionlp\/wp-content\/uploads\/sites\/56\/2023\/01\/3849675d-3c38-4aa1-b451-95761382a523.png 200w, https:\/\/pedagogie.ac-lille.fr\/ecogestionlp\/wp-content\/uploads\/sites\/56\/2023\/01\/3849675d-3c38-4aa1-b451-95761382a523-150x150.png 150w\" sizes=\"auto, (max-width: 200px) 100vw, 200px\" \/><\/a><\/figure>\n\n\n\n<figure class=\"wp-block-image size-large\"><a href=\"https:\/\/www.pearltrees.com\/t\/eco-gestion\/ressources-et-supports\/id30823570\" target=\"_blank\" rel=\"noreferrer noopener\"><img loading=\"lazy\" decoding=\"async\" width=\"200\" height=\"200\" data-id=\"429\" src=\"https:\/\/pedagogie.ac-lille.fr\/ecogestionlp\/wp-content\/uploads\/sites\/56\/2023\/01\/9bb2ea14-87a7-4d11-8253-6120ebd182af.png\" alt=\"\" class=\"wp-image-429\" srcset=\"https:\/\/pedagogie.ac-lille.fr\/ecogestionlp\/wp-content\/uploads\/sites\/56\/2023\/01\/9bb2ea14-87a7-4d11-8253-6120ebd182af.png 200w, https:\/\/pedagogie.ac-lille.fr\/ecogestionlp\/wp-content\/uploads\/sites\/56\/2023\/01\/9bb2ea14-87a7-4d11-8253-6120ebd182af-150x150.png 150w\" sizes=\"auto, (max-width: 200px) 100vw, 200px\" \/><\/a><\/figure>\n\n\n\n<figure class=\"wp-block-image size-large\"><a href=\"https:\/\/www.pearltrees.com\/t\/eco-gestion\/concours-et-valorisations\/id49069650\" target=\"_blank\" rel=\"noreferrer noopener\"><img loading=\"lazy\" decoding=\"async\" width=\"200\" height=\"200\" data-id=\"530\" src=\"https:\/\/pedagogie.ac-lille.fr\/ecogestionlp\/wp-content\/uploads\/sites\/56\/2023\/02\/afcf9bb6-b4da-4197-924b-b0872706b8d2.png\" alt=\"\" class=\"wp-image-530\" srcset=\"https:\/\/pedagogie.ac-lille.fr\/ecogestionlp\/wp-content\/uploads\/sites\/56\/2023\/02\/afcf9bb6-b4da-4197-924b-b0872706b8d2.png 200w, https:\/\/pedagogie.ac-lille.fr\/ecogestionlp\/wp-content\/uploads\/sites\/56\/2023\/02\/afcf9bb6-b4da-4197-924b-b0872706b8d2-150x150.png 150w\" sizes=\"auto, (max-width: 200px) 100vw, 200px\" \/><\/a><\/figure>\n<\/figure>\n\n\n\n<p>Cet espace est pilot\u00e9 par Jean-Michel F\u00e9lix (IEN-ET Economie-Gestion).<\/p>\n\n\n\n<h2 class=\"wp-block-heading\">Actualit\u00e9s et partages <\/h2>\n\n\n\n<p class=\"has-medium-font-size\">Vous aussi, n\u2019h\u00e9sitez pas \u00e0 envoyer vos actualit\u00e9s et vos projets pour faire vivre le site acad\u00e9mique !<\/p>\n\n\n<ul class=\"wp-block-latest-posts__list has-dates wp-block-latest-posts has-medium-font-size\"><li><div class=\"wp-block-latest-posts__featured-image alignleft\"><img loading=\"lazy\" decoding=\"async\" width=\"150\" height=\"150\" src=\"https:\/\/pedagogie.ac-lille.fr\/ecogestionlp\/wp-content\/uploads\/sites\/56\/2023\/09\/back-to-school-2628013_1280-1-150x150.jpg\" class=\"attachment-thumbnail size-thumbnail no-lazy wp-post-image\" alt=\"\" style=\"\" srcset=\"https:\/\/pedagogie.ac-lille.fr\/ecogestionlp\/wp-content\/uploads\/sites\/56\/2023\/09\/back-to-school-2628013_1280-1-150x150.jpg 150w, https:\/\/pedagogie.ac-lille.fr\/ecogestionlp\/wp-content\/uploads\/sites\/56\/2023\/09\/back-to-school-2628013_1280-1-510x510.jpg 510w\" sizes=\"auto, (max-width: 150px) 100vw, 150px\" \/><\/div><a class=\"wp-block-latest-posts__post-title\" href=\"https:\/\/pedagogie.ac-lille.fr\/ecogestionlp\/bulletin-de-rentree-filiere-hotellerie-restauration-et-filiere-alimentation\/\">Bulletin de rentr\u00e9e &#8211; Fili\u00e8re H\u00f4tellerie Restauration et Fili\u00e8re Alimentation<\/a><time datetime=\"2023-09-04T21:59:22+02:00\" class=\"wp-block-latest-posts__post-date\">4 septembre 2023<\/time><div class=\"wp-block-latest-posts__post-excerpt\"><\/div><\/li>\n<li><a class=\"wp-block-latest-posts__post-title\" href=\"https:\/\/pedagogie.ac-lille.fr\/ecogestionlp\/semaine-du-maroc-au-lhil\/\">Semaine culturelle du Maroc au LHIL du 13 au 17 mars 2023<\/a><time datetime=\"2023-04-07T13:53:53+02:00\" class=\"wp-block-latest-posts__post-date\">7 avril 2023<\/time><div class=\"wp-block-latest-posts__post-excerpt\">Du 13 au 17 mars 2023, le Lyc\u00e9e H\u00f4telier International de Lille a organis\u00e9 une \u00ab\u00a0semaine culturelle du Maroc\u00a0\u00bb. Mme Flissi, Conseill\u00e8re Principale d\u2019Education et Mme Bonura, Professeur-Documentaliste nous parlent de ce projet. Le Lyc\u00e9e H\u00f4telier International de Lille est un lyc\u00e9e polyvalent accueillant les \u00e9l\u00e8ves, \u00e9tudiants, apprentis et adultes en formation qui souhaitent se\u2026 <a class=\"wp-block-latest-posts__read-more\" href=\"https:\/\/pedagogie.ac-lille.fr\/ecogestionlp\/semaine-du-maroc-au-lhil\/\" rel=\"noopener noreferrer\">Lire la suite<span class=\"screen-reader-text\">\u00a0: Semaine culturelle du Maroc au LHIL du 13 au 17 mars 2023<\/span><\/a><\/div><\/li>\n<li><div class=\"wp-block-latest-posts__featured-image alignleft\"><img loading=\"lazy\" decoding=\"async\" width=\"150\" height=\"150\" src=\"https:\/\/pedagogie.ac-lille.fr\/ecogestionlp\/wp-content\/uploads\/sites\/56\/2023\/03\/Capture-de\u0301cran-2023-03-22-a\u0300-16.15.24-150x150.png\" class=\"attachment-thumbnail size-thumbnail no-lazy wp-post-image\" alt=\"\" style=\"\" \/><\/div><a class=\"wp-block-latest-posts__post-title\" href=\"https:\/\/pedagogie.ac-lille.fr\/ecogestionlp\/concours-le-gastronome-du-college\/\">Concours Le Gastronome du Coll\u00e8ge<\/a><time datetime=\"2023-03-22T15:43:03+01:00\" class=\"wp-block-latest-posts__post-date\">22 mars 2023<\/time><div class=\"wp-block-latest-posts__post-excerpt\">Qu&rsquo;est ce que le gastronome du coll\u00e8ge ? Le lyc\u00e9e professionnel Saint Pierre de Calais organise depuis 2012 un concours de gastronomie inter-coll\u00e8ges. Des \u00e9l\u00e8ves de 3e peuvent ainsi passer derri\u00e8re les fourneaux et d\u00e9couvrir les fili\u00e8res de l&rsquo;H\u00f4tellerie-Restauration. L&rsquo;id\u00e9e est de les faire venir dans un lyc\u00e9e h\u00f4telier pour leur pr\u00e9senter nos enseignants, nos\u2026 <a class=\"wp-block-latest-posts__read-more\" href=\"https:\/\/pedagogie.ac-lille.fr\/ecogestionlp\/concours-le-gastronome-du-college\/\" rel=\"noopener noreferrer\">Lire la suite<span class=\"screen-reader-text\">\u00a0: Concours Le Gastronome du Coll\u00e8ge<\/span><\/a><\/div><\/li>\n<li><div class=\"wp-block-latest-posts__featured-image alignleft\"><img loading=\"lazy\" decoding=\"async\" width=\"150\" height=\"150\" src=\"https:\/\/pedagogie.ac-lille.fr\/ecogestionlp\/wp-content\/uploads\/sites\/56\/2023\/03\/1678974881802-150x150.jpeg\" class=\"attachment-thumbnail size-thumbnail no-lazy wp-post-image\" alt=\"\" style=\"\" srcset=\"https:\/\/pedagogie.ac-lille.fr\/ecogestionlp\/wp-content\/uploads\/sites\/56\/2023\/03\/1678974881802-150x150.jpeg 150w, https:\/\/pedagogie.ac-lille.fr\/ecogestionlp\/wp-content\/uploads\/sites\/56\/2023\/03\/1678974881802-300x300.jpeg 300w, https:\/\/pedagogie.ac-lille.fr\/ecogestionlp\/wp-content\/uploads\/sites\/56\/2023\/03\/1678974881802-768x768.jpeg 768w, https:\/\/pedagogie.ac-lille.fr\/ecogestionlp\/wp-content\/uploads\/sites\/56\/2023\/03\/1678974881802-510x510.jpeg 510w, https:\/\/pedagogie.ac-lille.fr\/ecogestionlp\/wp-content\/uploads\/sites\/56\/2023\/03\/1678974881802.jpeg 800w\" sizes=\"auto, (max-width: 150px) 100vw, 150px\" \/><\/div><a class=\"wp-block-latest-posts__post-title\" href=\"https:\/\/pedagogie.ac-lille.fr\/ecogestionlp\/les-savary-talents\/\">Les Savary Talents pour la mise \u00e0 l&rsquo;honneur des talents professionnels<\/a><time datetime=\"2023-03-18T15:20:53+01:00\" class=\"wp-block-latest-posts__post-date\">18 mars 2023<\/time><div class=\"wp-block-latest-posts__post-excerpt\">Camille Deneuville est enseignante en h\u00f4tellerie restauration, en commercialisation et service en restauration au lyc\u00e9e Savary Ferry d\u2019Arras. Catherine Bonnay est Conseill\u00e8re Principale d&rsquo;Education. Elles nous pr\u00e9sentent le projet \u00ab&nbsp;Savary-Ferry Talents&nbsp;\u00bb qui existe depuis plusieurs ann\u00e9es. Qu&rsquo;est ce que le \u00ab&nbsp;Savary-Ferry Talents&nbsp;\u00bb ? Camille Deneuville, enseignante en h\u00f4tellerie restauration : Ce projet a pour but\u2026 <a class=\"wp-block-latest-posts__read-more\" href=\"https:\/\/pedagogie.ac-lille.fr\/ecogestionlp\/les-savary-talents\/\" rel=\"noopener noreferrer\">Lire la suite<span class=\"screen-reader-text\">\u00a0: Les Savary Talents pour la mise \u00e0 l&rsquo;honneur des talents professionnels<\/span><\/a><\/div><\/li>\n<li><div class=\"wp-block-latest-posts__featured-image alignleft\"><img loading=\"lazy\" decoding=\"async\" width=\"150\" height=\"150\" src=\"https:\/\/pedagogie.ac-lille.fr\/ecogestionlp\/wp-content\/uploads\/sites\/56\/2023\/02\/Capture-decran-2023-02-15-a-19.04.01-150x150.png\" class=\"attachment-thumbnail size-thumbnail no-lazy wp-post-image\" alt=\"\" style=\"\" \/><\/div><a class=\"wp-block-latest-posts__post-title\" href=\"https:\/\/pedagogie.ac-lille.fr\/ecogestionlp\/un-escape-game-numerique-pour-decouvrir-les-volailles\/\">Un escape game num\u00e9rique pour d\u00e9couvrir les volailles<\/a><time datetime=\"2023-02-15T19:04:10+01:00\" class=\"wp-block-latest-posts__post-date\">15 f\u00e9vrier 2023<\/time><div class=\"wp-block-latest-posts__post-excerpt\">David Wuilbeaux a r\u00e9alis\u00e9, \u00e0 partir de G\u00e9nial.ly, Prezi et Learning Apps, un escape game num\u00e9rique. Votre mission est de sauver le coq Corico !<\/div><\/li>\n<\/ul>","protected":false},"excerpt":{"rendered":"<p>\u00ab\u00a0Pour faire face \u00e0 une client\u00e8le de plus en plus exigeante en termes de qualit\u00e9, de choix de produits mais aussi de prix, les professionnels doivent en permanence s\u2019adapter \u00e0 des attentes et des besoins qui \u00e9voluent constamment (&#8230;) Le serveur doit alors conna\u00eetre les techniques, les produits utilis\u00e9s en cuisine, les go\u00fbter et s\u2019approprier [&hellip;]<\/p>\n","protected":false},"author":71,"featured_media":0,"parent":0,"menu_order":0,"comment_status":"closed","ping_status":"closed","template":"","meta":{"footnotes":""},"class_list":["post-455","page","type-page","status-publish","czr-hentry"],"publishpress_future_action":{"enabled":false,"date":"2026-04-14 07:12:08","action":"change-status","newStatus":"draft","terms":[],"taxonomy":"","extraData":[]},"publishpress_future_workflow_manual_trigger":{"enabledWorkflows":[]},"_links":{"self":[{"href":"https:\/\/pedagogie.ac-lille.fr\/ecogestionlp\/wp-json\/wp\/v2\/pages\/455","targetHints":{"allow":["GET"]}}],"collection":[{"href":"https:\/\/pedagogie.ac-lille.fr\/ecogestionlp\/wp-json\/wp\/v2\/pages"}],"about":[{"href":"https:\/\/pedagogie.ac-lille.fr\/ecogestionlp\/wp-json\/wp\/v2\/types\/page"}],"author":[{"embeddable":true,"href":"https:\/\/pedagogie.ac-lille.fr\/ecogestionlp\/wp-json\/wp\/v2\/users\/71"}],"replies":[{"embeddable":true,"href":"https:\/\/pedagogie.ac-lille.fr\/ecogestionlp\/wp-json\/wp\/v2\/comments?post=455"}],"version-history":[{"count":13,"href":"https:\/\/pedagogie.ac-lille.fr\/ecogestionlp\/wp-json\/wp\/v2\/pages\/455\/revisions"}],"predecessor-version":[{"id":989,"href":"https:\/\/pedagogie.ac-lille.fr\/ecogestionlp\/wp-json\/wp\/v2\/pages\/455\/revisions\/989"}],"wp:attachment":[{"href":"https:\/\/pedagogie.ac-lille.fr\/ecogestionlp\/wp-json\/wp\/v2\/media?parent=455"}],"curies":[{"name":"wp","href":"https:\/\/api.w.org\/{rel}","templated":true}]}}