{"id":458,"date":"2023-02-12T22:01:08","date_gmt":"2023-02-12T21:01:08","guid":{"rendered":"https:\/\/pedagogie.ac-lille.fr\/ecogestionlp\/?page_id=458"},"modified":"2024-02-12T14:58:59","modified_gmt":"2024-02-12T13:58:59","slug":"metiers-de-la-gestion-administrative-du-transport-et-de-la-logistique","status":"publish","type":"page","link":"https:\/\/pedagogie.ac-lille.fr\/ecogestionlp\/metiers-de-la-gestion-administrative-du-transport-et-de-la-logistique\/","title":{"rendered":"M\u00e9tiers de l&rsquo;Assistance \u00e0 la gestion, Logistique, Organisation de transport"},"content":{"rendered":"\n<p>La famille des m\u00e9tiers de la gestion administrative, du transport et de la logistique (GATL) comporte trois sp\u00e9cialit\u00e9s de baccalaur\u00e9at professionnel :<\/p>\n\n\n\n<ul class=\"wp-block-list\">\n<li>Le <strong>bac pro\u00a0Assistance \u00e0 la gestion des organisations et de leurs activit\u00e9s<\/strong><\/li>\n\n\n\n<li>Le <strong>bac pro&nbsp;Organisation de transport de marchandises<\/strong>, &nbsp;<\/li>\n\n\n\n<li>Le <strong>bac pro\u00a0Logistique<\/strong>.<\/li>\n<\/ul>\n\n\n\n<p>Il existe \u00e9galement le CAP Op\u00e9rateur, op\u00e9ratrice logistique (OOL) qui compl\u00e8te les m\u00e9tiers de la logistique.<\/p>\n\n\n\n<h2 class=\"wp-block-heading\">Ressources <\/h2>\n\n\n\n<p>Retrouvez des ressources concernant chacun des dip<em>l<\/em>\u00f4mes en cliquant sur les boutons ci-dessous : <\/p>\n\n\n\n<div class=\"wp-block-buttons is-layout-flex wp-block-buttons-is-layout-flex\">\n<div class=\"wp-block-button\"><a class=\"wp-block-button__link wp-element-button\" href=\"https:\/\/gatllille.wordpress.com\" target=\"_blank\" rel=\"noreferrer noopener\">Bac Pro Assistance \u00e0 la gestion des organisations et de leurs activit\u00e9s<\/a><\/div>\n<\/div>\n\n\n\n<div style=\"height:27px\" aria-hidden=\"true\" class=\"wp-block-spacer\"><\/div>\n\n\n\n<div class=\"wp-block-buttons is-content-justification-center is-layout-flex wp-container-core-buttons-is-layout-a89b3969 wp-block-buttons-is-layout-flex\"><\/div>\n\n\n\n<div class=\"wp-block-buttons is-layout-flex wp-block-buttons-is-layout-flex\">\n<div class=\"wp-block-button\"><a class=\"wp-block-button__link wp-element-button\">Bac Pro Organisation de transport de marchandises<\/a><\/div>\n<\/div>\n\n\n\n<div style=\"height:27px\" aria-hidden=\"true\" class=\"wp-block-spacer\"><\/div>\n\n\n\n<div class=\"wp-block-buttons is-layout-flex wp-block-buttons-is-layout-flex\">\n<div class=\"wp-block-button\"><a class=\"wp-block-button__link wp-element-button\">Bac Pro Logistique<\/a><\/div>\n<\/div>\n\n\n\n<div style=\"height:27px\" aria-hidden=\"true\" class=\"wp-block-spacer\"><\/div>\n\n\n\n<div class=\"wp-block-buttons is-layout-flex wp-block-buttons-is-layout-flex\">\n<div class=\"wp-block-button\"><a class=\"wp-block-button__link wp-element-button\">CAP Op\u00e9rateur, op\u00e9ratrice logistique<\/a><\/div>\n<\/div>\n","protected":false},"excerpt":{"rendered":"<p>La famille des m\u00e9tiers de la gestion administrative, du transport et de la logistique (GATL) comporte trois sp\u00e9cialit\u00e9s de baccalaur\u00e9at professionnel : Il existe \u00e9galement le CAP Op\u00e9rateur, op\u00e9ratrice logistique (OOL) qui compl\u00e8te les m\u00e9tiers de la logistique. Ressources Retrouvez des ressources concernant chacun des dipl\u00f4mes en cliquant sur les boutons ci-dessous :<\/p>\n","protected":false},"author":71,"featured_media":0,"parent":0,"menu_order":0,"comment_status":"closed","ping_status":"closed","template":"","meta":{"footnotes":""},"class_list":["post-458","page","type-page","status-publish","czr-hentry"],"publishpress_future_action":{"enabled":false,"date":"2026-04-14 07:20:26","action":"change-status","newStatus":"draft","terms":[],"taxonomy":"","extraData":[]},"publishpress_future_workflow_manual_trigger":{"enabledWorkflows":[]},"_links":{"self":[{"href":"https:\/\/pedagogie.ac-lille.fr\/ecogestionlp\/wp-json\/wp\/v2\/pages\/458","targetHints":{"allow":["GET"]}}],"collection":[{"href":"https:\/\/pedagogie.ac-lille.fr\/ecogestionlp\/wp-json\/wp\/v2\/pages"}],"about":[{"href":"https:\/\/pedagogie.ac-lille.fr\/ecogestionlp\/wp-json\/wp\/v2\/types\/page"}],"author":[{"embeddable":true,"href":"https:\/\/pedagogie.ac-lille.fr\/ecogestionlp\/wp-json\/wp\/v2\/users\/71"}],"replies":[{"embeddable":true,"href":"https:\/\/pedagogie.ac-lille.fr\/ecogestionlp\/wp-json\/wp\/v2\/comments?post=458"}],"version-history":[{"count":17,"href":"https:\/\/pedagogie.ac-lille.fr\/ecogestionlp\/wp-json\/wp\/v2\/pages\/458\/revisions"}],"predecessor-version":[{"id":1242,"href":"https:\/\/pedagogie.ac-lille.fr\/ecogestionlp\/wp-json\/wp\/v2\/pages\/458\/revisions\/1242"}],"wp:attachment":[{"href":"https:\/\/pedagogie.ac-lille.fr\/ecogestionlp\/wp-json\/wp\/v2\/media?parent=458"}],"curies":[{"name":"wp","href":"https:\/\/api.w.org\/{rel}","templated":true}]}}