{"id":462,"date":"2023-02-12T22:01:53","date_gmt":"2023-02-12T21:01:53","guid":{"rendered":"https:\/\/pedagogie.ac-lille.fr\/ecogestionlp\/?page_id=462"},"modified":"2023-04-06T10:46:10","modified_gmt":"2023-04-06T08:46:10","slug":"metiers-de-la-securite","status":"publish","type":"page","link":"https:\/\/pedagogie.ac-lille.fr\/ecogestionlp\/metiers-de-la-securite\/","title":{"rendered":"M\u00e9tiers de la s\u00e9curit\u00e9"},"content":{"rendered":"<div class=\"wp-block-image\">\n<figure class=\"alignleft size-full is-resized\"><img loading=\"lazy\" decoding=\"async\" src=\"https:\/\/pedagogie.ac-lille.fr\/ecogestionlp\/wp-content\/uploads\/sites\/56\/2023\/04\/D30F21AB-77A3-41DE-8B0F-91A3AAEFC5F8-1.png\" alt=\"\" class=\"wp-image-1042\" width=\"245\" height=\"245\" srcset=\"https:\/\/pedagogie.ac-lille.fr\/ecogestionlp\/wp-content\/uploads\/sites\/56\/2023\/04\/D30F21AB-77A3-41DE-8B0F-91A3AAEFC5F8-1.png 500w, https:\/\/pedagogie.ac-lille.fr\/ecogestionlp\/wp-content\/uploads\/sites\/56\/2023\/04\/D30F21AB-77A3-41DE-8B0F-91A3AAEFC5F8-1-300x300.png 300w, https:\/\/pedagogie.ac-lille.fr\/ecogestionlp\/wp-content\/uploads\/sites\/56\/2023\/04\/D30F21AB-77A3-41DE-8B0F-91A3AAEFC5F8-1-150x150.png 150w\" sizes=\"auto, (max-width: 245px) 100vw, 245px\" \/><\/figure>\n<\/div>\n\n\n<p>Plusieurs formations pr\u00e9parent aux m\u00e9tiers de la s\u00e9curit\u00e9 : <\/p>\n\n\n\n<ul class=\"wp-block-list\">\n<li>le CAP Agent de la s\u00e9curit\u00e9, <\/li>\n\n\n\n<li>le baccalaur\u00e9at professionnel M\u00e9tiers de la s\u00e9curit\u00e9, <\/li>\n\n\n\n<li>le Brevet Professionnel Agent Technique de Pr\u00e9vention et de S\u00e9curit\u00e9 (<a rel=\"noreferrer noopener\" href=\"http:\/\/www.onisep.fr\/Ressources\/Univers-Formation\/Formations\/Lycees\/BP-Agent-technique-de-prevention-et-de-securite\" target=\"_blank\">ATPS<\/a>) <\/li>\n\n\n\n<li>et les Mentions Compl\u00e9mentaires S\u00fbret\u00e9 des espaces ouverts au public, et S\u00e9curit\u00e9 des entreprises.<\/li>\n<\/ul>\n\n\n\n<p>Cet espace est pilot\u00e9 par Christelle Montesinos (IEN-ET \u00c9conomie-Gestion).<\/p>\n\n\n\n<p>9 \u00e9tablissements scolaires proposent des formations pr\u00e9parant aux diff\u00e9rents dipl\u00f4mes des M\u00e9tiers de la s\u00e9curit\u00e9.<\/p>\n\n\n<style>\n       .errordiv { padding:10px; margin:10px; border: 1px solid #555555;color: #000000;background-color: #f8f8f8; width:500px; }#advanced_iframe {visibility:visible;opacity:1;vertical-align:top;}.ai-info-bottom-iframe { position: fixed; z-index: 10000; bottom:0; left: 0; margin: 0px; text-align: center; width: 100%; background-color: #ff9999; padding-left: 5px;padding-bottom: 5px; border-top: 1px solid #aaa } a.ai-bold {font-weight: bold;}#ai-layer-div-advanced_iframe p {height:100%;margin:0;padding:0}<\/style><script type=\"text\/javascript\">var ai_iframe_width_advanced_iframe = 0;var ai_iframe_height_advanced_iframe = 0;function aiReceiveMessageadvanced_iframe(event) {  aiProcessMessage(event,\"advanced_iframe\", \"true\",\"\",\"false\",\"false\");}if (window.addEventListener) {  window.addEventListener(\"message\", aiReceiveMessageadvanced_iframe);} else if (el.attachEvent)  {  el.attachEvent(\"message\", aiReceiveMessageadvanced_iframe);}var aiOnloadScrollTop=\"true\";var aiShowDebug=false;\n\t\tif (typeof aiReadyCallbacks === 'undefined') {\n\t\t\tvar aiReadyCallbacks = [];\n\t\t} else if (!(aiReadyCallbacks instanceof Array)) {\n\t\t\tvar aiReadyCallbacks = [];\n\t\t}    function aiShowIframeId(id_iframe) { jQuery(\"#\"+id_iframe).css(\"visibility\", \"visible\");    }    function aiResizeIframeHeight(height) { aiResizeIframeHeight(height,advanced_iframe); }    function aiResizeIframeHeightId(height,width,id) {aiResizeIframeHeightById(id,height);}<\/script><a href=\"https:\/\/view.genial.ly\/5ff1d603485b460cf9c77d13\" target=\"_blank\" rel=\"noopener\">Contenu embarqu\u00e9 non autoris\u00e9<\/a><script type=\"text\/javascript\">var ifrm_advanced_iframe = document.getElementById(\"advanced_iframe\");var hiddenTabsDoneadvanced_iframe = false;\nfunction resizeCallbackadvanced_iframe() {}<\/script><script type=\"text\/javascript\"><\/script><p style=\"display:block !important; visibility:visible !important;margin: -18px 14px 0 0;padding-left: 3px;padding-top:3px;background: white; overflow: hidden; position: relative; line-height:15px;width: fit-content;\"><small style=\"display:block !important;visibility:visible !important\">powered by Advanced iFrame<\/small><\/p>\n\n\n<h2 class=\"wp-block-heading\">Ressources <\/h2>\n\n\n\n<ul class=\"wp-block-list\">\n<li>Cliquez ici pour d\u00e9couvrir l&rsquo;espace acad\u00e9mique d\u00e9di\u00e9 aux enseignants des m\u00e9tiers de la s\u00e9curit\u00e9.<\/li>\n<\/ul>\n\n\n\n<ul class=\"wp-block-list\">\n<li>Le <a href=\"https:\/\/campus.hautsdefrance.fr\/tls\/\" target=\"_blank\" rel=\"noreferrer noopener\">campus des m\u00e9tiers<\/a> et des qualifications Transport Logistique S\u00e9curit\u00e9 vous accompagne et vous forme, du niveau CAP au niveau MASTER, aux m\u00e9tiers du transport routier de marchandises, du transport routier de voyageurs, de la logistique et de la s\u00e9curit\u00e9.\u00a0<\/li>\n<\/ul>\n\n\n\n<h2 class=\"wp-block-heading\">Actualit\u00e9s et partages <\/h2>\n\n\n\n<p>Vous aussi, n\u2019h\u00e9sitez pas \u00e0 envoyer vos actualit\u00e9s et vos projets pour faire vivre le site acad\u00e9mique !<\/p>\n","protected":false},"excerpt":{"rendered":"<p>Plusieurs formations pr\u00e9parent aux m\u00e9tiers de la s\u00e9curit\u00e9 : Cet espace est pilot\u00e9 par Christelle Montesinos (IEN-ET \u00c9conomie-Gestion). 9 \u00e9tablissements scolaires proposent des formations pr\u00e9parant aux diff\u00e9rents dipl\u00f4mes des M\u00e9tiers de la s\u00e9curit\u00e9. Ressources Actualit\u00e9s et partages Vous aussi, n\u2019h\u00e9sitez pas \u00e0 envoyer vos actualit\u00e9s et vos projets pour faire vivre le site acad\u00e9mique !<\/p>\n","protected":false},"author":71,"featured_media":0,"parent":0,"menu_order":0,"comment_status":"closed","ping_status":"closed","template":"","meta":{"footnotes":""},"class_list":["post-462","page","type-page","status-publish","czr-hentry"],"publishpress_future_action":{"enabled":false,"date":"2026-04-14 07:12:15","action":"change-status","newStatus":"draft","terms":[],"taxonomy":"","extraData":[]},"publishpress_future_workflow_manual_trigger":{"enabledWorkflows":[]},"_links":{"self":[{"href":"https:\/\/pedagogie.ac-lille.fr\/ecogestionlp\/wp-json\/wp\/v2\/pages\/462","targetHints":{"allow":["GET"]}}],"collection":[{"href":"https:\/\/pedagogie.ac-lille.fr\/ecogestionlp\/wp-json\/wp\/v2\/pages"}],"about":[{"href":"https:\/\/pedagogie.ac-lille.fr\/ecogestionlp\/wp-json\/wp\/v2\/types\/page"}],"author":[{"embeddable":true,"href":"https:\/\/pedagogie.ac-lille.fr\/ecogestionlp\/wp-json\/wp\/v2\/users\/71"}],"replies":[{"embeddable":true,"href":"https:\/\/pedagogie.ac-lille.fr\/ecogestionlp\/wp-json\/wp\/v2\/comments?post=462"}],"version-history":[{"count":22,"href":"https:\/\/pedagogie.ac-lille.fr\/ecogestionlp\/wp-json\/wp\/v2\/pages\/462\/revisions"}],"predecessor-version":[{"id":1058,"href":"https:\/\/pedagogie.ac-lille.fr\/ecogestionlp\/wp-json\/wp\/v2\/pages\/462\/revisions\/1058"}],"wp:attachment":[{"href":"https:\/\/pedagogie.ac-lille.fr\/ecogestionlp\/wp-json\/wp\/v2\/media?parent=462"}],"curies":[{"name":"wp","href":"https:\/\/api.w.org\/{rel}","templated":true}]}}