{"id":468,"date":"2023-02-12T22:03:02","date_gmt":"2023-02-12T21:03:02","guid":{"rendered":"https:\/\/pedagogie.ac-lille.fr\/ecogestionlp\/?page_id=468"},"modified":"2023-03-22T21:19:32","modified_gmt":"2023-03-22T20:19:32","slug":"segpa","status":"publish","type":"page","link":"https:\/\/pedagogie.ac-lille.fr\/ecogestionlp\/segpa\/","title":{"rendered":"SEGPA Vente distribution logistique"},"content":{"rendered":"\n<p>L\u2019enseignant PLP \u00e9co-gestion en SEGPA dans le champ professionnel VDL (Vente-Distribution-Logistique) doit permettre aux \u00e9l\u00e8ves, par un enseignement adapt\u00e9, d\u2019acc\u00e9der \u00e0 une formation qualifiante de niveau 5.&nbsp;<br><\/p>\n\n\n\n<p>Cet espace, pilot\u00e9 par Odile Delerue IEN-ET Economie et Gestion, est d\u00e9di\u00e9 aux ressources pour accompagner les enseignants dans cette mission. &nbsp;&nbsp;&nbsp;<\/p>\n\n\n\n<div class=\"wp-block-buttons is-layout-flex wp-block-buttons-is-layout-flex\">\n<div class=\"wp-block-button\"><a class=\"wp-block-button__link wp-element-button\" href=\"https:\/\/www.pearltrees.com\/t\/eco-gestion\/ressources-segpa\/id30735264\" target=\"_blank\" rel=\"noreferrer noopener\">Ressources<\/a><\/div>\n<\/div>\n\n\n\n<p><\/p>\n","protected":false},"excerpt":{"rendered":"<p>L\u2019enseignant PLP \u00e9co-gestion en SEGPA dans le champ professionnel VDL (Vente-Distribution-Logistique) doit permettre aux \u00e9l\u00e8ves, par un enseignement adapt\u00e9, d\u2019acc\u00e9der \u00e0 une formation qualifiante de niveau 5.&nbsp; Cet espace, pilot\u00e9 par Odile Delerue IEN-ET Economie et Gestion, est d\u00e9di\u00e9 aux ressources pour accompagner les enseignants dans cette mission. &nbsp;&nbsp;&nbsp;<\/p>\n","protected":false},"author":71,"featured_media":0,"parent":0,"menu_order":0,"comment_status":"closed","ping_status":"closed","template":"","meta":{"footnotes":""},"class_list":["post-468","page","type-page","status-publish","czr-hentry"],"publishpress_future_action":{"enabled":false,"date":"2026-04-14 07:31:24","action":"change-status","newStatus":"draft","terms":[],"taxonomy":"","extraData":[]},"publishpress_future_workflow_manual_trigger":{"enabledWorkflows":[]},"_links":{"self":[{"href":"https:\/\/pedagogie.ac-lille.fr\/ecogestionlp\/wp-json\/wp\/v2\/pages\/468","targetHints":{"allow":["GET"]}}],"collection":[{"href":"https:\/\/pedagogie.ac-lille.fr\/ecogestionlp\/wp-json\/wp\/v2\/pages"}],"about":[{"href":"https:\/\/pedagogie.ac-lille.fr\/ecogestionlp\/wp-json\/wp\/v2\/types\/page"}],"author":[{"embeddable":true,"href":"https:\/\/pedagogie.ac-lille.fr\/ecogestionlp\/wp-json\/wp\/v2\/users\/71"}],"replies":[{"embeddable":true,"href":"https:\/\/pedagogie.ac-lille.fr\/ecogestionlp\/wp-json\/wp\/v2\/comments?post=468"}],"version-history":[{"count":6,"href":"https:\/\/pedagogie.ac-lille.fr\/ecogestionlp\/wp-json\/wp\/v2\/pages\/468\/revisions"}],"predecessor-version":[{"id":974,"href":"https:\/\/pedagogie.ac-lille.fr\/ecogestionlp\/wp-json\/wp\/v2\/pages\/468\/revisions\/974"}],"wp:attachment":[{"href":"https:\/\/pedagogie.ac-lille.fr\/ecogestionlp\/wp-json\/wp\/v2\/media?parent=468"}],"curies":[{"name":"wp","href":"https:\/\/api.w.org\/{rel}","templated":true}]}}