{"id":470,"date":"2023-02-12T22:03:13","date_gmt":"2023-02-12T21:03:13","guid":{"rendered":"https:\/\/pedagogie.ac-lille.fr\/ecogestionlp\/?page_id=470"},"modified":"2023-07-24T21:06:34","modified_gmt":"2023-07-24T19:06:34","slug":"mc-sno-metiers-du-numerique","status":"publish","type":"page","link":"https:\/\/pedagogie.ac-lille.fr\/ecogestionlp\/mc-sno-metiers-du-numerique\/","title":{"rendered":"Parcours compl\u00e9mentaires"},"content":{"rendered":"\n<p><\/p>\n\n\n\n<h2 class=\"wp-block-heading\">Mention Compl\u00e9mentaire <strong>Services Num\u00e9riques aux Organisations<\/strong><\/h2>\n\n\n\n<p>\u00ab\u00a0Les &nbsp;\u00e9volutions &nbsp;li\u00e9es &nbsp;au &nbsp;num\u00e9rique &nbsp;affectent &nbsp;l\u2019ensemble &nbsp;des &nbsp;secteurs, &nbsp;des &nbsp;m\u00e9tiers &nbsp;et &nbsp;des&nbsp;comp\u00e9tences associ\u00e9es. La p\u00e9nurie de ces derni\u00e8res est av\u00e9r\u00e9e, non seulement pour les \u00e9diteurs de logiciels et les entreprises de services du num\u00e9rique, mais \u00e9galement dans toutes les organisations (&#8230;) La formation de la mention compl\u00e9mentaire \u00ab Services num\u00e9riques aux organisations \u00bb vise \u00e0 renforcer les possibilit\u00e9s d\u2019acc\u00e8s \u00e0 ces&nbsp; emplois&nbsp; par&nbsp; la&nbsp; mise&nbsp; en&nbsp; place&nbsp; d\u2019un&nbsp; dispositif&nbsp; de&nbsp; qualification&nbsp; adapt\u00e9&nbsp; aux&nbsp; besoins&nbsp; du&nbsp; march\u00e9,&nbsp; prenant en compte ces \u00e9volutions et coordonn\u00e9 avec les certifications existantes, dans une logique de parcours qui permettra des expertises et des prises de responsabilit\u00e9 croissantes.\u00a0\u00bb<\/p>\n\n\n\n<p>Cette mention est pilot\u00e9e par Carole Brest et Christelle Montesinos.<\/p>\n\n\n\n<p><\/p>\n\n\n\n<h2 class=\"wp-block-heading\">Ressources :<\/h2>\n\n\n\n<p>D\u00e9couvrez des ressources en <a href=\"https:\/\/www.pearltrees.com\/t\/eco-gestion\/mc-sno\/id68437554\" target=\"_blank\" rel=\"noreferrer noopener\">cliquant ici<\/a>.<\/p>\n\n\n<style>\n       .errordiv { padding:10px; margin:10px; border: 1px solid #555555;color: #000000;background-color: #f8f8f8; width:500px; }#advanced_iframe {visibility:visible;opacity:1;vertical-align:top;}.ai-info-bottom-iframe { position: fixed; z-index: 10000; bottom:0; left: 0; margin: 0px; text-align: center; width: 100%; background-color: #ff9999; padding-left: 5px;padding-bottom: 5px; border-top: 1px solid #aaa } a.ai-bold {font-weight: bold;}#ai-layer-div-advanced_iframe p {height:100%;margin:0;padding:0}<\/style><script type=\"text\/javascript\">var ai_iframe_width_advanced_iframe = 0;var ai_iframe_height_advanced_iframe = 0;function aiReceiveMessageadvanced_iframe(event) {  aiProcessMessage(event,\"advanced_iframe\", \"true\",\"\",\"false\",\"false\");}if (window.addEventListener) {  window.addEventListener(\"message\", aiReceiveMessageadvanced_iframe);} else if (el.attachEvent)  {  el.attachEvent(\"message\", aiReceiveMessageadvanced_iframe);}var aiOnloadScrollTop=\"true\";var aiShowDebug=false;\n\t\tif (typeof aiReadyCallbacks === 'undefined') {\n\t\t\tvar aiReadyCallbacks = [];\n\t\t} else if (!(aiReadyCallbacks instanceof Array)) {\n\t\t\tvar aiReadyCallbacks = [];\n\t\t}    function aiShowIframeId(id_iframe) { jQuery(\"#\"+id_iframe).css(\"visibility\", \"visible\");    }    function aiResizeIframeHeight(height) { aiResizeIframeHeight(height,advanced_iframe); }    function aiResizeIframeHeightId(height,width,id) {aiResizeIframeHeightById(id,height);}<\/script><a href=\"https:\/\/www.pearltrees.com\/t\/eco-gestion\/mc-sno\/id68437554\" target=\"_blank\" rel=\"noopener\">Contenu embarqu\u00e9 non autoris\u00e9<\/a><script type=\"text\/javascript\">var ifrm_advanced_iframe = document.getElementById(\"advanced_iframe\");var hiddenTabsDoneadvanced_iframe = false;\nfunction resizeCallbackadvanced_iframe() {}<\/script><script type=\"text\/javascript\"><\/script><p style=\"display:block !important; visibility:visible !important;margin: -18px 14px 0 0;padding-left: 3px;padding-top:3px;background: white; overflow: hidden; position: relative; line-height:15px;width: fit-content;\"><small style=\"display:block !important;visibility:visible !important\">powered by Advanced iFrame<\/small><\/p>\n\n\n<div style=\"height:27px\" aria-hidden=\"true\" class=\"wp-block-spacer\"><\/div>\n","protected":false},"excerpt":{"rendered":"<p>Mention Compl\u00e9mentaire Services Num\u00e9riques aux Organisations \u00ab\u00a0Les &nbsp;\u00e9volutions &nbsp;li\u00e9es &nbsp;au &nbsp;num\u00e9rique &nbsp;affectent &nbsp;l\u2019ensemble &nbsp;des &nbsp;secteurs, &nbsp;des &nbsp;m\u00e9tiers &nbsp;et &nbsp;des&nbsp;comp\u00e9tences associ\u00e9es. La p\u00e9nurie de ces derni\u00e8res est av\u00e9r\u00e9e, non seulement pour les \u00e9diteurs de logiciels et les entreprises de services du num\u00e9rique, mais \u00e9galement dans toutes les organisations (&#8230;) La formation de la mention compl\u00e9mentaire \u00ab [&hellip;]<\/p>\n","protected":false},"author":71,"featured_media":0,"parent":0,"menu_order":0,"comment_status":"closed","ping_status":"closed","template":"","meta":{"footnotes":""},"class_list":["post-470","page","type-page","status-publish","czr-hentry"],"publishpress_future_action":{"enabled":false,"date":"2026-04-14 07:12:15","action":"change-status","newStatus":"draft","terms":[],"taxonomy":"","extraData":[]},"publishpress_future_workflow_manual_trigger":{"enabledWorkflows":[]},"_links":{"self":[{"href":"https:\/\/pedagogie.ac-lille.fr\/ecogestionlp\/wp-json\/wp\/v2\/pages\/470","targetHints":{"allow":["GET"]}}],"collection":[{"href":"https:\/\/pedagogie.ac-lille.fr\/ecogestionlp\/wp-json\/wp\/v2\/pages"}],"about":[{"href":"https:\/\/pedagogie.ac-lille.fr\/ecogestionlp\/wp-json\/wp\/v2\/types\/page"}],"author":[{"embeddable":true,"href":"https:\/\/pedagogie.ac-lille.fr\/ecogestionlp\/wp-json\/wp\/v2\/users\/71"}],"replies":[{"embeddable":true,"href":"https:\/\/pedagogie.ac-lille.fr\/ecogestionlp\/wp-json\/wp\/v2\/comments?post=470"}],"version-history":[{"count":12,"href":"https:\/\/pedagogie.ac-lille.fr\/ecogestionlp\/wp-json\/wp\/v2\/pages\/470\/revisions"}],"predecessor-version":[{"id":1106,"href":"https:\/\/pedagogie.ac-lille.fr\/ecogestionlp\/wp-json\/wp\/v2\/pages\/470\/revisions\/1106"}],"wp:attachment":[{"href":"https:\/\/pedagogie.ac-lille.fr\/ecogestionlp\/wp-json\/wp\/v2\/media?parent=470"}],"curies":[{"name":"wp","href":"https:\/\/api.w.org\/{rel}","templated":true}]}}