{"id":591,"date":"2023-03-01T12:46:43","date_gmt":"2023-03-01T11:46:43","guid":{"rendered":"https:\/\/pedagogie.ac-lille.fr\/ecogestionlp\/?page_id=591"},"modified":"2023-03-28T12:36:10","modified_gmt":"2023-03-28T10:36:10","slug":"formation-en-etablissement","status":"publish","type":"page","link":"https:\/\/pedagogie.ac-lille.fr\/ecogestionlp\/se-former\/formation-en-etablissement\/","title":{"rendered":"Formations en acad\u00e9mie"},"content":{"rendered":"\n<p>La cr\u00e9ation de l\u2019EAFC transforme la formation continue en permettant de construire des parcours au plus pr\u00e8s de vos besoins et de votre environnement de travail.<\/p>\n\n\n\n<p>Les \u00e9coles d\u00e9finissent leurs formations selon les orientations du sch\u00e9ma directeur minist\u00e9riel de la formation continue. Cr\u00e9\u00e9 en 2019, il place l\u2019accompagnement personnalis\u00e9 comme une priorit\u00e9 du minist\u00e8re envers les personnels. Le sch\u00e9ma directeur pour 2022-2025 a \u00e9t\u00e9 publi\u00e9 au&nbsp;<a href=\"https:\/\/www.education.gouv.fr\/bo\/22\/Hebdo8\/MENH2201155C.htm\" target=\"_blank\" rel=\"noreferrer noopener\">bulletin officiel n\u00b08 du 24 f\u00e9vrier 2022<\/a>.<\/p>\n\n\n\n<h2 class=\"wp-block-heading\">Formations de proximit\u00e9<\/h2>\n\n\n\n<p>On d\u00e9signe par formation de proximit\u00e9 les formations qui offrent une r\u00e9ponse personnalis\u00e9e et territorialis\u00e9e \u00e0 une probl\u00e9matique collective rencontr\u00e9e dans un \u00e9tablissement, un r\u00e9seau d\u2019\u00e9tablissements, un district, un bassin&#8230; <\/p>\n\n\n\n<p>Vous pouvez en apprendre plus sur les FEE et sur comment mettre en place une FEE en cliquant <a rel=\"noreferrer noopener\" href=\"https:\/\/dafop.site.ac-lille.fr\/2020\/10\/14\/formation-en-etablissement\/\" data-type=\"URL\" data-id=\"https:\/\/dafop.site.ac-lille.fr\/2020\/10\/14\/formation-en-etablissement\/\" target=\"_blank\">ici<\/a>.<\/p>\n\n\n\n<p>Les formateurs en \u00e9co-gestion ont r\u00e9cemment anim\u00e9 plusieurs FEE que vous pouvez retrouver ci-dessous. N&rsquo;h\u00e9sitez pas \u00e0 contacter votre inspecteur r\u00e9f\u00e9rent pour r\u00e9fl\u00e9chir et cr\u00e9er une formation qui r\u00e9pondra \u00e0 vos besoins ! <\/p>\n\n\n<ul class=\"wp-block-latest-posts__list wp-block-latest-posts has-medium-font-size\"><li><div class=\"wp-block-latest-posts__featured-image alignleft\"><img loading=\"lazy\" decoding=\"async\" width=\"150\" height=\"150\" src=\"https:\/\/pedagogie.ac-lille.fr\/ecogestionlp\/wp-content\/uploads\/sites\/56\/2023\/03\/work-gddeaf34a5_1920-150x150.jpg\" class=\"attachment-thumbnail size-thumbnail no-lazy wp-post-image\" alt=\"\" style=\"\" srcset=\"https:\/\/pedagogie.ac-lille.fr\/ecogestionlp\/wp-content\/uploads\/sites\/56\/2023\/03\/work-gddeaf34a5_1920-150x150.jpg 150w, https:\/\/pedagogie.ac-lille.fr\/ecogestionlp\/wp-content\/uploads\/sites\/56\/2023\/03\/work-gddeaf34a5_1920-510x510.jpg 510w\" sizes=\"auto, (max-width: 150px) 100vw, 150px\" \/><\/div><a class=\"wp-block-latest-posts__post-title\" href=\"https:\/\/pedagogie.ac-lille.fr\/ecogestionlp\/fee-classes-et-pedagogies-flexibles\/\">FEE classes et p\u00e9dagogies flexibles<\/a><div class=\"wp-block-latest-posts__post-excerpt\">Karine Rebergue a anim\u00e9 un parcours de formation \u00ab\u00a0am\u00e9nagement des espaces et p\u00e9dagogie flexible\u00a0\u00bb.<\/div><\/li>\n<\/ul>","protected":false},"excerpt":{"rendered":"<p>La cr\u00e9ation de l\u2019EAFC transforme la formation continue en permettant de construire des parcours au plus pr\u00e8s de vos besoins et de votre environnement de travail. Les \u00e9coles d\u00e9finissent leurs formations selon les orientations du sch\u00e9ma directeur minist\u00e9riel de la formation continue. Cr\u00e9\u00e9 en 2019, il place l\u2019accompagnement personnalis\u00e9 comme une priorit\u00e9 du minist\u00e8re envers [&hellip;]<\/p>\n","protected":false},"author":71,"featured_media":0,"parent":441,"menu_order":0,"comment_status":"closed","ping_status":"closed","template":"","meta":{"footnotes":""},"class_list":["post-591","page","type-page","status-publish","czr-hentry"],"publishpress_future_action":{"enabled":false,"date":"2026-04-14 07:12:08","action":"change-status","newStatus":"draft","terms":[],"taxonomy":"","extraData":[]},"publishpress_future_workflow_manual_trigger":{"enabledWorkflows":[]},"_links":{"self":[{"href":"https:\/\/pedagogie.ac-lille.fr\/ecogestionlp\/wp-json\/wp\/v2\/pages\/591","targetHints":{"allow":["GET"]}}],"collection":[{"href":"https:\/\/pedagogie.ac-lille.fr\/ecogestionlp\/wp-json\/wp\/v2\/pages"}],"about":[{"href":"https:\/\/pedagogie.ac-lille.fr\/ecogestionlp\/wp-json\/wp\/v2\/types\/page"}],"author":[{"embeddable":true,"href":"https:\/\/pedagogie.ac-lille.fr\/ecogestionlp\/wp-json\/wp\/v2\/users\/71"}],"replies":[{"embeddable":true,"href":"https:\/\/pedagogie.ac-lille.fr\/ecogestionlp\/wp-json\/wp\/v2\/comments?post=591"}],"version-history":[{"count":9,"href":"https:\/\/pedagogie.ac-lille.fr\/ecogestionlp\/wp-json\/wp\/v2\/pages\/591\/revisions"}],"predecessor-version":[{"id":996,"href":"https:\/\/pedagogie.ac-lille.fr\/ecogestionlp\/wp-json\/wp\/v2\/pages\/591\/revisions\/996"}],"up":[{"embeddable":true,"href":"https:\/\/pedagogie.ac-lille.fr\/ecogestionlp\/wp-json\/wp\/v2\/pages\/441"}],"wp:attachment":[{"href":"https:\/\/pedagogie.ac-lille.fr\/ecogestionlp\/wp-json\/wp\/v2\/media?parent=591"}],"curies":[{"name":"wp","href":"https:\/\/api.w.org\/{rel}","templated":true}]}}