{"id":799,"date":"2023-03-11T19:34:33","date_gmt":"2023-03-11T18:34:33","guid":{"rendered":"https:\/\/pedagogie.ac-lille.fr\/ecogestionlp\/?page_id=799"},"modified":"2023-03-28T12:36:28","modified_gmt":"2023-03-28T10:36:28","slug":"mgistere","status":"publish","type":"page","link":"https:\/\/pedagogie.ac-lille.fr\/ecogestionlp\/mgistere\/","title":{"rendered":"Se former en ligne"},"content":{"rendered":"\n<h2 class=\"wp-block-heading\">M@gist\u00e8re<\/h2>\n\n\n\n<p>\u00ab\u00a0<a rel=\"noreferrer noopener\" href=\"https:\/\/magistere.education.fr\/reseau-canope\/\" target=\"_blank\">M@gist\u00e8re<\/a>&nbsp;est un&nbsp;<strong>dispositif de formation<\/strong>&nbsp;continue&nbsp;en ligne<strong>, tutor\u00e9e et interactive<\/strong>&nbsp;con\u00e7u pour les enseignants du premier et du second degr\u00e9. Retrouvez plus de 80 parcours disciplinaires et transverses, sur des notions essentielles ou des th\u00e9matiques qui vous int\u00e9ressent au quotidien.\u00a0\u00bb&nbsp;(extrait du site Canop\u00e9).<\/p>\n\n\n\n<p><\/p>\n\n\n\n<h2 class=\"wp-block-heading\">Canop\u00e9<\/h2>\n\n\n\n<p>Op\u00e9rateur du minist\u00e8re de l\u2019\u00c9ducation nationale et de la Jeunesse, R\u00e9seau Canop\u00e9 a pour mission la formation tout au long de la vie et le d\u00e9veloppement professionnel des enseignants. Il les accompagne notamment dans l&rsquo;appropriation des outils et environnement num\u00e9riques. Canop\u00e9 dispose d&rsquo;un <a href=\"https:\/\/www.reseau-canope.fr\" target=\"_blank\" rel=\"noreferrer noopener\">site national<\/a>.<\/p>\n\n\n\n<p>Deux ateliers Canop\u00e9 existent dans l&rsquo;acad\u00e9mie de Lille : l&rsquo;un \u00e0 Lille Fives et l&rsquo;autre \u00e0 Arras. Chaque atelier propose des formations, en pr\u00e9sence ou \u00e0 distance : <a href=\"https:\/\/www.reseau-canope.fr\/academie-de-lille\/atelier-canope-62-arras\/formations-et-evenements\/au-programme.html\" target=\"_blank\" rel=\"noreferrer noopener\">Canop\u00e9 62<\/a> et <a href=\"https:\/\/www.reseau-canope.fr\/academie-de-lille\/atelier-canope-59-lille\/formations-et-evenements\/au-programme.html\" target=\"_blank\" rel=\"noreferrer noopener\">Canop\u00e9 59<\/a>.<\/p>\n\n\n\n<p>Canop\u00e9 met \u00e9galement \u00e0 disposition la <a href=\"https:\/\/www.canotech.fr\" target=\"_blank\" rel=\"noreferrer noopener\">Canotech<\/a>, la plateforme de formation en ligne des enseignants pour se former \u00e0 leur propre rythme, quand ils le souhaitent. CanoTech propose de nombreux modules de formation courts, 100&nbsp;% en ligne et adapt\u00e9s \u00e0 tous les besoins des enseignants, du premier et du second degr\u00e9.<\/p>\n\n\n\n<h2 class=\"wp-block-heading\">Webinaires ou parcours conseill\u00e9s <\/h2>\n\n\n<ul class=\"wp-block-latest-posts__list wp-block-latest-posts\"><li><div class=\"wp-block-latest-posts__featured-image alignleft\"><img loading=\"lazy\" decoding=\"async\" width=\"150\" height=\"150\" src=\"https:\/\/pedagogie.ac-lille.fr\/ecogestionlp\/wp-content\/uploads\/sites\/56\/2024\/01\/Webinaire-Fabien-Fenouillet-1-150x150.jpg\" class=\"attachment-thumbnail size-thumbnail no-lazy wp-post-image\" alt=\"\" style=\"\" srcset=\"https:\/\/pedagogie.ac-lille.fr\/ecogestionlp\/wp-content\/uploads\/sites\/56\/2024\/01\/Webinaire-Fabien-Fenouillet-1-150x150.jpg 150w, https:\/\/pedagogie.ac-lille.fr\/ecogestionlp\/wp-content\/uploads\/sites\/56\/2024\/01\/Webinaire-Fabien-Fenouillet-1-300x300.jpg 300w, https:\/\/pedagogie.ac-lille.fr\/ecogestionlp\/wp-content\/uploads\/sites\/56\/2024\/01\/Webinaire-Fabien-Fenouillet-1-1024x1024.jpg 1024w, https:\/\/pedagogie.ac-lille.fr\/ecogestionlp\/wp-content\/uploads\/sites\/56\/2024\/01\/Webinaire-Fabien-Fenouillet-1-768x768.jpg 768w, https:\/\/pedagogie.ac-lille.fr\/ecogestionlp\/wp-content\/uploads\/sites\/56\/2024\/01\/Webinaire-Fabien-Fenouillet-1-510x510.jpg 510w, https:\/\/pedagogie.ac-lille.fr\/ecogestionlp\/wp-content\/uploads\/sites\/56\/2024\/01\/Webinaire-Fabien-Fenouillet-1.jpg 1080w\" sizes=\"auto, (max-width: 150px) 100vw, 150px\" \/><\/div><a class=\"wp-block-latest-posts__post-title\" href=\"https:\/\/pedagogie.ac-lille.fr\/ecogestionlp\/webinaire-ota62-effet-de-levaluation-sur-la-motivation-dans-les-apprentissages-scolaires\/\">Webinaire OTA62 \u2013 Effet de l\u2019\u00e9valuation sur la motivation<\/a><div class=\"wp-block-latest-posts__post-excerpt\">Webinaire effet de l&rsquo;\u00e9valuation sur la motivation dans les apprentissages scolaires, par Fabien Fenouillet, le jeudi 25 janvier de 17h30 \u00e0 19h.<\/div><\/li>\n<li><div class=\"wp-block-latest-posts__featured-image alignleft\"><img loading=\"lazy\" decoding=\"async\" width=\"150\" height=\"150\" src=\"https:\/\/pedagogie.ac-lille.fr\/ecogestionlp\/wp-content\/uploads\/sites\/56\/2023\/09\/image-3-1024x1024-2-150x150.png\" class=\"attachment-thumbnail size-thumbnail no-lazy wp-post-image\" alt=\"\" style=\"\" srcset=\"https:\/\/pedagogie.ac-lille.fr\/ecogestionlp\/wp-content\/uploads\/sites\/56\/2023\/09\/image-3-1024x1024-2-150x150.png 150w, https:\/\/pedagogie.ac-lille.fr\/ecogestionlp\/wp-content\/uploads\/sites\/56\/2023\/09\/image-3-1024x1024-2-300x300.png 300w, https:\/\/pedagogie.ac-lille.fr\/ecogestionlp\/wp-content\/uploads\/sites\/56\/2023\/09\/image-3-1024x1024-2-768x768.png 768w, https:\/\/pedagogie.ac-lille.fr\/ecogestionlp\/wp-content\/uploads\/sites\/56\/2023\/09\/image-3-1024x1024-2-510x510.png 510w, https:\/\/pedagogie.ac-lille.fr\/ecogestionlp\/wp-content\/uploads\/sites\/56\/2023\/09\/image-3-1024x1024-2.png 1024w\" sizes=\"auto, (max-width: 150px) 100vw, 150px\" \/><\/div><a class=\"wp-block-latest-posts__post-title\" href=\"https:\/\/pedagogie.ac-lille.fr\/ecogestionlp\/webinaire-ota62-stimuler-lenvie-dapprendre\/\">Webinaire OTA62 : stimuler l&rsquo;envie d&rsquo;apprendre<\/a><div class=\"wp-block-latest-posts__post-excerpt\">Webinaire Stimuler l\u2019envie d\u2019apprendre : les leviers de la motivation \u2013 Natacha Dangouloff, le replay est disponible :<\/div><\/li>\n<li><div class=\"wp-block-latest-posts__featured-image alignleft\"><img loading=\"lazy\" decoding=\"async\" width=\"150\" height=\"150\" src=\"https:\/\/pedagogie.ac-lille.fr\/ecogestionlp\/wp-content\/uploads\/sites\/56\/2023\/03\/2E50C394-DD84-4E7E-8A83-0A9DB23C2719-150x150.jpeg\" class=\"attachment-thumbnail size-thumbnail no-lazy wp-post-image\" alt=\"\" style=\"\" srcset=\"https:\/\/pedagogie.ac-lille.fr\/ecogestionlp\/wp-content\/uploads\/sites\/56\/2023\/03\/2E50C394-DD84-4E7E-8A83-0A9DB23C2719-150x150.jpeg 150w, https:\/\/pedagogie.ac-lille.fr\/ecogestionlp\/wp-content\/uploads\/sites\/56\/2023\/03\/2E50C394-DD84-4E7E-8A83-0A9DB23C2719-510x510.jpeg 510w\" sizes=\"auto, (max-width: 150px) 100vw, 150px\" \/><\/div><a class=\"wp-block-latest-posts__post-title\" href=\"https:\/\/pedagogie.ac-lille.fr\/ecogestionlp\/idees-recues-sur-le-numerique\/\">Webinaires \u00ab\u00a0Id\u00e9es re\u00e7ues sur le num\u00e9rique\u00a0\u00bb<\/a><div class=\"wp-block-latest-posts__post-excerpt\">La trousse \u00e0 projets propose une s\u00e9rie de 8 vid\u00e9os pour se former et travailler ces questions avec les \u00e9l\u00e8ves ou pouvoir ensuite animer des rencontres (comme un caf\u00e9 des parents) sur plusieurs th\u00e9matiques li\u00e9es au num\u00e9rique. Retrouvez cette s\u00e9rie de webinaires sur en cliquant ici.<\/div><\/li>\n<li><div class=\"wp-block-latest-posts__featured-image alignleft\"><img loading=\"lazy\" decoding=\"async\" width=\"150\" height=\"150\" src=\"https:\/\/pedagogie.ac-lille.fr\/ecogestionlp\/wp-content\/uploads\/sites\/56\/2023\/03\/Capture-de\u0301cran-2023-03-28-a\u0300-12.40.10-150x150.png\" class=\"attachment-thumbnail size-thumbnail no-lazy wp-post-image\" alt=\"\" style=\"\" \/><\/div><a class=\"wp-block-latest-posts__post-title\" href=\"https:\/\/pedagogie.ac-lille.fr\/ecogestionlp\/les-competences-psychosociales-bien-etre-et-reussite-des-eleves\/\">Les comp\u00e9tences psychosociales : bien-\u00eatre et r\u00e9ussite des \u00e9l\u00e8ves<\/a><div class=\"wp-block-latest-posts__post-excerpt\">La DSDEN du Pas-de-Calais et \u00ab\u00a0Objectif : Territoires Apprenants\u00a0\u00bb vous proposent le webinaire \u00ab\u00a0Comp\u00e9tences psycho-sociales : bien-\u00eatre et r\u00e9ussite des \u00e9l\u00e8ves\u00a0\u00bb avec Rebecca Shankland, professeure des universit\u00e9s en psychologie du d\u00e9veloppement ce mardi 21 mars \u00e0 17h30.<\/div><\/li>\n<li><div class=\"wp-block-latest-posts__featured-image alignleft\"><img loading=\"lazy\" decoding=\"async\" width=\"150\" height=\"150\" src=\"https:\/\/pedagogie.ac-lille.fr\/ecogestionlp\/wp-content\/uploads\/sites\/56\/2023\/03\/Capture-de\u0301cran-2023-03-28-a\u0300-11.56.41-150x150.png\" class=\"attachment-thumbnail size-thumbnail no-lazy wp-post-image\" alt=\"\" style=\"\" srcset=\"https:\/\/pedagogie.ac-lille.fr\/ecogestionlp\/wp-content\/uploads\/sites\/56\/2023\/03\/Capture-de\u0301cran-2023-03-28-a\u0300-11.56.41-150x150.png 150w, https:\/\/pedagogie.ac-lille.fr\/ecogestionlp\/wp-content\/uploads\/sites\/56\/2023\/03\/Capture-de\u0301cran-2023-03-28-a\u0300-11.56.41-510x510.png 510w\" sizes=\"auto, (max-width: 150px) 100vw, 150px\" \/><\/div><a class=\"wp-block-latest-posts__post-title\" href=\"https:\/\/pedagogie.ac-lille.fr\/ecogestionlp\/webinaires-notre-ecole-faisons-la-ensemble\/\">Webinaires \u00ab\u00a0Notre \u00e9cole, faisons-la ensemble\u00a0\u00bb<\/a><div class=\"wp-block-latest-posts__post-excerpt\">Dans le cadre de la d\u00e9marche \u00ab&nbsp;Notre \u00e9cole, faisons-la ensemble&nbsp;\u00bb, OTA62 vous propose 3 webinaires. Retrouvez les prochains webinaires sur le site OTA ou visionner le replay du premier webinaire ci-dessous : Les espaces comme leviers p\u00e9dagogiques et \u00e9ducatifs (replay) :<\/div><\/li>\n<li><div class=\"wp-block-latest-posts__featured-image alignleft\"><img loading=\"lazy\" decoding=\"async\" width=\"150\" height=\"150\" src=\"https:\/\/pedagogie.ac-lille.fr\/ecogestionlp\/wp-content\/uploads\/sites\/56\/2023\/03\/web-educ-douane-2-150x150.jpg\" class=\"attachment-thumbnail size-thumbnail no-lazy wp-post-image\" alt=\"\" style=\"\" \/><\/div><a class=\"wp-block-latest-posts__post-title\" href=\"https:\/\/pedagogie.ac-lille.fr\/ecogestionlp\/web-educ-environnement-declaration-et-regimes-douaniers-mercredi-22-03-de-14h-a-15h30\/\">Webinaire \u00ab\u00a0environnement, d\u00e9claration et r\u00e9gimes douaniers\u00a0\u00bb<\/a><div class=\"wp-block-latest-posts__post-excerpt\">L&rsquo;AFT vous propose, le mercredi 22 mars de 14h \u00e0 15h30, d&rsquo;\u00e9changer autour de l&rsquo;environnement douanier, du traitement des op\u00e9rations douani\u00e8res et de leurs \u00e9volutions : Cliquez ici pour vous inscrire !<\/div><\/li>\n<\/ul>\n\n\n<div class=\"wp-block-buttons is-layout-flex wp-block-buttons-is-layout-flex\"><\/div>\n","protected":false},"excerpt":{"rendered":"<p>M@gist\u00e8re \u00ab\u00a0M@gist\u00e8re&nbsp;est un&nbsp;dispositif de formation&nbsp;continue&nbsp;en ligne, tutor\u00e9e et interactive&nbsp;con\u00e7u pour les enseignants du premier et du second degr\u00e9. Retrouvez plus de 80 parcours disciplinaires et transverses, sur des notions essentielles ou des th\u00e9matiques qui vous int\u00e9ressent au quotidien.\u00a0\u00bb&nbsp;(extrait du site Canop\u00e9). Canop\u00e9 Op\u00e9rateur du minist\u00e8re de l\u2019\u00c9ducation nationale et de la Jeunesse, R\u00e9seau Canop\u00e9 a [&hellip;]<\/p>\n","protected":false},"author":71,"featured_media":800,"parent":0,"menu_order":0,"comment_status":"closed","ping_status":"closed","template":"","meta":{"footnotes":""},"class_list":["post-799","page","type-page","status-publish","has-post-thumbnail","czr-hentry"],"publishpress_future_action":{"enabled":false,"date":"2026-04-14 08:58:24","action":"change-status","newStatus":"draft","terms":[],"taxonomy":"","extraData":[]},"publishpress_future_workflow_manual_trigger":{"enabledWorkflows":[]},"_links":{"self":[{"href":"https:\/\/pedagogie.ac-lille.fr\/ecogestionlp\/wp-json\/wp\/v2\/pages\/799","targetHints":{"allow":["GET"]}}],"collection":[{"href":"https:\/\/pedagogie.ac-lille.fr\/ecogestionlp\/wp-json\/wp\/v2\/pages"}],"about":[{"href":"https:\/\/pedagogie.ac-lille.fr\/ecogestionlp\/wp-json\/wp\/v2\/types\/page"}],"author":[{"embeddable":true,"href":"https:\/\/pedagogie.ac-lille.fr\/ecogestionlp\/wp-json\/wp\/v2\/users\/71"}],"replies":[{"embeddable":true,"href":"https:\/\/pedagogie.ac-lille.fr\/ecogestionlp\/wp-json\/wp\/v2\/comments?post=799"}],"version-history":[{"count":9,"href":"https:\/\/pedagogie.ac-lille.fr\/ecogestionlp\/wp-json\/wp\/v2\/pages\/799\/revisions"}],"predecessor-version":[{"id":997,"href":"https:\/\/pedagogie.ac-lille.fr\/ecogestionlp\/wp-json\/wp\/v2\/pages\/799\/revisions\/997"}],"wp:featuredmedia":[{"embeddable":true,"href":"https:\/\/pedagogie.ac-lille.fr\/ecogestionlp\/wp-json\/wp\/v2\/media\/800"}],"wp:attachment":[{"href":"https:\/\/pedagogie.ac-lille.fr\/ecogestionlp\/wp-json\/wp\/v2\/media?parent=799"}],"curies":[{"name":"wp","href":"https:\/\/api.w.org\/{rel}","templated":true}]}}