{"id":903,"date":"2023-03-17T10:36:45","date_gmt":"2023-03-17T09:36:45","guid":{"rendered":"https:\/\/pedagogie.ac-lille.fr\/ecogestionlp\/?page_id=903"},"modified":"2023-03-17T10:49:38","modified_gmt":"2023-03-17T09:49:38","slug":"entree-dans-le-metier","status":"publish","type":"page","link":"https:\/\/pedagogie.ac-lille.fr\/ecogestionlp\/entree-dans-le-metier\/","title":{"rendered":"Entr\u00e9e dans le m\u00e9tier"},"content":{"rendered":"\n<p>Des documents utiles pour d\u00e9buter dans le m\u00e9tier en tant que <a rel=\"noreferrer noopener\" href=\"https:\/\/www1.ac-lille.fr\/accueil-des-professeurs-stagiaires-122186\" target=\"_blank\">professeur stagiaire<\/a> ou contractuel peuvent \u00eatre retrouv\u00e9s dans ce <a rel=\"noreferrer noopener\" href=\"https:\/\/www.pearltrees.com\/t\/eco-gestion\/entree-dans-le-metier\/id39962057\" target=\"_blank\">pearltrees<\/a> notamment un padlet <a href=\"https:\/\/padlet.com\/od_delerue\/les-bases-du-m-tier-o3bdboio1mpfcv9o\" target=\"_blank\" rel=\"noreferrer noopener\">\u00ab\u00a0contractuels : les bases du m\u00e9tier\u00a0\u00bb<\/a>  \u00e9labor\u00e9 par Odile Delerue ou le m\u00e9mento <a rel=\"noreferrer noopener\" href=\"https:\/\/www.pearltrees.com\/t\/eco-gestion\/entree-dans-le-metier\/id39962057\/item484032433\" target=\"_blank\">\u00ab\u00a0agents contractuels d&rsquo;enseignement et\u00a0d&rsquo;\u00e9ducation\u00a0\u00bb<\/a>.<\/p>\n\n\n\n<p><\/p>\n","protected":false},"excerpt":{"rendered":"<p>Des documents utiles pour d\u00e9buter dans le m\u00e9tier en tant que professeur stagiaire ou contractuel peuvent \u00eatre retrouv\u00e9s dans ce pearltrees notamment un padlet \u00ab\u00a0contractuels : les bases du m\u00e9tier\u00a0\u00bb \u00e9labor\u00e9 par Odile Delerue ou le m\u00e9mento \u00ab\u00a0agents contractuels d&rsquo;enseignement et\u00a0d&rsquo;\u00e9ducation\u00a0\u00bb.<\/p>\n","protected":false},"author":71,"featured_media":0,"parent":0,"menu_order":0,"comment_status":"closed","ping_status":"closed","template":"","meta":{"footnotes":""},"class_list":["post-903","page","type-page","status-publish","czr-hentry"],"publishpress_future_action":{"enabled":false,"date":"2026-04-14 07:12:15","action":"change-status","newStatus":"draft","terms":[],"taxonomy":"","extraData":[]},"publishpress_future_workflow_manual_trigger":{"enabledWorkflows":[]},"_links":{"self":[{"href":"https:\/\/pedagogie.ac-lille.fr\/ecogestionlp\/wp-json\/wp\/v2\/pages\/903","targetHints":{"allow":["GET"]}}],"collection":[{"href":"https:\/\/pedagogie.ac-lille.fr\/ecogestionlp\/wp-json\/wp\/v2\/pages"}],"about":[{"href":"https:\/\/pedagogie.ac-lille.fr\/ecogestionlp\/wp-json\/wp\/v2\/types\/page"}],"author":[{"embeddable":true,"href":"https:\/\/pedagogie.ac-lille.fr\/ecogestionlp\/wp-json\/wp\/v2\/users\/71"}],"replies":[{"embeddable":true,"href":"https:\/\/pedagogie.ac-lille.fr\/ecogestionlp\/wp-json\/wp\/v2\/comments?post=903"}],"version-history":[{"count":2,"href":"https:\/\/pedagogie.ac-lille.fr\/ecogestionlp\/wp-json\/wp\/v2\/pages\/903\/revisions"}],"predecessor-version":[{"id":907,"href":"https:\/\/pedagogie.ac-lille.fr\/ecogestionlp\/wp-json\/wp\/v2\/pages\/903\/revisions\/907"}],"wp:attachment":[{"href":"https:\/\/pedagogie.ac-lille.fr\/ecogestionlp\/wp-json\/wp\/v2\/media?parent=903"}],"curies":[{"name":"wp","href":"https:\/\/api.w.org\/{rel}","templated":true}]}}