{"id":1357,"date":"2021-04-16T23:17:26","date_gmt":"2021-04-16T21:17:26","guid":{"rendered":"https:\/\/pedagogie.ac-lille.fr\/emcc\/?page_id=1357"},"modified":"2021-09-08T09:06:56","modified_gmt":"2021-09-08T07:06:56","slug":"baccalaureat-la-page-2","status":"publish","type":"page","link":"https:\/\/pedagogie.ac-lille.fr\/emcc\/baccalaureat-la-page-2\/","title":{"rendered":"Baccalaur\u00e9at"},"content":{"rendered":"\n<h6 class=\"wp-block-heading\">Annales des \u00e9preuves, textes officiels, analyses et documents d&rsquo;accompagnement<\/h6>\n\n\n\n<h2 class=\"wp-block-heading\">Baccalaur\u00e9at 2022<\/h2>\n\n\n\n<figure class=\"wp-block-image size-full is-resized\"><a href=\"https:\/\/pedagogie.ac-lille.fr\/emcc\/category\/baccalaureat-2022\/\"><img loading=\"lazy\" decoding=\"async\" src=\"https:\/\/pedagogie.ac-lille.fr\/emcc\/wp-content\/uploads\/sites\/31\/2021\/09\/Capture-de\u0301cran-2021-09-08-a\u0300-09.05.16.png\" alt=\"\" class=\"wp-image-2026\" width=\"301\" height=\"389\" srcset=\"https:\/\/pedagogie.ac-lille.fr\/emcc\/wp-content\/uploads\/sites\/31\/2021\/09\/Capture-de\u0301cran-2021-09-08-a\u0300-09.05.16.png 602w, https:\/\/pedagogie.ac-lille.fr\/emcc\/wp-content\/uploads\/sites\/31\/2021\/09\/Capture-de\u0301cran-2021-09-08-a\u0300-09.05.16-232x300.png 232w\" sizes=\"auto, (max-width: 301px) 100vw, 301px\" \/><\/a><\/figure>\n\n\n\n<h2 class=\"wp-block-heading\">Baccalaur\u00e9at 2021<\/h2>\n\n\n\n<figure class=\"wp-block-image size-large\"><a href=\"https:\/\/pedagogie.ac-lille.fr\/emcc\/category\/baccalaureat-2021\/\"><img loading=\"lazy\" decoding=\"async\" width=\"1024\" height=\"934\" src=\"https:\/\/pedagogie.ac-lille.fr\/emcc\/wp-content\/uploads\/sites\/31\/2021\/04\/Capture-de\u0301cran-2021-04-16-a\u0300-23.10.30-1024x934.png\" alt=\"\" class=\"wp-image-1430\" srcset=\"https:\/\/pedagogie.ac-lille.fr\/emcc\/wp-content\/uploads\/sites\/31\/2021\/04\/Capture-de\u0301cran-2021-04-16-a\u0300-23.10.30-1024x934.png 1024w, https:\/\/pedagogie.ac-lille.fr\/emcc\/wp-content\/uploads\/sites\/31\/2021\/04\/Capture-de\u0301cran-2021-04-16-a\u0300-23.10.30-300x274.png 300w, https:\/\/pedagogie.ac-lille.fr\/emcc\/wp-content\/uploads\/sites\/31\/2021\/04\/Capture-de\u0301cran-2021-04-16-a\u0300-23.10.30-768x701.png 768w, https:\/\/pedagogie.ac-lille.fr\/emcc\/wp-content\/uploads\/sites\/31\/2021\/04\/Capture-de\u0301cran-2021-04-16-a\u0300-23.10.30-1536x1401.png 1536w, https:\/\/pedagogie.ac-lille.fr\/emcc\/wp-content\/uploads\/sites\/31\/2021\/04\/Capture-de\u0301cran-2021-04-16-a\u0300-23.10.30.png 1758w\" sizes=\"auto, (max-width: 1024px) 100vw, 1024px\" \/><\/a><\/figure>\n\n\n\n<h2 class=\"wp-block-heading\">Baccalaur\u00e9at 2020<\/h2>\n\n\n\n<figure class=\"wp-block-image size-large\"><a href=\"https:\/\/pedagogie.ac-lille.fr\/emcc\/category\/baccalaureat-2020\/\"><img loading=\"lazy\" decoding=\"async\" width=\"1024\" height=\"812\" src=\"https:\/\/pedagogie.ac-lille.fr\/emcc\/wp-content\/uploads\/sites\/31\/2021\/04\/Capture-de\u0301cran-2021-04-16-a\u0300-23.10.11-1024x812.png\" alt=\"\" class=\"wp-image-1431\" srcset=\"https:\/\/pedagogie.ac-lille.fr\/emcc\/wp-content\/uploads\/sites\/31\/2021\/04\/Capture-de\u0301cran-2021-04-16-a\u0300-23.10.11-1024x812.png 1024w, https:\/\/pedagogie.ac-lille.fr\/emcc\/wp-content\/uploads\/sites\/31\/2021\/04\/Capture-de\u0301cran-2021-04-16-a\u0300-23.10.11-300x238.png 300w, https:\/\/pedagogie.ac-lille.fr\/emcc\/wp-content\/uploads\/sites\/31\/2021\/04\/Capture-de\u0301cran-2021-04-16-a\u0300-23.10.11-768x609.png 768w, https:\/\/pedagogie.ac-lille.fr\/emcc\/wp-content\/uploads\/sites\/31\/2021\/04\/Capture-de\u0301cran-2021-04-16-a\u0300-23.10.11-1536x1219.png 1536w, https:\/\/pedagogie.ac-lille.fr\/emcc\/wp-content\/uploads\/sites\/31\/2021\/04\/Capture-de\u0301cran-2021-04-16-a\u0300-23.10.11.png 1762w\" sizes=\"auto, (max-width: 1024px) 100vw, 1024px\" \/><\/a><\/figure>\n\n\n\n<h2 class=\"wp-block-heading\">Baccalaur\u00e9at 2019<\/h2>\n\n\n\n<figure class=\"wp-block-image size-large\"><a href=\"https:\/\/pedagogie.ac-lille.fr\/emcc\/category\/baccalaureat-2019\/\"><img loading=\"lazy\" decoding=\"async\" width=\"1024\" height=\"909\" src=\"https:\/\/pedagogie.ac-lille.fr\/emcc\/wp-content\/uploads\/sites\/31\/2021\/04\/Capture-de\u0301cran-2021-04-16-a\u0300-23.10.00-1024x909.png\" alt=\"\" class=\"wp-image-1432\" srcset=\"https:\/\/pedagogie.ac-lille.fr\/emcc\/wp-content\/uploads\/sites\/31\/2021\/04\/Capture-de\u0301cran-2021-04-16-a\u0300-23.10.00-1024x909.png 1024w, https:\/\/pedagogie.ac-lille.fr\/emcc\/wp-content\/uploads\/sites\/31\/2021\/04\/Capture-de\u0301cran-2021-04-16-a\u0300-23.10.00-300x266.png 300w, https:\/\/pedagogie.ac-lille.fr\/emcc\/wp-content\/uploads\/sites\/31\/2021\/04\/Capture-de\u0301cran-2021-04-16-a\u0300-23.10.00-768x682.png 768w, https:\/\/pedagogie.ac-lille.fr\/emcc\/wp-content\/uploads\/sites\/31\/2021\/04\/Capture-de\u0301cran-2021-04-16-a\u0300-23.10.00-1536x1363.png 1536w, https:\/\/pedagogie.ac-lille.fr\/emcc\/wp-content\/uploads\/sites\/31\/2021\/04\/Capture-de\u0301cran-2021-04-16-a\u0300-23.10.00.png 1760w\" sizes=\"auto, (max-width: 1024px) 100vw, 1024px\" \/><\/a><\/figure>\n\n\n\n<h2 class=\"wp-block-heading\">Baccalaur\u00e9at 2018<\/h2>\n\n\n\n<figure class=\"wp-block-image size-large\"><a href=\"https:\/\/pedagogie.ac-lille.fr\/emcc\/category\/baccalaureat-2018\/\"><img loading=\"lazy\" decoding=\"async\" width=\"1024\" height=\"856\" src=\"https:\/\/pedagogie.ac-lille.fr\/emcc\/wp-content\/uploads\/sites\/31\/2021\/04\/Capture-de\u0301cran-2021-04-16-a\u0300-23.09.49-1024x856.png\" alt=\"\" class=\"wp-image-1433\" srcset=\"https:\/\/pedagogie.ac-lille.fr\/emcc\/wp-content\/uploads\/sites\/31\/2021\/04\/Capture-de\u0301cran-2021-04-16-a\u0300-23.09.49-1024x856.png 1024w, https:\/\/pedagogie.ac-lille.fr\/emcc\/wp-content\/uploads\/sites\/31\/2021\/04\/Capture-de\u0301cran-2021-04-16-a\u0300-23.09.49-300x251.png 300w, https:\/\/pedagogie.ac-lille.fr\/emcc\/wp-content\/uploads\/sites\/31\/2021\/04\/Capture-de\u0301cran-2021-04-16-a\u0300-23.09.49-768x642.png 768w, https:\/\/pedagogie.ac-lille.fr\/emcc\/wp-content\/uploads\/sites\/31\/2021\/04\/Capture-de\u0301cran-2021-04-16-a\u0300-23.09.49-1536x1285.png 1536w, https:\/\/pedagogie.ac-lille.fr\/emcc\/wp-content\/uploads\/sites\/31\/2021\/04\/Capture-de\u0301cran-2021-04-16-a\u0300-23.09.49.png 1760w\" sizes=\"auto, (max-width: 1024px) 100vw, 1024px\" \/><\/a><\/figure>\n\n\n\n<h2 class=\"wp-block-heading\">Baccalaur\u00e9at : archives ant\u00e9rieures<\/h2>\n\n\n\n<h6 class=\"wp-block-heading\">2013<\/h6>\n\n\n\n<p>Le texte de la conf\u00e9rence <em><a rel=\"noreferrer noopener\" href=\"http:\/\/www.philippe-lescat-asso.fr\/musicologie\/contributions\/conferences-de-bertrand-porot\/baccalaureat-2013-corelli-la-follia\/\" target=\"_blank\">Corelli, La Follia<\/a><\/em> donn\u00e9e par Bertrand Porot de l&rsquo;Universit\u00e9 de Reims, \u00e0 l&rsquo;op\u00e9ra de Lille le 29 mars 2013 est en ligne<\/p>\n\n\n\n<p><\/p>\n","protected":false},"excerpt":{"rendered":"<p>Textes officiels, annales et analyses des \u0153uvres des programmes<\/p>\n","protected":false},"author":53,"featured_media":411,"parent":0,"menu_order":0,"comment_status":"closed","ping_status":"closed","template":"","meta":{"_acf_changed":false,"ngg_post_thumbnail":0,"footnotes":""},"class_list":["post-1357","page","type-page","status-publish","has-post-thumbnail","czr-hentry"],"acf":[],"publishpress_future_action":{"enabled":false,"date":"2026-04-20 12:42:51","action":"change-status","newStatus":"draft","terms":[],"taxonomy":"","extraData":[]},"publishpress_future_workflow_manual_trigger":{"enabledWorkflows":[]},"_links":{"self":[{"href":"https:\/\/pedagogie.ac-lille.fr\/emcc\/wp-json\/wp\/v2\/pages\/1357","targetHints":{"allow":["GET"]}}],"collection":[{"href":"https:\/\/pedagogie.ac-lille.fr\/emcc\/wp-json\/wp\/v2\/pages"}],"about":[{"href":"https:\/\/pedagogie.ac-lille.fr\/emcc\/wp-json\/wp\/v2\/types\/page"}],"author":[{"embeddable":true,"href":"https:\/\/pedagogie.ac-lille.fr\/emcc\/wp-json\/wp\/v2\/users\/53"}],"replies":[{"embeddable":true,"href":"https:\/\/pedagogie.ac-lille.fr\/emcc\/wp-json\/wp\/v2\/comments?post=1357"}],"version-history":[{"count":9,"href":"https:\/\/pedagogie.ac-lille.fr\/emcc\/wp-json\/wp\/v2\/pages\/1357\/revisions"}],"predecessor-version":[{"id":2591,"href":"https:\/\/pedagogie.ac-lille.fr\/emcc\/wp-json\/wp\/v2\/pages\/1357\/revisions\/2591"}],"wp:featuredmedia":[{"embeddable":true,"href":"https:\/\/pedagogie.ac-lille.fr\/emcc\/wp-json\/wp\/v2\/media\/411"}],"wp:attachment":[{"href":"https:\/\/pedagogie.ac-lille.fr\/emcc\/wp-json\/wp\/v2\/media?parent=1357"}],"curies":[{"name":"wp","href":"https:\/\/api.w.org\/{rel}","templated":true}]}}