{"id":2,"date":"2021-01-04T09:29:20","date_gmt":"2021-01-04T08:29:20","guid":{"rendered":"http:\/\/pedagogie.ac-lille.fr\/theme\/?page_id=2"},"modified":"2024-10-10T14:33:20","modified_gmt":"2024-10-10T12:33:20","slug":"page-d-exemple","status":"publish","type":"page","link":"https:\/\/pedagogie.ac-lille.fr\/emcc\/page-d-exemple\/","title":{"rendered":"Bienvenue"},"content":{"rendered":"\n<p><\/p>\n\n\n\n<p>Le site acad\u00e9mique d\u2019\u00e9ducation musicale et de chant choral permet \u00e0 tous les usagers de consulter des informations relatives \u00e0 l\u2019enseignement de l\u2019\u00e9ducation musicale, de la musique et de l\u2019enseignement facultatif de chant choral. Ce site est de plus un support d\u2019informations sur l\u2019actualit\u00e9 disciplinaire et les attendus des programmes et dispositifs. Il est enfin un lieu de valorisation des \u00e9v\u00e9nements et projets les plus embl\u00e9matiques de notre acad\u00e9mie.<\/p>\n\n\n\n<p>Vitrine de la vie musicale dans les coll\u00e8ges et lyc\u00e9es de l\u2019acad\u00e9mie, que notre site soit pour les professeurs d\u2019\u00e9ducation musicale et de chant choral un espace privil\u00e9gi\u00e9 de connexion, de recherches, de d\u00e9couvertes, et d\u2019envies d\u2019exp\u00e9rimenter de nouvelles pratiques p\u00e9dagogiques.<\/p>\n\n\n\n<p><\/p>\n\n\n\n<p class=\"has-text-align-right\"><strong>Marie Gandin<\/strong><\/p>\n\n\n\n<p class=\"has-text-align-right\"><strong>Laurent Raymond<\/strong><\/p>\n\n\n\n<hr class=\"wp-block-separator has-css-opacity\" \/>\n\n\n\n<div data-wp-interactive=\"core\/file\" class=\"wp-block-file\"><object data-wp-bind--hidden=\"!state.hasPdfPreview\" hidden class=\"wp-block-file__embed\" data=\"https:\/\/pedagogie.ac-lille.fr\/emcc\/wp-content\/uploads\/sites\/31\/2024\/10\/Lettre-de-rentre\u0301e-2024_EMCC.pdf\" type=\"application\/pdf\" style=\"width:100%;height:600px\" aria-label=\"Contenu embarqu\u00e9 Lettre de rentre\u0301e 2024_EMCC.\"><\/object><a id=\"wp-block-file--media-adbe42a6-5e1a-4fa1-9edf-4db8ffb33830\" href=\"https:\/\/pedagogie.ac-lille.fr\/emcc\/wp-content\/uploads\/sites\/31\/2024\/10\/Lettre-de-rentre\u0301e-2024_EMCC.pdf\">Lettre de rentre\u0301e 2024_EMCC<\/a><a href=\"https:\/\/pedagogie.ac-lille.fr\/emcc\/wp-content\/uploads\/sites\/31\/2024\/10\/Lettre-de-rentre\u0301e-2024_EMCC.pdf\" class=\"wp-block-file__button wp-element-button\" download aria-describedby=\"wp-block-file--media-adbe42a6-5e1a-4fa1-9edf-4db8ffb33830\">T\u00e9l\u00e9charger<\/a><\/div>\n\n\n\n<div data-wp-interactive=\"core\/file\" class=\"wp-block-file\"><object data-wp-bind--hidden=\"!state.hasPdfPreview\" hidden class=\"wp-block-file__embed\" data=\"https:\/\/pedagogie.ac-lille.fr\/emcc\/wp-content\/uploads\/sites\/31\/2023\/10\/3_Lettre-de-rentre\u0301e-2023_EMCC.pdf\" type=\"application\/pdf\" style=\"width:100%;height:600px\" aria-label=\"Contenu embarqu\u00e9 3_Lettre-de-rentre\u0301e-2023_EMCC.\"><\/object><a id=\"wp-block-file--media-e6d1dc3a-05ea-43c4-b4fa-9fa996784e66\" href=\"https:\/\/pedagogie.ac-lille.fr\/emcc\/wp-content\/uploads\/sites\/31\/2023\/10\/3_Lettre-de-rentre\u0301e-2023_EMCC.pdf\">3_Lettre-de-rentre\u0301e-2023_EMCC<\/a><a href=\"https:\/\/pedagogie.ac-lille.fr\/emcc\/wp-content\/uploads\/sites\/31\/2023\/10\/3_Lettre-de-rentre\u0301e-2023_EMCC.pdf\" class=\"wp-block-file__button wp-element-button\" download aria-describedby=\"wp-block-file--media-e6d1dc3a-05ea-43c4-b4fa-9fa996784e66\">T\u00e9l\u00e9charger<\/a><\/div>\n\n\n\n<div data-wp-interactive=\"core\/file\" class=\"wp-block-file\"><object data-wp-bind--hidden=\"!state.hasPdfPreview\" hidden class=\"wp-block-file__embed\" data=\"https:\/\/pedagogie.ac-lille.fr\/emcc\/wp-content\/uploads\/sites\/31\/2022\/09\/Lettre-de-rentre\u0301e-2022-EMCC-VDef.pdf\" type=\"application\/pdf\" style=\"width:100%;height:600px\" aria-label=\"Contenu embarqu\u00e9 Lettre-de-rentre\u0301e-2022-EMCC-VDef.\"><\/object><a id=\"wp-block-file--media-2ea47c6a-8a97-49e0-952b-14577ebd2f95\" href=\"https:\/\/pedagogie.ac-lille.fr\/emcc\/wp-content\/uploads\/sites\/31\/2022\/09\/Lettre-de-rentre\u0301e-2022-EMCC-VDef.pdf\">Lettre-de-rentre\u0301e-2022-EMCC-VDef<\/a><a href=\"https:\/\/pedagogie.ac-lille.fr\/emcc\/wp-content\/uploads\/sites\/31\/2022\/09\/Lettre-de-rentre\u0301e-2022-EMCC-VDef.pdf\" class=\"wp-block-file__button wp-element-button\" download aria-describedby=\"wp-block-file--media-2ea47c6a-8a97-49e0-952b-14577ebd2f95\">T\u00e9l\u00e9charger<\/a><\/div>\n","protected":false},"excerpt":{"rendered":"<p>Le site acad\u00e9mique d\u2019\u00e9ducation musicale et de chant choral vous accueille<\/p>\n","protected":false},"author":53,"featured_media":0,"parent":0,"menu_order":0,"comment_status":"closed","ping_status":"closed","template":"custom-page.php","meta":{"_acf_changed":false,"ngg_post_thumbnail":0,"footnotes":""},"class_list":["post-2","page","type-page","status-publish","czr-hentry"],"acf":[],"publishpress_future_action":{"enabled":false,"date":"2026-04-12 00:21:39","action":"change-status","newStatus":"draft","terms":[],"taxonomy":"","extraData":[]},"publishpress_future_workflow_manual_trigger":{"enabledWorkflows":[]},"_links":{"self":[{"href":"https:\/\/pedagogie.ac-lille.fr\/emcc\/wp-json\/wp\/v2\/pages\/2","targetHints":{"allow":["GET"]}}],"collection":[{"href":"https:\/\/pedagogie.ac-lille.fr\/emcc\/wp-json\/wp\/v2\/pages"}],"about":[{"href":"https:\/\/pedagogie.ac-lille.fr\/emcc\/wp-json\/wp\/v2\/types\/page"}],"author":[{"embeddable":true,"href":"https:\/\/pedagogie.ac-lille.fr\/emcc\/wp-json\/wp\/v2\/users\/53"}],"replies":[{"embeddable":true,"href":"https:\/\/pedagogie.ac-lille.fr\/emcc\/wp-json\/wp\/v2\/comments?post=2"}],"version-history":[{"count":27,"href":"https:\/\/pedagogie.ac-lille.fr\/emcc\/wp-json\/wp\/v2\/pages\/2\/revisions"}],"predecessor-version":[{"id":3983,"href":"https:\/\/pedagogie.ac-lille.fr\/emcc\/wp-json\/wp\/v2\/pages\/2\/revisions\/3983"}],"wp:attachment":[{"href":"https:\/\/pedagogie.ac-lille.fr\/emcc\/wp-json\/wp\/v2\/media?parent=2"}],"curies":[{"name":"wp","href":"https:\/\/api.w.org\/{rel}","templated":true}]}}