{"id":24,"date":"2021-11-16T10:00:00","date_gmt":"2021-11-16T09:00:00","guid":{"rendered":"http:\/\/pedagogie.ac-lille.fr\/emcc\/?page_id=24"},"modified":"2025-05-26T08:54:01","modified_gmt":"2025-05-26T06:54:01","slug":"mentions-legales","status":"publish","type":"page","link":"https:\/\/pedagogie.ac-lille.fr\/emcc\/mentions-legales\/","title":{"rendered":"Mentions l\u00e9gales"},"content":{"rendered":"\n<p><strong>Mentions l\u00e9gales pour le site <\/strong><a href=\"https:\/\/pedagogie.ac-lille.fr\/emcc\/\">https:\/\/pedagogie.ac-lille.fr\/emcc\/<\/a><strong>, conform\u00e9ment \u00e0 la loi pour la confiance dans l\u2019\u00e9conomie num\u00e9rique n\u00b02004-575 du 21 juin 2004.<\/strong><\/p>\n\n\n\n<p><strong>Editeur<\/strong> :<\/p>\n\n\n\n<p>R\u00e9gion acad\u00e9mique Hauts-de-France &#8211; acad\u00e9mie de Lille &#8211; Minist\u00e8re de&nbsp; l\u2019\u00c9ducation Nationale, de l&rsquo;Enseignement Sup\u00e9rieur, de la Recherche et&nbsp; de l&rsquo;Innovation<\/p>\n\n\n\n<ul class=\"wp-block-list\">\n<li>144 rue de Bavay BP 709 59033 Lille cedex<\/li>\n\n\n\n<li>\u00a0T 03.20.15.60.00 &#8211; F 03.20.15.65.90<\/li>\n\n\n\n<li>\u00a0n\u00b0 SIREN : 175904309 &#8211; code NAF : 8412Z<\/li>\n<\/ul>\n\n\n\n<p><strong>Directeurs de publication<\/strong> :<\/p>\n\n\n\n<p> GANDIN Marie et RAYMOND Laurent, Inspecteurs R\u00e9f\u00e9rents<\/p>\n\n\n\n<p><strong>R\u00e9dacteur<\/strong> :<\/p>\n\n\n\n<p> DUMETZ Guillaume, Webmaster<\/p>\n\n\n\n<p><strong>Prestataire d\u2019h\u00e9bergement<\/strong> :<\/p>\n\n\n\n<p>Direction r\u00e9gionale acad\u00e9mique des syst\u00e8mes d&rsquo;information (DRASI)<\/p>\n\n\n\n<ul class=\"wp-block-list\">\n<li>T 03.20.95.69.00 &#8211; F 03.20.86.12.82<\/li>\n\n\n\n<li><a href=\"mailto:drasi@region-academique-hdf.fr\">drasi@region-academique-hdf.fr<\/a><\/li>\n<\/ul>\n\n\n\n<p><strong>Traitement de donn\u00e9es \u00e0 caract\u00e8re personnel<\/strong> :<\/p>\n\n\n\n<p> Conform\u00e9ment aux articles 13 \u00e0 22 du r\u00e8glement n\u00b0 2016\/679, dit R\u00e8glement G\u00e9n\u00e9ral sur la Protection des Donn\u00e9es (RGPD) du 27 avril 2016 et \u00e0 l\u2019article 32 et suivants de la loi 78-17 du 6 janvier 1978 relative \u00e0 l\u2019informatique, aux fichiers et aux libert\u00e9s , vous pouvez vous opposer (partiellement ou totalement) \u00e0 la diffusion d\u2019informations vous concernant sur ce site.<\/p>\n\n\n\n<p>Pour exercer votre droit d\u2019acc\u00e8s, de modification, de rectification, d\u2019opposition, de limitation et de suppression de donn\u00e9es diffus\u00e9es qui vous sont attach\u00e9es (article 12 du r\u00e8glement g\u00e9n\u00e9ral sur la protection des donn\u00e9es), nous vous invitons \u00e0 contacter le service suivant en justifiant votre<br> identit\u00e9 :<\/p>\n\n\n\n<p>D\u00e9l\u00e9gation acad\u00e9mique \u00e0 la protection des donn\u00e9e<\/p>\n\n\n\n<ul class=\"wp-block-list\">\n<li>T 03 20 15 67 96<\/li>\n\n\n\n<li><a href=\"mailto:dpo@ac-lille.fr\"><u>dpd@region-<\/u><\/a><a href=\"mailto:dpd@region-academique-hdf.fr\"><u>academique<\/u><\/a><a href=\"mailto:dpo@ac-lille.fr\"><u>-hdf.fr<\/u><\/a><\/li>\n<\/ul>\n\n\n\n<p>Il vous est loisible d\u2019introduire une r\u00e9clamation aupr\u00e8s de la commission nationale informatique et libert\u00e9s \u00e0 l\u2019aide du lien suivant : <a href=\"https:\/\/eduline.ac-lille.fr\/rgpd\/cnil-plaintes\">https:\/\/<\/a><a href=\"https:\/\/eduline.ac-lille.fr\/rgpd\/cnil-plaintes\">eduline.ac-lille.fr\/rgpd<\/a><a href=\"https:\/\/eduline.ac-lille.fr\/rgpd\/cnil-plaintes\">\/cnil-plaintes<\/a>.<\/p>\n","protected":false},"excerpt":{"rendered":"<p>Mentions l\u00e9gales pour le site https:\/\/pedagogie.ac-lille.fr\/emcc\/, conform\u00e9ment \u00e0 la loi pour la confiance dans l\u2019\u00e9conomie num\u00e9rique n\u00b02004-575 du 21 juin 2004. Editeur : R\u00e9gion acad\u00e9mique Hauts-de-France &#8211; acad\u00e9mie de Lille [&hellip;]<\/p>\n","protected":false},"author":4,"featured_media":0,"parent":0,"menu_order":0,"comment_status":"closed","ping_status":"closed","template":"","meta":{"_acf_changed":false,"ngg_post_thumbnail":0,"footnotes":""},"class_list":["post-24","page","type-page","status-publish","czr-hentry"],"acf":[],"publishpress_future_action":{"enabled":false,"date":"2026-04-11 20:00:43","action":"change-status","newStatus":"draft","terms":[],"taxonomy":"","extraData":[]},"publishpress_future_workflow_manual_trigger":{"enabledWorkflows":[]},"_links":{"self":[{"href":"https:\/\/pedagogie.ac-lille.fr\/emcc\/wp-json\/wp\/v2\/pages\/24","targetHints":{"allow":["GET"]}}],"collection":[{"href":"https:\/\/pedagogie.ac-lille.fr\/emcc\/wp-json\/wp\/v2\/pages"}],"about":[{"href":"https:\/\/pedagogie.ac-lille.fr\/emcc\/wp-json\/wp\/v2\/types\/page"}],"author":[{"embeddable":true,"href":"https:\/\/pedagogie.ac-lille.fr\/emcc\/wp-json\/wp\/v2\/users\/4"}],"replies":[{"embeddable":true,"href":"https:\/\/pedagogie.ac-lille.fr\/emcc\/wp-json\/wp\/v2\/comments?post=24"}],"version-history":[{"count":5,"href":"https:\/\/pedagogie.ac-lille.fr\/emcc\/wp-json\/wp\/v2\/pages\/24\/revisions"}],"predecessor-version":[{"id":4160,"href":"https:\/\/pedagogie.ac-lille.fr\/emcc\/wp-json\/wp\/v2\/pages\/24\/revisions\/4160"}],"wp:attachment":[{"href":"https:\/\/pedagogie.ac-lille.fr\/emcc\/wp-json\/wp\/v2\/media?parent=24"}],"curies":[{"name":"wp","href":"https:\/\/api.w.org\/{rel}","templated":true}]}}