{"id":4445,"date":"2025-09-19T15:15:36","date_gmt":"2025-09-19T13:15:36","guid":{"rendered":"https:\/\/pedagogie.ac-lille.fr\/emcc\/?page_id=4445"},"modified":"2026-03-16T14:41:17","modified_gmt":"2026-03-16T13:41:17","slug":"implantation-des-enseignements-musicaux-au-lycee","status":"publish","type":"page","link":"https:\/\/pedagogie.ac-lille.fr\/emcc\/implantation-des-enseignements-musicaux-au-lycee\/","title":{"rendered":"Implantation des enseignements musicaux au lyc\u00e9e"},"content":{"rendered":"\n<figure class=\"wp-block-image size-large\"><a href=\"https:\/\/umap.openstreetmap.fr\/fr\/map\/implantation-des-enseignements-musicaux-au-lycee_1240515?scaleControl=false&amp;miniMap=false&amp;scrollWheelZoom=false&amp;zoomControl=true&amp;editMode=disabled&amp;moreControl=true&amp;searchControl=null&amp;tilelayersControl=null&amp;embedControl=null&amp;datalayersControl=true&amp;onLoadPanel=caption&amp;captionBar=false&amp;captionMenus=true\" target=\"_blank\" rel=\" noreferrer noopener\"><img loading=\"lazy\" decoding=\"async\" width=\"1024\" height=\"641\" src=\"https:\/\/pedagogie.ac-lille.fr\/emcc\/wp-content\/uploads\/sites\/31\/2026\/03\/implantation_lycee-1024x641.jpg\" alt=\"\" class=\"wp-image-4720\" srcset=\"https:\/\/pedagogie.ac-lille.fr\/emcc\/wp-content\/uploads\/sites\/31\/2026\/03\/implantation_lycee-1024x641.jpg 1024w, https:\/\/pedagogie.ac-lille.fr\/emcc\/wp-content\/uploads\/sites\/31\/2026\/03\/implantation_lycee-300x188.jpg 300w, https:\/\/pedagogie.ac-lille.fr\/emcc\/wp-content\/uploads\/sites\/31\/2026\/03\/implantation_lycee-768x481.jpg 768w, https:\/\/pedagogie.ac-lille.fr\/emcc\/wp-content\/uploads\/sites\/31\/2026\/03\/implantation_lycee-1536x962.jpg 1536w, https:\/\/pedagogie.ac-lille.fr\/emcc\/wp-content\/uploads\/sites\/31\/2026\/03\/implantation_lycee-2048x1283.jpg 2048w\" sizes=\"auto, (max-width: 1024px) 100vw, 1024px\" \/><\/a><figcaption class=\"wp-element-caption\">Implantation des enseignements musicaux au lyc\u00e9e dans l&rsquo;acad\u00e9mie de Lille<\/figcaption><\/figure>\n\n\n\n<p>Certaines \u00e9pinglettes \u00e9tant superpos\u00e9es, un explorateur, situ\u00e9 sur la gauche de la carte, permet de masquer les enseignements musicaux de votre choix.<\/p>\n\n\n\n<figure class=\"wp-block-image size-full\"><img loading=\"lazy\" decoding=\"async\" width=\"796\" height=\"464\" src=\"https:\/\/pedagogie.ac-lille.fr\/emcc\/wp-content\/uploads\/sites\/31\/2025\/09\/explorateur-.png\" alt=\"\" class=\"wp-image-4446\" srcset=\"https:\/\/pedagogie.ac-lille.fr\/emcc\/wp-content\/uploads\/sites\/31\/2025\/09\/explorateur-.png 796w, https:\/\/pedagogie.ac-lille.fr\/emcc\/wp-content\/uploads\/sites\/31\/2025\/09\/explorateur--300x175.png 300w, https:\/\/pedagogie.ac-lille.fr\/emcc\/wp-content\/uploads\/sites\/31\/2025\/09\/explorateur--768x448.png 768w\" sizes=\"auto, (max-width: 796px) 100vw, 796px\" \/><\/figure>\n\n\n<style>\n       .errordiv { padding:10px; margin:10px; border: 1px solid #555555;color: #000000;background-color: #f8f8f8; width:500px; }#advanced_iframe {visibility:visible;opacity:1;vertical-align:top;}.ai-info-bottom-iframe { position: fixed; z-index: 10000; bottom:0; left: 0; margin: 0px; text-align: center; width: 100%; background-color: #ff9999; padding-left: 5px;padding-bottom: 5px; border-top: 1px solid #aaa } a.ai-bold {font-weight: bold;}#ai-layer-div-advanced_iframe p {height:100%;margin:0;padding:0}<\/style><script type=\"text\/javascript\">var ai_iframe_width_advanced_iframe = 0;var ai_iframe_height_advanced_iframe = 0;function aiReceiveMessageadvanced_iframe(event) {  aiProcessMessage(event,\"advanced_iframe\", \"true\",\"\",\"false\",\"false\");}if (window.addEventListener) {  window.addEventListener(\"message\", aiReceiveMessageadvanced_iframe);} else if (el.attachEvent)  {  el.attachEvent(\"message\", aiReceiveMessageadvanced_iframe);}var aiOnloadScrollTop=\"true\";var aiShowDebug=false;\n\t\tif (typeof aiReadyCallbacks === 'undefined') {\n\t\t\tvar aiReadyCallbacks = [];\n\t\t} else if (!(aiReadyCallbacks instanceof Array)) {\n\t\t\tvar aiReadyCallbacks = [];\n\t\t}    function aiShowIframeId(id_iframe) { jQuery(\"#\"+id_iframe).css(\"visibility\", \"visible\");    }    function aiResizeIframeHeight(height) { aiResizeIframeHeight(height,advanced_iframe); }    function aiResizeIframeHeightId(height,width,id) {aiResizeIframeHeightById(id,height);}<\/script><a href=\"https:\/\/umap.openstreetmap.fr\/fr\/map\/implantation-des-enseignements-musicaux-au-lycee_1240515?scaleControl=false&#038;miniMap=false&#038;scrollWheelZoom=false&#038;zoomControl=true&#038;editMode=disabled&#038;moreControl=true&#038;searchControl=null&#038;tilelayersControl=null&#038;embedControl=null&#038;datalayersControl=true&#038;onLoadPanel=caption&#038;captionBar=false&#038;captionMenus=true\" target=\"_blank\" rel=\"noopener\">Contenu embarqu\u00e9 non autoris\u00e9<\/a><script type=\"text\/javascript\">var ifrm_advanced_iframe = document.getElementById(\"advanced_iframe\");var hiddenTabsDoneadvanced_iframe = false;\nfunction resizeCallbackadvanced_iframe() {}<\/script><script type=\"text\/javascript\"><\/script><p style=\"display:block !important; visibility:visible !important;margin: -18px 14px 0 0;padding-left: 3px;padding-top:3px;background: white; overflow: hidden; position: relative; line-height:15px;width: fit-content;\"><small style=\"display:block !important;visibility:visible !important\">powered by Advanced iFrame<\/small><\/p>","protected":false},"excerpt":{"rendered":"<p>Certaines \u00e9pinglettes \u00e9tant superpos\u00e9es, un explorateur, situ\u00e9 sur la gauche de la carte, permet de masquer les enseignements musicaux de votre choix.<\/p>\n","protected":false},"author":53,"featured_media":4448,"parent":0,"menu_order":0,"comment_status":"closed","ping_status":"closed","template":"","meta":{"_acf_changed":false,"ngg_post_thumbnail":0,"footnotes":""},"class_list":["post-4445","page","type-page","status-publish","has-post-thumbnail","czr-hentry"],"acf":[],"publishpress_future_action":{"enabled":false,"date":"2026-04-20 12:41:39","action":"change-status","newStatus":"draft","terms":[],"taxonomy":"","extraData":[]},"publishpress_future_workflow_manual_trigger":{"enabledWorkflows":[]},"_links":{"self":[{"href":"https:\/\/pedagogie.ac-lille.fr\/emcc\/wp-json\/wp\/v2\/pages\/4445","targetHints":{"allow":["GET"]}}],"collection":[{"href":"https:\/\/pedagogie.ac-lille.fr\/emcc\/wp-json\/wp\/v2\/pages"}],"about":[{"href":"https:\/\/pedagogie.ac-lille.fr\/emcc\/wp-json\/wp\/v2\/types\/page"}],"author":[{"embeddable":true,"href":"https:\/\/pedagogie.ac-lille.fr\/emcc\/wp-json\/wp\/v2\/users\/53"}],"replies":[{"embeddable":true,"href":"https:\/\/pedagogie.ac-lille.fr\/emcc\/wp-json\/wp\/v2\/comments?post=4445"}],"version-history":[{"count":7,"href":"https:\/\/pedagogie.ac-lille.fr\/emcc\/wp-json\/wp\/v2\/pages\/4445\/revisions"}],"predecessor-version":[{"id":4724,"href":"https:\/\/pedagogie.ac-lille.fr\/emcc\/wp-json\/wp\/v2\/pages\/4445\/revisions\/4724"}],"wp:featuredmedia":[{"embeddable":true,"href":"https:\/\/pedagogie.ac-lille.fr\/emcc\/wp-json\/wp\/v2\/media\/4448"}],"wp:attachment":[{"href":"https:\/\/pedagogie.ac-lille.fr\/emcc\/wp-json\/wp\/v2\/media?parent=4445"}],"curies":[{"name":"wp","href":"https:\/\/api.w.org\/{rel}","templated":true}]}}