{"id":1084,"date":"2021-11-06T10:26:15","date_gmt":"2021-11-06T09:26:15","guid":{"rendered":"https:\/\/pedagogie.ac-lille.fr\/eps\/?page_id=1084"},"modified":"2022-04-11T14:08:09","modified_gmt":"2022-04-11T12:08:09","slug":"examens","status":"publish","type":"page","link":"https:\/\/pedagogie.ac-lille.fr\/eps\/examens-2\/examens\/","title":{"rendered":"Examens Accueil \u00e0 retirer"},"content":{"rendered":"<p>Accueil examens<\/p>\n\n\n<h2 class=\"wp-block-heading\">Mise en page Bloc WordPress<\/h2>\n\n\n\n<div class=\"wp-block-query alignwide is-layout-flow wp-block-query-is-layout-flow\"><ul class=\"is-flex-container columns-3 wp-block-post-template is-layout-flow wp-block-post-template-is-layout-flow\"><li class=\"wp-block-post post-8409 post type-post status-publish format-standard category-examens czr-hentry\">\n\n<div class=\"wp-block-group\" style=\"padding-top:30px;padding-right:30px;padding-bottom:30px;padding-left:30px\"><div class=\"wp-block-group__inner-container is-layout-flow wp-block-group-is-layout-flow\"><h2 class=\"wp-block-post-title has-text-color has-white-color has-background has-vivid-purple-background-color\"><a href=\"https:\/\/pedagogie.ac-lille.fr\/eps\/1-dnb-eps\/\" target=\"_self\" >1-DNB EPS<\/a><\/h2>\n\n<div class=\"wp-block-post-excerpt\"><p class=\"wp-block-post-excerpt__excerpt\">Organisation de l&rsquo;\u00e9valuation au DNB en eps : Guide professionnel pour les enseignants <\/p><\/div>\n\n<div class=\"wp-block-post-date\"><time datetime=\"2026-02-28T10:32:20+01:00\">28 f\u00e9vrier 2026<\/time><\/div><\/div><\/div>\n\n<\/li><li class=\"wp-block-post post-7002 post type-post status-publish format-standard category-examens czr-hentry\">\n\n<div class=\"wp-block-group\" style=\"padding-top:30px;padding-right:30px;padding-bottom:30px;padding-left:30px\"><div class=\"wp-block-group__inner-container is-layout-flow wp-block-group-is-layout-flow\"><h2 class=\"wp-block-post-title has-text-color has-white-color has-background has-vivid-purple-background-color\"><a href=\"https:\/\/pedagogie.ac-lille.fr\/eps\/cfa-ufa-publics-et-prives-et-pour-les-etablissements-du-ministere-de-lalimentation-de-lagriculture-et-des-forets\/\" target=\"_self\" >7-CFA\/UFA publics et priv\u00e9s et pour les \u00e9tablissements du minist\u00e8re de l\u2019Alimentation, de l\u2019agriculture et des for\u00eats<\/a><\/h2>\n\n<div class=\"wp-block-post-excerpt\"><p class=\"wp-block-post-excerpt__excerpt\">Mesdames et Messieurs les enseignants d\u2019EPS en CFA, UFA, Vous pouvez d\u00e9sormais retrouver l\u2019int\u00e9gralit\u00e9 des ressources examens (courriers, outils, capsules vid\u00e9o etc.) sur le site de la MCPFA pour ceux d\u2019entre vous qui n\u2019ont pas acc\u00e8s \u00e0 Eduline\u00a0: Ressources disciplinaires en EPS. <\/p><\/div>\n\n<div class=\"wp-block-post-date\"><time datetime=\"2024-10-10T11:50:23+02:00\">10 octobre 2024<\/time><\/div><\/div><\/div>\n\n<\/li><li class=\"wp-block-post post-6983 post type-post status-publish format-standard category-examens czr-hentry\">\n\n<div class=\"wp-block-group\" style=\"padding-top:30px;padding-right:30px;padding-bottom:30px;padding-left:30px\"><div class=\"wp-block-group__inner-container is-layout-flow wp-block-group-is-layout-flow\"><h2 class=\"wp-block-post-title has-text-color has-white-color has-background has-vivid-purple-background-color\"><a href=\"https:\/\/pedagogie.ac-lille.fr\/eps\/rapport-examens\/\" target=\"_self\" >6-Rapport Examens<\/a><\/h2>\n\n<div class=\"wp-block-post-excerpt\"><p class=\"wp-block-post-excerpt__excerpt\"> <\/p><\/div>\n\n<div class=\"wp-block-post-date\"><time datetime=\"2024-10-08T20:14:21+02:00\">8 octobre 2024<\/time><\/div><\/div><\/div>\n\n<\/li><li class=\"wp-block-post post-4953 post type-post status-publish format-standard category-examens czr-hentry\">\n\n<div class=\"wp-block-group\" style=\"padding-top:30px;padding-right:30px;padding-bottom:30px;padding-left:30px\"><div class=\"wp-block-group__inner-container is-layout-flow wp-block-group-is-layout-flow\"><h2 class=\"wp-block-post-title has-text-color has-white-color has-background has-vivid-purple-background-color\"><a href=\"https:\/\/pedagogie.ac-lille.fr\/eps\/5-tableaux-synthetique-des-enseignements-et-dispositifs-lies-a-leps\/\" target=\"_self\" >5-Enseignements et Dispositifs li\u00e9s \u00e0 l&rsquo;EPS<\/a><\/h2>\n\n<div class=\"wp-block-post-excerpt\"><p class=\"wp-block-post-excerpt__excerpt\"> <\/p><\/div>\n\n<div class=\"wp-block-post-date\"><time datetime=\"2022-10-05T11:30:55+02:00\">5 octobre 2022<\/time><\/div><\/div><\/div>\n\n<\/li><li class=\"wp-block-post post-1628 post type-post status-publish format-standard category-examens czr-hentry\">\n\n<div class=\"wp-block-group\" style=\"padding-top:30px;padding-right:30px;padding-bottom:30px;padding-left:30px\"><div class=\"wp-block-group__inner-container is-layout-flow wp-block-group-is-layout-flow\"><h2 class=\"wp-block-post-title has-text-color has-white-color has-background has-vivid-purple-background-color\"><a href=\"https:\/\/pedagogie.ac-lille.fr\/eps\/2-voie-bgt\/\" target=\"_self\" >2-Voie BGT<\/a><\/h2>\n\n<div class=\"wp-block-post-excerpt\"><p class=\"wp-block-post-excerpt__excerpt\">Examens Bac G\u00e9n\u00e9ral et Technologique <\/p><\/div>\n\n<div class=\"wp-block-post-date\"><time datetime=\"2022-03-09T11:31:00+01:00\">9 mars 2022<\/time><\/div><\/div><\/div>\n\n<\/li><li class=\"wp-block-post post-1631 post type-post status-publish format-standard category-examens czr-hentry\">\n\n<div class=\"wp-block-group\" style=\"padding-top:30px;padding-right:30px;padding-bottom:30px;padding-left:30px\"><div class=\"wp-block-group__inner-container is-layout-flow wp-block-group-is-layout-flow\"><h2 class=\"wp-block-post-title has-text-color has-white-color has-background has-vivid-purple-background-color\"><a href=\"https:\/\/pedagogie.ac-lille.fr\/eps\/3-voie-pro-bcp-cap\/\" target=\"_self\" >3-Voie Pro BCP \/ CAP<\/a><\/h2>\n\n<div class=\"wp-block-post-excerpt\"><p class=\"wp-block-post-excerpt__excerpt\">Examens Bac Professionnel et CAP <\/p><\/div>\n\n<div class=\"wp-block-post-date\"><time datetime=\"2022-03-08T11:42:41+01:00\">8 mars 2022<\/time><\/div><\/div><\/div>\n\n<\/li><\/ul>\n\n\n<div class=\"wp-block-query is-layout-flow wp-block-query-is-layout-flow\"><ul class=\"is-flex-container columns-3 wp-block-post-template is-layout-flow wp-block-post-template-is-layout-flow\"><li class=\"wp-block-post post-8409 post type-post status-publish format-standard category-examens czr-hentry\">\n<h2 class=\"wp-block-post-title\">1-DNB EPS<\/h2>\n\n<div class=\"wp-block-post-date\"><time datetime=\"2026-02-28T10:32:20+01:00\">28 f\u00e9vrier 2026<\/time><\/div>\n<\/li><li class=\"wp-block-post post-7002 post type-post status-publish format-standard category-examens czr-hentry\">\n<h2 class=\"wp-block-post-title\">7-CFA\/UFA publics et priv\u00e9s et pour les \u00e9tablissements du minist\u00e8re de l\u2019Alimentation, de l\u2019agriculture et des for\u00eats<\/h2>\n\n<div class=\"wp-block-post-date\"><time datetime=\"2024-10-10T11:50:23+02:00\">10 octobre 2024<\/time><\/div>\n<\/li><li class=\"wp-block-post post-6983 post type-post status-publish format-standard category-examens czr-hentry\">\n<h2 class=\"wp-block-post-title\">6-Rapport Examens<\/h2>\n\n<div class=\"wp-block-post-date\"><time datetime=\"2024-10-08T20:14:21+02:00\">8 octobre 2024<\/time><\/div>\n<\/li><\/ul>\n\n<nav class=\"wp-block-query-pagination is-layout-flex wp-block-query-pagination-is-layout-flex\" aria-label=\"Pagination\">\n\n\n<div class=\"wp-block-query-pagination-numbers\"><span aria-current=\"page\" class=\"page-numbers current\">1<\/span>\n<a class=\"page-numbers\" href=\"?query-8-page=2\">2<\/a>\n<a class=\"page-numbers\" href=\"?query-8-page=3\">3<\/a><\/div>\n\n<a href=\"\/eps\/wp-json\/wp\/v2\/pages\/1084?query-8-page=2\" class=\"wp-block-query-pagination-next\">Page suivante<\/a>\n<\/nav><\/div>\n<\/div>\n","protected":false},"excerpt":{"rendered":"<p>Accueil examens Mise en page Bloc WordPress<\/p>\n","protected":false},"author":42,"featured_media":240,"parent":1475,"menu_order":0,"comment_status":"closed","ping_status":"closed","template":"","meta":{"footnotes":""},"class_list":["post-1084","page","type-page","status-publish","has-post-thumbnail","czr-hentry"],"publishpress_future_action":{"enabled":false,"date":"2026-04-18 05:48:35","action":"change-status","newStatus":"draft","terms":[],"taxonomy":"","extraData":[]},"publishpress_future_workflow_manual_trigger":{"enabledWorkflows":[]},"_links":{"self":[{"href":"https:\/\/pedagogie.ac-lille.fr\/eps\/wp-json\/wp\/v2\/pages\/1084","targetHints":{"allow":["GET"]}}],"collection":[{"href":"https:\/\/pedagogie.ac-lille.fr\/eps\/wp-json\/wp\/v2\/pages"}],"about":[{"href":"https:\/\/pedagogie.ac-lille.fr\/eps\/wp-json\/wp\/v2\/types\/page"}],"author":[{"embeddable":true,"href":"https:\/\/pedagogie.ac-lille.fr\/eps\/wp-json\/wp\/v2\/users\/42"}],"replies":[{"embeddable":true,"href":"https:\/\/pedagogie.ac-lille.fr\/eps\/wp-json\/wp\/v2\/comments?post=1084"}],"version-history":[{"count":11,"href":"https:\/\/pedagogie.ac-lille.fr\/eps\/wp-json\/wp\/v2\/pages\/1084\/revisions"}],"predecessor-version":[{"id":3694,"href":"https:\/\/pedagogie.ac-lille.fr\/eps\/wp-json\/wp\/v2\/pages\/1084\/revisions\/3694"}],"up":[{"embeddable":true,"href":"https:\/\/pedagogie.ac-lille.fr\/eps\/wp-json\/wp\/v2\/pages\/1475"}],"wp:featuredmedia":[{"embeddable":true,"href":"https:\/\/pedagogie.ac-lille.fr\/eps\/wp-json\/wp\/v2\/media\/240"}],"wp:attachment":[{"href":"https:\/\/pedagogie.ac-lille.fr\/eps\/wp-json\/wp\/v2\/media?parent=1084"}],"curies":[{"name":"wp","href":"https:\/\/api.w.org\/{rel}","templated":true}]}}