{"id":3786,"date":"2022-04-12T11:57:33","date_gmt":"2022-04-12T09:57:33","guid":{"rendered":"https:\/\/pedagogie.ac-lille.fr\/eps\/?page_id=3786"},"modified":"2026-01-12T01:08:43","modified_gmt":"2026-01-12T00:08:43","slug":"generation-2030","status":"publish","type":"page","link":"https:\/\/pedagogie.ac-lille.fr\/eps\/generation-2030\/","title":{"rendered":"G\u00e9n\u00e9ration 2030"},"content":{"rendered":"","protected":false},"excerpt":{"rendered":"<p>G\u00e9n\u00e9ration 2024<\/p>\n","protected":false},"author":42,"featured_media":0,"parent":0,"menu_order":0,"comment_status":"closed","ping_status":"closed","template":"","meta":{"footnotes":""},"class_list":["post-3786","page","type-page","status-publish","czr-hentry"],"publishpress_future_action":{"enabled":false,"date":"2026-04-18 07:48:43","action":"change-status","newStatus":"draft","terms":[],"taxonomy":"","extraData":[]},"publishpress_future_workflow_manual_trigger":{"enabledWorkflows":[]},"_links":{"self":[{"href":"https:\/\/pedagogie.ac-lille.fr\/eps\/wp-json\/wp\/v2\/pages\/3786","targetHints":{"allow":["GET"]}}],"collection":[{"href":"https:\/\/pedagogie.ac-lille.fr\/eps\/wp-json\/wp\/v2\/pages"}],"about":[{"href":"https:\/\/pedagogie.ac-lille.fr\/eps\/wp-json\/wp\/v2\/types\/page"}],"author":[{"embeddable":true,"href":"https:\/\/pedagogie.ac-lille.fr\/eps\/wp-json\/wp\/v2\/users\/42"}],"replies":[{"embeddable":true,"href":"https:\/\/pedagogie.ac-lille.fr\/eps\/wp-json\/wp\/v2\/comments?post=3786"}],"version-history":[{"count":2,"href":"https:\/\/pedagogie.ac-lille.fr\/eps\/wp-json\/wp\/v2\/pages\/3786\/revisions"}],"predecessor-version":[{"id":8303,"href":"https:\/\/pedagogie.ac-lille.fr\/eps\/wp-json\/wp\/v2\/pages\/3786\/revisions\/8303"}],"wp:attachment":[{"href":"https:\/\/pedagogie.ac-lille.fr\/eps\/wp-json\/wp\/v2\/media?parent=3786"}],"curies":[{"name":"wp","href":"https:\/\/api.w.org\/{rel}","templated":true}]}}