{"id":5128,"date":"2022-10-18T11:00:23","date_gmt":"2022-10-18T09:00:23","guid":{"rendered":"https:\/\/pedagogie.ac-lille.fr\/eps\/?page_id=5128"},"modified":"2026-03-13T09:30:27","modified_gmt":"2026-03-13T08:30:27","slug":"formation-voie-pro","status":"publish","type":"page","link":"https:\/\/pedagogie.ac-lille.fr\/eps\/formation-voie-pro\/","title":{"rendered":"FORMATIONS VOIE PRO"},"content":{"rendered":"\n<figure class=\"wp-block-image size-large\"><a href=\"https:\/\/www.google.fr\/maps\/d\/embed?mid=1Sl2v7q2OG9g_fxl6i0h3yYlMJjLz0JQ&amp;ehbc=2E312F&amp;ll=50.66513577385511%2C3.783371892044123&amp;z=9\" target=\"_blank\" rel=\" noreferrer noopener\"><img loading=\"lazy\" decoding=\"async\" width=\"1024\" height=\"715\" src=\"http:\/\/pedagogie.ac-lille.fr\/eps\/wp-content\/uploads\/sites\/26\/2026\/03\/Cartographie-de-la-filiere-metiers-du-sport-dans-la-voie-professionnelle-1024x715.jpg\" alt=\"\" class=\"wp-image-8472\" srcset=\"https:\/\/pedagogie.ac-lille.fr\/eps\/wp-content\/uploads\/sites\/26\/2026\/03\/Cartographie-de-la-filiere-metiers-du-sport-dans-la-voie-professionnelle-1024x715.jpg 1024w, https:\/\/pedagogie.ac-lille.fr\/eps\/wp-content\/uploads\/sites\/26\/2026\/03\/Cartographie-de-la-filiere-metiers-du-sport-dans-la-voie-professionnelle-300x209.jpg 300w, https:\/\/pedagogie.ac-lille.fr\/eps\/wp-content\/uploads\/sites\/26\/2026\/03\/Cartographie-de-la-filiere-metiers-du-sport-dans-la-voie-professionnelle-768x536.jpg 768w, https:\/\/pedagogie.ac-lille.fr\/eps\/wp-content\/uploads\/sites\/26\/2026\/03\/Cartographie-de-la-filiere-metiers-du-sport-dans-la-voie-professionnelle.jpg 1087w\" sizes=\"auto, (max-width: 1024px) 100vw, 1024px\" \/><\/a><\/figure>\n\n\n<style>\n       .errordiv { padding:10px; margin:10px; border: 1px solid #555555;color: #000000;background-color: #f8f8f8; width:500px; }#advanced_iframe {visibility:visible;opacity:1;vertical-align:top;}.ai-info-bottom-iframe { position: fixed; z-index: 10000; bottom:0; left: 0; margin: 0px; text-align: center; width: 100%; background-color: #ff9999; padding-left: 5px;padding-bottom: 5px; border-top: 1px solid #aaa } a.ai-bold {font-weight: bold;}#ai-layer-div-advanced_iframe p {height:100%;margin:0;padding:0}<\/style><script type=\"text\/javascript\">var ai_iframe_width_advanced_iframe = 0;var ai_iframe_height_advanced_iframe = 0;var aiOnloadScrollTop=\"true\";var aiShowDebug=false;\n\t\tif (typeof aiReadyCallbacks === 'undefined') {\n\t\t\tvar aiReadyCallbacks = [];\n\t\t} else if (!(aiReadyCallbacks instanceof Array)) {\n\t\t\tvar aiReadyCallbacks = [];\n\t\t}    function aiShowIframeId(id_iframe) { jQuery(\"#\"+id_iframe).css(\"visibility\", \"visible\");    }    function aiResizeIframeHeight(height) { aiResizeIframeHeight(height,advanced_iframe); }    function aiResizeIframeHeightId(height,width,id) {aiResizeIframeHeightById(id,height);}<\/script><a href=\"https:\/\/www.google.fr\/maps\/d\/embed?mid=1Sl2v7q2OG9g_fxl6i0h3yYlMJjLz0JQ&#038;ehbc=2E312F\" target=\"_blank\" rel=\"noopener\">Contenu embarqu\u00e9 non autoris\u00e9<\/a><script type=\"text\/javascript\">var ifrm_advanced_iframe = document.getElementById(\"advanced_iframe\");var hiddenTabsDoneadvanced_iframe = false;\nfunction resizeCallbackadvanced_iframe() {}<\/script><script type=\"text\/javascript\"><\/script><p style=\"display:block !important; visibility:visible !important;margin: -18px 14px 0 0;padding-left: 3px;padding-top:3px;background: white; overflow: hidden; position: relative; line-height:15px;width: fit-content;\"><small style=\"display:block !important;visibility:visible !important\">powered by Advanced iFrame<\/small><\/p>\n\n\n<div style=\"height:20px\" aria-hidden=\"true\" class=\"wp-block-spacer\"><\/div>\n\n\n\n<div class=\"wp-block-columns is-layout-flex wp-container-core-columns-is-layout-28f84493 wp-block-columns-is-layout-flex\">\n<div class=\"wp-block-column is-layout-flow wp-block-column-is-layout-flow\" style=\"flex-basis:50%\">\n<div class=\"wp-block-columns is-layout-flex wp-container-core-columns-is-layout-28f84493 wp-block-columns-is-layout-flex\">\n<div class=\"wp-block-column is-layout-flow wp-block-column-is-layout-flow\" style=\"flex-basis:100%\">\n<figure class=\"wp-block-image size-large is-resized\"><img loading=\"lazy\" decoding=\"async\" width=\"1012\" height=\"1024\" src=\"https:\/\/pedagogie.ac-lille.fr\/eps\/wp-content\/uploads\/sites\/26\/2023\/03\/legende-carte-FMS-1012x1024.png\" alt=\"\" class=\"wp-image-5776\" style=\"width:348px;height:353px\" srcset=\"https:\/\/pedagogie.ac-lille.fr\/eps\/wp-content\/uploads\/sites\/26\/2023\/03\/legende-carte-FMS-1012x1024.png 1012w, https:\/\/pedagogie.ac-lille.fr\/eps\/wp-content\/uploads\/sites\/26\/2023\/03\/legende-carte-FMS-297x300.png 297w, https:\/\/pedagogie.ac-lille.fr\/eps\/wp-content\/uploads\/sites\/26\/2023\/03\/legende-carte-FMS-80x80.png 80w, https:\/\/pedagogie.ac-lille.fr\/eps\/wp-content\/uploads\/sites\/26\/2023\/03\/legende-carte-FMS-768x777.png 768w, https:\/\/pedagogie.ac-lille.fr\/eps\/wp-content\/uploads\/sites\/26\/2023\/03\/legende-carte-FMS-1519x1536.png 1519w, https:\/\/pedagogie.ac-lille.fr\/eps\/wp-content\/uploads\/sites\/26\/2023\/03\/legende-carte-FMS-2025x2048.png 2025w\" sizes=\"auto, (max-width: 1012px) 100vw, 1012px\" \/><\/figure>\n<\/div>\n<\/div>\n<\/div>\n\n\n\n<div class=\"wp-block-column is-layout-flow wp-block-column-is-layout-flow\" style=\"flex-basis:50%\">\n<p><\/p>\n\n\n\n<p class=\"has-medium-font-size\"><strong>Options des Mentions Compl\u00e9mentaires :<\/strong><br>&#8211;&nbsp;APT = Activit\u00e9s Physiques pour Tous<br>&#8211;&nbsp;AAN = Activit\u00e9s Aquatiques et de la Natation<br>&#8211;&nbsp;AF&nbsp;: Activit\u00e9s de la forme \u2013 cours collectifs ou halt\u00e9rophilie et musculation.<\/p>\n\n\n\n<p class=\"has-medium-font-size\">Pour acc\u00e9der aux diff\u00e9rents \u00e9tablissements, cliquez sur le petit volet en haut \u00e0 gauche de la carte et sur la petite fl\u00e8che pour d\u00e9ployer la liste.<\/p>\n\n\n\n<div class=\"wp-block-buttons is-layout-flex wp-block-buttons-is-layout-flex\">\n<div class=\"wp-block-button is-style-fill\"><a class=\"wp-block-button__link has-background wp-element-button\" href=\"https:\/\/pedagogie.ac-lille.fr\/eps\/wp-content\/uploads\/sites\/26\/2023\/03\/Liste-FMS-Site-Academique.pdf\" style=\"background-color:#a12983\" target=\"_blank\" rel=\"noreferrer noopener\">T\u00e9l\u00e9charger la liste des \u00e9tablissements<\/a><\/div>\n<\/div>\n<\/div>\n<\/div>\n\n\n\n<div style=\"height:50px\" aria-hidden=\"true\" class=\"wp-block-spacer\"><\/div>\n\n\n\n<div class=\"wp-block-columns is-layout-flex wp-container-core-columns-is-layout-28f84493 wp-block-columns-is-layout-flex\">\n<div class=\"wp-block-column is-layout-flow wp-block-column-is-layout-flow\" style=\"flex-basis:50%\">\n<figure class=\"wp-block-image size-full is-resized\"><img loading=\"lazy\" decoding=\"async\" width=\"960\" height=\"720\" src=\"https:\/\/pedagogie.ac-lille.fr\/eps\/wp-content\/uploads\/sites\/26\/2022\/10\/Presentation-UF2S-MCAG2S-MCE2S.jpg\" alt=\"\" class=\"wp-image-5145\" style=\"width:480px;height:360px\" srcset=\"https:\/\/pedagogie.ac-lille.fr\/eps\/wp-content\/uploads\/sites\/26\/2022\/10\/Presentation-UF2S-MCAG2S-MCE2S.jpg 960w, https:\/\/pedagogie.ac-lille.fr\/eps\/wp-content\/uploads\/sites\/26\/2022\/10\/Presentation-UF2S-MCAG2S-MCE2S-300x225.jpg 300w, https:\/\/pedagogie.ac-lille.fr\/eps\/wp-content\/uploads\/sites\/26\/2022\/10\/Presentation-UF2S-MCAG2S-MCE2S-768x576.jpg 768w\" sizes=\"auto, (max-width: 960px) 100vw, 960px\" \/><\/figure>\n<\/div>\n\n\n\n<div class=\"wp-block-column is-layout-flow wp-block-column-is-layout-flow\" style=\"flex-basis:50%\">\n<p class=\"has-medium-font-size\">Se former \u00e0 l\u2019animation sportive en parall\u00e8le de sa sp\u00e9cialit\u00e9 de baccalaur\u00e9at professionnel, c\u2019est possible gr\u00e2ce \u00e0 l\u2019Unit\u00e9 professionnelle facultative Secteur sportif (UF2S). Par ailleurs, l\u2019offre de deux mentions compl\u00e9mentaires dans le champ sportif (MC AG2S ; MC E2S) permet un choix de parcours vari\u00e9s pour les \u00e9l\u00e8ves.<\/p>\n<\/div>\n<\/div>\n\n\n\n<div class=\"wp-block-buttons is-layout-flex wp-block-buttons-is-layout-flex\">\n<div class=\"wp-block-button has-custom-width wp-block-button__width-100 is-style-fill\"><a class=\"wp-block-button__link has-white-color has-text-color has-background has-medium-font-size has-custom-font-size wp-element-button\" style=\"border-radius:0px;background-color:#9873b9\">Pr\u00e9sentation des Formations<\/a><\/div>\n<\/div>\n\n\n<a href=\"https:\/\/pedagogie.ac-lille.fr\/eps\/wp-content\/uploads\/sites\/26\/2022\/10\/Presentation-UF2S-_-MCAG2S_MCE2S.pdf\" class=\"pdfemb-viewer\" style=\"height:800px;\" data-width=\"max\" data-height=\"800\" data-toolbar=\"bottom\" data-toolbar-fixed=\"on\">Presentation-UF2S-_-MCAG2S_MCE2S<\/a>\n<p class=\"wp-block-pdfemb-pdf-embedder-viewer\"><\/p>\n\n\n\n<div class=\"wp-block-buttons is-layout-flex wp-block-buttons-is-layout-flex\">\n<div class=\"wp-block-button is-style-fill\"><a class=\"wp-block-button__link has-background wp-element-button\" href=\"https:\/\/pedagogie.ac-lille.fr\/eps\/wp-content\/uploads\/sites\/26\/2022\/10\/Presentation-UF2S-_-MCAG2S_MCE2S.pdf\" style=\"background-color:#714288\">T\u00e9l\u00e9charger le pdf<\/a><\/div>\n<\/div>\n","protected":false},"excerpt":{"rendered":"<p>Options des Mentions Compl\u00e9mentaires :&#8211;&nbsp;APT = Activit\u00e9s Physiques pour Tous&#8211;&nbsp;AAN = Activit\u00e9s Aquatiques et de la Natation&#8211;&nbsp;AF&nbsp;: Activit\u00e9s de la forme \u2013 cours collectifs ou halt\u00e9rophilie et musculation. Pour acc\u00e9der [&hellip;]<\/p>\n","protected":false},"author":42,"featured_media":0,"parent":0,"menu_order":0,"comment_status":"closed","ping_status":"closed","template":"","meta":{"footnotes":""},"class_list":["post-5128","page","type-page","status-publish","czr-hentry"],"publishpress_future_action":{"enabled":false,"date":"2026-04-18 07:31:09","action":"change-status","newStatus":"draft","terms":[],"taxonomy":"","extraData":[]},"publishpress_future_workflow_manual_trigger":{"enabledWorkflows":[]},"_links":{"self":[{"href":"https:\/\/pedagogie.ac-lille.fr\/eps\/wp-json\/wp\/v2\/pages\/5128","targetHints":{"allow":["GET"]}}],"collection":[{"href":"https:\/\/pedagogie.ac-lille.fr\/eps\/wp-json\/wp\/v2\/pages"}],"about":[{"href":"https:\/\/pedagogie.ac-lille.fr\/eps\/wp-json\/wp\/v2\/types\/page"}],"author":[{"embeddable":true,"href":"https:\/\/pedagogie.ac-lille.fr\/eps\/wp-json\/wp\/v2\/users\/42"}],"replies":[{"embeddable":true,"href":"https:\/\/pedagogie.ac-lille.fr\/eps\/wp-json\/wp\/v2\/comments?post=5128"}],"version-history":[{"count":20,"href":"https:\/\/pedagogie.ac-lille.fr\/eps\/wp-json\/wp\/v2\/pages\/5128\/revisions"}],"predecessor-version":[{"id":8474,"href":"https:\/\/pedagogie.ac-lille.fr\/eps\/wp-json\/wp\/v2\/pages\/5128\/revisions\/8474"}],"wp:attachment":[{"href":"https:\/\/pedagogie.ac-lille.fr\/eps\/wp-json\/wp\/v2\/media?parent=5128"}],"curies":[{"name":"wp","href":"https:\/\/api.w.org\/{rel}","templated":true}]}}