{"id":7024,"date":"2024-10-16T09:29:27","date_gmt":"2024-10-16T07:29:27","guid":{"rendered":"https:\/\/pedagogie.ac-lille.fr\/eps\/?page_id=7024"},"modified":"2024-10-16T09:29:27","modified_gmt":"2024-10-16T07:29:27","slug":"essai-generalites","status":"publish","type":"page","link":"https:\/\/pedagogie.ac-lille.fr\/eps\/essai-generalites\/","title":{"rendered":"essai G\u00e9n\u00e9ralit\u00e9s"},"content":{"rendered":"","protected":false},"excerpt":{"rendered":"","protected":false},"author":42,"featured_media":0,"parent":0,"menu_order":0,"comment_status":"closed","ping_status":"closed","template":"","meta":{"footnotes":""},"class_list":["post-7024","page","type-page","status-publish","czr-hentry"],"publishpress_future_action":{"enabled":false,"date":"2026-04-18 13:15:11","action":"change-status","newStatus":"draft","terms":[],"taxonomy":"","extraData":[]},"publishpress_future_workflow_manual_trigger":{"enabledWorkflows":[]},"_links":{"self":[{"href":"https:\/\/pedagogie.ac-lille.fr\/eps\/wp-json\/wp\/v2\/pages\/7024","targetHints":{"allow":["GET"]}}],"collection":[{"href":"https:\/\/pedagogie.ac-lille.fr\/eps\/wp-json\/wp\/v2\/pages"}],"about":[{"href":"https:\/\/pedagogie.ac-lille.fr\/eps\/wp-json\/wp\/v2\/types\/page"}],"author":[{"embeddable":true,"href":"https:\/\/pedagogie.ac-lille.fr\/eps\/wp-json\/wp\/v2\/users\/42"}],"replies":[{"embeddable":true,"href":"https:\/\/pedagogie.ac-lille.fr\/eps\/wp-json\/wp\/v2\/comments?post=7024"}],"version-history":[{"count":1,"href":"https:\/\/pedagogie.ac-lille.fr\/eps\/wp-json\/wp\/v2\/pages\/7024\/revisions"}],"predecessor-version":[{"id":7025,"href":"https:\/\/pedagogie.ac-lille.fr\/eps\/wp-json\/wp\/v2\/pages\/7024\/revisions\/7025"}],"wp:attachment":[{"href":"https:\/\/pedagogie.ac-lille.fr\/eps\/wp-json\/wp\/v2\/media?parent=7024"}],"curies":[{"name":"wp","href":"https:\/\/api.w.org\/{rel}","templated":true}]}}