{"id":7187,"date":"2024-10-17T17:26:16","date_gmt":"2024-10-17T15:26:16","guid":{"rendered":"https:\/\/pedagogie.ac-lille.fr\/eps\/?page_id=7187"},"modified":"2026-01-12T16:57:58","modified_gmt":"2026-01-12T15:57:58","slug":"formation-eafc","status":"publish","type":"page","link":"https:\/\/pedagogie.ac-lille.fr\/eps\/formation-eafc\/","title":{"rendered":"FORMATION EAFC"},"content":{"rendered":"\n<div class=\"wp-block-columns is-layout-flex wp-container-core-columns-is-layout-28f84493 wp-block-columns-is-layout-flex\">\n<div class=\"wp-block-column is-layout-flow wp-block-column-is-layout-flow\" style=\"flex-basis:60%\">\n<div class=\"wp-block-buttons is-horizontal is-content-justification-left is-layout-flex wp-container-core-buttons-is-layout-1a09bdc8 wp-block-buttons-is-layout-flex\">\n<div class=\"wp-block-button is-style-outline is-style-outline--1\"><a class=\"wp-block-button__link has-black-color has-luminous-vivid-amber-background-color has-text-color has-background has-link-color has-medium-font-size has-custom-font-size wp-element-button\" href=\"https:\/\/www1.ac-lille.fr\/eafc\" style=\"border-top-right-radius:0px\">Lien vers le site acad\u00e9mique de<br>L&rsquo;\u00c9cole Acad\u00e9mique de Formation Continue <strong>EAFC<\/strong><\/a><\/div>\n<\/div>\n\n\n\n<p>La cr\u00e9ation de l\u2019EAFC transforme la formation continue en permettant de construire des parcours et des formations au plus pr\u00e8s de vos besoins et de votre environnement de travail.<br>Les \u00e9coles d\u00e9finissent leurs formations selon les orientations du sch\u00e9ma directeur minist\u00e9riel de la formation continue. Cr\u00e9\u00e9 en 2019, il place l\u2019accompagnement personnalis\u00e9 comme une priorit\u00e9 du minist\u00e8re envers les personnels. Le sch\u00e9ma directeur pour 2022-2025 a \u00e9t\u00e9 publi\u00e9 au&nbsp;<a href=\"https:\/\/www.education.gouv.fr\/bo\/22\/Hebdo8\/MENH2201155C.htm\">bulletin officiel n\u00b08 du 24 f\u00e9vrier 2022<\/a>.<\/p>\n\n\n\n<figure class=\"wp-block-image size-large\"><a href=\"https:\/\/pedagogie.ac-lille.fr\/eps\/paf-disciplinaire-2025-2026\/\"><img loading=\"lazy\" decoding=\"async\" width=\"1024\" height=\"662\" src=\"http:\/\/pedagogie.ac-lille.fr\/eps\/wp-content\/uploads\/sites\/26\/2025\/10\/PAF-25-26-1024x662.jpg\" alt=\"\" class=\"wp-image-7898\" srcset=\"https:\/\/pedagogie.ac-lille.fr\/eps\/wp-content\/uploads\/sites\/26\/2025\/10\/PAF-25-26-1024x662.jpg 1024w, https:\/\/pedagogie.ac-lille.fr\/eps\/wp-content\/uploads\/sites\/26\/2025\/10\/PAF-25-26-300x194.jpg 300w, https:\/\/pedagogie.ac-lille.fr\/eps\/wp-content\/uploads\/sites\/26\/2025\/10\/PAF-25-26-768x497.jpg 768w, https:\/\/pedagogie.ac-lille.fr\/eps\/wp-content\/uploads\/sites\/26\/2025\/10\/PAF-25-26-1536x993.jpg 1536w, https:\/\/pedagogie.ac-lille.fr\/eps\/wp-content\/uploads\/sites\/26\/2025\/10\/PAF-25-26.jpg 1772w\" sizes=\"auto, (max-width: 1024px) 100vw, 1024px\" \/><\/a><\/figure>\n<\/div>\n\n\n\n<div class=\"wp-block-column is-layout-flow wp-block-column-is-layout-flow\" style=\"flex-basis:40%\">\n<figure class=\"wp-block-image size-large\"><a href=\"https:\/\/www1.ac-lille.fr\/eafc\" target=\"_blank\" rel=\"noreferrer noopener\"><img loading=\"lazy\" decoding=\"async\" width=\"1024\" height=\"683\" src=\"https:\/\/pedagogie.ac-lille.fr\/eps\/wp-content\/uploads\/sites\/26\/2024\/10\/Vignette-EAFC-1024x683.jpg\" alt=\"\" class=\"wp-image-7189\" srcset=\"https:\/\/pedagogie.ac-lille.fr\/eps\/wp-content\/uploads\/sites\/26\/2024\/10\/Vignette-EAFC-1024x683.jpg 1024w, https:\/\/pedagogie.ac-lille.fr\/eps\/wp-content\/uploads\/sites\/26\/2024\/10\/Vignette-EAFC-300x200.jpg 300w, https:\/\/pedagogie.ac-lille.fr\/eps\/wp-content\/uploads\/sites\/26\/2024\/10\/Vignette-EAFC-768x512.jpg 768w, https:\/\/pedagogie.ac-lille.fr\/eps\/wp-content\/uploads\/sites\/26\/2024\/10\/Vignette-EAFC.jpg 1134w\" sizes=\"auto, (max-width: 1024px) 100vw, 1024px\" \/><\/a><\/figure>\n<\/div>\n<\/div>\n\n\n\n<p><\/p>\n","protected":false},"excerpt":{"rendered":"<p>La cr\u00e9ation de l\u2019EAFC transforme la formation continue en permettant de construire des parcours et des formations au plus pr\u00e8s de vos besoins et de votre environnement de travail.Les \u00e9coles [&hellip;]<\/p>\n","protected":false},"author":42,"featured_media":0,"parent":0,"menu_order":0,"comment_status":"closed","ping_status":"closed","template":"","meta":{"footnotes":""},"class_list":["post-7187","page","type-page","status-publish","czr-hentry"],"publishpress_future_action":{"enabled":false,"date":"2026-04-18 07:31:37","action":"change-status","newStatus":"draft","terms":[],"taxonomy":"","extraData":[]},"publishpress_future_workflow_manual_trigger":{"enabledWorkflows":[]},"_links":{"self":[{"href":"https:\/\/pedagogie.ac-lille.fr\/eps\/wp-json\/wp\/v2\/pages\/7187","targetHints":{"allow":["GET"]}}],"collection":[{"href":"https:\/\/pedagogie.ac-lille.fr\/eps\/wp-json\/wp\/v2\/pages"}],"about":[{"href":"https:\/\/pedagogie.ac-lille.fr\/eps\/wp-json\/wp\/v2\/types\/page"}],"author":[{"embeddable":true,"href":"https:\/\/pedagogie.ac-lille.fr\/eps\/wp-json\/wp\/v2\/users\/42"}],"replies":[{"embeddable":true,"href":"https:\/\/pedagogie.ac-lille.fr\/eps\/wp-json\/wp\/v2\/comments?post=7187"}],"version-history":[{"count":15,"href":"https:\/\/pedagogie.ac-lille.fr\/eps\/wp-json\/wp\/v2\/pages\/7187\/revisions"}],"predecessor-version":[{"id":8323,"href":"https:\/\/pedagogie.ac-lille.fr\/eps\/wp-json\/wp\/v2\/pages\/7187\/revisions\/8323"}],"wp:attachment":[{"href":"https:\/\/pedagogie.ac-lille.fr\/eps\/wp-json\/wp\/v2\/media?parent=7187"}],"curies":[{"name":"wp","href":"https:\/\/api.w.org\/{rel}","templated":true}]}}