{"id":8507,"date":"2026-03-20T10:48:14","date_gmt":"2026-03-20T09:48:14","guid":{"rendered":"https:\/\/pedagogie.ac-lille.fr\/eps\/?page_id=8507"},"modified":"2026-03-20T11:57:49","modified_gmt":"2026-03-20T10:57:49","slug":"valeurs-de-la-republique","status":"publish","type":"page","link":"https:\/\/pedagogie.ac-lille.fr\/eps\/valeurs-de-la-republique\/","title":{"rendered":"VALEURS DE LA R\u00c9PUBLIQUE"},"content":{"rendered":"<ul class=\"wp-block-latest-posts__list wp-block-latest-posts\"><li><div class=\"wp-block-latest-posts__featured-image\"><img loading=\"lazy\" decoding=\"async\" width=\"300\" height=\"194\" src=\"https:\/\/pedagogie.ac-lille.fr\/eps\/wp-content\/uploads\/sites\/26\/2026\/03\/Fille-garcon-300x194.jpg\" class=\"attachment-medium size-medium no-lazy wp-post-image\" alt=\"\" style=\"\" srcset=\"https:\/\/pedagogie.ac-lille.fr\/eps\/wp-content\/uploads\/sites\/26\/2026\/03\/Fille-garcon-300x194.jpg 300w, https:\/\/pedagogie.ac-lille.fr\/eps\/wp-content\/uploads\/sites\/26\/2026\/03\/Fille-garcon-1024x662.jpg 1024w, https:\/\/pedagogie.ac-lille.fr\/eps\/wp-content\/uploads\/sites\/26\/2026\/03\/Fille-garcon-768x497.jpg 768w, https:\/\/pedagogie.ac-lille.fr\/eps\/wp-content\/uploads\/sites\/26\/2026\/03\/Fille-garcon-1536x993.jpg 1536w, https:\/\/pedagogie.ac-lille.fr\/eps\/wp-content\/uploads\/sites\/26\/2026\/03\/Fille-garcon.jpg 1772w\" sizes=\"auto, (max-width: 300px) 100vw, 300px\" \/><\/div><a class=\"wp-block-latest-posts__post-title\" href=\"https:\/\/pedagogie.ac-lille.fr\/eps\/egalite-fille-garcon\/\">\u00c9galit\u00e9 Fille-Gar\u00e7on<\/a><div class=\"wp-block-latest-posts__post-excerpt\">D\u00e9couvrez quelques ressources inspirantes pour comprendre, encourager et faire vivre l\u2019\u00e9galit\u00e9 entre les filles et les gar\u00e7ons en EPS<\/div><\/li>\n<\/ul>","protected":false},"excerpt":{"rendered":"","protected":false},"author":42,"featured_media":0,"parent":0,"menu_order":0,"comment_status":"closed","ping_status":"closed","template":"","meta":{"footnotes":""},"class_list":["post-8507","page","type-page","status-publish","czr-hentry"],"publishpress_future_action":{"enabled":false,"date":"2026-04-18 07:31:35","action":"change-status","newStatus":"draft","terms":[],"taxonomy":"","extraData":[]},"publishpress_future_workflow_manual_trigger":{"enabledWorkflows":[]},"_links":{"self":[{"href":"https:\/\/pedagogie.ac-lille.fr\/eps\/wp-json\/wp\/v2\/pages\/8507","targetHints":{"allow":["GET"]}}],"collection":[{"href":"https:\/\/pedagogie.ac-lille.fr\/eps\/wp-json\/wp\/v2\/pages"}],"about":[{"href":"https:\/\/pedagogie.ac-lille.fr\/eps\/wp-json\/wp\/v2\/types\/page"}],"author":[{"embeddable":true,"href":"https:\/\/pedagogie.ac-lille.fr\/eps\/wp-json\/wp\/v2\/users\/42"}],"replies":[{"embeddable":true,"href":"https:\/\/pedagogie.ac-lille.fr\/eps\/wp-json\/wp\/v2\/comments?post=8507"}],"version-history":[{"count":4,"href":"https:\/\/pedagogie.ac-lille.fr\/eps\/wp-json\/wp\/v2\/pages\/8507\/revisions"}],"predecessor-version":[{"id":8528,"href":"https:\/\/pedagogie.ac-lille.fr\/eps\/wp-json\/wp\/v2\/pages\/8507\/revisions\/8528"}],"wp:attachment":[{"href":"https:\/\/pedagogie.ac-lille.fr\/eps\/wp-json\/wp\/v2\/media?parent=8507"}],"curies":[{"name":"wp","href":"https:\/\/api.w.org\/{rel}","templated":true}]}}