{"id":561,"date":"2024-09-16T15:58:02","date_gmt":"2024-09-16T13:58:02","guid":{"rendered":"https:\/\/pedagogie.ac-lille.fr\/espagnol\/?page_id=561"},"modified":"2024-09-17T21:15:30","modified_gmt":"2024-09-17T19:15:30","slug":"test","status":"publish","type":"page","link":"https:\/\/pedagogie.ac-lille.fr\/espagnol\/","title":{"rendered":"\u00a1Bienvenidos!"},"content":{"rendered":"\n<p><\/p>\n\n\n\n<div class=\"wp-block-columns is-layout-flex wp-container-core-columns-is-layout-28f84493 wp-block-columns-is-layout-flex\">\n<div class=\"wp-block-column is-layout-flow wp-block-column-is-layout-flow\">\n<figure class=\"wp-block-image size-full is-resized\"><img loading=\"lazy\" decoding=\"async\" width=\"600\" height=\"600\" src=\"http:\/\/pedagogie.ac-lille.fr\/espagnol\/wp-content\/uploads\/sites\/29\/2024\/09\/Noticias.png\" alt=\"\" class=\"wp-image-350\" style=\"width:188px;height:auto\" srcset=\"https:\/\/pedagogie.ac-lille.fr\/espagnol\/wp-content\/uploads\/sites\/29\/2024\/09\/Noticias.png 600w, https:\/\/pedagogie.ac-lille.fr\/espagnol\/wp-content\/uploads\/sites\/29\/2024\/09\/Noticias-300x300.png 300w, https:\/\/pedagogie.ac-lille.fr\/espagnol\/wp-content\/uploads\/sites\/29\/2024\/09\/Noticias-150x150.png 150w, https:\/\/pedagogie.ac-lille.fr\/espagnol\/wp-content\/uploads\/sites\/29\/2024\/09\/Noticias-510x510.png 510w\" sizes=\"auto, (max-width: 600px) 100vw, 600px\" \/><\/figure>\n\n\n\n<h2 class=\"wp-block-heading has-text-align-center\"><a href=\"https:\/\/pedagogie.ac-lille.fr\/espagnol\/category\/actualites\/\">Noticias<\/a><\/h2>\n\n\n\n<p class=\"has-text-align-center\">Quoi de neuf ? Des actualit\u00e9s en lien avec les cultures hispaniques et l&rsquo;enseignement de l&rsquo;espagnol.<\/p>\n<\/div>\n\n\n\n<div class=\"wp-block-column is-layout-flow wp-block-column-is-layout-flow\" style=\"flex-basis:2%\"><\/div>\n\n\n\n<div class=\"wp-block-column is-layout-flow wp-block-column-is-layout-flow\">\n<figure class=\"wp-block-image size-full is-resized\"><img loading=\"lazy\" decoding=\"async\" width=\"600\" height=\"600\" src=\"http:\/\/pedagogie.ac-lille.fr\/espagnol\/wp-content\/uploads\/sites\/29\/2024\/09\/World-Map-Triangles-Prismatic.png\" alt=\"\" class=\"wp-image-363\" style=\"width:190px;height:auto\" srcset=\"https:\/\/pedagogie.ac-lille.fr\/espagnol\/wp-content\/uploads\/sites\/29\/2024\/09\/World-Map-Triangles-Prismatic.png 600w, https:\/\/pedagogie.ac-lille.fr\/espagnol\/wp-content\/uploads\/sites\/29\/2024\/09\/World-Map-Triangles-Prismatic-300x300.png 300w, https:\/\/pedagogie.ac-lille.fr\/espagnol\/wp-content\/uploads\/sites\/29\/2024\/09\/World-Map-Triangles-Prismatic-150x150.png 150w, https:\/\/pedagogie.ac-lille.fr\/espagnol\/wp-content\/uploads\/sites\/29\/2024\/09\/World-Map-Triangles-Prismatic-510x510.png 510w\" sizes=\"auto, (max-width: 600px) 100vw, 600px\" \/><\/figure>\n\n\n\n<h2 class=\"wp-block-heading has-text-align-center\"><a href=\"https:\/\/pedagogie.ac-lille.fr\/langues-vivantes\/\">Portail langues vivantes<\/a><\/h2>\n\n\n\n<p class=\"has-text-align-center\">Le portail langues vivantes est toujours l\u00e0 ! Il regroupe toutes les informations et ressources communes \u00e0 l&rsquo;ensemble des langues et est r\u00e9guli\u00e8rement enrichi. Continuez \u00e0 le consulter !<\/p>\n\n\n\n<div class=\"wp-block-buttons is-layout-flex wp-block-buttons-is-layout-flex\"><\/div>\n<\/div>\n\n\n\n<div class=\"wp-block-column is-layout-flow wp-block-column-is-layout-flow\" style=\"flex-basis:2%\"><\/div>\n\n\n\n<div class=\"wp-block-column is-layout-flow wp-block-column-is-layout-flow\">\n<figure class=\"wp-block-image size-full is-resized\"><img loading=\"lazy\" decoding=\"async\" width=\"600\" height=\"600\" src=\"http:\/\/pedagogie.ac-lille.fr\/espagnol\/wp-content\/uploads\/sites\/29\/2024\/09\/nuevo-cholito.png\" alt=\"\" class=\"wp-image-361\" style=\"width:192px;height:auto\" srcset=\"https:\/\/pedagogie.ac-lille.fr\/espagnol\/wp-content\/uploads\/sites\/29\/2024\/09\/nuevo-cholito.png 600w, https:\/\/pedagogie.ac-lille.fr\/espagnol\/wp-content\/uploads\/sites\/29\/2024\/09\/nuevo-cholito-300x300.png 300w, https:\/\/pedagogie.ac-lille.fr\/espagnol\/wp-content\/uploads\/sites\/29\/2024\/09\/nuevo-cholito-150x150.png 150w, https:\/\/pedagogie.ac-lille.fr\/espagnol\/wp-content\/uploads\/sites\/29\/2024\/09\/nuevo-cholito-510x510.png 510w\" sizes=\"auto, (max-width: 600px) 100vw, 600px\" \/><\/figure>\n\n\n\n<h2 class=\"wp-block-heading has-text-align-center\"><a href=\"https:\/\/pedagogie.ac-lille.fr\/espagnol\/les-inspecteurs-despagnol-de-lacademie-de-lille\/\" data-type=\"page\" data-id=\"607\">Contactos<\/a><\/h2>\n\n\n\n<p class=\"has-text-align-center\">Les inspecteurs et les charg\u00e9s de mission d\u2019inspection sont l\u00e0 pour vous accompagner. N\u2019h\u00e9sitez pas \u00e0 les joindre.<\/p>\n<\/div>\n<\/div>\n\n\n\n<p>L\u2019\u00e9quipe des IA-IPR d\u2019espagnol de l\u2019acad\u00e9mie de Lille est heureuse de vous accueillir sur le site d\u00e9di\u00e9 \u00e0 l\u2019enseignement de l\u2019espagnol sur le territoire. Ce site vient en compl\u00e9ment du portail langues vivantes.<\/p>\n\n\n\n<p>Ce site est le v\u00f4tre. N\u2019h\u00e9sitez pas \u00e0 nous faire part de vos commentaires et remarques, afin que nous puissions en faire un outil utile, agr\u00e9able et adapt\u00e9 \u00e0 vos pratiques au quotidien.<\/p>\n\n\n\n<p>Bonne visite !<\/p>\n\n\n\n<p>Pour acc\u00e9der aux diff\u00e9rentes ressources de ce portail, cliquez sur les rubriques qui apparaissent ci-dessous :<\/p>\n\n\n<style>\n       .errordiv { padding:10px; margin:10px; border: 1px solid #555555;color: #000000;background-color: #f8f8f8; width:500px; }#advanced_iframe {visibility:visible;opacity:1;vertical-align:top;}.ai-info-bottom-iframe { position: fixed; z-index: 10000; bottom:0; left: 0; margin: 0px; text-align: center; width: 100%; background-color: #ff9999; padding-left: 5px;padding-bottom: 5px; border-top: 1px solid #aaa } a.ai-bold {font-weight: bold;}#ai-layer-div-advanced_iframe p {height:100%;margin:0;padding:0}<\/style><script type=\"text\/javascript\">var ai_iframe_width_advanced_iframe = 0;var ai_iframe_height_advanced_iframe = 0;function aiReceiveMessageadvanced_iframe(event) {  aiProcessMessage(event,\"advanced_iframe\", \"true\",\"\",\"false\",\"false\");}if (window.addEventListener) {  window.addEventListener(\"message\", aiReceiveMessageadvanced_iframe);} else if (el.attachEvent)  {  el.attachEvent(\"message\", aiReceiveMessageadvanced_iframe);}var aiOnloadScrollTop=\"true\";var aiShowDebug=false;\n\t\tif (typeof aiReadyCallbacks === 'undefined') {\n\t\t\tvar aiReadyCallbacks = [];\n\t\t} else if (!(aiReadyCallbacks instanceof Array)) {\n\t\t\tvar aiReadyCallbacks = [];\n\t\t}    function aiShowIframeId(id_iframe) { jQuery(\"#\"+id_iframe).css(\"visibility\", \"visible\");    }    function aiResizeIframeHeight(height) { aiResizeIframeHeight(height,advanced_iframe); }    function aiResizeIframeHeightId(height,width,id) {aiResizeIframeHeightById(id,height);}<\/script><iframe id=\"advanced_iframe\"  name=\"advanced_iframe\"  src=\"https:\/\/view.genially.com\/66e8835559919e4df4640283\"  width=\"100%\"  height=\"600\"  frameborder=\"0\"  border=\"0\"  allowtransparency=\"true\"  loading=\"lazy\"  style=\";border-width: 0px;;border: none;;width:100%;;height:600px;\" ><\/iframe><script type=\"text\/javascript\">var ifrm_advanced_iframe = document.getElementById(\"advanced_iframe\");var hiddenTabsDoneadvanced_iframe = false;\nfunction resizeCallbackadvanced_iframe() {}<\/script><script type=\"text\/javascript\"><\/script><p style=\"display:block !important; visibility:visible !important;margin: -18px 14px 0 0;padding-left: 3px;padding-top:3px;background: white; overflow: hidden; position: relative; line-height:15px;width: fit-content;\"><small style=\"display:block !important;visibility:visible !important\">powered by Advanced iFrame<\/small><\/p>","protected":false},"excerpt":{"rendered":"<p>Noticias Quoi de neuf ? Des actualit\u00e9s en lien avec les cultures hispaniques et l&rsquo;enseignement de l&rsquo;espagnol. Portail langues vivantes Le portail langues vivantes est toujours l\u00e0 ! Il regroupe toutes les informations et ressources communes \u00e0 l&rsquo;ensemble des langues et est r\u00e9guli\u00e8rement enrichi. Continuez \u00e0 le consulter ! Contactos Les inspecteurs et les charg\u00e9s [&hellip;]<\/p>\n","protected":false},"author":79,"featured_media":0,"parent":0,"menu_order":0,"comment_status":"closed","ping_status":"closed","template":"","meta":{"ngg_post_thumbnail":0,"footnotes":""},"class_list":["post-561","page","type-page","status-publish","czr-hentry"],"publishpress_future_action":{"enabled":false,"date":"2026-04-23 06:53:52","action":"change-status","newStatus":"draft","terms":[],"taxonomy":"","extraData":[]},"publishpress_future_workflow_manual_trigger":{"enabledWorkflows":[]},"_links":{"self":[{"href":"https:\/\/pedagogie.ac-lille.fr\/espagnol\/wp-json\/wp\/v2\/pages\/561","targetHints":{"allow":["GET"]}}],"collection":[{"href":"https:\/\/pedagogie.ac-lille.fr\/espagnol\/wp-json\/wp\/v2\/pages"}],"about":[{"href":"https:\/\/pedagogie.ac-lille.fr\/espagnol\/wp-json\/wp\/v2\/types\/page"}],"author":[{"embeddable":true,"href":"https:\/\/pedagogie.ac-lille.fr\/espagnol\/wp-json\/wp\/v2\/users\/79"}],"replies":[{"embeddable":true,"href":"https:\/\/pedagogie.ac-lille.fr\/espagnol\/wp-json\/wp\/v2\/comments?post=561"}],"version-history":[{"count":18,"href":"https:\/\/pedagogie.ac-lille.fr\/espagnol\/wp-json\/wp\/v2\/pages\/561\/revisions"}],"predecessor-version":[{"id":675,"href":"https:\/\/pedagogie.ac-lille.fr\/espagnol\/wp-json\/wp\/v2\/pages\/561\/revisions\/675"}],"wp:attachment":[{"href":"https:\/\/pedagogie.ac-lille.fr\/espagnol\/wp-json\/wp\/v2\/media?parent=561"}],"curies":[{"name":"wp","href":"https:\/\/api.w.org\/{rel}","templated":true}]}}