{"id":607,"date":"2024-09-17T13:23:26","date_gmt":"2024-09-17T11:23:26","guid":{"rendered":"https:\/\/pedagogie.ac-lille.fr\/espagnol\/?page_id=607"},"modified":"2024-09-17T13:23:26","modified_gmt":"2024-09-17T11:23:26","slug":"les-inspecteurs-despagnol-de-lacademie-de-lille","status":"publish","type":"page","link":"https:\/\/pedagogie.ac-lille.fr\/espagnol\/les-inspecteurs-despagnol-de-lacademie-de-lille\/","title":{"rendered":"Les inspecteurs d&rsquo;espagnol de l&rsquo;acad\u00e9mie de Lille"},"content":{"rendered":"\n<figure class=\"wp-block-table\"><table><tbody><tr><td><strong>IA-IPR<\/strong><\/td><td><strong>Mail<\/strong><\/td><td><strong>Bassins<\/strong><\/td><\/tr><tr><td>Albin CATTIAUX<\/td><td>albin.cattiaux@ac-lille.fr<\/td><td>Lille Centre<br>Sambre-Avesnois<\/td><\/tr><tr><td>Julien COTS<\/td><td>julien.cots@ac-lille.fr<\/td><td>Lille OUEST<br>Lille EST<br>Lens H\u00e9nin Li\u00e9vin<br>Dunkerque Flandre<br>Sambre Avesnois<\/td><\/tr><tr><td>Betty GRISLAIN<\/td><td>bgrislain@ac-lille.fr<\/td><td>B\u00e9thune Bruay<br>Cambr\u00e9sis<br>Artois Ternois<br>Boulogne-Montreuil<\/td><\/tr><tr><td>Alexandra GUEZ<\/td><td>alexandra.guez@ac-lille.fr<\/td><td>Lille centre<br>Roubaix Tourcoing<br>Douaisis<br>Valenciennois<br>Audomarois Calaisis<\/td><\/tr><\/tbody><\/table><\/figure>\n\n\n\n<h2 class=\"wp-block-heading\">Les charg\u00e9s de mission pour l&rsquo;espagnol<\/h2>\n\n\n\n<figure class=\"wp-block-table\"><table><tbody><tr><td>Marjorie BIANAY<\/td><td>marjorie.bianay@ac-lille.fr<\/td><\/tr><tr><td>C\u00e9cile CAMPAGNE<\/td><td>Cecile.Campagne@ac-lille.fr<\/td><\/tr><tr><td>Maria FASQUEL<\/td><td>maria.fasquel@ac-lille.fr<\/td><\/tr><tr><td>Eric FONTA<\/td><td>Eric.Fonta@ac-lille.fr<\/td><\/tr><tr><td>Daniel MILLET<\/td><td>daniel.millet@ac-lille.fr<\/td><\/tr><\/tbody><\/table><\/figure>\n","protected":false},"excerpt":{"rendered":"<p>IA-IPR Mail Bassins Albin CATTIAUX albin.cattiaux@ac-lille.fr Lille CentreSambre-Avesnois Julien COTS julien.cots@ac-lille.fr Lille OUESTLille ESTLens H\u00e9nin Li\u00e9vinDunkerque FlandreSambre Avesnois Betty GRISLAIN bgrislain@ac-lille.fr B\u00e9thune BruayCambr\u00e9sisArtois TernoisBoulogne-Montreuil Alexandra GUEZ alexandra.guez@ac-lille.fr Lille centreRoubaix TourcoingDouaisisValenciennoisAudomarois Calaisis Les charg\u00e9s de mission pour l&rsquo;espagnol Marjorie BIANAY marjorie.bianay@ac-lille.fr C\u00e9cile CAMPAGNE Cecile.Campagne@ac-lille.fr Maria FASQUEL maria.fasquel@ac-lille.fr Eric FONTA Eric.Fonta@ac-lille.fr Daniel MILLET daniel.millet@ac-lille.fr<\/p>\n","protected":false},"author":79,"featured_media":0,"parent":0,"menu_order":0,"comment_status":"closed","ping_status":"closed","template":"","meta":{"ngg_post_thumbnail":0,"footnotes":""},"class_list":["post-607","page","type-page","status-publish","czr-hentry"],"publishpress_future_action":{"enabled":false,"date":"2026-04-23 07:07:06","action":"change-status","newStatus":"draft","terms":[],"taxonomy":"","extraData":[]},"publishpress_future_workflow_manual_trigger":{"enabledWorkflows":[]},"_links":{"self":[{"href":"https:\/\/pedagogie.ac-lille.fr\/espagnol\/wp-json\/wp\/v2\/pages\/607","targetHints":{"allow":["GET"]}}],"collection":[{"href":"https:\/\/pedagogie.ac-lille.fr\/espagnol\/wp-json\/wp\/v2\/pages"}],"about":[{"href":"https:\/\/pedagogie.ac-lille.fr\/espagnol\/wp-json\/wp\/v2\/types\/page"}],"author":[{"embeddable":true,"href":"https:\/\/pedagogie.ac-lille.fr\/espagnol\/wp-json\/wp\/v2\/users\/79"}],"replies":[{"embeddable":true,"href":"https:\/\/pedagogie.ac-lille.fr\/espagnol\/wp-json\/wp\/v2\/comments?post=607"}],"version-history":[{"count":1,"href":"https:\/\/pedagogie.ac-lille.fr\/espagnol\/wp-json\/wp\/v2\/pages\/607\/revisions"}],"predecessor-version":[{"id":608,"href":"https:\/\/pedagogie.ac-lille.fr\/espagnol\/wp-json\/wp\/v2\/pages\/607\/revisions\/608"}],"wp:attachment":[{"href":"https:\/\/pedagogie.ac-lille.fr\/espagnol\/wp-json\/wp\/v2\/media?parent=607"}],"curies":[{"name":"wp","href":"https:\/\/api.w.org\/{rel}","templated":true}]}}