{"id":1046,"date":"2024-01-21T20:31:12","date_gmt":"2024-01-21T19:31:12","guid":{"rendered":"https:\/\/pedagogie.ac-lille.fr\/gelp\/?page_id=1046"},"modified":"2024-01-21T20:38:16","modified_gmt":"2024-01-21T19:38:16","slug":"p01102092a","status":"publish","type":"page","link":"https:\/\/pedagogie.ac-lille.fr\/gelp\/p01102092a\/","title":{"rendered":"P01102092A"},"content":{"rendered":"\n<h2 class=\"wp-block-heading\">Sonde de t\u00e9l\u00e9commande<\/h2>\n\n\n\n<div class=\"wp-block-columns is-layout-flex wp-container-core-columns-is-layout-28f84493 wp-block-columns-is-layout-flex\">\n<div class=\"wp-block-column is-layout-flow wp-block-column-is-layout-flow\" style=\"flex-basis:66.66%\">\n<p>Descriptif :<\/p>\n\n\n\n<p><strong>Sonde \u00e0 distance Chauvin Arnoux pour le contr\u00f4le de l&rsquo;isolation<\/strong><\/p>\n\n\n\n<p>La t\u00eate de sonde \u00e0 distance P01102092A de Chauvin Arnoux est un accessoire sp\u00e9cialement con\u00e7u pour rendre les tests d&rsquo;isolation sur site plus simples et plus rapides.<\/p>\n\n\n\n<p>Il permet de d\u00e9clencher la mesure d&rsquo;isolement par simple pression sur le bouton jaune.<\/p>\n\n\n\n<p>Dot\u00e9 d&rsquo;une fonction lampe de poche, il illumine efficacement le point de mesure.<\/p>\n\n\n\n<p>Avec l&rsquo;\u00e9cran r\u00e9tro\u00e9clair\u00e9, les r\u00e9sultats de mesure sont visibles \u00e0 tout moment et dans les endroits faiblement \u00e9clair\u00e9s.<\/p>\n\n\n\n<p><strong>Utilisable pour :<\/strong> CA 6116 \/ CA 6117 \/ CA 6522 \/ CA 6524 \/ CA 6526 \/ CA 6532 \/ CA 6534 \/ CA 6536<\/p>\n\n\n\n<p><a href=\"https:\/\/pedagogie.ac-lille.fr\/gelp\/wp-content\/uploads\/sites\/54\/2024\/01\/D00VOX03-Notice-Sonde-de-telecommande-type-3.pdf\" target=\"_blank\" rel=\"noreferrer noopener\">Notice de fonctionnement<\/a><\/p>\n<\/div>\n\n\n\n<div class=\"wp-block-column is-layout-flow wp-block-column-is-layout-flow\" style=\"flex-basis:33.33%\">\n<figure class=\"wp-block-image size-full is-resized\"><img loading=\"lazy\" decoding=\"async\" width=\"350\" height=\"799\" src=\"https:\/\/pedagogie.ac-lille.fr\/gelp\/wp-content\/uploads\/sites\/54\/2024\/01\/Image-P01102092-sonde-de-telecommande.jpg\" alt=\"\" class=\"wp-image-1044\" style=\"width:139px;height:auto\" srcset=\"https:\/\/pedagogie.ac-lille.fr\/gelp\/wp-content\/uploads\/sites\/54\/2024\/01\/Image-P01102092-sonde-de-telecommande.jpg 350w, https:\/\/pedagogie.ac-lille.fr\/gelp\/wp-content\/uploads\/sites\/54\/2024\/01\/Image-P01102092-sonde-de-telecommande-131x300.jpg 131w\" sizes=\"auto, (max-width: 350px) 100vw, 350px\" \/><\/figure>\n<\/div>\n<\/div>\n\n\n\n<div class=\"wp-block-columns is-layout-flex wp-container-core-columns-is-layout-28f84493 wp-block-columns-is-layout-flex\"><\/div>\n","protected":false},"excerpt":{"rendered":"<p>Sonde de t\u00e9l\u00e9commande Descriptif : Sonde \u00e0 distance Chauvin Arnoux pour le contr\u00f4le de l&rsquo;isolation La t\u00eate de sonde \u00e0 distance P01102092A de Chauvin Arnoux est un accessoire sp\u00e9cialement con\u00e7u pour rendre les tests d&rsquo;isolation sur site plus simples et plus rapides. Il permet de d\u00e9clencher la mesure d&rsquo;isolement par simple pression sur le bouton [&hellip;]<\/p>\n","protected":false},"author":124,"featured_media":0,"parent":0,"menu_order":0,"comment_status":"closed","ping_status":"closed","template":"","meta":{"_acf_changed":false,"ngg_post_thumbnail":0,"footnotes":""},"class_list":["post-1046","page","type-page","status-publish","czr-hentry"],"featured_image_src":null,"acf":[],"publishpress_future_action":{"enabled":false,"date":"2026-04-23 06:06:08","action":"change-status","newStatus":"draft","terms":[],"taxonomy":"","extraData":[]},"publishpress_future_workflow_manual_trigger":{"enabledWorkflows":[]},"_links":{"self":[{"href":"https:\/\/pedagogie.ac-lille.fr\/gelp\/wp-json\/wp\/v2\/pages\/1046","targetHints":{"allow":["GET"]}}],"collection":[{"href":"https:\/\/pedagogie.ac-lille.fr\/gelp\/wp-json\/wp\/v2\/pages"}],"about":[{"href":"https:\/\/pedagogie.ac-lille.fr\/gelp\/wp-json\/wp\/v2\/types\/page"}],"author":[{"embeddable":true,"href":"https:\/\/pedagogie.ac-lille.fr\/gelp\/wp-json\/wp\/v2\/users\/124"}],"replies":[{"embeddable":true,"href":"https:\/\/pedagogie.ac-lille.fr\/gelp\/wp-json\/wp\/v2\/comments?post=1046"}],"version-history":[{"count":2,"href":"https:\/\/pedagogie.ac-lille.fr\/gelp\/wp-json\/wp\/v2\/pages\/1046\/revisions"}],"predecessor-version":[{"id":1053,"href":"https:\/\/pedagogie.ac-lille.fr\/gelp\/wp-json\/wp\/v2\/pages\/1046\/revisions\/1053"}],"wp:attachment":[{"href":"https:\/\/pedagogie.ac-lille.fr\/gelp\/wp-json\/wp\/v2\/media?parent=1046"}],"curies":[{"name":"wp","href":"https:\/\/api.w.org\/{rel}","templated":true}]}}