{"id":1098,"date":"2024-06-07T11:18:52","date_gmt":"2024-06-07T09:18:52","guid":{"rendered":"https:\/\/pedagogie.ac-lille.fr\/gelp\/?page_id=1098"},"modified":"2024-11-27T10:17:53","modified_gmt":"2024-11-27T09:17:53","slug":"systeme-habilis-2","status":"publish","type":"page","link":"https:\/\/pedagogie.ac-lille.fr\/gelp\/systeme-habilis-2\/","title":{"rendered":"Syst\u00e8me BARRI\u00c8RE PARKING"},"content":{"rendered":"\n<div class=\"wp-block-columns is-layout-flex wp-container-core-columns-is-layout-28f84493 wp-block-columns-is-layout-flex\">\n<div class=\"wp-block-column is-layout-flow wp-block-column-is-layout-flow\" style=\"flex-basis:66.66%\">\n<p><a href=\"https:\/\/pedagogie.ac-lille.fr\/gelp\/wp-content\/uploads\/sites\/54\/2024\/06\/Documentation-technique.pdf\" target=\"_blank\" rel=\"noreferrer noopener\">Notice technique Syst\u00e8me BARRI\u00c8RE PARKING<\/a><\/p>\n\n\n\n<p>Sch\u00e9mas \u00e9lectriques :<\/p>\n\n\n\n<ul class=\"wp-block-list\">\n<li><a href=\"https:\/\/pedagogie.ac-lille.fr\/gelp\/wp-content\/uploads\/sites\/54\/2024\/06\/Schemas-electriques-Barriere-Parking.pdf\" target=\"_blank\" rel=\"noreferrer noopener\">Sch\u00e9mas PDF<\/a><\/li>\n\n\n\n<li><a href=\"https:\/\/nuage04.apps.education.fr\/index.php\/s\/LmQpCotkrojypgY\" target=\"_blank\" rel=\"noreferrer noopener\">Sch\u00e9ma WinRelais<\/a><\/li>\n<\/ul>\n\n\n\n<p>Programme :<\/p>\n\n\n\n<ul class=\"wp-block-list\">\n<li><a href=\"https:\/\/nuage04.apps.education.fr\/index.php\/s\/2NTG6nBTpd2HGek\" target=\"_blank\" rel=\"noreferrer noopener\">Machine Expert Basic<\/a><\/li>\n\n\n\n<li><a href=\"https:\/\/nuage04.apps.education.fr\/index.php\/s\/5D6PcNMia9oQoC4\" target=\"_blank\" rel=\"noreferrer noopener\">Vijeo Designer<\/a><\/li>\n<\/ul>\n\n\n\n<p>Documentations techniques du mat\u00e9riel<\/p>\n\n\n\n<ul class=\"wp-block-list\">\n<li>ATV12  (<a href=\"https:\/\/pedagogie.ac-lille.fr\/gelp\/wp-content\/uploads\/sites\/54\/2024\/06\/ATV12_notice.pdf\" target=\"_blank\" rel=\"noreferrer noopener\">Notice<\/a> ; <a href=\"https:\/\/pedagogie.ac-lille.fr\/gelp\/wp-content\/uploads\/sites\/54\/2024\/06\/ATV12_quick_start_-guide.pdf\" target=\"_blank\" rel=\"noreferrer noopener\">Quick Start<\/a>)<\/li>\n\n\n\n<li>MAGELIS (<a href=\"https:\/\/pedagogie.ac-lille.fr\/gelp\/wp-content\/uploads\/sites\/54\/2024\/06\/Manuel-utilisateur-HMISTU855.pdf\" target=\"_blank\" rel=\"noreferrer noopener\">Manuel d&rsquo;utilisation<\/a> ; <a href=\"https:\/\/pedagogie.ac-lille.fr\/gelp\/wp-content\/uploads\/sites\/54\/2024\/06\/Magelis-STO_STU_HMISTU855.pdf\" target=\"_blank\" rel=\"noreferrer noopener nofollow\">Fiche technique<\/a>)<\/li>\n\n\n\n<li>Autres ressources (<a href=\"https:\/\/nuage04.apps.education.fr\/index.php\/s\/XnmbTyDCMJZ5iKC\" target=\"_blank\" rel=\"noreferrer noopener\">fichier ZIP<\/a>)<\/li>\n<\/ul>\n\n\n\n<p>Ressources DEC (<a href=\"https:\/\/nuage04.apps.education.fr\/index.php\/s\/88S53NYMc3AAgwd\" target=\"_blank\" rel=\"noreferrer noopener\">Lien t\u00e9l\u00e9chargement<\/a>)<\/p>\n\n\n\n<p>Logiciel : (<a href=\"https:\/\/www.se.com\/fr\/fr\/product-range\/2226-ecostruxure-machine-expert\/#software-and-firmware\" target=\"_blank\" rel=\"noreferrer noopener\">lien schneider<\/a>)<\/p>\n<\/div>\n\n\n\n<div class=\"wp-block-column is-layout-flow wp-block-column-is-layout-flow\" style=\"flex-basis:33.33%\">\n<figure class=\"wp-block-image size-large is-resized\"><img loading=\"lazy\" decoding=\"async\" width=\"1024\" height=\"804\" src=\"https:\/\/pedagogie.ac-lille.fr\/gelp\/wp-content\/uploads\/sites\/54\/2024\/06\/Barriere-Parking-1024x804.jpg\" alt=\"\" class=\"wp-image-1094\" style=\"width:455px;height:auto\" srcset=\"https:\/\/pedagogie.ac-lille.fr\/gelp\/wp-content\/uploads\/sites\/54\/2024\/06\/Barriere-Parking-1024x804.jpg 1024w, https:\/\/pedagogie.ac-lille.fr\/gelp\/wp-content\/uploads\/sites\/54\/2024\/06\/Barriere-Parking-300x236.jpg 300w, https:\/\/pedagogie.ac-lille.fr\/gelp\/wp-content\/uploads\/sites\/54\/2024\/06\/Barriere-Parking-768x603.jpg 768w, https:\/\/pedagogie.ac-lille.fr\/gelp\/wp-content\/uploads\/sites\/54\/2024\/06\/Barriere-Parking.jpg 1368w\" sizes=\"auto, (max-width: 1024px) 100vw, 1024px\" \/><\/figure>\n\n\n\n<p class=\"has-text-align-center\">Rappel s\u00e9curit\u00e9<\/p>\n\n\n\n<figure class=\"wp-block-image size-full is-resized\"><img loading=\"lazy\" decoding=\"async\" width=\"509\" height=\"429\" src=\"https:\/\/pedagogie.ac-lille.fr\/gelp\/wp-content\/uploads\/sites\/54\/2024\/06\/Securite-Rubalise-Barriere.jpg\" alt=\"\" class=\"wp-image-1183\" style=\"width:509px;height:auto\" srcset=\"https:\/\/pedagogie.ac-lille.fr\/gelp\/wp-content\/uploads\/sites\/54\/2024\/06\/Securite-Rubalise-Barriere.jpg 509w, https:\/\/pedagogie.ac-lille.fr\/gelp\/wp-content\/uploads\/sites\/54\/2024\/06\/Securite-Rubalise-Barriere-300x253.jpg 300w\" sizes=\"auto, (max-width: 509px) 100vw, 509px\" \/><\/figure>\n<\/div>\n<\/div>\n","protected":false},"excerpt":{"rendered":"<p>Notice technique Syst\u00e8me BARRI\u00c8RE PARKING Sch\u00e9mas \u00e9lectriques : Programme : Documentations techniques du mat\u00e9riel Ressources DEC (Lien t\u00e9l\u00e9chargement) Logiciel : (lien schneider) Rappel s\u00e9curit\u00e9<\/p>\n","protected":false},"author":124,"featured_media":0,"parent":0,"menu_order":0,"comment_status":"closed","ping_status":"closed","template":"","meta":{"_acf_changed":false,"ngg_post_thumbnail":0,"footnotes":""},"class_list":["post-1098","page","type-page","status-publish","czr-hentry"],"featured_image_src":null,"acf":[],"publishpress_future_action":{"enabled":false,"date":"2026-04-16 22:43:00","action":"change-status","newStatus":"draft","terms":[],"taxonomy":"","extraData":[]},"publishpress_future_workflow_manual_trigger":{"enabledWorkflows":[]},"_links":{"self":[{"href":"https:\/\/pedagogie.ac-lille.fr\/gelp\/wp-json\/wp\/v2\/pages\/1098","targetHints":{"allow":["GET"]}}],"collection":[{"href":"https:\/\/pedagogie.ac-lille.fr\/gelp\/wp-json\/wp\/v2\/pages"}],"about":[{"href":"https:\/\/pedagogie.ac-lille.fr\/gelp\/wp-json\/wp\/v2\/types\/page"}],"author":[{"embeddable":true,"href":"https:\/\/pedagogie.ac-lille.fr\/gelp\/wp-json\/wp\/v2\/users\/124"}],"replies":[{"embeddable":true,"href":"https:\/\/pedagogie.ac-lille.fr\/gelp\/wp-json\/wp\/v2\/comments?post=1098"}],"version-history":[{"count":21,"href":"https:\/\/pedagogie.ac-lille.fr\/gelp\/wp-json\/wp\/v2\/pages\/1098\/revisions"}],"predecessor-version":[{"id":1245,"href":"https:\/\/pedagogie.ac-lille.fr\/gelp\/wp-json\/wp\/v2\/pages\/1098\/revisions\/1245"}],"wp:attachment":[{"href":"https:\/\/pedagogie.ac-lille.fr\/gelp\/wp-json\/wp\/v2\/media?parent=1098"}],"curies":[{"name":"wp","href":"https:\/\/api.w.org\/{rel}","templated":true}]}}