{"id":511,"date":"2022-12-05T16:37:34","date_gmt":"2022-12-05T15:37:34","guid":{"rendered":"https:\/\/pedagogie.ac-lille.fr\/gelp\/?page_id=511"},"modified":"2024-01-17T11:43:47","modified_gmt":"2024-01-17T10:43:47","slug":"equipements","status":"publish","type":"page","link":"https:\/\/pedagogie.ac-lille.fr\/gelp\/equipements\/","title":{"rendered":"\u00c9quipements de mesure"},"content":{"rendered":"\n<div class=\"wp-block-columns is-layout-flex wp-container-core-columns-is-layout-28f84493 wp-block-columns-is-layout-flex\">\n<div class=\"wp-block-column is-layout-flow wp-block-column-is-layout-flow\">\n<p class=\"has-text-align-center\">CONTR\u00d4LEUR D&rsquo;INSTALLATION<\/p>\n\n\n\n<p class=\"has-text-align-center\">CA6116N<\/p>\n\n\n\n<figure class=\"wp-block-image size-full is-resized\"><a href=\"https:\/\/pedagogie.ac-lille.fr\/gelp\/?page_id=797\" target=\"_blank\" rel=\"noreferrer noopener\"><img loading=\"lazy\" decoding=\"async\" width=\"1000\" height=\"740\" src=\"https:\/\/pedagogie.ac-lille.fr\/gelp\/wp-content\/uploads\/sites\/54\/2023\/11\/Image-CA6116N.jpg\" alt=\"\" class=\"wp-image-883\" style=\"width:303px;height:auto\" srcset=\"https:\/\/pedagogie.ac-lille.fr\/gelp\/wp-content\/uploads\/sites\/54\/2023\/11\/Image-CA6116N.jpg 1000w, https:\/\/pedagogie.ac-lille.fr\/gelp\/wp-content\/uploads\/sites\/54\/2023\/11\/Image-CA6116N-300x222.jpg 300w, https:\/\/pedagogie.ac-lille.fr\/gelp\/wp-content\/uploads\/sites\/54\/2023\/11\/Image-CA6116N-768x568.jpg 768w\" sizes=\"auto, (max-width: 1000px) 100vw, 1000px\" \/><\/a><\/figure>\n<\/div>\n\n\n\n<div class=\"wp-block-column is-layout-flow wp-block-column-is-layout-flow\">\n<p class=\"has-text-align-center\">CAMERA THERMIQUE<\/p>\n\n\n\n<p class=\"has-text-align-center\">CA 1950<\/p>\n\n\n<div class=\"wp-block-image\">\n<figure class=\"aligncenter size-full is-resized\"><a href=\"https:\/\/pedagogie.ac-lille.fr\/gelp\/ca-1950\/\" target=\"_blank\" rel=\"noreferrer noopener\"><img loading=\"lazy\" decoding=\"async\" width=\"665\" height=\"1000\" src=\"https:\/\/pedagogie.ac-lille.fr\/gelp\/wp-content\/uploads\/sites\/54\/2023\/03\/ca1950_de_2.jpg\" alt=\"\" class=\"wp-image-749\" style=\"width:190px;height:auto\" srcset=\"https:\/\/pedagogie.ac-lille.fr\/gelp\/wp-content\/uploads\/sites\/54\/2023\/03\/ca1950_de_2.jpg 665w, https:\/\/pedagogie.ac-lille.fr\/gelp\/wp-content\/uploads\/sites\/54\/2023\/03\/ca1950_de_2-200x300.jpg 200w\" sizes=\"auto, (max-width: 665px) 100vw, 665px\" \/><\/a><\/figure>\n<\/div><\/div>\n\n\n\n<div class=\"wp-block-column is-layout-flow wp-block-column-is-layout-flow\">\n<p class=\"has-text-align-center\">ENREGISTREUR DE PUISSANCE ET D\u2019\u00c9NERGIE<\/p>\n\n\n\n<p class=\"has-text-align-center\">PEL100<\/p>\n\n\n<div class=\"wp-block-image\">\n<figure class=\"aligncenter size-full is-resized\"><a href=\"https:\/\/pedagogie.ac-lille.fr\/gelp\/pel100\/\" target=\"_blank\" rel=\"noreferrer noopener\"><img loading=\"lazy\" decoding=\"async\" width=\"591\" height=\"1000\" src=\"https:\/\/pedagogie.ac-lille.fr\/gelp\/wp-content\/uploads\/sites\/54\/2023\/03\/pel103_f_0047.jpg\" alt=\"\" class=\"wp-image-755\" style=\"width:168px;height:auto\" srcset=\"https:\/\/pedagogie.ac-lille.fr\/gelp\/wp-content\/uploads\/sites\/54\/2023\/03\/pel103_f_0047.jpg 591w, https:\/\/pedagogie.ac-lille.fr\/gelp\/wp-content\/uploads\/sites\/54\/2023\/03\/pel103_f_0047-177x300.jpg 177w\" sizes=\"auto, (max-width: 591px) 100vw, 591px\" \/><\/a><\/figure>\n<\/div><\/div>\n<\/div>\n\n\n\n<div class=\"wp-block-columns is-layout-flex wp-container-core-columns-is-layout-28f84493 wp-block-columns-is-layout-flex\">\n<div class=\"wp-block-column is-layout-flow wp-block-column-is-layout-flow\">\n<p class=\"has-text-align-center\">ANALYSEUR DE R\u00c9SEAU<\/p>\n\n\n\n<p class=\"has-text-align-center\">QUALISTAR + CA 8336<\/p>\n\n\n<div class=\"wp-block-image\">\n<figure class=\"aligncenter size-full is-resized\"><a href=\"https:\/\/pedagogie.ac-lille.fr\/gelp\/qualistar\/\" target=\"_blank\" rel=\"noreferrer noopener\"><img loading=\"lazy\" decoding=\"async\" width=\"866\" height=\"1000\" src=\"https:\/\/pedagogie.ac-lille.fr\/gelp\/wp-content\/uploads\/sites\/54\/2023\/03\/ca8336_f_1.jpg\" alt=\"\" class=\"wp-image-757\" style=\"width:268px;height:auto\" srcset=\"https:\/\/pedagogie.ac-lille.fr\/gelp\/wp-content\/uploads\/sites\/54\/2023\/03\/ca8336_f_1.jpg 866w, https:\/\/pedagogie.ac-lille.fr\/gelp\/wp-content\/uploads\/sites\/54\/2023\/03\/ca8336_f_1-260x300.jpg 260w, https:\/\/pedagogie.ac-lille.fr\/gelp\/wp-content\/uploads\/sites\/54\/2023\/03\/ca8336_f_1-768x887.jpg 768w\" sizes=\"auto, (max-width: 866px) 100vw, 866px\" \/><\/a><\/figure>\n<\/div><\/div>\n\n\n\n<div class=\"wp-block-column is-layout-flow wp-block-column-is-layout-flow\">\n<p class=\"has-text-align-center\">CONTR\u00d4LEUR D&rsquo;APPAREILLAGE MULTIFONCTION<\/p>\n\n\n\n<p class=\"has-text-align-center\">CA 6161<\/p>\n\n\n<div class=\"wp-block-image\">\n<figure class=\"aligncenter size-full is-resized\"><a href=\"https:\/\/pedagogie.ac-lille.fr\/gelp\/ca-6161\/\" target=\"_blank\" rel=\"noreferrer noopener\"><img loading=\"lazy\" decoding=\"async\" width=\"407\" height=\"466\" src=\"https:\/\/pedagogie.ac-lille.fr\/gelp\/wp-content\/uploads\/sites\/54\/2023\/11\/Image-CA6161-e1701246962766.jpg\" alt=\"\" class=\"wp-image-893\" style=\"width:279px;height:auto\" srcset=\"https:\/\/pedagogie.ac-lille.fr\/gelp\/wp-content\/uploads\/sites\/54\/2023\/11\/Image-CA6161-e1701246962766.jpg 407w, https:\/\/pedagogie.ac-lille.fr\/gelp\/wp-content\/uploads\/sites\/54\/2023\/11\/Image-CA6161-e1701246962766-262x300.jpg 262w\" sizes=\"auto, (max-width: 407px) 100vw, 407px\" \/><\/a><\/figure>\n<\/div><\/div>\n\n\n\n<div class=\"wp-block-column is-layout-flow wp-block-column-is-layout-flow\">\n<p class=\"has-text-align-center\">TESTEUR DE CAMERA<\/p>\n\n\n\n<p class=\"has-text-align-center\">TC7-IP-AH26<\/p>\n\n\n\n<figure class=\"wp-block-image size-full\"><a href=\"https:\/\/pedagogie.ac-lille.fr\/gelp\/ca-1950-2\/\" target=\"_blank\" rel=\"noreferrer noopener\"><img loading=\"lazy\" decoding=\"async\" width=\"428\" height=\"293\" src=\"https:\/\/pedagogie.ac-lille.fr\/gelp\/wp-content\/uploads\/sites\/54\/2024\/01\/testeur-de-camera-tc7-ip-ah26.jpg\" alt=\"\" class=\"wp-image-1011\" srcset=\"https:\/\/pedagogie.ac-lille.fr\/gelp\/wp-content\/uploads\/sites\/54\/2024\/01\/testeur-de-camera-tc7-ip-ah26.jpg 428w, https:\/\/pedagogie.ac-lille.fr\/gelp\/wp-content\/uploads\/sites\/54\/2024\/01\/testeur-de-camera-tc7-ip-ah26-300x205.jpg 300w\" sizes=\"auto, (max-width: 428px) 100vw, 428px\" \/><\/a><\/figure>\n<\/div>\n<\/div>\n\n\n\n<div class=\"wp-block-columns is-layout-flex wp-container-core-columns-is-layout-28f84493 wp-block-columns-is-layout-flex\">\n<div class=\"wp-block-column is-layout-flow wp-block-column-is-layout-flow\">\n<p class=\"has-text-align-center\">V\u00c9RIFICATEUR D&rsquo;ABSENCE DE TENSION<\/p>\n\n\n\n<p class=\"has-text-align-center\">KT172<\/p>\n\n\n<div class=\"wp-block-image\">\n<figure class=\"aligncenter size-full is-resized\"><a href=\"https:\/\/pedagogie.ac-lille.fr\/gelp\/kt-172\/\" target=\"_blank\" rel=\"noreferrer noopener\"><img loading=\"lazy\" decoding=\"async\" width=\"48\" height=\"174\" src=\"https:\/\/pedagogie.ac-lille.fr\/gelp\/wp-content\/uploads\/sites\/54\/2023\/11\/Image-KT172.jpg\" alt=\"\" class=\"wp-image-919\" style=\"width:80px;height:auto\" \/><\/a><\/figure>\n<\/div><\/div>\n\n\n\n<div class=\"wp-block-column is-layout-flow wp-block-column-is-layout-flow\">\n<p class=\"has-text-align-center\">D\u00c9TECTEUR DE C\u00c2BLE SOUS TENSION<\/p>\n\n\n\n<p class=\"has-text-align-center\">D45<\/p>\n\n\n<div class=\"wp-block-image\">\n<figure class=\"aligncenter size-full is-resized\"><a href=\"https:\/\/pedagogie.ac-lille.fr\/gelp\/d45-2\/\" target=\"_blank\" rel=\"noreferrer noopener\"><img loading=\"lazy\" decoding=\"async\" width=\"502\" height=\"857\" src=\"https:\/\/pedagogie.ac-lille.fr\/gelp\/wp-content\/uploads\/sites\/54\/2023\/03\/d45.jpg\" alt=\"\" class=\"wp-image-764\" style=\"width:182px;height:auto\" srcset=\"https:\/\/pedagogie.ac-lille.fr\/gelp\/wp-content\/uploads\/sites\/54\/2023\/03\/d45.jpg 502w, https:\/\/pedagogie.ac-lille.fr\/gelp\/wp-content\/uploads\/sites\/54\/2023\/03\/d45-176x300.jpg 176w\" sizes=\"auto, (max-width: 502px) 100vw, 502px\" \/><\/a><\/figure>\n<\/div><\/div>\n\n\n\n<div class=\"wp-block-column is-layout-flow wp-block-column-is-layout-flow\">\n<p class=\"has-text-align-center\">D\u00c9TECTEUR DE C\u00c2BLE<\/p>\n\n\n\n<p class=\"has-text-align-center\">VDV500<\/p>\n\n\n\n<p><\/p>\n\n\n\n<figure class=\"wp-block-image size-full\"><a href=\"https:\/\/pedagogie.ac-lille.fr\/gelp\/detecteur-de-cable\/\" target=\"_blank\" rel=\"noreferrer noopener\"><img loading=\"lazy\" decoding=\"async\" width=\"679\" height=\"531\" src=\"https:\/\/pedagogie.ac-lille.fr\/gelp\/wp-content\/uploads\/sites\/54\/2024\/01\/VDV500.jpg\" alt=\"\" class=\"wp-image-1021\" srcset=\"https:\/\/pedagogie.ac-lille.fr\/gelp\/wp-content\/uploads\/sites\/54\/2024\/01\/VDV500.jpg 679w, https:\/\/pedagogie.ac-lille.fr\/gelp\/wp-content\/uploads\/sites\/54\/2024\/01\/VDV500-300x235.jpg 300w\" sizes=\"auto, (max-width: 679px) 100vw, 679px\" \/><\/a><\/figure>\n<\/div>\n<\/div>\n\n\n\n<div class=\"wp-block-columns is-layout-flex wp-container-core-columns-is-layout-28f84493 wp-block-columns-is-layout-flex\">\n<div class=\"wp-block-column is-layout-flow wp-block-column-is-layout-flow\">\n<p class=\"has-text-align-center\">INDICATEUR DE TENSION AC<\/p>\n\n\n\n<p class=\"has-text-align-center\">TTAC10<\/p>\n\n\n\n<figure class=\"wp-block-image size-full\"><a href=\"https:\/\/pedagogie.ac-lille.fr\/gelp\/ttac10-2\/\" target=\"_blank\" rel=\"noreferrer noopener\"><img loading=\"lazy\" decoding=\"async\" width=\"1000\" height=\"1000\" src=\"https:\/\/pedagogie.ac-lille.fr\/gelp\/wp-content\/uploads\/sites\/54\/2024\/01\/TTAC10.jpg\" alt=\"\" class=\"wp-image-1034\" srcset=\"https:\/\/pedagogie.ac-lille.fr\/gelp\/wp-content\/uploads\/sites\/54\/2024\/01\/TTAC10.jpg 1000w, https:\/\/pedagogie.ac-lille.fr\/gelp\/wp-content\/uploads\/sites\/54\/2024\/01\/TTAC10-300x300.jpg 300w, https:\/\/pedagogie.ac-lille.fr\/gelp\/wp-content\/uploads\/sites\/54\/2024\/01\/TTAC10-150x150.jpg 150w, https:\/\/pedagogie.ac-lille.fr\/gelp\/wp-content\/uploads\/sites\/54\/2024\/01\/TTAC10-768x768.jpg 768w, https:\/\/pedagogie.ac-lille.fr\/gelp\/wp-content\/uploads\/sites\/54\/2024\/01\/TTAC10-510x510.jpg 510w\" sizes=\"auto, (max-width: 1000px) 100vw, 1000px\" \/><\/a><\/figure>\n<\/div>\n\n\n\n<div class=\"wp-block-column is-layout-flow wp-block-column-is-layout-flow\"><\/div>\n\n\n\n<div class=\"wp-block-column is-layout-flow wp-block-column-is-layout-flow\"><\/div>\n<\/div>\n","protected":false},"excerpt":{"rendered":"<p>CONTR\u00d4LEUR D&rsquo;INSTALLATION CA6116N CAMERA THERMIQUE CA 1950 ENREGISTREUR DE PUISSANCE ET D\u2019\u00c9NERGIE PEL100 ANALYSEUR DE R\u00c9SEAU QUALISTAR + CA 8336 CONTR\u00d4LEUR D&rsquo;APPAREILLAGE MULTIFONCTION CA 6161 TESTEUR DE CAMERA TC7-IP-AH26 V\u00c9RIFICATEUR D&rsquo;ABSENCE DE TENSION KT172 D\u00c9TECTEUR DE C\u00c2BLE SOUS TENSION D45 D\u00c9TECTEUR DE C\u00c2BLE VDV500 INDICATEUR DE TENSION AC TTAC10<\/p>\n","protected":false},"author":124,"featured_media":547,"parent":0,"menu_order":0,"comment_status":"closed","ping_status":"closed","template":"","meta":{"_acf_changed":false,"ngg_post_thumbnail":0,"footnotes":""},"class_list":["post-511","page","type-page","status-publish","has-post-thumbnail","czr-hentry"],"featured_image_src":"https:\/\/pedagogie.ac-lille.fr\/gelp\/wp-content\/uploads\/sites\/54\/2022\/12\/48217189_l.jpg","acf":[],"publishpress_future_action":{"enabled":false,"date":"2026-04-16 20:57:08","action":"change-status","newStatus":"draft","terms":[],"taxonomy":"","extraData":[]},"publishpress_future_workflow_manual_trigger":{"enabledWorkflows":[]},"_links":{"self":[{"href":"https:\/\/pedagogie.ac-lille.fr\/gelp\/wp-json\/wp\/v2\/pages\/511","targetHints":{"allow":["GET"]}}],"collection":[{"href":"https:\/\/pedagogie.ac-lille.fr\/gelp\/wp-json\/wp\/v2\/pages"}],"about":[{"href":"https:\/\/pedagogie.ac-lille.fr\/gelp\/wp-json\/wp\/v2\/types\/page"}],"author":[{"embeddable":true,"href":"https:\/\/pedagogie.ac-lille.fr\/gelp\/wp-json\/wp\/v2\/users\/124"}],"replies":[{"embeddable":true,"href":"https:\/\/pedagogie.ac-lille.fr\/gelp\/wp-json\/wp\/v2\/comments?post=511"}],"version-history":[{"count":55,"href":"https:\/\/pedagogie.ac-lille.fr\/gelp\/wp-json\/wp\/v2\/pages\/511\/revisions"}],"predecessor-version":[{"id":1038,"href":"https:\/\/pedagogie.ac-lille.fr\/gelp\/wp-json\/wp\/v2\/pages\/511\/revisions\/1038"}],"wp:featuredmedia":[{"embeddable":true,"href":"https:\/\/pedagogie.ac-lille.fr\/gelp\/wp-json\/wp\/v2\/media\/547"}],"wp:attachment":[{"href":"https:\/\/pedagogie.ac-lille.fr\/gelp\/wp-json\/wp\/v2\/media?parent=511"}],"curies":[{"name":"wp","href":"https:\/\/api.w.org\/{rel}","templated":true}]}}