{"id":58,"date":"2021-01-06T05:12:01","date_gmt":"2021-01-06T04:12:01","guid":{"rendered":"https:\/\/pedagogie.ac-lille.fr\/gelp\/?page_id=58"},"modified":"2023-11-29T15:16:09","modified_gmt":"2023-11-29T14:16:09","slug":"page1-2","status":"publish","type":"page","link":"https:\/\/pedagogie.ac-lille.fr\/gelp\/page1-2\/","title":{"rendered":"SOMMAIRE"},"content":{"rendered":"<p>Bienvenu sur le site G\u00e9nie \u00c9lectrotechnique en lyc\u00e9e professionnel<br \/>\n&nbsp; &nbsp; &nbsp; &nbsp; &nbsp; &nbsp; &nbsp; &nbsp; &nbsp; &nbsp; &nbsp; &nbsp; &nbsp; &nbsp; &nbsp; &nbsp; &nbsp; &nbsp; &nbsp; &nbsp; &nbsp; &nbsp; &nbsp; &nbsp; &nbsp; &nbsp; &nbsp; &nbsp; &nbsp; &nbsp; &nbsp; &nbsp;<img loading=\"lazy\" decoding=\"async\" class=\"alignnone size-full wp-image-9\" src=\"https:\/\/pedagogie.ac-lille.fr\/gelp\/wp-content\/uploads\/sites\/54\/2021\/01\/logoAC_LILLE-1.jpg\" alt=\"\" width=\"158\" height=\"130\"><\/p>\n<ul>\n<li>CAP Electricien\n<ul>\n<li><a href=\"https:\/\/pedagogie.ac-lille.fr\/gelp\/chef-doeuvre-cap\/\">Chef d&rsquo;Oeuvre CAP<\/a><\/li>\n<li><a href=\"https:\/\/pedagogie.ac-lille.fr\/gelp\/co-inter-cap\/\">Co-Intervention CAP<\/a><\/li>\n<li><a href=\"https:\/\/pedagogie.ac-lille.fr\/gelp\/cap-electricien\/\">Supports P\u00e9dagogiques CAP<\/a>&nbsp; MAJ le 31 jan 2023 &nbsp;\n<ul>\n<li>2 Ressources<\/li>\n<li>M. O. FOULON Mise en service<\/li>\n<li>M. F. LEBRUN Maintenance Industrielle<\/li>\n<\/ul>\n<\/li>\n<\/ul>\n<\/li>\n<li><a href=\"https:\/\/pedagogie.ac-lille.fr\/gelp\/seconde-fdm-tne\/\">Seconde Famille des m\u00e9tiers F.D.M. TNE<\/a><\/li>\n<li>Baccalaur\u00e9at MELEC\n<ul>\n<li><a href=\"https:\/\/pedagogie.ac-lille.fr\/gelp\/chef-doeuvre-bac-melec\/\">Chef d&rsquo;\u0152uvre MELEC<\/a><\/li>\n<li><a href=\"https:\/\/pedagogie.ac-lille.fr\/gelp\/bts\/\">Co-Intervention MELEC<\/a><\/li>\n<li><a href=\"https:\/\/pedagogie.ac-lille.fr\/gelp\/bac-melec\/\">Supports P\u00e9dagogiques MELEC<\/a><\/li>\n<\/ul>\n<\/li>\n<li><a href=\"https:\/\/pedagogie.ac-lille.fr\/gelp\/mention-complementaire-mc\/\">Mention Compl\u00e9mentaire MC<\/a><\/li>\n<li><a href=\"https:\/\/pedagogie.ac-lille.fr\/gelp\/equipements\/\">Equipements<\/a><\/li>\n<\/ul>\n","protected":false},"excerpt":{"rendered":"<p>Bienvenu sur le site G\u00e9nie \u00c9lectrotechnique en lyc\u00e9e professionnel &nbsp; &nbsp; &nbsp; &nbsp; &nbsp; &nbsp; &nbsp; &nbsp; &nbsp; &nbsp; &nbsp; &nbsp; &nbsp; &nbsp; &nbsp; &nbsp; &nbsp; &nbsp; &nbsp; &nbsp; &nbsp; &nbsp; &nbsp; &nbsp; &nbsp; &nbsp; &nbsp; &nbsp; &nbsp; &nbsp; &nbsp; &nbsp; CAP Electricien Chef d&rsquo;Oeuvre CAP Co-Intervention CAP Supports P\u00e9dagogiques CAP&nbsp; MAJ le 31 jan [&hellip;]<\/p>\n","protected":false},"author":4,"featured_media":462,"parent":0,"menu_order":0,"comment_status":"closed","ping_status":"closed","template":"","meta":{"_acf_changed":false,"ngg_post_thumbnail":0,"footnotes":""},"class_list":["post-58","page","type-page","status-publish","has-post-thumbnail","czr-hentry"],"featured_image_src":"https:\/\/pedagogie.ac-lille.fr\/gelp\/wp-content\/uploads\/sites\/54\/2022\/11\/01.jpg","acf":[],"publishpress_future_action":{"enabled":false,"date":"2026-04-16 21:06:37","action":"change-status","newStatus":"draft","terms":[],"taxonomy":"","extraData":[]},"publishpress_future_workflow_manual_trigger":{"enabledWorkflows":[]},"_links":{"self":[{"href":"https:\/\/pedagogie.ac-lille.fr\/gelp\/wp-json\/wp\/v2\/pages\/58","targetHints":{"allow":["GET"]}}],"collection":[{"href":"https:\/\/pedagogie.ac-lille.fr\/gelp\/wp-json\/wp\/v2\/pages"}],"about":[{"href":"https:\/\/pedagogie.ac-lille.fr\/gelp\/wp-json\/wp\/v2\/types\/page"}],"author":[{"embeddable":true,"href":"https:\/\/pedagogie.ac-lille.fr\/gelp\/wp-json\/wp\/v2\/users\/4"}],"replies":[{"embeddable":true,"href":"https:\/\/pedagogie.ac-lille.fr\/gelp\/wp-json\/wp\/v2\/comments?post=58"}],"version-history":[{"count":14,"href":"https:\/\/pedagogie.ac-lille.fr\/gelp\/wp-json\/wp\/v2\/pages\/58\/revisions"}],"predecessor-version":[{"id":860,"href":"https:\/\/pedagogie.ac-lille.fr\/gelp\/wp-json\/wp\/v2\/pages\/58\/revisions\/860"}],"wp:featuredmedia":[{"embeddable":true,"href":"https:\/\/pedagogie.ac-lille.fr\/gelp\/wp-json\/wp\/v2\/media\/462"}],"wp:attachment":[{"href":"https:\/\/pedagogie.ac-lille.fr\/gelp\/wp-json\/wp\/v2\/media?parent=58"}],"curies":[{"name":"wp","href":"https:\/\/api.w.org\/{rel}","templated":true}]}}