{"id":60,"date":"2021-01-06T05:12:18","date_gmt":"2021-01-06T04:12:18","guid":{"rendered":"https:\/\/pedagogie.ac-lille.fr\/gelp\/?page_id=60"},"modified":"2022-12-06T11:00:37","modified_gmt":"2022-12-06T10:00:37","slug":"page2-2","status":"publish","type":"page","link":"https:\/\/pedagogie.ac-lille.fr\/gelp\/page2-2\/","title":{"rendered":"Les liens utiles&#8230;"},"content":{"rendered":"<p>\u25cf HAGER\u00a0 \u00a0 \u00a0<img loading=\"lazy\" decoding=\"async\" class=\"\" src=\"https:\/\/d2q79iu7y748jz.cloudfront.net\/s\/_squarelogo\/256x256\/b85bbb8c737518a0a4218d9bd2a91166\" alt=\"Travailler chez Hager : avis r\u00e9cents sur Hager | Indeed.com\" width=\"94\" height=\"94\" \/><\/p>\n<p style=\"text-align: center\"><a href=\"https:\/\/hager.com\/fr\" target=\"_blank\" rel=\"noopener\">ACCEDER AU SITE<\/a><\/p>\n<p>\u25cf LEGRAND\u00a0 <img loading=\"lazy\" decoding=\"async\" class=\"\" src=\"https:\/\/www.legrand.fr\/sites\/all\/themes\/legrand\/images\/legrand-specialiste-des-infrastructures-electriques-et-numeriques-du-batiment.jpg\" alt=\"Legrand - Sp\u00e9cialiste des infrastructures \u00e9lectriques et num\u00e9riques du  b\u00e2timent\" width=\"99\" height=\"99\" \/><\/p>\n<p style=\"text-align: center\"><a href=\"https:\/\/www.legrand.fr\/\" target=\"_blank\" rel=\"noopener\">ACCEDER AU SITE<\/a><\/p>\n<p>\u25cf SCHNEIDER\u00a0 <img loading=\"lazy\" decoding=\"async\" class=\"\" src=\"https:\/\/s3.tenerrdis.fr\/uploads\/2022\/01\/300_11303_03022017031447-42.jpg\" width=\"148\" height=\"59\" \/><\/p>\n<p style=\"text-align: center\"><a href=\"https:\/\/www.se.com\/fr\/fr\/work\/services\/solutions-pedagogiques\/\" target=\"_blank\" rel=\"noopener\">ACCEDER AU SITE<\/a><\/p>\n<p>\u25cf WINRELAIS\u00a0 \u00a0 <img loading=\"lazy\" decoding=\"async\" class=\"\" src=\"http:\/\/www.ingerea.com\/images\/Titre-WR.10.PNG\" alt=\"Logiciel sch\u00e9ma \u00e9lectrique | DAO sch\u00e9mas installations \u00e9lectriques sch\u00e9mas  unifilaires W\" width=\"186\" height=\"47\" \/><\/p>\n<p style=\"text-align: center\"><a href=\"http:\/\/www.ingerea.com\/WinRELAIS.html\" target=\"_blank\" rel=\"noopener\">ACCEDER AU SITE<\/a><\/p>\n<p>\u25cf CHAUVIN ARNOUX\u00a0 \u00a0 <img loading=\"lazy\" decoding=\"async\" class=\"\" src=\"https:\/\/www.installation-renovation-electrique.com\/wp-content\/uploads\/2016\/08\/chauvin-arnoux-appareillage-mesure-electrique.jpg\" alt=\"Chauvin Arnoux: Avis sur les appareils de mesure pour \u00e9lectricien -\" width=\"144\" height=\"82\" \/><\/p>\n<p style=\"text-align: center\"><a href=\"https:\/\/www.chauvin-arnoux.com\/fr\" target=\"_blank\" rel=\"noopener\">ACCEDER AU SITE<\/a><\/p>\n","protected":false},"excerpt":{"rendered":"<p>\u25cf HAGER\u00a0 \u00a0 \u00a0 ACCEDER AU SITE \u25cf LEGRAND\u00a0 ACCEDER AU SITE \u25cf SCHNEIDER\u00a0 ACCEDER AU SITE \u25cf WINRELAIS\u00a0 \u00a0 ACCEDER AU SITE \u25cf CHAUVIN ARNOUX\u00a0 \u00a0 ACCEDER AU SITE<\/p>\n","protected":false},"author":4,"featured_media":558,"parent":0,"menu_order":0,"comment_status":"closed","ping_status":"closed","template":"","meta":{"_acf_changed":false,"ngg_post_thumbnail":0,"footnotes":""},"class_list":["post-60","page","type-page","status-publish","has-post-thumbnail","czr-hentry"],"featured_image_src":"https:\/\/pedagogie.ac-lille.fr\/gelp\/wp-content\/uploads\/sites\/54\/2022\/12\/liens.jpg","acf":[],"publishpress_future_action":{"enabled":false,"date":"2026-04-16 21:06:37","action":"change-status","newStatus":"draft","terms":[],"taxonomy":"","extraData":[]},"publishpress_future_workflow_manual_trigger":{"enabledWorkflows":[]},"_links":{"self":[{"href":"https:\/\/pedagogie.ac-lille.fr\/gelp\/wp-json\/wp\/v2\/pages\/60","targetHints":{"allow":["GET"]}}],"collection":[{"href":"https:\/\/pedagogie.ac-lille.fr\/gelp\/wp-json\/wp\/v2\/pages"}],"about":[{"href":"https:\/\/pedagogie.ac-lille.fr\/gelp\/wp-json\/wp\/v2\/types\/page"}],"author":[{"embeddable":true,"href":"https:\/\/pedagogie.ac-lille.fr\/gelp\/wp-json\/wp\/v2\/users\/4"}],"replies":[{"embeddable":true,"href":"https:\/\/pedagogie.ac-lille.fr\/gelp\/wp-json\/wp\/v2\/comments?post=60"}],"version-history":[{"count":8,"href":"https:\/\/pedagogie.ac-lille.fr\/gelp\/wp-json\/wp\/v2\/pages\/60\/revisions"}],"predecessor-version":[{"id":563,"href":"https:\/\/pedagogie.ac-lille.fr\/gelp\/wp-json\/wp\/v2\/pages\/60\/revisions\/563"}],"wp:featuredmedia":[{"embeddable":true,"href":"https:\/\/pedagogie.ac-lille.fr\/gelp\/wp-json\/wp\/v2\/media\/558"}],"wp:attachment":[{"href":"https:\/\/pedagogie.ac-lille.fr\/gelp\/wp-json\/wp\/v2\/media?parent=60"}],"curies":[{"name":"wp","href":"https:\/\/api.w.org\/{rel}","templated":true}]}}