{"id":775,"date":"2023-03-21T20:04:28","date_gmt":"2023-03-21T19:04:28","guid":{"rendered":"https:\/\/pedagogie.ac-lille.fr\/gelp\/?page_id=775"},"modified":"2024-11-27T11:34:45","modified_gmt":"2024-11-27T10:34:45","slug":"mat-de-videosurveillance","status":"publish","type":"page","link":"https:\/\/pedagogie.ac-lille.fr\/gelp\/mat-de-videosurveillance\/","title":{"rendered":"Mat de vid\u00e9osurveillance"},"content":{"rendered":"\n<div class=\"wp-block-columns is-layout-flex wp-container-core-columns-is-layout-28f84493 wp-block-columns-is-layout-flex\">\n<div class=\"wp-block-column is-layout-flow wp-block-column-is-layout-flow\" style=\"flex-basis:66.66%\">\n<p>Notice technique Syst\u00e8me Mat de vid\u00e9osurveillance<\/p>\n\n\n\n<p>Documentations techniques<\/p>\n\n\n\n<p>Ressources BEMA (doc + vid\u00e9o)<\/p>\n<\/div>\n\n\n\n<div class=\"wp-block-column is-layout-flow wp-block-column-is-layout-flow\" style=\"flex-basis:33.33%\">\n<figure class=\"wp-block-image size-full\"><img loading=\"lazy\" decoding=\"async\" width=\"567\" height=\"689\" src=\"https:\/\/pedagogie.ac-lille.fr\/gelp\/wp-content\/uploads\/sites\/54\/2024\/01\/Mat-VideoSurveillance.jpg\" alt=\"\" class=\"wp-image-1006\" srcset=\"https:\/\/pedagogie.ac-lille.fr\/gelp\/wp-content\/uploads\/sites\/54\/2024\/01\/Mat-VideoSurveillance.jpg 567w, https:\/\/pedagogie.ac-lille.fr\/gelp\/wp-content\/uploads\/sites\/54\/2024\/01\/Mat-VideoSurveillance-247x300.jpg 247w\" sizes=\"auto, (max-width: 567px) 100vw, 567px\" \/><\/figure>\n<\/div>\n<\/div>\n\n\n\n<p>Ressources BEMA (Vid\u00e9o)<\/p>\n\n\n\n<p>Vid\u00e9o 1 :<\/p>\n\n\n\n<figure class=\"wp-block-video\"><video controls src=\"https:\/\/tube-enseignement-professionnel.apps.education.fr\/download\/videos\/5c25714b-820f-4174-8825-bde599f893c3-720.mp4\"><\/video><\/figure>\n\n\n\n<p>Vid\u00e9o 2 :<\/p>\n\n\n\n<figure class=\"wp-block-video\"><video controls src=\"https:\/\/tube-enseignement-professionnel.apps.education.fr\/download\/videos\/00506d60-2f77-48b9-b1f1-c1c77f9cccbb-720.mp4\"><\/video><\/figure>\n\n\n\n<p>Vid\u00e9o 3 :<\/p>\n\n\n\n<figure class=\"wp-block-video\"><video controls src=\"https:\/\/tube-enseignement-professionnel.apps.education.fr\/download\/videos\/b182aada-1fb0-4761-8d9f-b6068b9eecfd-720.mp4\"><\/video><\/figure>\n\n\n\n<p>Vid\u00e9o 4 :<\/p>\n\n\n\n<figure class=\"wp-block-video\"><video controls src=\"https:\/\/tube-enseignement-professionnel.apps.education.fr\/download\/videos\/b0972afc-dff5-469e-a47b-f38198ff0e91-960.mp4\"><\/video><\/figure>\n\n\n\n<p>Vid\u00e9o 5 :<\/p>\n\n\n\n<figure class=\"wp-block-video\"><video controls src=\"https:\/\/tube-enseignement-professionnel.apps.education.fr\/download\/videos\/3594b2c6-47ef-486d-add4-08acbdb3134f-960.mp4\"><\/video><\/figure>\n","protected":false},"excerpt":{"rendered":"<p>Notice technique Syst\u00e8me Mat de vid\u00e9osurveillance Documentations techniques Ressources BEMA (doc + vid\u00e9o) Ressources BEMA (Vid\u00e9o) Vid\u00e9o 1 : Vid\u00e9o 2 : Vid\u00e9o 3 : Vid\u00e9o 4 : Vid\u00e9o 5 :<\/p>\n","protected":false},"author":116,"featured_media":0,"parent":0,"menu_order":0,"comment_status":"closed","ping_status":"closed","template":"","meta":{"_acf_changed":false,"ngg_post_thumbnail":0,"footnotes":""},"class_list":["post-775","page","type-page","status-publish","czr-hentry"],"featured_image_src":null,"acf":[],"publishpress_future_action":{"enabled":false,"date":"2026-04-17 02:06:05","action":"change-status","newStatus":"draft","terms":[],"taxonomy":"","extraData":[]},"publishpress_future_workflow_manual_trigger":{"enabledWorkflows":[]},"_links":{"self":[{"href":"https:\/\/pedagogie.ac-lille.fr\/gelp\/wp-json\/wp\/v2\/pages\/775","targetHints":{"allow":["GET"]}}],"collection":[{"href":"https:\/\/pedagogie.ac-lille.fr\/gelp\/wp-json\/wp\/v2\/pages"}],"about":[{"href":"https:\/\/pedagogie.ac-lille.fr\/gelp\/wp-json\/wp\/v2\/types\/page"}],"author":[{"embeddable":true,"href":"https:\/\/pedagogie.ac-lille.fr\/gelp\/wp-json\/wp\/v2\/users\/116"}],"replies":[{"embeddable":true,"href":"https:\/\/pedagogie.ac-lille.fr\/gelp\/wp-json\/wp\/v2\/comments?post=775"}],"version-history":[{"count":9,"href":"https:\/\/pedagogie.ac-lille.fr\/gelp\/wp-json\/wp\/v2\/pages\/775\/revisions"}],"predecessor-version":[{"id":1247,"href":"https:\/\/pedagogie.ac-lille.fr\/gelp\/wp-json\/wp\/v2\/pages\/775\/revisions\/1247"}],"wp:attachment":[{"href":"https:\/\/pedagogie.ac-lille.fr\/gelp\/wp-json\/wp\/v2\/media?parent=775"}],"curies":[{"name":"wp","href":"https:\/\/api.w.org\/{rel}","templated":true}]}}