{"id":931,"date":"2023-12-29T11:46:21","date_gmt":"2023-12-29T10:46:21","guid":{"rendered":"https:\/\/pedagogie.ac-lille.fr\/gelp\/?page_id=931"},"modified":"2024-01-21T22:46:27","modified_gmt":"2024-01-21T21:46:27","slug":"pel100","status":"publish","type":"page","link":"https:\/\/pedagogie.ac-lille.fr\/gelp\/pel100\/","title":{"rendered":"PEL103"},"content":{"rendered":"\n<h2 class=\"wp-block-heading has-text-align-left\">Enregistreur de puissances et d&rsquo;\u00e9nergie en simultan\u00e9e PEL 103<\/h2>\n\n\n\n<div class=\"wp-block-columns is-layout-flex wp-container-core-columns-is-layout-28f84493 wp-block-columns-is-layout-flex\">\n<div class=\"wp-block-column is-layout-flow wp-block-column-is-layout-flow\" style=\"flex-basis:66.66%\">\n<p><strong>Descriptif :<\/strong><\/p>\n\n\n\n<p>Ergonomiques, aimant\u00e9s, adapt\u00e9s \u00e0 tous types d\u2019armoires, les enregistreurs PEL103 assurent toutes les mesures de puissance et d\u2019\u00e9nergie en simultan\u00e9e.<\/p>\n\n\n\n<ul class=\"wp-block-list\">\n<li>Installations monophas\u00e9es, diphas\u00e9es et triphas\u00e9es avec ou sans neutre, et autres configurations complexes.<\/li>\n\n\n\n<li>Mise en place sans interruption de l\u2019alimentation secteur<\/li>\n\n\n\n<li>Communication BlueTooth, Ethernet, USB<\/li>\n\n\n\n<li>Reconnaissance automatique des capteurs connect\u00e9s<\/li>\n\n\n\n<li>Enregistrement sur carte SD et SD-HC<\/li>\n<\/ul>\n\n\n\n<p>Communication temps r\u00e9el avec un PC et analyse via le logiciel PEL Transfer<\/p>\n\n\n\n<p><strong>Caract\u00e9ristiques compl\u00e9mentaires :<\/strong><\/p>\n\n\n\n<ul class=\"wp-block-list\">\n<li>Tension jusqu&rsquo;\u00e0 1000V<\/li>\n\n\n\n<li>Courant jusqu&rsquo;\u00e0 10000A<\/li>\n\n\n\n<li>Ratio tension \/ Ratio de courant jusqu\u2019\u00e0 650000 V \/ jusqu\u2019\u00e0 25000 A<\/li>\n\n\n\n<li>Puissances de 10 \u00e0 10 GW\/Gvar\/GVA<\/li>\n\n\n\n<li>Energie jusqu\u2019\u00e0 4EWh \/ 4 EVAh \/ 4 Evarh<\/li>\n\n\n\n<li>Phase: cos \u03c6, tan \u03a6, PF<\/li>\n\n\n\n<li>Harmoniques Jusqu\u2019au rang 50<\/li>\n\n\n\n<li>M\u00e9moire Carte SD 8 Go (carte SD-HC jusqu\u2019\u00e0 32 Go<\/li>\n<\/ul>\n<\/div>\n\n\n\n<div class=\"wp-block-column is-layout-flow wp-block-column-is-layout-flow\" style=\"flex-basis:33.33%\"><div class=\"wp-block-image\">\n<figure class=\"aligncenter size-full\"><img loading=\"lazy\" decoding=\"async\" width=\"591\" height=\"1000\" src=\"https:\/\/pedagogie.ac-lille.fr\/gelp\/wp-content\/uploads\/sites\/54\/2023\/03\/pel103_f_0047.jpg\" alt=\"\" class=\"wp-image-755\" srcset=\"https:\/\/pedagogie.ac-lille.fr\/gelp\/wp-content\/uploads\/sites\/54\/2023\/03\/pel103_f_0047.jpg 591w, https:\/\/pedagogie.ac-lille.fr\/gelp\/wp-content\/uploads\/sites\/54\/2023\/03\/pel103_f_0047-177x300.jpg 177w\" sizes=\"auto, (max-width: 591px) 100vw, 591px\" \/><\/figure>\n<\/div><\/div>\n<\/div>\n\n\n\n<p><a href=\"https:\/\/pedagogie.ac-lille.fr\/gelp\/wp-content\/uploads\/sites\/54\/2024\/01\/HLHB1JSN-Notice-de-fonctionnement-PEL103.pdf\" target=\"_blank\" rel=\"noreferrer noopener\">Notice de fonctionnement<\/a><\/p>\n\n\n\n<p><a href=\"https:\/\/pedagogie.ac-lille.fr\/gelp\/wp-content\/uploads\/sites\/54\/2024\/01\/HLHB1JSM-Guide-de-demarrage-rapide-PEL103.pdf\" target=\"_blank\" rel=\"noreferrer noopener\">Guide de d\u00e9marrage rapide<\/a><\/p>\n\n\n\n<p><a href=\"https:\/\/pedagogie.ac-lille.fr\/gelp\/wp-content\/uploads\/sites\/54\/2024\/01\/HLHBWM1R-Caracteristiques-PEL103.pdf\" target=\"_blank\" rel=\"noreferrer noopener\">Caract\u00e9<\/a><a href=\"https:\/\/pedagogie.ac-lille.fr\/gelp\/wp-content\/uploads\/sites\/54\/2024\/01\/HLHBWM1R-Caracteristiques-PEL103.pdf\">ristiques<\/a><\/p>\n\n\n\n<p><a href=\"https:\/\/pedagogie.ac-lille.fr\/gelp\/wp-content\/uploads\/sites\/54\/2024\/01\/HLHBENXJ-DataView.pdf\" target=\"_blank\" rel=\"noreferrer noopener\">Logiciel DataView<\/a><\/p>\n\n\n\n<p><\/p>\n","protected":false},"excerpt":{"rendered":"<p>Enregistreur de puissances et d&rsquo;\u00e9nergie en simultan\u00e9e PEL 103 Descriptif : Ergonomiques, aimant\u00e9s, adapt\u00e9s \u00e0 tous types d\u2019armoires, les enregistreurs PEL103 assurent toutes les mesures de puissance et d\u2019\u00e9nergie en simultan\u00e9e. Communication temps r\u00e9el avec un PC et analyse via le logiciel PEL Transfer Caract\u00e9ristiques compl\u00e9mentaires : Notice de fonctionnement Guide de d\u00e9marrage rapide Caract\u00e9ristiques [&hellip;]<\/p>\n","protected":false},"author":124,"featured_media":0,"parent":0,"menu_order":0,"comment_status":"closed","ping_status":"closed","template":"","meta":{"_acf_changed":false,"ngg_post_thumbnail":0,"footnotes":""},"class_list":["post-931","page","type-page","status-publish","czr-hentry"],"featured_image_src":null,"acf":[],"publishpress_future_action":{"enabled":false,"date":"2026-04-16 22:43:01","action":"change-status","newStatus":"draft","terms":[],"taxonomy":"","extraData":[]},"publishpress_future_workflow_manual_trigger":{"enabledWorkflows":[]},"_links":{"self":[{"href":"https:\/\/pedagogie.ac-lille.fr\/gelp\/wp-json\/wp\/v2\/pages\/931","targetHints":{"allow":["GET"]}}],"collection":[{"href":"https:\/\/pedagogie.ac-lille.fr\/gelp\/wp-json\/wp\/v2\/pages"}],"about":[{"href":"https:\/\/pedagogie.ac-lille.fr\/gelp\/wp-json\/wp\/v2\/types\/page"}],"author":[{"embeddable":true,"href":"https:\/\/pedagogie.ac-lille.fr\/gelp\/wp-json\/wp\/v2\/users\/124"}],"replies":[{"embeddable":true,"href":"https:\/\/pedagogie.ac-lille.fr\/gelp\/wp-json\/wp\/v2\/comments?post=931"}],"version-history":[{"count":5,"href":"https:\/\/pedagogie.ac-lille.fr\/gelp\/wp-json\/wp\/v2\/pages\/931\/revisions"}],"predecessor-version":[{"id":1071,"href":"https:\/\/pedagogie.ac-lille.fr\/gelp\/wp-json\/wp\/v2\/pages\/931\/revisions\/1071"}],"wp:attachment":[{"href":"https:\/\/pedagogie.ac-lille.fr\/gelp\/wp-json\/wp\/v2\/media?parent=931"}],"curies":[{"name":"wp","href":"https:\/\/api.w.org\/{rel}","templated":true}]}}