{"id":936,"date":"2023-12-29T11:42:31","date_gmt":"2023-12-29T10:42:31","guid":{"rendered":"https:\/\/pedagogie.ac-lille.fr\/gelp\/?page_id=936"},"modified":"2024-01-21T22:20:46","modified_gmt":"2024-01-21T21:20:46","slug":"ca-6161","status":"publish","type":"page","link":"https:\/\/pedagogie.ac-lille.fr\/gelp\/ca-6161\/","title":{"rendered":"CA 6161"},"content":{"rendered":"\n<h2 class=\"wp-block-heading\">Contr\u00f4leur de machines et de tableaux \u00e9lectriques<\/h2>\n\n\n\n<div class=\"wp-block-columns is-layout-flex wp-container-core-columns-is-layout-28f84493 wp-block-columns-is-layout-flex\">\n<div class=\"wp-block-column is-layout-flow wp-block-column-is-layout-flow\" style=\"flex-basis:66.66%\">\n<p><strong>Descriptif :<\/strong><\/p>\n\n\n\n<p>Le CA 6161 se pr\u00e9sente en valise chantier jaune. Il est dot\u00e9 d\u2019un \u00e9cran tactile couleur utilisable m\u00eame avec des gants. Son IHM est multilingue, et de nombreux \u00e9crans d\u2019aides sont disponibles tout le long de son utilisation. L\u2019utilisateur est ainsi guid\u00e9 par des visuels, textes et symboles. Il communique via le Wifi ou via ses ports USB.<br>Quatre touches d\u2019action rapide<br>Le contr\u00f4leur machine CA 6161 dispose d\u2019un clavier avec quatre touches pour acc\u00e9der rapidement \u00e0 certaines fonctions quel que soit le contexte : impression d\u2019une mesure sur l\u2019imprimante de sticker, affichage des \u00e9crans d\u2019aide de la fonction en cours, retour \u00e0 l\u2019\u00e9cran principal, et retour au menu pr\u00e9c\u00e9dant. Cela permet notamment un retour rapide \u00e0 l\u2019\u00e9cran principal, quel que soit le niveau d\u2019arborescence de l\u2019IHM o\u00f9 l\u2019on se trouve.<br>Le CA 6161 m\u00e9morise jusqu\u2019\u00e0 100 000 tests. Un logiciel sur PC transfert via USB ou Wifi les donn\u00e9es de tests r\u00e9alis\u00e9s, \u00e0 des fins d\u2019analyse et de g\u00e9n\u00e9ration de rapports.<br>Simple, la mise \u00e0 jour du logiciel embarqu\u00e9 se fait en quelques minutes par cl\u00e9 USB.<\/p>\n\n\n\n<p>Le CA 6161 convient parfaitement pour le contr\u00f4le et la certification de la s\u00e9curit\u00e9 \u00e9lectrique d\u2019appareillages dans le cadre de :<\/p>\n\n\n\n<ul class=\"wp-block-list\">\n<li>La v\u00e9rification de conformit\u00e9 en fin de chaine de production,<\/li>\n\n\n\n<li>La v\u00e9rification p\u00e9riodique<\/li>\n\n\n\n<li>La maintenance.<\/li>\n<\/ul>\n\n\n\n<p>MESURES faites par le CA 6161<\/p>\n\n\n\n<ul class=\"wp-block-list\">\n<li>Continuit\u00e9 2F\/4F 0,1A, 0,2A, 10A, Chute de tension \u2206U<\/li>\n\n\n\n<li>Isolement 1G\u2126<\/li>\n\n\n\n<li>Test di\u00e9lectrique 3kV<\/li>\n\n\n\n<li>Test de DDRs A, AC, B, B+, F, EV<\/li>\n\n\n\n<li>Imp\u00e9dance de boucle et imp\u00e9dance de ligne<\/li>\n\n\n\n<li>Courant de fuite direct<\/li>\n\n\n\n<li>Courant de fuite diff\u00e9rentiel<\/li>\n\n\n\n<li>Puissances monophas\u00e9es et Triphas\u00e9es<\/li>\n\n\n\n<li>Mesure sur pince amp\u00e8rem\u00e9trique<\/li>\n\n\n\n<li>Test de rotation des phases<\/li>\n\n\n\n<li>Temps de d\u00e9charge<\/li>\n<\/ul>\n\n\n\n<p><a href=\"https:\/\/pedagogie.ac-lille.fr\/gelp\/wp-content\/uploads\/sites\/54\/2024\/01\/HLHB0CKI-Notice-de-fonctionnement-CA6161.pdf\" target=\"_blank\" rel=\"noreferrer noopener\">Notice de fonctionnement<\/a><\/p>\n\n\n\n<p><a href=\"https:\/\/pedagogie.ac-lille.fr\/gelp\/wp-content\/uploads\/sites\/54\/2024\/01\/HLHB0CKG-Guide-de-demarrage-rapide-CA6161.pdf\" target=\"_blank\" rel=\"noreferrer noopener\">Guide de d\u00e9marrage rapide<\/a><\/p>\n\n\n\n<p><a href=\"https:\/\/pedagogie.ac-lille.fr\/gelp\/wp-content\/uploads\/sites\/54\/2024\/01\/HLHB0IUC-Caracteristiques-CA6161.pdf\" target=\"_blank\" rel=\"noreferrer noopener\">Caract\u00e9ristiques<\/a><\/p>\n<\/div>\n\n\n\n<div class=\"wp-block-column is-layout-flow wp-block-column-is-layout-flow\" style=\"flex-basis:33.33%\">\n<figure class=\"wp-block-image size-full\"><img loading=\"lazy\" decoding=\"async\" width=\"407\" height=\"466\" src=\"https:\/\/pedagogie.ac-lille.fr\/gelp\/wp-content\/uploads\/sites\/54\/2023\/11\/Image-CA6161-e1701246962766.jpg\" alt=\"\" class=\"wp-image-893\" srcset=\"https:\/\/pedagogie.ac-lille.fr\/gelp\/wp-content\/uploads\/sites\/54\/2023\/11\/Image-CA6161-e1701246962766.jpg 407w, https:\/\/pedagogie.ac-lille.fr\/gelp\/wp-content\/uploads\/sites\/54\/2023\/11\/Image-CA6161-e1701246962766-262x300.jpg 262w\" sizes=\"auto, (max-width: 407px) 100vw, 407px\" \/><\/figure>\n\n\n\n<p><\/p>\n\n\n\n<figure class=\"wp-block-image size-full\"><img loading=\"lazy\" decoding=\"async\" width=\"700\" height=\"687\" src=\"https:\/\/pedagogie.ac-lille.fr\/gelp\/wp-content\/uploads\/sites\/54\/2024\/01\/ca6161_acc_p01145811.jpg\" alt=\"\" class=\"wp-image-1056\" srcset=\"https:\/\/pedagogie.ac-lille.fr\/gelp\/wp-content\/uploads\/sites\/54\/2024\/01\/ca6161_acc_p01145811.jpg 700w, https:\/\/pedagogie.ac-lille.fr\/gelp\/wp-content\/uploads\/sites\/54\/2024\/01\/ca6161_acc_p01145811-300x294.jpg 300w\" sizes=\"auto, (max-width: 700px) 100vw, 700px\" \/><\/figure>\n<\/div>\n<\/div>\n","protected":false},"excerpt":{"rendered":"<p>Contr\u00f4leur de machines et de tableaux \u00e9lectriques Descriptif : Le CA 6161 se pr\u00e9sente en valise chantier jaune. Il est dot\u00e9 d\u2019un \u00e9cran tactile couleur utilisable m\u00eame avec des gants. Son IHM est multilingue, et de nombreux \u00e9crans d\u2019aides sont disponibles tout le long de son utilisation. L\u2019utilisateur est ainsi guid\u00e9 par des visuels, textes [&hellip;]<\/p>\n","protected":false},"author":124,"featured_media":0,"parent":0,"menu_order":0,"comment_status":"closed","ping_status":"closed","template":"","meta":{"_acf_changed":false,"ngg_post_thumbnail":0,"footnotes":""},"class_list":["post-936","page","type-page","status-publish","czr-hentry"],"featured_image_src":null,"acf":[],"publishpress_future_action":{"enabled":false,"date":"2026-04-16 22:43:02","action":"change-status","newStatus":"draft","terms":[],"taxonomy":"","extraData":[]},"publishpress_future_workflow_manual_trigger":{"enabledWorkflows":[]},"_links":{"self":[{"href":"https:\/\/pedagogie.ac-lille.fr\/gelp\/wp-json\/wp\/v2\/pages\/936","targetHints":{"allow":["GET"]}}],"collection":[{"href":"https:\/\/pedagogie.ac-lille.fr\/gelp\/wp-json\/wp\/v2\/pages"}],"about":[{"href":"https:\/\/pedagogie.ac-lille.fr\/gelp\/wp-json\/wp\/v2\/types\/page"}],"author":[{"embeddable":true,"href":"https:\/\/pedagogie.ac-lille.fr\/gelp\/wp-json\/wp\/v2\/users\/124"}],"replies":[{"embeddable":true,"href":"https:\/\/pedagogie.ac-lille.fr\/gelp\/wp-json\/wp\/v2\/comments?post=936"}],"version-history":[{"count":3,"href":"https:\/\/pedagogie.ac-lille.fr\/gelp\/wp-json\/wp\/v2\/pages\/936\/revisions"}],"predecessor-version":[{"id":1062,"href":"https:\/\/pedagogie.ac-lille.fr\/gelp\/wp-json\/wp\/v2\/pages\/936\/revisions\/1062"}],"wp:attachment":[{"href":"https:\/\/pedagogie.ac-lille.fr\/gelp\/wp-json\/wp\/v2\/media?parent=936"}],"curies":[{"name":"wp","href":"https:\/\/api.w.org\/{rel}","templated":true}]}}