{"id":938,"date":"2023-12-29T11:45:23","date_gmt":"2023-12-29T10:45:23","guid":{"rendered":"https:\/\/pedagogie.ac-lille.fr\/gelp\/?page_id=938"},"modified":"2023-12-29T13:35:44","modified_gmt":"2023-12-29T12:35:44","slug":"kt-172","status":"publish","type":"page","link":"https:\/\/pedagogie.ac-lille.fr\/gelp\/kt-172\/","title":{"rendered":"KT 172"},"content":{"rendered":"\n<h2 class=\"wp-block-heading has-text-align-left\"><strong>V\u00e9rificateur d\u2019Absence de Tension KEWTECH VAT KT172<\/strong><\/h2>\n\n\n\n<div class=\"wp-block-columns is-layout-flex wp-container-core-columns-is-layout-28f84493 wp-block-columns-is-layout-flex\">\n<div class=\"wp-block-column is-layout-flow wp-block-column-is-layout-flow\" style=\"flex-basis:66.66%\">\n<h3 class=\"wp-block-heading\">Caract\u00e9ristiques du&nbsp;produit :&nbsp;<\/h3>\n\n\n\n<ul class=\"wp-block-list\">\n<li>Tension alternative: 12-690 V (16-400Hz)<\/li>\n\n\n\n<li>Tension continue: 12-690 V<\/li>\n\n\n\n<li>Continuit\u00e9: 0-400 kW Visuel et sonore<\/li>\n\n\n\n<li>D\u00e9tection de tension sans piles: Oui avec U~50Vca-cc<\/li>\n\n\n\n<li>Polarit\u00e9 en tension continue: Oui par Leds \u00ab + \u00bb \u00abou \u00ab -\u00ab<\/li>\n\n\n\n<li>Rotation des phases: 100-400 Vca; affichage par Leds \u00ab L \u00bb et \u00ab R \u00bb<\/li>\n\n\n\n<li>Ecart entre les pointes (mm): 19<\/li>\n\n\n\n<li>Affichage: 12 Leds<\/li>\n\n\n\n<li>Dimension H.L.P (mm): 242x69x42<\/li>\n\n\n\n<li>Poids (g): 192 (avec piles)<\/li>\n\n\n\n<li>Livr\u00e9 sous blister avec notice et piles<\/li>\n\n\n\n<li>V\u00e9rification sonore et visuelle de fonctionnement de toutes les leds par autotest<\/li>\n\n\n\n<li>Protections IP2X des pointes de touche, r\u00e9tractables par action sur g\u00e2chette m\u00e9canique<\/li>\n\n\n\n<li>Lampe-torche int\u00e9gr\u00e9e, active pendant 10sec. environ<\/li>\n\n\n\n<li>D\u00e9tection unipolaire de phases avec indications visuelle et sonore<\/li>\n\n\n\n<li>CAT.IV\/600V &#8211; CAT.III\/690V &#8211; IP65\/IP2X suivant normes IEC 61010-1 ;-2-030 ;-2-033 \/ 61423-3 \/<\/li>\n\n\n\n<li>61557-1 ;-7\/60529<\/li>\n\n\n\n<li>Conforme aux directives ROHS, REACH, PAH<\/li>\n<\/ul>\n\n\n\n<p>Alimentation : 2 x 1.5V LR03\/AAA<\/p>\n<\/div>\n\n\n\n<div class=\"wp-block-column is-layout-flow wp-block-column-is-layout-flow\" style=\"flex-basis:33.33%\">\n<p><\/p>\n\n\n\n<p>  <\/p>\n\n\n<div class=\"wp-block-image\">\n<figure class=\"aligncenter size-full is-resized\"><img loading=\"lazy\" decoding=\"async\" width=\"48\" height=\"174\" src=\"https:\/\/pedagogie.ac-lille.fr\/gelp\/wp-content\/uploads\/sites\/54\/2023\/11\/Image-KT172.jpg\" alt=\"\" class=\"wp-image-919\" style=\"width:58px;height:auto\" \/><\/figure>\n<\/div><\/div>\n<\/div>\n\n\n\n<p><a href=\"https:\/\/pedagogie.ac-lille.fr\/gelp\/wp-content\/uploads\/sites\/54\/2023\/12\/A11004389_3354-Notice-dutilisation-KT172.pdf\" target=\"_blank\" rel=\"noreferrer noopener\">Notice d&rsquo;utilisation<\/a><\/p>\n\n\n\n<p><a href=\"https:\/\/pedagogie.ac-lille.fr\/gelp\/wp-content\/uploads\/sites\/54\/2023\/12\/kt172-caracteristiques.pdf\" target=\"_blank\" rel=\"noreferrer noopener\">Caract\u00e9ristiques<\/a><\/p>\n","protected":false},"excerpt":{"rendered":"<p>V\u00e9rificateur d\u2019Absence de Tension KEWTECH VAT KT172 Caract\u00e9ristiques du&nbsp;produit :&nbsp; Alimentation : 2 x 1.5V LR03\/AAA Notice d&rsquo;utilisation Caract\u00e9ristiques<\/p>\n","protected":false},"author":124,"featured_media":0,"parent":0,"menu_order":0,"comment_status":"closed","ping_status":"closed","template":"","meta":{"_acf_changed":false,"ngg_post_thumbnail":0,"footnotes":""},"class_list":["post-938","page","type-page","status-publish","czr-hentry"],"featured_image_src":null,"acf":[],"publishpress_future_action":{"enabled":false,"date":"2026-04-16 22:43:01","action":"change-status","newStatus":"draft","terms":[],"taxonomy":"","extraData":[]},"publishpress_future_workflow_manual_trigger":{"enabledWorkflows":[]},"_links":{"self":[{"href":"https:\/\/pedagogie.ac-lille.fr\/gelp\/wp-json\/wp\/v2\/pages\/938","targetHints":{"allow":["GET"]}}],"collection":[{"href":"https:\/\/pedagogie.ac-lille.fr\/gelp\/wp-json\/wp\/v2\/pages"}],"about":[{"href":"https:\/\/pedagogie.ac-lille.fr\/gelp\/wp-json\/wp\/v2\/types\/page"}],"author":[{"embeddable":true,"href":"https:\/\/pedagogie.ac-lille.fr\/gelp\/wp-json\/wp\/v2\/users\/124"}],"replies":[{"embeddable":true,"href":"https:\/\/pedagogie.ac-lille.fr\/gelp\/wp-json\/wp\/v2\/comments?post=938"}],"version-history":[{"count":3,"href":"https:\/\/pedagogie.ac-lille.fr\/gelp\/wp-json\/wp\/v2\/pages\/938\/revisions"}],"predecessor-version":[{"id":983,"href":"https:\/\/pedagogie.ac-lille.fr\/gelp\/wp-json\/wp\/v2\/pages\/938\/revisions\/983"}],"wp:attachment":[{"href":"https:\/\/pedagogie.ac-lille.fr\/gelp\/wp-json\/wp\/v2\/media?parent=938"}],"curies":[{"name":"wp","href":"https:\/\/api.w.org\/{rel}","templated":true}]}}