{"id":940,"date":"2023-12-29T11:44:07","date_gmt":"2023-12-29T10:44:07","guid":{"rendered":"https:\/\/pedagogie.ac-lille.fr\/gelp\/?page_id=940"},"modified":"2023-12-29T13:54:25","modified_gmt":"2023-12-29T12:54:25","slug":"d45-2","status":"publish","type":"page","link":"https:\/\/pedagogie.ac-lille.fr\/gelp\/d45-2\/","title":{"rendered":"D45"},"content":{"rendered":"\n<h2 class=\"wp-block-heading has-text-align-left\"><strong>Appareil de d\u00e9tection des c\u00e2bles sous tension D45<\/strong><\/h2>\n\n\n\n<div class=\"wp-block-columns is-layout-flex wp-container-core-columns-is-layout-28f84493 wp-block-columns-is-layout-flex\">\n<div class=\"wp-block-column is-layout-flow wp-block-column-is-layout-flow\" style=\"flex-basis:66.66%\">\n<p><strong>Descriptif :<\/strong><\/p>\n\n\n\n<p><\/p>\n\n\n\n<ul class=\"wp-block-list\">\n<li>Rep\u00e9rage des c\u00e2bles \u00e9lectriques sous tension.<\/li>\n\n\n\n<li>D\u00e9tection de pi\u00e8ces m\u00e9talliques (tuyaux..) et de la position des montants en bois ou en m\u00e9tal.<\/li>\n\n\n\n<li>Profondeur de d\u00e9tection : 30 cm.<\/li>\n\n\n\n<li>Pr\u00e9cision de l\u2019indication : \u00b115 mm.<\/li>\n<\/ul>\n<\/div>\n\n\n\n<div class=\"wp-block-column is-layout-flow wp-block-column-is-layout-flow\" style=\"flex-basis:33.33%\"><div class=\"wp-block-image\">\n<figure class=\"aligncenter size-full is-resized\"><img loading=\"lazy\" decoding=\"async\" width=\"502\" height=\"857\" src=\"https:\/\/pedagogie.ac-lille.fr\/gelp\/wp-content\/uploads\/sites\/54\/2023\/03\/d45.jpg\" alt=\"\" class=\"wp-image-764\" style=\"width:214px;height:auto\" srcset=\"https:\/\/pedagogie.ac-lille.fr\/gelp\/wp-content\/uploads\/sites\/54\/2023\/03\/d45.jpg 502w, https:\/\/pedagogie.ac-lille.fr\/gelp\/wp-content\/uploads\/sites\/54\/2023\/03\/d45-176x300.jpg 176w\" sizes=\"auto, (max-width: 502px) 100vw, 502px\" \/><\/figure>\n<\/div><\/div>\n<\/div>\n\n\n\n<p><a href=\"https:\/\/pedagogie.ac-lille.fr\/gelp\/wp-content\/uploads\/sites\/54\/2023\/03\/D00AYX86-Notice-D45.pdf\" target=\"_blank\" rel=\"noreferrer noopener\">Notice<\/a><\/p>\n","protected":false},"excerpt":{"rendered":"<p>Appareil de d\u00e9tection des c\u00e2bles sous tension D45 Descriptif : Notice<\/p>\n","protected":false},"author":124,"featured_media":0,"parent":0,"menu_order":0,"comment_status":"closed","ping_status":"closed","template":"","meta":{"_acf_changed":false,"ngg_post_thumbnail":0,"footnotes":""},"class_list":["post-940","page","type-page","status-publish","czr-hentry"],"featured_image_src":null,"acf":[],"publishpress_future_action":{"enabled":false,"date":"2026-04-16 22:43:02","action":"change-status","newStatus":"draft","terms":[],"taxonomy":"","extraData":[]},"publishpress_future_workflow_manual_trigger":{"enabledWorkflows":[]},"_links":{"self":[{"href":"https:\/\/pedagogie.ac-lille.fr\/gelp\/wp-json\/wp\/v2\/pages\/940","targetHints":{"allow":["GET"]}}],"collection":[{"href":"https:\/\/pedagogie.ac-lille.fr\/gelp\/wp-json\/wp\/v2\/pages"}],"about":[{"href":"https:\/\/pedagogie.ac-lille.fr\/gelp\/wp-json\/wp\/v2\/types\/page"}],"author":[{"embeddable":true,"href":"https:\/\/pedagogie.ac-lille.fr\/gelp\/wp-json\/wp\/v2\/users\/124"}],"replies":[{"embeddable":true,"href":"https:\/\/pedagogie.ac-lille.fr\/gelp\/wp-json\/wp\/v2\/comments?post=940"}],"version-history":[{"count":4,"href":"https:\/\/pedagogie.ac-lille.fr\/gelp\/wp-json\/wp\/v2\/pages\/940\/revisions"}],"predecessor-version":[{"id":985,"href":"https:\/\/pedagogie.ac-lille.fr\/gelp\/wp-json\/wp\/v2\/pages\/940\/revisions\/985"}],"wp:attachment":[{"href":"https:\/\/pedagogie.ac-lille.fr\/gelp\/wp-json\/wp\/v2\/media?parent=940"}],"curies":[{"name":"wp","href":"https:\/\/api.w.org\/{rel}","templated":true}]}}