{"id":10568,"date":"2025-09-18T16:12:57","date_gmt":"2025-09-18T14:12:57","guid":{"rendered":"https:\/\/pedagogie.ac-lille.fr\/histoire-geographie\/?page_id=10568"},"modified":"2025-11-07T09:16:13","modified_gmt":"2025-11-07T08:16:13","slug":"les-charges-de-mission-dinspection","status":"publish","type":"page","link":"https:\/\/pedagogie.ac-lille.fr\/histoire-geographie\/les-charges-de-mission-dinspection\/","title":{"rendered":"Les charg\u00e9s de mission d&rsquo;inspection 2025-2026"},"content":{"rendered":"\n<p>Tout au long de l\u2019ann\u00e9e scolaire, les IA-IPR seront accompagn\u00e9s par des charg\u00e9s de mission d\u2019inspection : <\/p>\n\n\n\n<ul class=\"wp-block-list\">\n<li>Mme V\u00e9ronique Clabaux-Coquart (veronique.clabaux@ac-lille.fr)<\/li>\n\n\n\n<li>M. Anthony Deberdt (Anthony-Didier.Deberdt@ac-lille.fr)<\/li>\n\n\n\n<li>Mme Nathalie Dezitter (nathalie-Helene.dezitter@ac-lille.fr)<\/li>\n\n\n\n<li>Mme Sandrine Gorez-Brienne (sandrine.gorez@ac-lille.fr)<\/li>\n\n\n\n<li>Mme Virginie Pennelle (virginie.pennelle@ac-lille.fr)<\/li>\n<\/ul>\n\n\n\n<p><\/p>\n","protected":false},"excerpt":{"rendered":"<p>Tout au long de l\u2019ann\u00e9e scolaire, les IA-IPR seront accompagn\u00e9s par des charg\u00e9s de mission d\u2019inspection :<\/p>\n","protected":false},"author":17,"featured_media":0,"parent":0,"menu_order":0,"comment_status":"closed","ping_status":"closed","template":"","meta":{"ngg_post_thumbnail":0,"footnotes":""},"class_list":["post-10568","page","type-page","status-publish","czr-hentry"],"publishpress_future_action":{"enabled":false,"date":"2026-04-11 01:51:32","action":"change-status","newStatus":"draft","terms":[],"taxonomy":"","extraData":[]},"publishpress_future_workflow_manual_trigger":{"enabledWorkflows":[]},"_links":{"self":[{"href":"https:\/\/pedagogie.ac-lille.fr\/histoire-geographie\/wp-json\/wp\/v2\/pages\/10568","targetHints":{"allow":["GET"]}}],"collection":[{"href":"https:\/\/pedagogie.ac-lille.fr\/histoire-geographie\/wp-json\/wp\/v2\/pages"}],"about":[{"href":"https:\/\/pedagogie.ac-lille.fr\/histoire-geographie\/wp-json\/wp\/v2\/types\/page"}],"author":[{"embeddable":true,"href":"https:\/\/pedagogie.ac-lille.fr\/histoire-geographie\/wp-json\/wp\/v2\/users\/17"}],"replies":[{"embeddable":true,"href":"https:\/\/pedagogie.ac-lille.fr\/histoire-geographie\/wp-json\/wp\/v2\/comments?post=10568"}],"version-history":[{"count":3,"href":"https:\/\/pedagogie.ac-lille.fr\/histoire-geographie\/wp-json\/wp\/v2\/pages\/10568\/revisions"}],"predecessor-version":[{"id":10703,"href":"https:\/\/pedagogie.ac-lille.fr\/histoire-geographie\/wp-json\/wp\/v2\/pages\/10568\/revisions\/10703"}],"wp:attachment":[{"href":"https:\/\/pedagogie.ac-lille.fr\/histoire-geographie\/wp-json\/wp\/v2\/media?parent=10568"}],"curies":[{"name":"wp","href":"https:\/\/api.w.org\/{rel}","templated":true}]}}