{"id":342,"date":"2020-07-16T20:43:06","date_gmt":"2020-07-16T18:43:06","guid":{"rendered":"http:\/\/pedagogie.ac-lille.fr\/histoire-geographie\/\/?page_id=342"},"modified":"2023-07-15T11:47:28","modified_gmt":"2023-07-15T09:47:28","slug":"mentions-legales","status":"publish","type":"page","link":"https:\/\/pedagogie.ac-lille.fr\/histoire-geographie\/mentions-legales\/","title":{"rendered":"Mentions l\u00e9gales"},"content":{"rendered":"\n<h2 class=\"wp-block-heading\">H\u00e9bergeur<\/h2>\n\n\n\n<p>Rectorat de Lille &#8211; Acad\u00e9mie de Lille Direction des Syst\u00e8mes d&rsquo;Information (DSI) 110 avenue Gaston Berger, 59000 Lille 03 20 95 69 00<\/p>\n\n\n\n<h2 class=\"wp-block-heading\">Directeur de la publication<\/h2>\n\n\n\n<p>Val\u00e9rie CABUIL, rectrice de l&rsquo;acad\u00e9mie de Lille, Chanceli\u00e8re des Universit\u00e9s.<\/p>\n\n\n\n<h2 class=\"wp-block-heading\">Responsable de r\u00e9daction<\/h2>\n\n\n\n<p>St\u00e9phane HENRY, IA-IPR de l&rsquo;acad\u00e9mie de Lille.<\/p>\n\n\n\n<h2 class=\"wp-block-heading\">Webmestre<\/h2>\n\n\n\n<p>Dimitri SAPUTA, IAN histoire-g\u00e9ographie, professeur. &nbsp;<\/p>\n\n\n\n<figure class=\"wp-block-image\"><img decoding=\"async\" src=\"http:\/\/heg.discipline.ac-lille.fr\/paysage23.jpg\/image_preview\" alt=\"\" title=\"PAYSAGE23\" \/><\/figure>\n\n\n\n<h1 class=\"wp-block-heading\">Protection et traitement de donn\u00e9es \u00e0 caract\u00e8re personnel<\/h1>\n\n\n\n<h2 class=\"wp-block-heading\">Respect des lois en vigueur<\/h2>\n\n\n\n<p>Le site&nbsp;<a href=\"http:\/\/pedagogie.ac-lille.fr\/histoire-geographie\/\">http:\/\/pedagogie.ac-lille.fr\/histoire-geographie\/<\/a> respecte la vie priv\u00e9e de l&rsquo;internaute et se conforme strictement aux lois en vigueur sur la protection de la vie priv\u00e9e et des libert\u00e9s individuelles. Aucune information personnelle n&rsquo;est collect\u00e9e \u00e0 votre insu. Aucune information personnelle n&rsquo;est c\u00e9d\u00e9e \u00e0 des tiers. Les courriels, les adresses \u00e9lectroniques ou autres informations nominatives dont ce site est destinataire ne font l&rsquo;objet d&rsquo;aucune exploitation et ne sont conserv\u00e9s que pour la dur\u00e9e n\u00e9cessaire \u00e0 leur traitement.<\/p>\n\n\n\n<h2 class=\"wp-block-heading\">Droit&nbsp;d&rsquo;acc\u00e8s et de rectification des internautes<\/h2>\n\n\n\n<p>Conform\u00e9ment aux dispositions de la loi n\u00b078-17 du 6 janvier 1978 relative \u00e0 l&rsquo;informatique, aux fichiers et aux libert\u00e9s, les internautes disposent d&rsquo;un droit d&rsquo;acc\u00e8s, de modification, de rectification et de suppression des donn\u00e9es qui les concernent. Ce droit s&rsquo;exerce par voie postale, en justifiant de son identit\u00e9, \u00e0 l&rsquo;adresse suivante :<br>Direction des Syst\u00e8mes d&rsquo;Information (DSI)<br>110 avenue Gaston Berger, 59000 Lille.<br>03 20 95 69 00<\/p>\n\n\n\n<h1 class=\"wp-block-heading\">Prestataires d&rsquo;h\u00e9bergement<\/h1>\n\n\n\n<p>La politique du site&nbsp;<a href=\"http:\/\/pedagogie.ac-lille.fr\/histoire-geographie\/\">http:\/\/pedagogie.ac-lille.fr\/histoire-geographie\/<\/a> est en conformit\u00e9 avec la loi n\u00b02004-575 du 21 juin 2004 pour la confiance dans l&rsquo;\u00e9conomie num\u00e9rique<\/p>\n\n\n\n<h2 class=\"wp-block-heading\">H\u00e9bergement du site<\/h2>\n\n\n\n<p>Direction des Syst\u00e8mes d\u2019Information de l\u2019Acad\u00e9mie de Lille [DSI-AL] Service Infrastructures Syst\u00e8me 110 Avenue Gaston Berger<br>59000 Lille<\/p>\n\n\n\n<h1 class=\"wp-block-heading\">Droits d&rsquo;auteur et droits de reproduction du contenu mis en ligne<\/h1>\n\n\n\n<h2 class=\"wp-block-heading\">Droits de reproduction des documents publics ou officiels<\/h2>\n\n\n\n<p>Depuis la publication de l&rsquo;ordonnance n\u00b0 2005-650 du 6 juin 2005 relative \u00e0 la libert\u00e9 d&rsquo;acc\u00e8s aux documents administratifs et \u00e0 la r\u00e9utilisation des informations publiques, ces informations peuvent \u00eatre r\u00e9utilis\u00e9es \u00e0 d&rsquo;autres fins que celles pour lesquelles elles ont \u00e9t\u00e9 produites, et particuli\u00e8rement les informations faisant l&rsquo;objet d&rsquo;une diffusion publique. Les documents publics ou officiels ne sont couverts par aucun droit d&rsquo;auteur et peuvent donc \u00eatre reproduits librement. Le graphisme, l&rsquo;iconographie ainsi que le contenu \u00e9ditorial demeurent la propri\u00e9t\u00e9&nbsp; de l&rsquo;\u00c9tat, et, \u00e0 ce titre, font l&rsquo;objet des protections pr\u00e9vues par le Code de la propri\u00e9t\u00e9 intellectuelle.<br>L&rsquo;article L.122-5 du code de la propri\u00e9t\u00e9 intellectuelle pose le principe selon lequel, \u00ab\u00a0lorsque l&rsquo;\u0153uvre a \u00e9t\u00e9 divulgu\u00e9e, l&rsquo;auteur ne peut interdire la diffusion, m\u00eame int\u00e9grale, par la voie de presse ou de t\u00e9l\u00e9diffusion, \u00e0 titre d&rsquo;information d&rsquo;actualit\u00e9, des discours destin\u00e9s au public prononc\u00e9s dans les assembl\u00e9es politiques, (&#8230;), ainsi que dans les r\u00e9unions publiques d&rsquo;ordre politique et les c\u00e9r\u00e9monies officielles\u00a0\u00bb.<br>C&rsquo;est donc le cas notamment pour les discours et interventions publiques qui s&rsquo;apparentent \u00e0 une exception au droit d&rsquo;auteur. De m\u00eame, les documents publics ou officiels tels que les communiqu\u00e9s officiels ne sont couverts par aucun droit d&rsquo;auteur, et peuvent en cons\u00e9quence \u00eatre reproduits librement.<br>Si la reprise de ces contenus de fa\u00e7on partielle ou int\u00e9grale est autoris\u00e9e, elle doit \u00eatre obligatoirement assortie de la mention du nom de l&rsquo;auteur, de la source, et \u00e9ventuellement d&rsquo;un lien renvoyant vers le document original en ligne sur le site.<br>La mention \u00ab\u00a0\u00a9&nbsp; <a href=\"http:\/\/pedagogie.ac-lille.fr\/histoire-geographie\/\">http:\/\/pedagogie.ac-lille.fr\/histoire-geographie\/<\/a> &#8211;&nbsp; Acad\u00e9mie de Lille\u00a0\u00bb devra donc \u00eatre indiqu\u00e9e.<br>Tous les autres contenus pr\u00e9sents sur le site sont couverts par le droit d&rsquo;auteur. Toute reprise est d\u00e8s lors conditionn\u00e9e \u00e0 l&rsquo;accord de l&rsquo;auteur en vertu de l&rsquo;article L.122-4 du Code de la propri\u00e9t\u00e9 Intellectuelle.<br>Les informations utilis\u00e9es ne doivent l&rsquo;\u00eatre qu&rsquo;\u00e0 des fins personnelles, associatives ou professionnelles ; toute diffusion ou utilisation \u00e0 des fins commerciales ou publicitaires \u00e9tant interdites.<\/p>\n\n\n\n<h2 class=\"wp-block-heading\">Demande d&rsquo;autorisation de reproduction des contenus<\/h2>\n\n\n\n<p>La demande pourra se faire via le formulaire de contact et&nbsp;devra pr\u00e9ciser le contenu vis\u00e9 ainsi que la publication ou le site sur lequel ce dernier figurera. Une fois cette autorisation obtenue, la reproduction d&rsquo;un contenu doit ob\u00e9ir aux principes suivants :<br>&#8211; gratuit\u00e9 de la diffusion ;<br>&#8211;&nbsp; respect de l&rsquo;int\u00e9grit\u00e9 des documents reproduits (aucune modification, ni alt\u00e9ration d&rsquo;aucune sorte) ;<br>&#8211;&nbsp; mention obligatoire : \u00ab\u00a0\u00a9&nbsp; &lt;<a href=\"http:\/\/pedagogie.ac-lille.fr\/histoire-geographie\/\">http:\/\/pedagogie.ac-lille.fr\/histoire-geographie\/ <\/a>&#8211; &nbsp;Acad\u00e9mie de Lille&nbsp; &#8211;&nbsp; droits r\u00e9serv\u00e9s\u00a0\u00bb. Cette mention pointera gr\u00e2ce \u00e0 un lien hypertexte directement sur le contenu.<br>&#8211; insertion d&rsquo;une ic\u00f4ne repr\u00e9sentant le site internet<br>Les organismes sous tutelle ainsi que les autres minist\u00e8res sont&nbsp; dispens\u00e9s de cette demande d&rsquo;autorisation sous r\u00e9serve d&rsquo;insertion de la mention \u00ab\u00a0\u00a9&nbsp; <a href=\"http:\/\/pedagogie.ac-lille.fr\/histoire-geographie\/\">http:\/\/pedagogie.ac-lille.fr\/histoire-geographie\/<\/a> &#8211;&nbsp; Acad\u00e9mie de Lille&nbsp; &#8211;&nbsp; droits r\u00e9serv\u00e9s\u00a0\u00bb. Cette mention pointera gr\u00e2ce \u00e0 un lien hypertexte directement sur le contenu.&nbsp;<\/p>\n\n\n\n<h1 class=\"wp-block-heading\">Responsabilit\u00e9 face aux liens vers d&rsquo;autres sites<\/h1>\n\n\n\n<p>Le site <a href=\"http:\/\/pedagogie.ac-lille.fr\/histoire-geographie\/\">http:\/\/pedagogie.ac-lille.fr\/histoire-geographie\/<\/a>&nbsp; propose de nombreux liens vers d&rsquo;autres sites, essentiellement des sites officiels (gouvernement, institutions, organismes publics, etc.) mais aussi vers des sites, fran\u00e7ais ou \u00e9trangers, d&rsquo;associations,&nbsp; d&rsquo;organismes professionnels du secteur \u00e9ducatif ou d&rsquo;entreprises partenaires sur des op\u00e9rations ponctuelles.<br>Chaque fois, il est syst\u00e9matiquement pr\u00e9cis\u00e9 vers quel site nous vous proposons d&rsquo;aller. Ces pages, dont les adresses sont r\u00e9guli\u00e8rement v\u00e9rifi\u00e9es, ne font pas partie du site <a href=\"http:\/\/pedagogie.ac-lille.fr\/histoire-geographie\/\">http:\/\/pedagogie.ac-lille.fr\/histoire-geographie\/<\/a> : elles n&rsquo;engagent pas la responsabilit\u00e9 de&nbsp; la r\u00e9daction du site qui ne peut \u00eatre tenue pour responsable des contenus vers lesquels ces liens pointent. Ils ne visent qu&rsquo;\u00e0 permettre \u00e0 l&rsquo;internaute d&rsquo;acc\u00e9der plus facilement \u00e0 d&rsquo;autres ressources documentaires sur le sujet consult\u00e9<\/p>\n\n\n\n<h1 class=\"wp-block-heading\">Demande de cr\u00e9ation de liens<\/h1>\n\n\n\n<p>Le site&nbsp;<a href=\"http:\/\/pedagogie.ac-lille.fr\/histoire-geographie\/\">http:\/\/pedagogie.ac-lille.fr\/histoire-geographie\/<\/a> autorise, sans autorisation pr\u00e9alable, la mise en place de liens hypertextes pointant vers ses pages,&nbsp; sous r\u00e9serve de :<br>&#8211;&nbsp; ne pas utiliser la technique du lien profond, c&rsquo;est-\u00e0-dire que les pages du site &nbsp;<a href=\"http:\/\/pedagogie.ac-lille.fr\/histoire-geographie\/\">http:\/\/pedagogie.ac-lille.fr\/histoire-geographie\/<\/a> ne doivent pas \u00eatre imbriqu\u00e9es \u00e0 l&rsquo;int\u00e9rieur des pages d&rsquo;un autre site, mais visibles par l&rsquo;ouverture d&rsquo;une fen\u00eatre ind\u00e9pendante.<br>&#8211;&nbsp; mentionner la source qui pointera gr\u00e2ce \u00e0 un lien hypertexte directement&nbsp;<\/p>\n","protected":false},"excerpt":{"rendered":"<p>H\u00e9bergeur Rectorat de Lille &#8211; Acad\u00e9mie de Lille Direction des Syst\u00e8mes d&rsquo;Information (DSI) 110 avenue Gaston Berger, 59000 Lille 03 20 95 69 00 Directeur de la publication Val\u00e9rie CABUIL, [&hellip;]<\/p>\n","protected":false},"author":20,"featured_media":0,"parent":0,"menu_order":0,"comment_status":"closed","ping_status":"closed","template":"","meta":{"ngg_post_thumbnail":0,"footnotes":""},"class_list":["post-342","page","type-page","status-publish","czr-hentry"],"publishpress_future_action":{"enabled":false,"date":"2026-04-11 01:51:03","action":"change-status","newStatus":"draft","terms":[],"taxonomy":"","extraData":[]},"publishpress_future_workflow_manual_trigger":{"enabledWorkflows":[]},"_links":{"self":[{"href":"https:\/\/pedagogie.ac-lille.fr\/histoire-geographie\/wp-json\/wp\/v2\/pages\/342","targetHints":{"allow":["GET"]}}],"collection":[{"href":"https:\/\/pedagogie.ac-lille.fr\/histoire-geographie\/wp-json\/wp\/v2\/pages"}],"about":[{"href":"https:\/\/pedagogie.ac-lille.fr\/histoire-geographie\/wp-json\/wp\/v2\/types\/page"}],"author":[{"embeddable":true,"href":"https:\/\/pedagogie.ac-lille.fr\/histoire-geographie\/wp-json\/wp\/v2\/users\/20"}],"replies":[{"embeddable":true,"href":"https:\/\/pedagogie.ac-lille.fr\/histoire-geographie\/wp-json\/wp\/v2\/comments?post=342"}],"version-history":[{"count":7,"href":"https:\/\/pedagogie.ac-lille.fr\/histoire-geographie\/wp-json\/wp\/v2\/pages\/342\/revisions"}],"predecessor-version":[{"id":7681,"href":"https:\/\/pedagogie.ac-lille.fr\/histoire-geographie\/wp-json\/wp\/v2\/pages\/342\/revisions\/7681"}],"wp:attachment":[{"href":"https:\/\/pedagogie.ac-lille.fr\/histoire-geographie\/wp-json\/wp\/v2\/media?parent=342"}],"curies":[{"name":"wp","href":"https:\/\/api.w.org\/{rel}","templated":true}]}}