{"id":1857,"date":"2022-07-15T15:36:50","date_gmt":"2022-07-15T13:36:50","guid":{"rendered":"https:\/\/pedagogie.ac-lille.fr\/langues-vivantes\/?page_id=1857"},"modified":"2022-07-16T11:57:50","modified_gmt":"2022-07-16T09:57:50","slug":"pour-debuter","status":"publish","type":"page","link":"https:\/\/pedagogie.ac-lille.fr\/langues-vivantes\/ressources\/pour-debuter\/","title":{"rendered":"Ressources pour d\u00e9buter"},"content":{"rendered":"\n<p class=\"has-text-align-left has-medium-font-size\">Faire cours ne s&rsquo;improvise pas, et lorsque l&rsquo;on commence, les conseils pour pr\u00e9parer un cours et pour le mettre en \u0153uvre aupr\u00e8s des \u00e9l\u00e8ves sont les bienvenus. C&rsquo;est dans cette optique que les documents qui suivent vous sont propos\u00e9s: vous y trouverez des conseils pour pr\u00e9parer une s\u00e9quence ou une heure de cours, mais aussi des conseils tr\u00e8s pratiques sur la gestion de classe, ou les d\u00e9marches \u00e0 r\u00e9aliser lorsque vous arrivez dans votre \u00e9tablissement. Tous ces conseils s&rsquo;adressent aux enseignants d\u00e9butants, et \u00e0 tous ceux qui souhaiteraient revenir sur ces fondamentaux.<\/p>\n\n\n\n<p class=\"has-medium-font-size\">Nous remercions vivement C\u00e9cile CAMPAGNE, Charg\u00e9e de Missions d&rsquo;Inspection et Formatrice Acad\u00e9mique en espagnol, pour la r\u00e9alisation de ces ressources.<\/p>\n","protected":false},"excerpt":{"rendered":"<p>Faire cours ne s&rsquo;improvise pas, et lorsque l&rsquo;on commence, les conseils pour pr\u00e9parer un cours et pour le mettre en \u0153uvre aupr\u00e8s des \u00e9l\u00e8ves sont les bienvenus. C&rsquo;est dans cette optique que les documents qui suivent vous sont propos\u00e9s: vous y trouverez des conseils pour pr\u00e9parer une s\u00e9quence ou une heure de cours, mais aussi [&hellip;]<\/p>\n","protected":false},"author":47,"featured_media":0,"parent":1729,"menu_order":0,"comment_status":"closed","ping_status":"closed","template":"","meta":{"footnotes":""},"class_list":["post-1857","page","type-page","status-publish","czr-hentry"],"publishpress_future_action":{"enabled":false,"date":"2026-04-28 19:24:41","action":"change-status","newStatus":"draft","terms":[],"taxonomy":"","extraData":[]},"publishpress_future_workflow_manual_trigger":{"enabledWorkflows":[]},"_links":{"self":[{"href":"https:\/\/pedagogie.ac-lille.fr\/langues-vivantes\/wp-json\/wp\/v2\/pages\/1857","targetHints":{"allow":["GET"]}}],"collection":[{"href":"https:\/\/pedagogie.ac-lille.fr\/langues-vivantes\/wp-json\/wp\/v2\/pages"}],"about":[{"href":"https:\/\/pedagogie.ac-lille.fr\/langues-vivantes\/wp-json\/wp\/v2\/types\/page"}],"author":[{"embeddable":true,"href":"https:\/\/pedagogie.ac-lille.fr\/langues-vivantes\/wp-json\/wp\/v2\/users\/47"}],"replies":[{"embeddable":true,"href":"https:\/\/pedagogie.ac-lille.fr\/langues-vivantes\/wp-json\/wp\/v2\/comments?post=1857"}],"version-history":[{"count":4,"href":"https:\/\/pedagogie.ac-lille.fr\/langues-vivantes\/wp-json\/wp\/v2\/pages\/1857\/revisions"}],"predecessor-version":[{"id":1878,"href":"https:\/\/pedagogie.ac-lille.fr\/langues-vivantes\/wp-json\/wp\/v2\/pages\/1857\/revisions\/1878"}],"up":[{"embeddable":true,"href":"https:\/\/pedagogie.ac-lille.fr\/langues-vivantes\/wp-json\/wp\/v2\/pages\/1729"}],"wp:attachment":[{"href":"https:\/\/pedagogie.ac-lille.fr\/langues-vivantes\/wp-json\/wp\/v2\/media?parent=1857"}],"curies":[{"name":"wp","href":"https:\/\/api.w.org\/{rel}","templated":true}]}}