{"id":1866,"date":"2022-07-15T15:49:17","date_gmt":"2022-07-15T13:49:17","guid":{"rendered":"https:\/\/pedagogie.ac-lille.fr\/langues-vivantes\/?page_id=1866"},"modified":"2022-07-16T12:04:03","modified_gmt":"2022-07-16T10:04:03","slug":"inclusion","status":"publish","type":"page","link":"https:\/\/pedagogie.ac-lille.fr\/langues-vivantes\/ressources\/inclusion\/","title":{"rendered":"L&rsquo;inclusion en cours de langue"},"content":{"rendered":"\n<p class=\"has-medium-font-size\">La question de la scolarit\u00e9 inclusive est un enjeu majeur pour l\u2019\u00c9ducation Nationale. Lors de nos visites dans les \u00e9tablissements scolaires, l\u2019Inspection P\u00e9dagogique R\u00e9gionale constate une forte demande d\u2019outils chez les enseignant(e)s de langues vivantes \u00e9trang\u00e8res afin d\u2019accompagner au mieux tous les \u00e9l\u00e8ves dans leur parcours.<\/p>\n\n\n\n<p class=\"has-medium-font-size\">Afin de r\u00e9pondre \u00e0 cette demande, nous avons r\u00e9uni un groupe d\u2019enseignant(e)s (d\u2019allemand, d\u2019anglais, d\u2019espagnol, d\u2019italien, et de n\u00e9erlandais) pour produire ensemble les cinq fiches th\u00e9matiques et leurs annexes. Nous les remercions ici sinc\u00e8rement pour la grande implication dont ils ont fait preuve lors de ces journ\u00e9es, et la qualit\u00e9 de leur travail.<\/p>\n","protected":false},"excerpt":{"rendered":"<p>La question de la scolarit\u00e9 inclusive est un enjeu majeur pour l\u2019\u00c9ducation Nationale. Lors de nos visites dans les \u00e9tablissements scolaires, l\u2019Inspection P\u00e9dagogique R\u00e9gionale constate une forte demande d\u2019outils chez les enseignant(e)s de langues vivantes \u00e9trang\u00e8res afin d\u2019accompagner au mieux tous les \u00e9l\u00e8ves dans leur parcours. Afin de r\u00e9pondre \u00e0 cette demande, nous avons r\u00e9uni [&hellip;]<\/p>\n","protected":false},"author":47,"featured_media":0,"parent":1729,"menu_order":0,"comment_status":"closed","ping_status":"closed","template":"","meta":{"footnotes":""},"class_list":["post-1866","page","type-page","status-publish","czr-hentry"],"publishpress_future_action":{"enabled":false,"date":"2026-04-28 19:24:40","action":"change-status","newStatus":"draft","terms":[],"taxonomy":"","extraData":[]},"publishpress_future_workflow_manual_trigger":{"enabledWorkflows":[]},"_links":{"self":[{"href":"https:\/\/pedagogie.ac-lille.fr\/langues-vivantes\/wp-json\/wp\/v2\/pages\/1866","targetHints":{"allow":["GET"]}}],"collection":[{"href":"https:\/\/pedagogie.ac-lille.fr\/langues-vivantes\/wp-json\/wp\/v2\/pages"}],"about":[{"href":"https:\/\/pedagogie.ac-lille.fr\/langues-vivantes\/wp-json\/wp\/v2\/types\/page"}],"author":[{"embeddable":true,"href":"https:\/\/pedagogie.ac-lille.fr\/langues-vivantes\/wp-json\/wp\/v2\/users\/47"}],"replies":[{"embeddable":true,"href":"https:\/\/pedagogie.ac-lille.fr\/langues-vivantes\/wp-json\/wp\/v2\/comments?post=1866"}],"version-history":[{"count":2,"href":"https:\/\/pedagogie.ac-lille.fr\/langues-vivantes\/wp-json\/wp\/v2\/pages\/1866\/revisions"}],"predecessor-version":[{"id":1884,"href":"https:\/\/pedagogie.ac-lille.fr\/langues-vivantes\/wp-json\/wp\/v2\/pages\/1866\/revisions\/1884"}],"up":[{"embeddable":true,"href":"https:\/\/pedagogie.ac-lille.fr\/langues-vivantes\/wp-json\/wp\/v2\/pages\/1729"}],"wp:attachment":[{"href":"https:\/\/pedagogie.ac-lille.fr\/langues-vivantes\/wp-json\/wp\/v2\/media?parent=1866"}],"curies":[{"name":"wp","href":"https:\/\/api.w.org\/{rel}","templated":true}]}}