{"id":3088,"date":"2024-05-15T20:05:37","date_gmt":"2024-05-15T18:05:37","guid":{"rendered":"https:\/\/pedagogie.ac-lille.fr\/lettres-histoire-geographie\/?page_id=3088"},"modified":"2025-05-04T19:19:09","modified_gmt":"2025-05-04T17:19:09","slug":"inscription-a-la-preparation-e-a-f-c-au-concours-interne-du-caplp-lettres-histoire-caplp-lettres-langues","status":"publish","type":"page","link":"https:\/\/pedagogie.ac-lille.fr\/lettres-histoire-geographie\/inscription-a-la-preparation-e-a-f-c-au-concours-interne-du-caplp-lettres-histoire-caplp-lettres-langues\/","title":{"rendered":"INSCRIPTION \u00c0 LA PR\u00c9PARATION E.A.F.C AU CONCOURS INTERNE DU CAPLP LETTRES-HISTOIRE \/ CAPLP LETTRES-LANGUES"},"content":{"rendered":"\n<p class=\"has-medium-font-size\"><em>Une pr\u00e9paration au CAPLP Interne Lettres-Histoire et au CAPLP Interne Lettres-Langues est pr\u00e9sente dans l\u2019offre de l\u2019E.A.F.C. &nbsp;\u00ab&nbsp;pr\u00e9paration aux concours internes&nbsp;\u00bb. &nbsp;<\/em><\/p>\n\n\n<p>L\u2019E.A.F.C. propose des pr\u00e9parations aux diff\u00e9rents concours internes.<\/p>\n<p>Pour l\u2019ann\u00e9e 2025-2026, une formation en <u>Lettres-Histoire-G\u00e9ographie<\/u> est mise en place.<\/p>\n\n\n<p>La campagne d\u2019inscription a lieu\u00a0<strong>du lundi 5 au mercredi 28 mai 2025 14h<\/strong>, exclusivement sur SOFIA-FMO.<br><\/p>\n\n\n\n<p><em>ATTENTION&nbsp;<\/em>: cette campagne de candidature est sp\u00e9cifique aux pr\u00e9parations aux concours internes.<\/p>\n\n\n\n<p><strong>Une pr\u00e9paration pour qui&nbsp;?<\/strong><\/p>\n\n\n\n<p>Les pr\u00e9parations aux concours internes sont ouvertes aux personnels enseignants du premier et du second degr\u00e9, ainsi qu\u2019aux AED et AESH remplissant les conditions d\u2019acc\u00e8s aux concours.<\/p>\n\n\n\n<p><strong>Les pr\u00e9parations concours propos\u00e9es pour l\u2019ann\u00e9e 2025-2026 sont ouvertes sous r\u00e9serve d\u2019un nombre de candidatures suffisant<\/strong>. L\u2019inscription s\u2019effectue obligatoirement dans le respect du calendrier de campagne.<\/p>\n\n\n\n<p><strong>Quelles sont les conditions&nbsp;?<\/strong><\/p>\n\n\n\n<p>Les personnels remplissant les conditions d\u2019acc\u00e8s au concours interne doivent effectuer leur inscription dans les d\u00e9lais impartis, sans attendre le renouvellement de leur contrat. Les candidatures sont r\u00e9\u00e9valu\u00e9es en septembre\u00a0: en cas de non-nomination sur un poste au courant du mois de septembre ou de journ\u00e9e calendaire non lib\u00e9r\u00e9e, la candidature sera caduque.<\/p>\n\n\n\n<p><strong>Comment s\u2019inscrire&nbsp;?<\/strong><\/p>\n\n\n<p>Si vous souhaitez vous inscrire \u00e0 cette pr\u00e9paration, vous devez vous rendre sur la page:<\/p>\n<p><a href=\"https:\/\/www1.ac-lille.fr\/eafc-les-preparations-aux-concours-124274\">https:\/\/www1.ac-lille.fr\/eafc-les-preparations-aux-concours-124274<\/a>,<\/p>\n<ul>\n<li>puis dans le menu \u00ab\u00a0Je veux pr\u00e9parer un concours enseignant 2D\u00a0\u00bb,<\/li>\n<li>onglet \u00ab\u00a0Je suis contractuel-le\u00a0\u00bb,<\/li>\n<li>ensuite \u00ab\u00a0CAPLP Lettres-Histoire G\u00e9ographie \u2013 Lettres Anglais \u2013 Lettres Espagnol\u00a0\u00bb.<\/li>\n<\/ul>\n\n<p>Vous devrez motiver votre engagement dans cette pr\u00e9paration, sinon votre candidature ne sera pas retenue.<\/p>\n<p>Vous pouvez visionner le replay du webinaire de pr\u00e9sentation \u00e0 la page suivante\u00a0:<\/p>\n<p><a href=\"https:\/\/www1.ac-lille.fr\/eafc-les-preparations-aux-concours-124274\">https:\/\/www1.ac-lille.fr\/eafc-les-preparations-aux-concours-124274<\/a><\/p>\n<p>Un tutoriel vid\u00e9o d\u2019inscription est disponible\u00a0:<\/p>\n<p><a href=\"https:\/\/podeduc.apps.education.fr\/video\/42413-eafc-academie-de-lille-inscription-aux-preparations-aux-concours-internes-et-examens-professionnels-2025\/251f32fd93b48e3fcf4d5b1d676bb296f38a85556db17583c15f55793f00a5e4\/\">https:\/\/podeduc.apps.education.fr\/video\/42413-eafc-academie-de-lille-inscription-aux-preparations-aux-concours-internes-et-examens-professionnels-2025\/251f32fd93b48e3fcf4d5b1d676bb296f38a85556db17583c15f55793f00a5e4\/<\/a>\u00a0<\/p>\n<p>Le p\u00f4le pr\u00e9pa-concours de l\u2019EAFC se tient \u00e0 votre disposition pour r\u00e9pondre \u00e0 vos questions\u00a0:<br \/>&#8211; par mail \u00e0 l\u2019adresse\u00a0:\u00a0<a href=\"mailto:ce.eafc-pole-prepa-concours@ac-lille.fr\">ce.eafc-pole-prepa-concours@ac-lille.fr<\/a>\u00a0<br \/>&#8211; par t\u00e9l\u00e9phone au 03 20 12 14 99<\/p>\n\n\n<p><\/p>\n","protected":false},"excerpt":{"rendered":"<p>Une pr\u00e9paration au CAPLP Interne Lettres-Histoire et au CAPLP Interne Lettres-Langues est pr\u00e9sente dans l\u2019offre de l\u2019E.A.F.C. &nbsp;\u00ab&nbsp;pr\u00e9paration aux concours internes&nbsp;\u00bb. &nbsp; L\u2019E.A.F.C. propose des pr\u00e9parations aux diff\u00e9rents concours internes. Pour l\u2019ann\u00e9e 2025-2026, une formation en Lettres-Histoire-G\u00e9ographie est mise en place. La campagne d\u2019inscription a lieu\u00a0du lundi 5 au mercredi 28 mai 2025 14h, exclusivement [&hellip;]<\/p>\n","protected":false},"author":180,"featured_media":0,"parent":0,"menu_order":0,"comment_status":"closed","ping_status":"closed","template":"","meta":{"footnotes":""},"class_list":["post-3088","page","type-page","status-publish","czr-hentry"],"publishpress_future_action":{"enabled":false,"date":"2026-04-12 17:11:22","action":"change-status","newStatus":"draft","terms":[],"taxonomy":"","extraData":[]},"publishpress_future_workflow_manual_trigger":{"enabledWorkflows":[]},"_links":{"self":[{"href":"https:\/\/pedagogie.ac-lille.fr\/lettres-histoire-geographie\/wp-json\/wp\/v2\/pages\/3088","targetHints":{"allow":["GET"]}}],"collection":[{"href":"https:\/\/pedagogie.ac-lille.fr\/lettres-histoire-geographie\/wp-json\/wp\/v2\/pages"}],"about":[{"href":"https:\/\/pedagogie.ac-lille.fr\/lettres-histoire-geographie\/wp-json\/wp\/v2\/types\/page"}],"author":[{"embeddable":true,"href":"https:\/\/pedagogie.ac-lille.fr\/lettres-histoire-geographie\/wp-json\/wp\/v2\/users\/180"}],"replies":[{"embeddable":true,"href":"https:\/\/pedagogie.ac-lille.fr\/lettres-histoire-geographie\/wp-json\/wp\/v2\/comments?post=3088"}],"version-history":[{"count":3,"href":"https:\/\/pedagogie.ac-lille.fr\/lettres-histoire-geographie\/wp-json\/wp\/v2\/pages\/3088\/revisions"}],"predecessor-version":[{"id":3387,"href":"https:\/\/pedagogie.ac-lille.fr\/lettres-histoire-geographie\/wp-json\/wp\/v2\/pages\/3088\/revisions\/3387"}],"wp:attachment":[{"href":"https:\/\/pedagogie.ac-lille.fr\/lettres-histoire-geographie\/wp-json\/wp\/v2\/media?parent=3088"}],"curies":[{"name":"wp","href":"https:\/\/api.w.org\/{rel}","templated":true}]}}