{"id":125,"date":"2020-09-03T16:51:59","date_gmt":"2020-09-03T14:51:59","guid":{"rendered":"http:\/\/pedagogie.ac-lille.fr\/lv-voiepro\/\/?page_id=125"},"modified":"2021-02-17T13:38:02","modified_gmt":"2021-02-17T12:38:02","slug":"programmes-horaires","status":"publish","type":"page","link":"https:\/\/pedagogie.ac-lille.fr\/lv-voiepro\/enseigner-les-langues\/programmes-horaires\/","title":{"rendered":"Programmes et horaires"},"content":{"rendered":"\n<h2 class=\"wp-block-heading\">Volumes horaires de r\u00e9f\u00e9rence<\/h2>\n\n\n\n<p>En formation initiale sous statut scolaire, les volumes horaires sont publi\u00e9s au Bulletin officiel n\u00b0 1 du 3 janvier 2019 pour les classes pr\u00e9parant au <a rel=\"noreferrer noopener\" href=\"https:\/\/cache.media.eduscol.education.fr\/file\/1\/69\/9\/ensel833_annexe_1054699.pdf\" target=\"_blank\">certificat d&rsquo;aptitude professionnelle<\/a> et les classes pr\u00e9parant au <a rel=\"noreferrer noopener\" href=\"https:\/\/cache.media.eduscol.education.fr\/file\/1\/70\/1\/ensel834_annexe1_1054701.pdf\" target=\"_blank\">baccalaur\u00e9at professionnel<\/a>.<\/p>\n\n\n\n<figure class=\"wp-block-table\"><table><tbody><tr><td>CAP *<\/td><td>1\u00e8re ann\u00e9e<br>43h30<\/td><td>2\u00e8me ann\u00e9e<br>39h<\/td><td>&#8211;<\/td><\/tr><tr><td>Baccalaur\u00e9at professionnel &#8211; LVA<\/td><td>Seconde<br>60h<\/td><td>Premi\u00e8re<br>56h<\/td><td>Terminale<br>52h<\/td><\/tr><tr><td>Baccalaur\u00e9at professionnel &#8211; LVB<\/td><td>Seconde<br>45h<\/td><td>Premi\u00e8re<br>42h<\/td><td>Terminale<br>39h<\/td><\/tr><\/tbody><\/table><figcaption>* En CAP, une partie de l&rsquo;enseignement a lieu en effectif r\u00e9duit (doublement de la dotation horaire professeur) lorsque l&rsquo;effectif de 16 \u00e9l\u00e8ves est atteint.<\/figcaption><\/figure>\n\n\n\n<p>Pour la formation initiale sous statut d&rsquo;apprenti, l&rsquo;enseignement d&rsquo;une langue vivante est obligatoire, m\u00eame dans le cas d&rsquo;un CAP avec \u00e9preuve facultative. Les inspecteurs de l&rsquo;acad\u00e9mie de Lille recommandent les horaires minima suivants : <\/p>\n\n\n\n<figure class=\"wp-block-table\"><table><tbody><tr><td>CAP<\/td><td>60h minimum sur 2 ans<\/td><\/tr><tr><td>Baccalaur\u00e9at professionnel &#8211; LVA<\/td><td>150h minimum sur 3 ans<\/td><\/tr><tr><td>Baccalaur\u00e9at professionnel &#8211; LVB<\/td><td>150h minimum sur 3 ans<\/td><\/tr><\/tbody><\/table><\/figure>\n\n\n\n<p class=\"has-text-color has-background has-very-dark-gray-color has-very-light-gray-background-color\"><strong>Remarque<\/strong> : en compl\u00e9ment de ces horaires, les langues vivantes contribuent \u00e0 l&rsquo;accompagnement renforc\u00e9 et \u00e0 la r\u00e9alisation d&rsquo;un chef d\u2019\u0153uvre. <\/p>\n\n\n\n<h2 class=\"wp-block-heading\">Programmes en vigueur<\/h2>\n\n\n\n<p>Programme en vigueur pour les classes de CAP : <a rel=\"noreferrer noopener\" href=\"https:\/\/www.education.gouv.fr\/media\/26978\/download\" target=\"_blank\">Bulletin officiel sp\u00e9cial n\u00b0 5 du 11 avril 2019<\/a>.<\/p>\n\n\n\n<p>Programme en vigueur pour les classes de seconde et premi\u00e8re de baccalaur\u00e9at professionnel : <a href=\"https:\/\/www.education.gouv.fr\/media\/26978\/download\" target=\"_blank\" rel=\"noreferrer noopener\">Bulletin officiel sp\u00e9cial n\u00b0 5 du 11 avril 2019<\/a>. Ce programme entre en vigueur pour les classes de terminale en septembre 2021.<\/p>\n\n\n\n<p>Programme en vigueur pour les classes de terminale de baccalaur\u00e9at professionnel (jusqu&rsquo;en juin 2021) : <a rel=\"noreferrer noopener\" href=\"https:\/\/cache.media.eduscol.education.fr\/file\/voie_professionnelle\/06\/2\/Voie_prof_Programmes_CAP_Bacpro_Anglais_19-02-2009_133062.pdf\" target=\"_blank\">Bulletin officiel sp\u00e9cial n\u00b0 2 du 19 f\u00e9vrier 2009<\/a><\/p>\n\n\n\n<h2 class=\"wp-block-heading\">Ressources d&rsquo;accompagnement<\/h2>\n\n\n\n<p>Des ressources d&rsquo;accompagnement du programme 2019 sont publi\u00e9es sur <a href=\"https:\/\/eduscol.education.fr\/cid144207\/langues-vivantes-voie-pro.html\" target=\"_blank\" rel=\"noreferrer noopener\">Eduscol<\/a>. Les fiches sont accessibles directement via les liens suivants :<\/p>\n\n\n\n<ul class=\"wp-block-list\"><li><a rel=\"noreferrer noopener\" target=\"_blank\" href=\"https:\/\/cache.media.eduscol.education.fr\/file\/LV\/42\/4\/RA19_Lycee_Pro_Cap2nde1reTle_LV_presentation_generale_1194424.pdf\">Pr\u00e9sentation g\u00e9n\u00e9rale<\/a><\/li><li><a rel=\"noreferrer noopener\" target=\"_blank\" href=\"https:\/\/cache.media.eduscol.education.fr\/file\/LV\/42\/3\/RA19_Lycee_Pro_Cap2nde1reTle_LV_pedagogie_mise_en_situation_active_1194423.pdf\">Mise en situation active<\/a><\/li><li><a rel=\"noreferrer noopener\" target=\"_blank\" href=\"https:\/\/cache.media.eduscol.education.fr\/file\/LV\/42\/2\/RA19_Lycee_Pro_Cap2nde1reTle_LV_profil_linguistique_suivi_individuel_eleve_1194422.pdf\">Profil linguistique, positionnement et suivi individuel<\/a><\/li><li><a rel=\"noreferrer noopener\" target=\"_blank\" href=\"https:\/\/cache.media.eduscol.education.fr\/file\/LV\/03\/4\/RA19_Lycee_Pro_CAP2nde1reTle_Differenciation-pedagogique_1211034.pdf\">Diff\u00e9renciation p\u00e9dagogique<\/a><\/li><li><a rel=\"noreferrer noopener\" target=\"_blank\" href=\"https:\/\/cache.media.eduscol.education.fr\/file\/LV\/03\/6\/RA19_Lycee_Pro_CAP2nde1reTle_Pedagogie-collaborative-projet_1211036.pdf\">P\u00e9dagogie collaborative, p\u00e9dagogie de projet<\/a><\/li><li><a rel=\"noreferrer noopener\" target=\"_blank\" href=\"https:\/\/cache.media.eduscol.education.fr\/file\/LV\/77\/4\/RA19_Lycee_P_CAP2de1reTer_LV_Mediation_1224774.pdf\">Place et r\u00f4le des comp\u00e9tences de m\u00e9diation<\/a><\/li><li><a rel=\"noreferrer noopener\" target=\"_blank\" href=\"https:\/\/cache.media.eduscol.education.fr\/file\/LV\/41\/4\/RA20_Lycee_PRO_CAP2nd1reTle_LV_cultures_inter_1285414.pdf\">D\u00e9veloppement des comp\u00e9tences culturelles et interculturelles<\/a><\/li><\/ul>\n\n\n\n<p><\/p>\n","protected":false},"excerpt":{"rendered":"<p>Volumes horaires de r\u00e9f\u00e9rence En formation initiale sous statut scolaire, les volumes horaires sont publi\u00e9s au Bulletin officiel n\u00b0 1 du 3 janvier 2019 pour les classes pr\u00e9parant au certificat d&rsquo;aptitude professionnelle et les classes pr\u00e9parant au baccalaur\u00e9at professionnel. CAP * 1\u00e8re ann\u00e9e43h30 2\u00e8me ann\u00e9e39h &#8211; Baccalaur\u00e9at professionnel &#8211; LVA Seconde60h Premi\u00e8re56h Terminale52h Baccalaur\u00e9at professionnel [&hellip;]<\/p>\n","protected":false},"author":16,"featured_media":0,"parent":80,"menu_order":0,"comment_status":"closed","ping_status":"closed","template":"","meta":{"ngg_post_thumbnail":0,"footnotes":""},"class_list":["post-125","page","type-page","status-publish","czr-hentry"],"publishpress_future_action":{"enabled":false,"date":"2026-04-23 05:19:40","action":"change-status","newStatus":"draft","terms":[],"taxonomy":"","extraData":[]},"publishpress_future_workflow_manual_trigger":{"enabledWorkflows":[]},"_links":{"self":[{"href":"https:\/\/pedagogie.ac-lille.fr\/lv-voiepro\/wp-json\/wp\/v2\/pages\/125","targetHints":{"allow":["GET"]}}],"collection":[{"href":"https:\/\/pedagogie.ac-lille.fr\/lv-voiepro\/wp-json\/wp\/v2\/pages"}],"about":[{"href":"https:\/\/pedagogie.ac-lille.fr\/lv-voiepro\/wp-json\/wp\/v2\/types\/page"}],"author":[{"embeddable":true,"href":"https:\/\/pedagogie.ac-lille.fr\/lv-voiepro\/wp-json\/wp\/v2\/users\/16"}],"replies":[{"embeddable":true,"href":"https:\/\/pedagogie.ac-lille.fr\/lv-voiepro\/wp-json\/wp\/v2\/comments?post=125"}],"version-history":[{"count":19,"href":"https:\/\/pedagogie.ac-lille.fr\/lv-voiepro\/wp-json\/wp\/v2\/pages\/125\/revisions"}],"predecessor-version":[{"id":180,"href":"https:\/\/pedagogie.ac-lille.fr\/lv-voiepro\/wp-json\/wp\/v2\/pages\/125\/revisions\/180"}],"up":[{"embeddable":true,"href":"https:\/\/pedagogie.ac-lille.fr\/lv-voiepro\/wp-json\/wp\/v2\/pages\/80"}],"wp:attachment":[{"href":"https:\/\/pedagogie.ac-lille.fr\/lv-voiepro\/wp-json\/wp\/v2\/media?parent=125"}],"curies":[{"name":"wp","href":"https:\/\/api.w.org\/{rel}","templated":true}]}}