{"id":148,"date":"2020-09-03T17:32:11","date_gmt":"2020-09-03T15:32:11","guid":{"rendered":"http:\/\/pedagogie.ac-lille.fr\/lv-voiepro\/\/?page_id=148"},"modified":"2025-03-24T10:42:30","modified_gmt":"2025-03-24T09:42:30","slug":"formation","status":"publish","type":"page","link":"https:\/\/pedagogie.ac-lille.fr\/lv-voiepro\/formation\/","title":{"rendered":"Formations enseignants LV LP"},"content":{"rendered":"\n<p class=\"has-text-align-center has-black-color has-cyan-bluish-gray-background-color has-text-color has-background has-link-color wp-elements-a28d09f668830a53c0403fdad3ad4405\"><strong>OFFRES DE FORMATION LANGUES VIVANTES EN LYCEE PROFESSIONNEL<\/strong> <strong>24\/25<\/strong><\/p>\n\n\n\n<p>EAFC&nbsp;: nos formations apparaissent dor\u00e9navant gr\u00e2ce au mot cl\u00e9&nbsp;: LV LP. Parce que les formations ne doivent plus impacter le face \u00e0 face p\u00e9dagogique, elles se d\u00e9rouleront prioritairement les mercredis apr\u00e8s-midi.<\/p>\n\n\n\n<ul class=\"wp-block-list\">\n<li>P\u00e9dagogies innovantes&nbsp;:<\/li>\n<\/ul>\n\n\n\n<p>gestion d\u2019une classe flexible, utilisation de plateformes et applications num\u00e9riques, prise en compte des comp\u00e9tences psychosociales dans un projet p\u00e9dagogique, mise en place de rituels originaux, approche par comp\u00e9tences<\/p>\n\n\n\n<ul class=\"wp-block-list\">\n<li>P\u00e9dagogies collaboratives&nbsp;:<\/li>\n<\/ul>\n\n\n\n<p>Se saisir d\u2019activit\u00e9s engageantes ou ludiques, d\u00e9velopper l\u2019autonomie et la d\u00e9marche de projet, favoriser la coop\u00e9ration et la collaboration des \u00e9l\u00e8ves<\/p>\n\n\n\n<p><strong>Vous trouverez tous les d\u00e9tails de nos formations gr\u00e2ce au lien ci-dessous :<\/strong><\/p>\n\n\n\n<p><a href=\"https:\/\/lstu.fr\/paf-24-25-langues-vivantes-voie-pro\">https:\/\/lstu.fr\/paf-24-25-langues-vivantes-voie-pro<\/a><\/p>\n\n\n\n<p><a href=\"https:\/\/view.genially.com\/674eb7354e5024e6acc9e758\" data-type=\"link\" data-id=\"https:\/\/view.genially.com\/674eb7354e5024e6acc9e758\">https:\/\/view.genially.com\/674eb7354e5024e6acc9e758<\/a><\/p>\n\n\n\n<div data-wp-interactive=\"core\/file\" class=\"wp-block-file\"><object data-wp-bind--hidden=\"!state.hasPdfPreview\" hidden class=\"wp-block-file__embed\" data=\"https:\/\/pedagogie.ac-lille.fr\/lv-voiepro\/wp-content\/uploads\/sites\/7\/2025\/03\/PAF-LV-LP-24-25.pdf\" type=\"application\/pdf\" style=\"width:100%;height:600px\" aria-label=\"Contenu embarqu\u00e9 PAF LV LP 24 25.\"><\/object><a id=\"wp-block-file--media-b37a748e-1ff9-488c-a9fe-f63d724071ef\" href=\"https:\/\/pedagogie.ac-lille.fr\/lv-voiepro\/wp-content\/uploads\/sites\/7\/2025\/03\/PAF-LV-LP-24-25.pdf\">PAF LV LP 24 25<\/a><a href=\"https:\/\/pedagogie.ac-lille.fr\/lv-voiepro\/wp-content\/uploads\/sites\/7\/2025\/03\/PAF-LV-LP-24-25.pdf\" class=\"wp-block-file__button wp-element-button\" download aria-describedby=\"wp-block-file--media-b37a748e-1ff9-488c-a9fe-f63d724071ef\">T\u00e9l\u00e9charger<\/a><\/div>\n\n\n\n<p><strong>Bulletin sp\u00e9cial octobre 2024 : se former tout au long de sa carri\u00e8re <\/strong>:<\/p>\n\n\n\n<p><a href=\"https:\/\/www.canva.com\/design\/DAGSONCRA0k\/Vx50hHUdZD7AcZMVGyEGcg\/view?utm_content=DAGSONCRA0k&amp;utm_campaign=designshare&amp;utm_medium=link&amp;utm_source=editor\">https:\/\/www.canva.com\/design\/DAGSONCRA0k\/Vx50hHUdZD7AcZMVGyEGcg\/view?utm_content=DAGSONCRA0k&amp;utm_campaign=designshare&amp;utm_medium=link&amp;utm_source=editor<\/a><\/p>\n\n\n\n<div data-wp-interactive=\"core\/file\" class=\"wp-block-file\"><object data-wp-bind--hidden=\"!state.hasPdfPreview\" hidden class=\"wp-block-file__embed\" data=\"https:\/\/pedagogie.ac-lille.fr\/lv-voiepro\/wp-content\/uploads\/sites\/7\/2025\/03\/Bulletin-Special-LV-LP-OCT24-Formations-.pdf\" type=\"application\/pdf\" style=\"width:100%;height:600px\" aria-label=\"Contenu embarqu\u00e9 Bulletin Sp\u00e9cial LV LP OCT24 Formations.\"><\/object><a id=\"wp-block-file--media-de93facc-db96-49f3-a852-371ad2b818e3\" href=\"https:\/\/pedagogie.ac-lille.fr\/lv-voiepro\/wp-content\/uploads\/sites\/7\/2025\/03\/Bulletin-Special-LV-LP-OCT24-Formations-.pdf\">Bulletin Sp\u00e9cial LV LP OCT24 Formations<\/a><a href=\"https:\/\/pedagogie.ac-lille.fr\/lv-voiepro\/wp-content\/uploads\/sites\/7\/2025\/03\/Bulletin-Special-LV-LP-OCT24-Formations-.pdf\" class=\"wp-block-file__button wp-element-button\" download aria-describedby=\"wp-block-file--media-de93facc-db96-49f3-a852-371ad2b818e3\">T\u00e9l\u00e9charger<\/a><\/div>\n\n\n\n<h2 class=\"wp-block-heading\">\u00caTRE TUTRICE \/ TUTEUR<\/h2>\n\n\n\n<p><a href=\"https:\/\/www.canva.com\/design\/DAGXkANMo2M\/w8cIkdmxihO5UEqHoV5udA\/view?utm_content=DAGXkANMo2M&amp;utm_campaign=share_your_design&amp;utm_medium=link2&amp;utm_source=shareyourdesignpanel\">https:\/\/www.canva.com\/design\/DAGXkANMo2M\/w8cIkdmxihO5UEqHoV5udA\/view?utm_content=DAGXkANMo2M&amp;utm_campaign=share_your_design&amp;utm_medium=link2&amp;utm_source=shareyourdesignpanel<\/a><\/p>\n\n\n\n<div data-wp-interactive=\"core\/file\" class=\"wp-block-file\"><object data-wp-bind--hidden=\"!state.hasPdfPreview\" hidden class=\"wp-block-file__embed\" data=\"https:\/\/pedagogie.ac-lille.fr\/lv-voiepro\/wp-content\/uploads\/sites\/7\/2025\/03\/Etre-tuteur.pdf\" type=\"application\/pdf\" style=\"width:100%;height:600px\" aria-label=\"Contenu embarqu\u00e9 \u00catre tuteur.\"><\/object><a id=\"wp-block-file--media-c5b7a799-ea9a-4bfc-8991-cdedd190f985\" href=\"https:\/\/pedagogie.ac-lille.fr\/lv-voiepro\/wp-content\/uploads\/sites\/7\/2025\/03\/Etre-tuteur.pdf\">\u00catre tuteur<\/a><a href=\"https:\/\/pedagogie.ac-lille.fr\/lv-voiepro\/wp-content\/uploads\/sites\/7\/2025\/03\/Etre-tuteur.pdf\" class=\"wp-block-file__button wp-element-button\" download aria-describedby=\"wp-block-file--media-c5b7a799-ea9a-4bfc-8991-cdedd190f985\">T\u00e9l\u00e9charger<\/a><\/div>\n","protected":false},"excerpt":{"rendered":"<p>OFFRES DE FORMATION LANGUES VIVANTES EN LYCEE PROFESSIONNEL 24\/25 EAFC&nbsp;: nos formations apparaissent dor\u00e9navant gr\u00e2ce au mot cl\u00e9&nbsp;: LV LP. Parce que les formations ne doivent plus impacter le face \u00e0 face p\u00e9dagogique, elles se d\u00e9rouleront prioritairement les mercredis apr\u00e8s-midi. gestion d\u2019une classe flexible, utilisation de plateformes et applications num\u00e9riques, prise en compte des comp\u00e9tences [&hellip;]<\/p>\n","protected":false},"author":16,"featured_media":0,"parent":0,"menu_order":0,"comment_status":"closed","ping_status":"closed","template":"","meta":{"ngg_post_thumbnail":0,"footnotes":""},"class_list":["post-148","page","type-page","status-publish","czr-hentry"],"publishpress_future_action":{"enabled":false,"date":"2026-04-23 06:52:52","action":"change-status","newStatus":"draft","terms":[],"taxonomy":"","extraData":[]},"publishpress_future_workflow_manual_trigger":{"enabledWorkflows":[]},"_links":{"self":[{"href":"https:\/\/pedagogie.ac-lille.fr\/lv-voiepro\/wp-json\/wp\/v2\/pages\/148","targetHints":{"allow":["GET"]}}],"collection":[{"href":"https:\/\/pedagogie.ac-lille.fr\/lv-voiepro\/wp-json\/wp\/v2\/pages"}],"about":[{"href":"https:\/\/pedagogie.ac-lille.fr\/lv-voiepro\/wp-json\/wp\/v2\/types\/page"}],"author":[{"embeddable":true,"href":"https:\/\/pedagogie.ac-lille.fr\/lv-voiepro\/wp-json\/wp\/v2\/users\/16"}],"replies":[{"embeddable":true,"href":"https:\/\/pedagogie.ac-lille.fr\/lv-voiepro\/wp-json\/wp\/v2\/comments?post=148"}],"version-history":[{"count":11,"href":"https:\/\/pedagogie.ac-lille.fr\/lv-voiepro\/wp-json\/wp\/v2\/pages\/148\/revisions"}],"predecessor-version":[{"id":880,"href":"https:\/\/pedagogie.ac-lille.fr\/lv-voiepro\/wp-json\/wp\/v2\/pages\/148\/revisions\/880"}],"wp:attachment":[{"href":"https:\/\/pedagogie.ac-lille.fr\/lv-voiepro\/wp-json\/wp\/v2\/media?parent=148"}],"curies":[{"name":"wp","href":"https:\/\/api.w.org\/{rel}","templated":true}]}}