{"id":154,"date":"2020-09-03T17:45:30","date_gmt":"2020-09-03T15:45:30","guid":{"rendered":"http:\/\/pedagogie.ac-lille.fr\/lv-voiepro\/\/?page_id=154"},"modified":"2025-07-02T10:15:53","modified_gmt":"2025-07-02T08:15:53","slug":"contexte","status":"publish","type":"page","link":"https:\/\/pedagogie.ac-lille.fr\/lv-voiepro\/contexte\/","title":{"rendered":"Contexte \u00e9ducatif"},"content":{"rendered":"\n<p>Une bonne connaissance du contexte \u00e9ducatif aide \u00e0 construire un enseignement efficace. Cette rubrique met \u00e0 disposition des informations pratiques et des ressources pour comprendre les enjeux et planifier son action.<\/p>\n\n\n\n<p><strong>Langues Vivantes en Lyc\u00e9e Pro : Guide Complet pour Enseignants<\/strong><\/p>\n\n\n\n<p><a href=\"https:\/\/digipad.app\/p\/1028035\/c3f42f5a9b57b\">https:\/\/digipad.app\/p\/1028035\/c3f42f5a9b57b<\/a><\/p>\n\n\n\n<h2 class=\"wp-block-heading\">Certifications en LV<\/h2>\n\n\n\n<p>Les certifications en langues vivantes sont dans certains cas destin\u00e9es aux \u00e9l\u00e8ves de lyc\u00e9e professionnel. Pour s&rsquo;assurer que vos \u00e9l\u00e8ves peuvent \u00eatre concern\u00e9s, consultez la page du site EDUSCOL pr\u00e9sentant les conditions pour chaque langue: <\/p>\n\n\n\n<p><a href=\"https:\/\/eduscol.education.fr\/1441\/certifications-en-langues-vivantes-etrangeres\">https:\/\/eduscol.education.fr\/1441\/certifications-en-langues-vivantes-etrangeres<\/a><\/p>\n\n\n\n<figure class=\"wp-block-gallery has-nested-images columns-default is-cropped wp-block-gallery-1 is-layout-flex wp-block-gallery-is-layout-flex\">\n<figure class=\"wp-block-image size-large\"><img loading=\"lazy\" decoding=\"async\" width=\"1024\" height=\"256\" data-id=\"778\" src=\"http:\/\/pedagogie.ac-lille.fr\/lv-voiepro\/wp-content\/uploads\/sites\/7\/2024\/10\/cropped-cropped-cropped-Drapeaux-site-rogne-2-1024x256.png\" alt=\"\" class=\"wp-image-778\" srcset=\"https:\/\/pedagogie.ac-lille.fr\/lv-voiepro\/wp-content\/uploads\/sites\/7\/2024\/10\/cropped-cropped-cropped-Drapeaux-site-rogne-2-1024x256.png 1024w, https:\/\/pedagogie.ac-lille.fr\/lv-voiepro\/wp-content\/uploads\/sites\/7\/2024\/10\/cropped-cropped-cropped-Drapeaux-site-rogne-2-300x75.png 300w, https:\/\/pedagogie.ac-lille.fr\/lv-voiepro\/wp-content\/uploads\/sites\/7\/2024\/10\/cropped-cropped-cropped-Drapeaux-site-rogne-2-768x192.png 768w, https:\/\/pedagogie.ac-lille.fr\/lv-voiepro\/wp-content\/uploads\/sites\/7\/2024\/10\/cropped-cropped-cropped-Drapeaux-site-rogne-2-1536x384.png 1536w, https:\/\/pedagogie.ac-lille.fr\/lv-voiepro\/wp-content\/uploads\/sites\/7\/2024\/10\/cropped-cropped-cropped-Drapeaux-site-rogne-2.png 1600w\" sizes=\"auto, (max-width: 1024px) 100vw, 1024px\" \/><\/figure>\n<\/figure>\n\n\n\n<p><strong>EV@LANG<\/strong> est un test num\u00e9rique de positionnement en anglais pour les \u00e9l\u00e8ves de 3\u00e8 et de 3\u00e8PM.<\/p>\n\n\n\n<p>De nouvelles informations au sujet d\u2019Evalang ont \u00e9t\u00e9 communiqu\u00e9es au BO n\u00b047 du 16 d\u00e9cembre 2021.<\/p>\n\n\n\n<p>1) Mise en \u0153uvre et modalit\u00e9s d\u2019organisation du test num\u00e9rique de positionnement en anglais pour les \u00e9l\u00e8ves de troisi\u00e8me \u2013 ann\u00e9e scolaire 2021-2022 Cliquez <a rel=\"noreferrer noopener\" href=\"https:\/\/www.education.gouv.fr\/bo\/21\/Hebdo47\/MENE2129436N.htm\" target=\"_blank\">ici <\/a>pour acc\u00e9der au BO &nbsp;<\/p>\n\n\n\n<p>2) Calendrier 2022 du test num\u00e9rique de positionnement en anglais pour les \u00e9l\u00e8ves de troisi\u00e8me. Cliquez <a rel=\"noreferrer noopener\" href=\"https:\/\/www.education.gouv.fr\/bo\/21\/Hebdo47\/MENE2129438N.htm\" target=\"_blank\">ici <\/a>pour acc\u00e9der au BO<\/p>\n\n\n\n<p><\/p>\n","protected":false},"excerpt":{"rendered":"<p>Une bonne connaissance du contexte \u00e9ducatif aide \u00e0 construire un enseignement efficace. Cette rubrique met \u00e0 disposition des informations pratiques et des ressources pour comprendre les enjeux et planifier son action. Langues Vivantes en Lyc\u00e9e Pro : Guide Complet pour Enseignants https:\/\/digipad.app\/p\/1028035\/c3f42f5a9b57b Certifications en LV Les certifications en langues vivantes sont dans certains cas destin\u00e9es [&hellip;]<\/p>\n","protected":false},"author":16,"featured_media":0,"parent":0,"menu_order":0,"comment_status":"closed","ping_status":"closed","template":"","meta":{"ngg_post_thumbnail":0,"footnotes":""},"class_list":["post-154","page","type-page","status-publish","czr-hentry"],"publishpress_future_action":{"enabled":false,"date":"2026-04-23 07:11:33","action":"change-status","newStatus":"draft","terms":[],"taxonomy":"","extraData":[]},"publishpress_future_workflow_manual_trigger":{"enabledWorkflows":[]},"_links":{"self":[{"href":"https:\/\/pedagogie.ac-lille.fr\/lv-voiepro\/wp-json\/wp\/v2\/pages\/154","targetHints":{"allow":["GET"]}}],"collection":[{"href":"https:\/\/pedagogie.ac-lille.fr\/lv-voiepro\/wp-json\/wp\/v2\/pages"}],"about":[{"href":"https:\/\/pedagogie.ac-lille.fr\/lv-voiepro\/wp-json\/wp\/v2\/types\/page"}],"author":[{"embeddable":true,"href":"https:\/\/pedagogie.ac-lille.fr\/lv-voiepro\/wp-json\/wp\/v2\/users\/16"}],"replies":[{"embeddable":true,"href":"https:\/\/pedagogie.ac-lille.fr\/lv-voiepro\/wp-json\/wp\/v2\/comments?post=154"}],"version-history":[{"count":7,"href":"https:\/\/pedagogie.ac-lille.fr\/lv-voiepro\/wp-json\/wp\/v2\/pages\/154\/revisions"}],"predecessor-version":[{"id":912,"href":"https:\/\/pedagogie.ac-lille.fr\/lv-voiepro\/wp-json\/wp\/v2\/pages\/154\/revisions\/912"}],"wp:attachment":[{"href":"https:\/\/pedagogie.ac-lille.fr\/lv-voiepro\/wp-json\/wp\/v2\/media?parent=154"}],"curies":[{"name":"wp","href":"https:\/\/api.w.org\/{rel}","templated":true}]}}