{"id":18,"date":"2020-06-25T18:00:39","date_gmt":"2020-06-25T16:00:39","guid":{"rendered":"http:\/\/pedagogie.ac-lille.fr\/lv-voiepro\/\/?page_id=18"},"modified":"2026-01-28T11:03:10","modified_gmt":"2026-01-28T10:03:10","slug":"bienvenue","status":"publish","type":"page","link":"https:\/\/pedagogie.ac-lille.fr\/lv-voiepro\/","title":{"rendered":"Accueil"},"content":{"rendered":"\n<p class=\"has-text-align-center has-vivid-red-color has-text-color has-link-color has-x-large-font-size wp-elements-8a3e881600e007c68d9c275ae4190f96\"><strong>SITE ACTUELLEMENT EN CONSTRUCTION <\/strong><\/p>\n\n\n\n<p>Bienvenue sur ce site disciplinaire acad\u00e9mique d\u00e9di\u00e9 \u00e0 l&rsquo;enseignement des langues vivantes dans la voie professionnelle. Il est publi\u00e9 par les IEN de lettres-langues vivantes et s&rsquo;adresse aux professeurs et formateurs qui interviennent dans les formations menant \u00e0 la d\u00e9livrance d&rsquo;un CAP, d&rsquo;un baccalaur\u00e9at professionnel, d&rsquo;une mention compl\u00e9mentaire ou d&rsquo;un brevet professionnel.<\/p>\n\n\n\n<p>Pour l&rsquo;allemand, des publications sp\u00e9cifiques sont \u00e9galement mises \u00e0 disposition sur <a href=\"https:\/\/www.pedagogie.ac-nantes.fr\/allemand-lp-interacademique\/\">un site interacad\u00e9mique<\/a>.<\/p>\n\n\n\n<p>Nous vous souhaitons une agr\u00e9able visite et beaucoup de r\u00e9ussite aupr\u00e8s de vos \u00e9l\u00e8ves, apprentis et stagiaires.<\/p>\n\n\n\n<p class=\"has-text-align-right\">Les IEN de lettres-langues de l&rsquo;acad\u00e9mie de Lille<\/p>\n\n\n\n<figure class=\"wp-block-table is-style-stripes\"><table class=\"has-fixed-layout\"><tbody><tr><td>M. R\u00e9my Cortell<br><a href=\"mailto:remy.cortell@ac-aix-marseille.fr\">remy.cortell@ac-aix-marseille.fr<\/a><\/td><td>IEN Lettres-allemand<\/td><td>Toute l&rsquo;acad\u00e9mie<\/td><\/tr><tr><td>Mme Ana\u00efs Barroy<br><a href=\"mailto:anais.barroy@ac-lille.fr\">anais.barroy@ac-lille.fr<\/a><\/td><td>IEN FF lettres-espagnol<\/td><td>Toute l&rsquo;acad\u00e9mie<\/td><\/tr><tr><td>Mme B\u00e9n\u00e9dicte Klinski-Leturcq<br><a href=\"mailto:benedicte.klinski-leturcq@ac-lille.fr\">benedicte.klinski-leturcq@ac-lille.fr<\/a><\/td><td>IEN Lettres-anglais<\/td><td>Lille centre, Dunkerquois, Douaisis, Valenciennois, Sambre-Avesnois, Cambr\u00e9sis, Bruay-B\u00e9thune<\/td><\/tr><tr><td>Mme Sabine Pecqueur<br><a href=\"sabine.pecqueur@ac-lille.fr\" data-type=\"link\" data-id=\"sabine.pecqueur@ac-lille.fr\">sabine.pecqueur@ac-lille.fr<\/a><\/td><td>IEN FF Lettres-anglais<\/td><td>Lille Ouest et Est, Roubaix-Tourcoing, Artois-Ternois, Lens-Li\u00e8vin-H\u00e9nin, Audomarois-Calaisis, Boulogne-Montreuil<\/td><\/tr><\/tbody><\/table><\/figure>\n\n\n\n<p><\/p>\n","protected":false},"excerpt":{"rendered":"<p>SITE ACTUELLEMENT EN CONSTRUCTION Bienvenue sur ce site disciplinaire acad\u00e9mique d\u00e9di\u00e9 \u00e0 l&rsquo;enseignement des langues vivantes dans la voie professionnelle. Il est publi\u00e9 par les IEN de lettres-langues vivantes et s&rsquo;adresse aux professeurs et formateurs qui interviennent dans les formations menant \u00e0 la d\u00e9livrance d&rsquo;un CAP, d&rsquo;un baccalaur\u00e9at professionnel, d&rsquo;une mention compl\u00e9mentaire ou d&rsquo;un brevet [&hellip;]<\/p>\n","protected":false},"author":16,"featured_media":0,"parent":0,"menu_order":0,"comment_status":"closed","ping_status":"closed","template":"","meta":{"ngg_post_thumbnail":0,"footnotes":""},"class_list":["post-18","page","type-page","status-publish","czr-hentry"],"publishpress_future_action":{"enabled":false,"date":"2026-04-12 13:11:50","action":"change-status","newStatus":"draft","terms":[],"taxonomy":"","extraData":[]},"publishpress_future_workflow_manual_trigger":{"enabledWorkflows":[]},"_links":{"self":[{"href":"https:\/\/pedagogie.ac-lille.fr\/lv-voiepro\/wp-json\/wp\/v2\/pages\/18","targetHints":{"allow":["GET"]}}],"collection":[{"href":"https:\/\/pedagogie.ac-lille.fr\/lv-voiepro\/wp-json\/wp\/v2\/pages"}],"about":[{"href":"https:\/\/pedagogie.ac-lille.fr\/lv-voiepro\/wp-json\/wp\/v2\/types\/page"}],"author":[{"embeddable":true,"href":"https:\/\/pedagogie.ac-lille.fr\/lv-voiepro\/wp-json\/wp\/v2\/users\/16"}],"replies":[{"embeddable":true,"href":"https:\/\/pedagogie.ac-lille.fr\/lv-voiepro\/wp-json\/wp\/v2\/comments?post=18"}],"version-history":[{"count":14,"href":"https:\/\/pedagogie.ac-lille.fr\/lv-voiepro\/wp-json\/wp\/v2\/pages\/18\/revisions"}],"predecessor-version":[{"id":936,"href":"https:\/\/pedagogie.ac-lille.fr\/lv-voiepro\/wp-json\/wp\/v2\/pages\/18\/revisions\/936"}],"wp:attachment":[{"href":"https:\/\/pedagogie.ac-lille.fr\/lv-voiepro\/wp-json\/wp\/v2\/media?parent=18"}],"curies":[{"name":"wp","href":"https:\/\/api.w.org\/{rel}","templated":true}]}}