{"id":456,"date":"2021-09-09T11:50:34","date_gmt":"2021-09-09T09:50:34","guid":{"rendered":"https:\/\/pedagogie.ac-lille.fr\/lv-voiepro\/?page_id=456"},"modified":"2021-09-09T11:50:34","modified_gmt":"2021-09-09T09:50:34","slug":"informations-ccf","status":"publish","type":"page","link":"https:\/\/pedagogie.ac-lille.fr\/lv-voiepro\/informations-ccf\/","title":{"rendered":"Informations g\u00e9n\u00e9rales sur le contr\u00f4le en cours de formation et la gestion des absences"},"content":{"rendered":"\n<p>Consulter la page d\u00e9di\u00e9e sur le site \u00e9duscol :<\/p>\n\n\n\n<p><a href=\"https:\/\/eduscol.education.fr\/785\/controle-en-cours-de-formation\" target=\"_blank\" rel=\"noreferrer noopener\">https:\/\/eduscol.education.fr\/785\/controle-en-cours-de-formation<\/a><\/p>\n","protected":false},"excerpt":{"rendered":"<p>Consulter la page d\u00e9di\u00e9e sur le site \u00e9duscol : https:\/\/eduscol.education.fr\/785\/controle-en-cours-de-formation<\/p>\n","protected":false},"author":16,"featured_media":0,"parent":0,"menu_order":0,"comment_status":"closed","ping_status":"closed","template":"","meta":{"ngg_post_thumbnail":0,"footnotes":""},"class_list":["post-456","page","type-page","status-publish","czr-hentry"],"publishpress_future_action":{"enabled":false,"date":"2026-04-12 23:09:44","action":"change-status","newStatus":"draft","terms":[],"taxonomy":"","extraData":[]},"publishpress_future_workflow_manual_trigger":{"enabledWorkflows":[]},"_links":{"self":[{"href":"https:\/\/pedagogie.ac-lille.fr\/lv-voiepro\/wp-json\/wp\/v2\/pages\/456","targetHints":{"allow":["GET"]}}],"collection":[{"href":"https:\/\/pedagogie.ac-lille.fr\/lv-voiepro\/wp-json\/wp\/v2\/pages"}],"about":[{"href":"https:\/\/pedagogie.ac-lille.fr\/lv-voiepro\/wp-json\/wp\/v2\/types\/page"}],"author":[{"embeddable":true,"href":"https:\/\/pedagogie.ac-lille.fr\/lv-voiepro\/wp-json\/wp\/v2\/users\/16"}],"replies":[{"embeddable":true,"href":"https:\/\/pedagogie.ac-lille.fr\/lv-voiepro\/wp-json\/wp\/v2\/comments?post=456"}],"version-history":[{"count":1,"href":"https:\/\/pedagogie.ac-lille.fr\/lv-voiepro\/wp-json\/wp\/v2\/pages\/456\/revisions"}],"predecessor-version":[{"id":457,"href":"https:\/\/pedagogie.ac-lille.fr\/lv-voiepro\/wp-json\/wp\/v2\/pages\/456\/revisions\/457"}],"wp:attachment":[{"href":"https:\/\/pedagogie.ac-lille.fr\/lv-voiepro\/wp-json\/wp\/v2\/media?parent=456"}],"curies":[{"name":"wp","href":"https:\/\/api.w.org\/{rel}","templated":true}]}}