{"id":482,"date":"2021-09-15T14:46:10","date_gmt":"2021-09-15T12:46:10","guid":{"rendered":"https:\/\/pedagogie.ac-lille.fr\/lv-voiepro\/?page_id=482"},"modified":"2025-03-24T09:53:47","modified_gmt":"2025-03-24T08:53:47","slug":"lettres-dinformations","status":"publish","type":"page","link":"https:\/\/pedagogie.ac-lille.fr\/lv-voiepro\/contexte\/lettres-dinformations\/","title":{"rendered":"Lettres d&rsquo;informations"},"content":{"rendered":"\n<p>Retrouvez sur cette page des publications adress\u00e9es par des acteurs nationaux ou acad\u00e9miques aux professeurs. Elles vous aideront \u00e0 identifier des \u00e9v\u00e9nements, des partenaires et des ressources qui contribueront \u00e0 la richesse de vos projets p\u00e9dagogiques. Elles vous aideront \u00e9galement \u00e0 maintenir \u00e0 jour votre r\u00e9flexion sur les grands sujets \u00e9ducatifs. <\/p>\n\n\n\n<h2 class=\"wp-block-heading\">Bulletin Officiel mars 2025<\/h2>\n\n\n\n<p><\/p>\n\n\n\n<p><a href=\"https:\/\/www.education.gouv.fr\/newsletter\/le-bulletin-hebdo-du-20-mars-2025\" data-type=\"link\" data-id=\"https:\/\/www.education.gouv.fr\/newsletter\/le-bulletin-hebdo-du-20-mars-2025\">https:\/\/www.education.gouv.fr\/newsletter\/le-bulletin-hebdo-du-20-mars-2025<\/a><\/p>\n\n\n\n<div class=\"wp-block-file\"><a href=\"https:\/\/pedagogie.ac-lille.fr\/lv-voiepro\/wp-content\/uploads\/sites\/7\/2021\/09\/NEWSLETTER_DAAC_53_SEPTEMBRE_2021.pdf\" class=\"wp-block-file__button wp-element-button\" download><\/a><\/div>\n","protected":false},"excerpt":{"rendered":"<p>Retrouvez sur cette page des publications adress\u00e9es par des acteurs nationaux ou acad\u00e9miques aux professeurs. Elles vous aideront \u00e0 identifier des \u00e9v\u00e9nements, des partenaires et des ressources qui contribueront \u00e0 la richesse de vos projets p\u00e9dagogiques. Elles vous aideront \u00e9galement \u00e0 maintenir \u00e0 jour votre r\u00e9flexion sur les grands sujets \u00e9ducatifs. Bulletin Officiel mars 2025 [&hellip;]<\/p>\n","protected":false},"author":16,"featured_media":0,"parent":154,"menu_order":3,"comment_status":"closed","ping_status":"closed","template":"","meta":{"ngg_post_thumbnail":0,"footnotes":""},"class_list":["post-482","page","type-page","status-publish","czr-hentry"],"publishpress_future_action":{"enabled":false,"date":"2026-04-12 21:23:22","action":"change-status","newStatus":"draft","terms":[],"taxonomy":"","extraData":[]},"publishpress_future_workflow_manual_trigger":{"enabledWorkflows":[]},"_links":{"self":[{"href":"https:\/\/pedagogie.ac-lille.fr\/lv-voiepro\/wp-json\/wp\/v2\/pages\/482","targetHints":{"allow":["GET"]}}],"collection":[{"href":"https:\/\/pedagogie.ac-lille.fr\/lv-voiepro\/wp-json\/wp\/v2\/pages"}],"about":[{"href":"https:\/\/pedagogie.ac-lille.fr\/lv-voiepro\/wp-json\/wp\/v2\/types\/page"}],"author":[{"embeddable":true,"href":"https:\/\/pedagogie.ac-lille.fr\/lv-voiepro\/wp-json\/wp\/v2\/users\/16"}],"replies":[{"embeddable":true,"href":"https:\/\/pedagogie.ac-lille.fr\/lv-voiepro\/wp-json\/wp\/v2\/comments?post=482"}],"version-history":[{"count":7,"href":"https:\/\/pedagogie.ac-lille.fr\/lv-voiepro\/wp-json\/wp\/v2\/pages\/482\/revisions"}],"predecessor-version":[{"id":855,"href":"https:\/\/pedagogie.ac-lille.fr\/lv-voiepro\/wp-json\/wp\/v2\/pages\/482\/revisions\/855"}],"up":[{"embeddable":true,"href":"https:\/\/pedagogie.ac-lille.fr\/lv-voiepro\/wp-json\/wp\/v2\/pages\/154"}],"wp:attachment":[{"href":"https:\/\/pedagogie.ac-lille.fr\/lv-voiepro\/wp-json\/wp\/v2\/media?parent=482"}],"curies":[{"name":"wp","href":"https:\/\/api.w.org\/{rel}","templated":true}]}}