{"id":495,"date":"2021-12-15T19:40:48","date_gmt":"2021-12-15T18:40:48","guid":{"rendered":"https:\/\/pedagogie.ac-lille.fr\/lv-voiepro\/?page_id=495"},"modified":"2021-12-15T19:40:49","modified_gmt":"2021-12-15T18:40:49","slug":"climat-de-classe","status":"publish","type":"page","link":"https:\/\/pedagogie.ac-lille.fr\/lv-voiepro\/enseigner-les-langues\/climat-de-classe\/","title":{"rendered":"Favoriser un climat de classe positif"},"content":{"rendered":"\n<p>Sans remplacer une formation compl\u00e8te sur ce sujet complexe, les documents ci-dessous aideront les professeurs \u00e0 se rep\u00e9rer parmi les tr\u00e8s nombreux facteurs \u00e0 l\u2019\u0153uvre dans l&rsquo;instauration d&rsquo;un climat de classe positif. Ils s&rsquo;adressent \u00e0 diff\u00e9rents niveaux d&rsquo;exp\u00e9rience et proposent de nombreuses perspectives \u00e0 explorer. <\/p>\n\n\n\n<div class=\"wp-block-file\"><a href=\"https:\/\/pedagogie.ac-lille.fr\/lv-voiepro\/wp-content\/uploads\/sites\/7\/2021\/09\/gestion-de-classe_compressed.pdf\">Quelques fondamentaux pour la gestion de la classe<\/a><a href=\"https:\/\/pedagogie.ac-lille.fr\/lv-voiepro\/wp-content\/uploads\/sites\/7\/2021\/09\/gestion-de-classe_compressed.pdf\" class=\"wp-block-file__button\" download>T\u00e9l\u00e9charger<\/a><\/div>\n\n\n\n<div class=\"wp-block-file\"><a href=\"https:\/\/pedagogie.ac-lille.fr\/lv-voiepro\/wp-content\/uploads\/sites\/7\/2021\/09\/climat-de-classe-positf.S-Pecqueur_compressed.pdf\">Carte mentale pour un climat de classe positif<\/a><a href=\"https:\/\/pedagogie.ac-lille.fr\/lv-voiepro\/wp-content\/uploads\/sites\/7\/2021\/09\/climat-de-classe-positf.S-Pecqueur_compressed.pdf\" class=\"wp-block-file__button\" download>T\u00e9l\u00e9charger<\/a><\/div>\n\n\n\n<figure class=\"wp-block-image size-large\"><img loading=\"lazy\" decoding=\"async\" width=\"1024\" height=\"541\" src=\"https:\/\/pedagogie.ac-lille.fr\/lv-voiepro\/wp-content\/uploads\/sites\/7\/2021\/09\/CLIMAT-DE-CLASSE-POSITIF-1024x541.jpg\" alt=\"\" class=\"wp-image-496\" srcset=\"https:\/\/pedagogie.ac-lille.fr\/lv-voiepro\/wp-content\/uploads\/sites\/7\/2021\/09\/CLIMAT-DE-CLASSE-POSITIF-1024x541.jpg 1024w, https:\/\/pedagogie.ac-lille.fr\/lv-voiepro\/wp-content\/uploads\/sites\/7\/2021\/09\/CLIMAT-DE-CLASSE-POSITIF-300x158.jpg 300w, https:\/\/pedagogie.ac-lille.fr\/lv-voiepro\/wp-content\/uploads\/sites\/7\/2021\/09\/CLIMAT-DE-CLASSE-POSITIF-768x406.jpg 768w, https:\/\/pedagogie.ac-lille.fr\/lv-voiepro\/wp-content\/uploads\/sites\/7\/2021\/09\/CLIMAT-DE-CLASSE-POSITIF-1536x811.jpg 1536w, https:\/\/pedagogie.ac-lille.fr\/lv-voiepro\/wp-content\/uploads\/sites\/7\/2021\/09\/CLIMAT-DE-CLASSE-POSITIF-2048x1082.jpg 2048w\" sizes=\"auto, (max-width: 1024px) 100vw, 1024px\" \/><\/figure>\n","protected":false},"excerpt":{"rendered":"<p>Sans remplacer une formation compl\u00e8te sur ce sujet complexe, les documents ci-dessous aideront les professeurs \u00e0 se rep\u00e9rer parmi les tr\u00e8s nombreux facteurs \u00e0 l\u2019\u0153uvre dans l&rsquo;instauration d&rsquo;un climat de classe positif. Ils s&rsquo;adressent \u00e0 diff\u00e9rents niveaux d&rsquo;exp\u00e9rience et proposent de nombreuses perspectives \u00e0 explorer.<\/p>\n","protected":false},"author":16,"featured_media":0,"parent":80,"menu_order":3,"comment_status":"closed","ping_status":"closed","template":"","meta":{"ngg_post_thumbnail":0,"footnotes":""},"class_list":["post-495","page","type-page","status-publish","czr-hentry"],"publishpress_future_action":{"enabled":false,"date":"2026-04-12 16:48:46","action":"change-status","newStatus":"draft","terms":[],"taxonomy":"","extraData":[]},"publishpress_future_workflow_manual_trigger":{"enabledWorkflows":[]},"_links":{"self":[{"href":"https:\/\/pedagogie.ac-lille.fr\/lv-voiepro\/wp-json\/wp\/v2\/pages\/495","targetHints":{"allow":["GET"]}}],"collection":[{"href":"https:\/\/pedagogie.ac-lille.fr\/lv-voiepro\/wp-json\/wp\/v2\/pages"}],"about":[{"href":"https:\/\/pedagogie.ac-lille.fr\/lv-voiepro\/wp-json\/wp\/v2\/types\/page"}],"author":[{"embeddable":true,"href":"https:\/\/pedagogie.ac-lille.fr\/lv-voiepro\/wp-json\/wp\/v2\/users\/16"}],"replies":[{"embeddable":true,"href":"https:\/\/pedagogie.ac-lille.fr\/lv-voiepro\/wp-json\/wp\/v2\/comments?post=495"}],"version-history":[{"count":1,"href":"https:\/\/pedagogie.ac-lille.fr\/lv-voiepro\/wp-json\/wp\/v2\/pages\/495\/revisions"}],"predecessor-version":[{"id":499,"href":"https:\/\/pedagogie.ac-lille.fr\/lv-voiepro\/wp-json\/wp\/v2\/pages\/495\/revisions\/499"}],"up":[{"embeddable":true,"href":"https:\/\/pedagogie.ac-lille.fr\/lv-voiepro\/wp-json\/wp\/v2\/pages\/80"}],"wp:attachment":[{"href":"https:\/\/pedagogie.ac-lille.fr\/lv-voiepro\/wp-json\/wp\/v2\/media?parent=495"}],"curies":[{"name":"wp","href":"https:\/\/api.w.org\/{rel}","templated":true}]}}